{"id":9819,"date":"2025-10-01T11:50:12","date_gmt":"2025-10-01T09:50:12","guid":{"rendered":"https:\/\/useyourtalents.org\/?post_type=product&#038;p=9819"},"modified":"2026-01-07T21:48:24","modified_gmt":"2026-01-07T20:48:24","slug":"individualny-well-being-koucing-60","status":"publish","type":"product","link":"https:\/\/useyourtalents.org\/en\/eshop\/individualny-well-being-koucing-60\/","title":{"rendered":"Individu\u00e1lny well-being kou\u010ding 60"},"content":{"rendered":"<p class=\"p1\"><b>\u010co produkt obsahuje:<\/b><\/p>\n<p class=\"p1\">\u2022 60-min\u00fatov\u00fd individu\u00e1lny rozhovor s certifikovan\u00fdm kou\u010dom z Use Your Talents<br \/>\n\u2022 Zameranie na osobn\u00fa aj pracovn\u00fa pohodu (well-being)<br \/>\n\u2022 Priestor na rie\u0161enie rovnov\u00e1hy medzi pr\u00e1cou a osobn\u00fdm \u017eivotom, stresu, oddychu, motiv\u00e1cie a zdrav\u00fdch n\u00e1vykov<br \/>\n\u2022 Konkr\u00e9tne kroky, ktor\u00e9 v\u00e1m pom\u00f4\u017eu k spokojnosti, vy\u0161\u0161iemu v\u00fdkonu a dlhodobej udr\u017eate\u013enosti<\/p>\n<p class=\"p1\"><b>Varianty produktu<\/b><\/p>\n<p><span style=\"color: #000000; font-size: medium;\"><b><\/b><\/span><\/p>\n<div class=\"table-1\">\n<table width=\"100%\">\n<thead>\n<tr>\n<th align=\"left\">\n<p class=\"p1\"><b>Varianta<\/b><\/p>\n<\/th>\n<th align=\"left\">\n<p class=\"p1\"><b>Popis<\/b><\/p>\n<\/th>\n<th align=\"left\">\n<p class=\"p1\"><b>U\u0161et\u0159\u00edte<\/b><\/p>\n<\/th>\n<th align=\"left\">\n<p class=\"p1\"><b>Cena s DPH<\/b><\/p>\n<\/th>\n<\/tr>\n<\/thead>\n<tbody>\n<tr>\n<td align=\"left\">\n<p class=\"p1\"><strong>1 mentoring (60 min)<\/strong><\/p>\n<\/td>\n<td align=\"left\">\n<p class=\"p1\">z\u00e1kladn\u00e1 verzia<\/p>\n<\/td>\n<td align=\"left\"><strong>&#8211;<\/strong><\/td>\n<td align=\"left\">\n<p class=\"p1\"><b>97 \u20ac<\/b><\/p>\n<\/td>\n<\/tr>\n<tr>\n<td align=\"left\">\n<p class=\"p1\"><strong>2 mentoringy (2\u00d760 min)<\/strong><\/p>\n<\/td>\n<td align=\"left\">\n<p class=\"p1\">pre hlb\u0161iu pr\u00e1cu s talentmi<\/p>\n<\/td>\n<td align=\"left\">\n<p class=\"p1\"><b>15 \u20ac<\/b><\/p>\n<\/td>\n<td align=\"left\">\n<p class=\"p1\"><b>178 \u20ac<\/b><\/p>\n<\/td>\n<\/tr>\n<tr>\n<td align=\"left\">\n<p class=\"p1\"><strong>3 mentoringy (3\u00d760 min)<\/strong><\/p>\n<\/td>\n<td align=\"left\">\n<p class=\"p1\">komplexnej\u0161\u00ed rozvoj + ak\u010dn\u00fd pl\u00e1n<\/p>\n<\/td>\n<td align=\"left\">\n<p class=\"p1\"><b>35 \u20ac<\/b><\/p>\n<\/td>\n<td align=\"left\">\n<p class=\"p1\"><b>231 \u20ac<\/b><\/p>\n<\/td>\n<\/tr>\n<tr>\n<td align=\"left\">\n<p class=\"p1\"><strong>4 mentoringy (4\u00d760 min)<\/strong><\/p>\n<\/td>\n<td align=\"left\">\n<p class=\"p1\">dlhodob\u00e9 sprev\u00e1dzanie<\/p>\n<\/td>\n<td align=\"left\">\n<p class=\"p1\"><b>55 \u20ac<br \/>\n<\/b><\/p>\n<\/td>\n<td align=\"left\"><strong>292 \u20ac<\/strong><\/td>\n<\/tr>\n<\/tbody>\n<\/table>\n<\/div>\n<p><span style=\"color: #000000; font-size: medium;\"><b><\/b><\/span><\/p>\n<p class=\"p1\"><b>E\u0161te nepozn\u00e1te svoje talenty?<\/b><\/p>\n<p class=\"p1\">Kou\u010ding m\u00f4\u017eete absolvova\u0165 aj bez znalosti svojich talentov, no ich spoznanie m\u00f4\u017ee pr\u00e1cu s well-beingom v\u00fdrazne preh\u013abi\u0165.<br \/>\nAk ich chcete objavi\u0165, odpor\u00fa\u010dame:<\/p>\n<ul>\n<li class=\"p1\"><a href=\"https:\/\/useyourtalents.org\/eshop\/talenty-all-34-standard\/\"><b>Talenty ALL 34 Standard<\/b><\/a> \u2013 dotazn\u00edk CliftonStrengths\u00ae + slovensk\u00fd report (27 str\u00e1n)<\/li>\n<\/ul>\n<p class=\"p1\"><b>Ako to prebieha?<\/b><\/p>\n<p class=\"p1\">Objedn\u00e1vku vytv\u00e1rate na svoje meno a e-mail.<br \/>\nPo zaplaten\u00ed produktu v\u00e1m na e-mail pr\u00eddu v\u0161etky inform\u00e1cie k dohodnutiu term\u00ednu a pr\u00edprave mentoringu.<\/p>\n<p class=\"p1\">Ak produkt kupujete ako dar\u010dek, e-mail s pokynmi m\u00f4\u017eete preposla\u0165 obdarovan\u00e9mu.<br \/>\n<span class=\"s1\">\ud83c\udf81<\/span> <a href=\"https:\/\/useyourtalents.org\/wp-content\/uploads\/2025\/11\/Darcekovy-poukaz_SK_Wellbeing-koucing.pdf\" target=\"_blank\" rel=\"noopener\"><strong>Dar\u010dekov\u00fd voucher na stiahnutie n\u00e1jdete tu.<\/strong><\/a><\/p>\n<p class=\"p1\"><b>Chcete mentoring pre t\u00edm alebo organiz\u00e1ciu?<\/b><\/p>\n<p class=\"p2\">Ste firma, \u0161kola, neziskovka alebo in\u00e1 organiz\u00e1cia?<br \/>\nRadi v\u00e1m priprav\u00edme individu\u00e1lnu ponuku na mieru \u2013 kontaktujte n\u00e1s:<\/p>\n<div class=\"fusion-fullwidth fullwidth-box fusion-builder-row-1 fusion-flex-container has-pattern-background has-mask-background nonhundred-percent-fullwidth non-hundred-percent-height-scrolling\" style=\"--awb-border-radius-top-left:0px;--awb-border-radius-top-right:0px;--awb-border-radius-bottom-right:0px;--awb-border-radius-bottom-left:0px;--awb-flex-wrap:wrap;\" ><div class=\"fusion-builder-row fusion-row fusion-flex-align-items-flex-start fusion-flex-content-wrap\" style=\"max-width:1310.4px;margin-left: calc(-4% \/ 2 );margin-right: calc(-4% \/ 2 );\"><div class=\"fusion-layout-column fusion_builder_column fusion-builder-column-0 fusion_builder_column_1_6 1_6 fusion-flex-column\" style=\"--awb-bg-size:cover;--awb-width-large:16.6666666667%;--awb-margin-top-large:0px;--awb-spacing-right-large:0%;--awb-margin-bottom-large:20px;--awb-spacing-left-large:11.52%;--awb-width-medium:16.6666666667%;--awb-order-medium:0;--awb-spacing-right-medium:0%;--awb-spacing-left-medium:11.52%;--awb-width-small:100%;--awb-order-small:0;--awb-spacing-right-small:1.92%;--awb-spacing-left-small:1.92%;\"><div class=\"fusion-column-wrapper fusion-column-has-shadow fusion-flex-justify-content-flex-start fusion-content-layout-column\"><div class=\"fusion-image-element \" style=\"text-align:left;--awb-max-width:120px;--awb-caption-title-font-family:var(--h2_typography-font-family);--awb-caption-title-font-weight:var(--h2_typography-font-weight);--awb-caption-title-font-style:var(--h2_typography-font-style);--awb-caption-title-size:var(--h2_typography-font-size);--awb-caption-title-transform:var(--h2_typography-text-transform);--awb-caption-title-line-height:var(--h2_typography-line-height);--awb-caption-title-letter-spacing:var(--h2_typography-letter-spacing);\"><span class=\" fusion-imageframe imageframe-none imageframe-1 hover-type-none\" style=\"border-radius:8px;\"><img loading=\"lazy\" decoding=\"async\" width=\"800\" height=\"800\" title=\"tim_Michael_Koch\" src=\"https:\/\/useyourtalents.org\/wp-content\/uploads\/2025\/11\/UYT_Miroslava-Gulova_2025.webp\" alt class=\"img-responsive wp-image-7603\"\/><\/span><\/div><\/div><\/div><div class=\"fusion-layout-column fusion_builder_column fusion-builder-column-1 fusion_builder_column_2_3 2_3 fusion-flex-column\" style=\"--awb-bg-size:cover;--awb-width-large:66.6666666667%;--awb-margin-top-large:0px;--awb-spacing-right-large:2.88%;--awb-margin-bottom-large:20px;--awb-spacing-left-large:0%;--awb-width-medium:66.6666666667%;--awb-order-medium:0;--awb-spacing-right-medium:2.88%;--awb-spacing-left-medium:0%;--awb-width-small:100%;--awb-order-small:0;--awb-spacing-right-small:1.92%;--awb-spacing-left-small:1.92%;\"><div class=\"fusion-column-wrapper fusion-column-has-shadow fusion-flex-justify-content-flex-start fusion-content-layout-column\"><div class=\"fusion-title title fusion-title-1 fusion-sep-none fusion-title-text fusion-title-size-four\" style=\"--awb-text-color:var(--awb-color7);--awb-margin-top:5px;--awb-margin-bottom:0px;--awb-margin-top-small:20px;--awb-margin-right-small:0px;--awb-margin-bottom-small:10px;--awb-margin-left-small:0px;--awb-link-color:#000000;--awb-link-hover-color:var(--awb-color6);--awb-font-size:16px;\"><h4 class=\"fusion-title-heading title-heading-left\" style=\"margin:0;font-size:1em;\"><a class=\"awb-custom-text-color awb-custom-text-hover-color\" target=\"_self\"><strong>Ing. Miroslava Gu\u013eov\u00e1<\/strong><\/a><\/h4><\/div><div class=\"fusion-text fusion-text-1 fusion-text-no-margin\" style=\"--awb-font-size:16px;--awb-margin-bottom:5px;\"><\/div><div class=\"fusion-text fusion-text-2\" style=\"--awb-content-alignment:left;--awb-font-size:16px;\"><p><a href=\"mailto:miroslava.gulova@useyourtalents.org\">miroslava.gulova@useyourtalents.org<\/a><br \/>\n<a href=\"tel:+421905283855\">+421 905 283 855<\/a><\/p>\n<\/div><\/div><\/div><\/div><\/div>\n<div id=\"mentoring\"><\/div>\n","protected":false},"excerpt":{"rendered":"<p class=\"p1\">Zastavte sa a nad\u00fdchnite. Tento kou\u010ding v\u00e1m pom\u00f4\u017ee znovu n\u00e1js\u0165 rovnov\u00e1hu, energiu a zmysel \u2013 v pracovnom aj osobnom \u017eivote.\u00a0Spolo\u010dne sa pozrieme na to, \u010do v\u00e1s podporuje v raste, a naopak na to, \u010do v\u00e1m berie silu.<\/p>\n<p class=\"p1\"><span class=\"s1\">\ud83c\udf81<\/span> <b>Tip na dar\u010dek:<\/b> S\u00fa\u010das\u0165ou produktu je <a href=\"https:\/\/useyourtalents.org\/wp-content\/uploads\/2025\/11\/Darcekovy-poukaz_SK_Wellbeing-koucing.pdf\" target=\"_blank\" rel=\"noopener\">dar\u010dekov\u00fd voucher<\/a>, ktor\u00fd si m\u00f4\u017eete hne\u010f po n\u00e1kupe stiahnu\u0165 a vytla\u010di\u0165. Sta\u010d\u00ed dop\u00edsa\u0165 osobn\u00e9 venovanie a m\u00e1te pripraven\u00fd zmyslupln\u00fd dar\u010dek.<\/p>\n<p style=\"text-align: right;\"><a href=\"#popis\">Cel\u00fd popis \u00bb<\/a><\/p>\n","protected":false},"featured_media":9820,"template":"","meta":[],"product_brand":[],"product_cat":[56],"product_tag":[],"class_list":{"0":"post-9819","1":"product","2":"type-product","3":"status-publish","4":"has-post-thumbnail","6":"product_cat-use-your-talents","8":"first","9":"instock","10":"featured","11":"taxable","12":"shipping-taxable","13":"purchasable","14":"product-type-variable"},"yoast_head":"<!-- This site is optimized with the Yoast SEO plugin v27.5 - https:\/\/yoast.com\/product\/yoast-seo-wordpress\/ -->\n<title>Individu\u00e1lny well-being kou\u010ding 60 - Use Your Talents<\/title>\n<meta name=\"robots\" content=\"index, follow, max-snippet:-1, max-image-preview:large, max-video-preview:-1\" \/>\n<link rel=\"canonical\" href=\"https:\/\/useyourtalents.org\/en\/eshop\/individualny-well-being-koucing-60\/\" \/>\n<meta property=\"og:locale\" content=\"en_US\" \/>\n<meta property=\"og:type\" content=\"article\" \/>\n<meta property=\"og:title\" content=\"Individu\u00e1lny well-being kou\u010ding 60 - Use Your Talents\" \/>\n<meta property=\"og:description\" content=\"Zastavte sa a nad\u00fdchnite. Tento kou\u010ding v\u00e1m pom\u00f4\u017ee znovu n\u00e1js\u0165 rovnov\u00e1hu, energiu a zmysel \u2013 v pracovnom aj osobnom \u017eivote.\u00a0Spolo\u010dne sa pozrieme na to, \u010do v\u00e1s podporuje v raste, a naopak na to, \u010do v\u00e1m berie silu. \ud83c\udf81 Tip na dar\u010dek: S\u00fa\u010das\u0165ou produktu je dar\u010dekov\u00fd voucher, ktor\u00fd si m\u00f4\u017eete hne\u010f po n\u00e1kupe stiahnu\u0165 a vytla\u010di\u0165. Sta\u010d\u00ed dop\u00edsa\u0165 osobn\u00e9 venovanie a m\u00e1te pripraven\u00fd zmyslupln\u00fd dar\u010dek. Cel\u00fd popis \u00bb\" \/>\n<meta property=\"og:url\" content=\"https:\/\/useyourtalents.org\/en\/eshop\/individualny-well-being-koucing-60\/\" \/>\n<meta property=\"og:site_name\" content=\"Use Your Talents\" \/>\n<meta property=\"article:modified_time\" content=\"2026-01-07T20:48:24+00:00\" \/>\n<meta property=\"og:image\" content=\"https:\/\/useyourtalents.org\/wp-content\/uploads\/2025\/10\/eshop_wellbeing1.webp\" \/>\n\t<meta property=\"og:image:width\" content=\"800\" \/>\n\t<meta property=\"og:image:height\" content=\"800\" \/>\n\t<meta property=\"og:image:type\" content=\"image\/webp\" \/>\n<meta name=\"twitter:card\" content=\"summary_large_image\" \/>\n<meta name=\"twitter:label1\" content=\"Est. reading time\" \/>\n\t<meta name=\"twitter:data1\" content=\"2 minutes\" \/>\n<script type=\"application\/ld+json\" class=\"yoast-schema-graph\">{\"@context\":\"https:\\\/\\\/schema.org\",\"@graph\":[{\"@type\":\"WebPage\",\"@id\":\"https:\\\/\\\/useyourtalents.org\\\/en\\\/eshop\\\/individualny-well-being-koucing-60\\\/\",\"url\":\"https:\\\/\\\/useyourtalents.org\\\/en\\\/eshop\\\/individualny-well-being-koucing-60\\\/\",\"name\":\"Individu\u00e1lny well-being kou\u010ding 60 - Use Your Talents\",\"isPartOf\":{\"@id\":\"https:\\\/\\\/useyourtalents.org\\\/en\\\/#website\"},\"primaryImageOfPage\":{\"@id\":\"https:\\\/\\\/useyourtalents.org\\\/en\\\/eshop\\\/individualny-well-being-koucing-60\\\/#primaryimage\"},\"image\":{\"@id\":\"https:\\\/\\\/useyourtalents.org\\\/en\\\/eshop\\\/individualny-well-being-koucing-60\\\/#primaryimage\"},\"thumbnailUrl\":\"https:\\\/\\\/useyourtalents.org\\\/wp-content\\\/uploads\\\/2025\\\/10\\\/eshop_wellbeing1.webp\",\"datePublished\":\"2025-10-01T09:50:12+00:00\",\"dateModified\":\"2026-01-07T20:48:24+00:00\",\"breadcrumb\":{\"@id\":\"https:\\\/\\\/useyourtalents.org\\\/en\\\/eshop\\\/individualny-well-being-koucing-60\\\/#breadcrumb\"},\"inLanguage\":\"en-US\",\"potentialAction\":[{\"@type\":\"ReadAction\",\"target\":[\"https:\\\/\\\/useyourtalents.org\\\/en\\\/eshop\\\/individualny-well-being-koucing-60\\\/\"]}]},{\"@type\":\"ImageObject\",\"inLanguage\":\"en-US\",\"@id\":\"https:\\\/\\\/useyourtalents.org\\\/en\\\/eshop\\\/individualny-well-being-koucing-60\\\/#primaryimage\",\"url\":\"https:\\\/\\\/useyourtalents.org\\\/wp-content\\\/uploads\\\/2025\\\/10\\\/eshop_wellbeing1.webp\",\"contentUrl\":\"https:\\\/\\\/useyourtalents.org\\\/wp-content\\\/uploads\\\/2025\\\/10\\\/eshop_wellbeing1.webp\",\"width\":800,\"height\":800},{\"@type\":\"BreadcrumbList\",\"@id\":\"https:\\\/\\\/useyourtalents.org\\\/en\\\/eshop\\\/individualny-well-being-koucing-60\\\/#breadcrumb\",\"itemListElement\":[{\"@type\":\"ListItem\",\"position\":1,\"name\":\"Domovsk\u00e1 str\u00e1nka\",\"item\":\"https:\\\/\\\/useyourtalents.org\\\/en\\\/\"},{\"@type\":\"ListItem\",\"position\":2,\"name\":\"Eshop\",\"item\":\"https:\\\/\\\/useyourtalents.org\\\/eshop\\\/\"},{\"@type\":\"ListItem\",\"position\":3,\"name\":\"Individu\u00e1lny well-being kou\u010ding 60\"}]},{\"@type\":\"WebSite\",\"@id\":\"https:\\\/\\\/useyourtalents.org\\\/en\\\/#website\",\"url\":\"https:\\\/\\\/useyourtalents.org\\\/en\\\/\",\"name\":\"Use Your Talents\",\"description\":\"Objavte svoje talenty\",\"publisher\":{\"@id\":\"https:\\\/\\\/useyourtalents.org\\\/en\\\/#organization\"},\"potentialAction\":[{\"@type\":\"SearchAction\",\"target\":{\"@type\":\"EntryPoint\",\"urlTemplate\":\"https:\\\/\\\/useyourtalents.org\\\/en\\\/?s={search_term_string}\"},\"query-input\":{\"@type\":\"PropertyValueSpecification\",\"valueRequired\":true,\"valueName\":\"search_term_string\"}}],\"inLanguage\":\"en-US\"},{\"@type\":\"Organization\",\"@id\":\"https:\\\/\\\/useyourtalents.org\\\/en\\\/#organization\",\"name\":\"Use Your Talents, s.r.o.\",\"url\":\"https:\\\/\\\/useyourtalents.org\\\/en\\\/\",\"logo\":{\"@type\":\"ImageObject\",\"inLanguage\":\"en-US\",\"@id\":\"https:\\\/\\\/useyourtalents.org\\\/en\\\/#\\\/schema\\\/logo\\\/image\\\/\",\"url\":\"https:\\\/\\\/useyourtalents.org\\\/wp-content\\\/uploads\\\/2021\\\/11\\\/UseYourTalents_svg.svg\",\"contentUrl\":\"https:\\\/\\\/useyourtalents.org\\\/wp-content\\\/uploads\\\/2021\\\/11\\\/UseYourTalents_svg.svg\",\"width\":566,\"height\":215,\"caption\":\"Use Your Talents, s.r.o.\"},\"image\":{\"@id\":\"https:\\\/\\\/useyourtalents.org\\\/en\\\/#\\\/schema\\\/logo\\\/image\\\/\"}}]}<\/script>\n<!-- \/ Yoast SEO plugin. -->","yoast_head_json":{"title":"Individu\u00e1lny well-being kou\u010ding 60 - Use Your Talents","robots":{"index":"index","follow":"follow","max-snippet":"max-snippet:-1","max-image-preview":"max-image-preview:large","max-video-preview":"max-video-preview:-1"},"canonical":"https:\/\/useyourtalents.org\/en\/eshop\/individualny-well-being-koucing-60\/","og_locale":"en_US","og_type":"article","og_title":"Individu\u00e1lny well-being kou\u010ding 60 - Use Your Talents","og_description":"Zastavte sa a nad\u00fdchnite. Tento kou\u010ding v\u00e1m pom\u00f4\u017ee znovu n\u00e1js\u0165 rovnov\u00e1hu, energiu a zmysel \u2013 v pracovnom aj osobnom \u017eivote.\u00a0Spolo\u010dne sa pozrieme na to, \u010do v\u00e1s podporuje v raste, a naopak na to, \u010do v\u00e1m berie silu. \ud83c\udf81 Tip na dar\u010dek: S\u00fa\u010das\u0165ou produktu je dar\u010dekov\u00fd voucher, ktor\u00fd si m\u00f4\u017eete hne\u010f po n\u00e1kupe stiahnu\u0165 a vytla\u010di\u0165. Sta\u010d\u00ed dop\u00edsa\u0165 osobn\u00e9 venovanie a m\u00e1te pripraven\u00fd zmyslupln\u00fd dar\u010dek. Cel\u00fd popis \u00bb","og_url":"https:\/\/useyourtalents.org\/en\/eshop\/individualny-well-being-koucing-60\/","og_site_name":"Use Your Talents","article_modified_time":"2026-01-07T20:48:24+00:00","og_image":[{"width":800,"height":800,"url":"https:\/\/useyourtalents.org\/wp-content\/uploads\/2025\/10\/eshop_wellbeing1.webp","type":"image\/webp"}],"twitter_card":"summary_large_image","twitter_misc":{"Est. reading time":"2 minutes"},"schema":{"@context":"https:\/\/schema.org","@graph":[{"@type":"WebPage","@id":"https:\/\/useyourtalents.org\/en\/eshop\/individualny-well-being-koucing-60\/","url":"https:\/\/useyourtalents.org\/en\/eshop\/individualny-well-being-koucing-60\/","name":"Individu\u00e1lny well-being kou\u010ding 60 - Use Your Talents","isPartOf":{"@id":"https:\/\/useyourtalents.org\/en\/#website"},"primaryImageOfPage":{"@id":"https:\/\/useyourtalents.org\/en\/eshop\/individualny-well-being-koucing-60\/#primaryimage"},"image":{"@id":"https:\/\/useyourtalents.org\/en\/eshop\/individualny-well-being-koucing-60\/#primaryimage"},"thumbnailUrl":"https:\/\/useyourtalents.org\/wp-content\/uploads\/2025\/10\/eshop_wellbeing1.webp","datePublished":"2025-10-01T09:50:12+00:00","dateModified":"2026-01-07T20:48:24+00:00","breadcrumb":{"@id":"https:\/\/useyourtalents.org\/en\/eshop\/individualny-well-being-koucing-60\/#breadcrumb"},"inLanguage":"en-US","potentialAction":[{"@type":"ReadAction","target":["https:\/\/useyourtalents.org\/en\/eshop\/individualny-well-being-koucing-60\/"]}]},{"@type":"ImageObject","inLanguage":"en-US","@id":"https:\/\/useyourtalents.org\/en\/eshop\/individualny-well-being-koucing-60\/#primaryimage","url":"https:\/\/useyourtalents.org\/wp-content\/uploads\/2025\/10\/eshop_wellbeing1.webp","contentUrl":"https:\/\/useyourtalents.org\/wp-content\/uploads\/2025\/10\/eshop_wellbeing1.webp","width":800,"height":800},{"@type":"BreadcrumbList","@id":"https:\/\/useyourtalents.org\/en\/eshop\/individualny-well-being-koucing-60\/#breadcrumb","itemListElement":[{"@type":"ListItem","position":1,"name":"Domovsk\u00e1 str\u00e1nka","item":"https:\/\/useyourtalents.org\/en\/"},{"@type":"ListItem","position":2,"name":"Eshop","item":"https:\/\/useyourtalents.org\/eshop\/"},{"@type":"ListItem","position":3,"name":"Individu\u00e1lny well-being kou\u010ding 60"}]},{"@type":"WebSite","@id":"https:\/\/useyourtalents.org\/en\/#website","url":"https:\/\/useyourtalents.org\/en\/","name":"Use Your Talents","description":"Objavte svoje talenty","publisher":{"@id":"https:\/\/useyourtalents.org\/en\/#organization"},"potentialAction":[{"@type":"SearchAction","target":{"@type":"EntryPoint","urlTemplate":"https:\/\/useyourtalents.org\/en\/?s={search_term_string}"},"query-input":{"@type":"PropertyValueSpecification","valueRequired":true,"valueName":"search_term_string"}}],"inLanguage":"en-US"},{"@type":"Organization","@id":"https:\/\/useyourtalents.org\/en\/#organization","name":"Use Your Talents, s.r.o.","url":"https:\/\/useyourtalents.org\/en\/","logo":{"@type":"ImageObject","inLanguage":"en-US","@id":"https:\/\/useyourtalents.org\/en\/#\/schema\/logo\/image\/","url":"https:\/\/useyourtalents.org\/wp-content\/uploads\/2021\/11\/UseYourTalents_svg.svg","contentUrl":"https:\/\/useyourtalents.org\/wp-content\/uploads\/2021\/11\/UseYourTalents_svg.svg","width":566,"height":215,"caption":"Use Your Talents, s.r.o."},"image":{"@id":"https:\/\/useyourtalents.org\/en\/#\/schema\/logo\/image\/"}}]}},"_links":{"self":[{"href":"https:\/\/useyourtalents.org\/en\/wp-json\/wp\/v2\/product\/9819","targetHints":{"allow":["GET"]}}],"collection":[{"href":"https:\/\/useyourtalents.org\/en\/wp-json\/wp\/v2\/product"}],"about":[{"href":"https:\/\/useyourtalents.org\/en\/wp-json\/wp\/v2\/types\/product"}],"wp:featuredmedia":[{"embeddable":true,"href":"https:\/\/useyourtalents.org\/en\/wp-json\/wp\/v2\/media\/9820"}],"wp:attachment":[{"href":"https:\/\/useyourtalents.org\/en\/wp-json\/wp\/v2\/media?parent=9819"}],"wp:term":[{"taxonomy":"product_brand","embeddable":true,"href":"https:\/\/useyourtalents.org\/en\/wp-json\/wp\/v2\/product_brand?post=9819"},{"taxonomy":"product_cat","embeddable":true,"href":"https:\/\/useyourtalents.org\/en\/wp-json\/wp\/v2\/product_cat?post=9819"},{"taxonomy":"product_tag","embeddable":true,"href":"https:\/\/useyourtalents.org\/en\/wp-json\/wp\/v2\/product_tag?post=9819"}],"curies":[{"name":"wp","href":"https:\/\/api.w.org\/{rel}","templated":true}]}}