{"id":4650,"date":"2023-01-20T14:54:36","date_gmt":"2023-01-20T13:54:36","guid":{"rendered":"https:\/\/useyourtalents.org\/?post_type=product&#038;p=4650"},"modified":"2026-01-07T21:56:38","modified_gmt":"2026-01-07T20:56:38","slug":"parovy-talentovy-mentoring","status":"publish","type":"product","link":"https:\/\/useyourtalents.org\/en\/eshop\/parovy-talentovy-mentoring\/","title":{"rendered":"P\u00e1rov\u00fd talentov\u00fd mentoring 120"},"content":{"rendered":"<p class=\"p1\"><b>\u010co produkt obsahuje:<\/b><\/p>\n<p class=\"p1\">\u2022 120-min\u00fatov\u00fd p\u00e1rov\u00fd rozhovor s certifikovan\u00fdm kou\u010dom<br \/>\n\u2022 Sprievodcu t\u00fdm, ako sa talenty m\u00f4\u017eu vo vz\u0165ahu dop\u013a\u0148a\u0165 aj vyva\u017eova\u0165<br \/>\n\u2022 Reflexiu va\u0161ich TOP talentov, spolo\u010dn\u00fdch t\u00e9m aj potenci\u00e1lnych rozdielov<br \/>\n\u2022 Konkr\u00e9tne tipy, ako si navz\u00e1jom poskytn\u00fa\u0165 priestor, porozumenie a podporu<\/p>\n<p class=\"p1\"><b>Varianty produktu<\/b><\/p>\n<p><span style=\"color: #000000; font-size: medium;\"><b><\/b><\/span><\/p>\n<div class=\"table-1\">\n<table width=\"100%\">\n<thead>\n<tr>\n<th align=\"left\">\n<p class=\"p1\"><b>Varianta<\/b><\/p>\n<\/th>\n<th align=\"left\">\n<p class=\"p1\"><b>Popis<\/b><\/p>\n<\/th>\n<th align=\"left\">\n<p class=\"p1\"><b>U\u0161et\u0159\u00edte<\/b><\/p>\n<\/th>\n<th align=\"left\">\n<p class=\"p1\"><b>Cena s DPH<\/b><\/p>\n<\/th>\n<\/tr>\n<\/thead>\n<tbody>\n<tr>\n<td align=\"left\">\n<p class=\"p1\"><b>P\u00e1rov\u00fd mentoring (120 min)<\/b><\/p>\n<\/td>\n<td align=\"left\">\n<p class=\"p1\">obaja u\u017e maj\u00fa ALL 34<\/p>\n<\/td>\n<td align=\"left\"><strong>&#8211;<\/strong><\/td>\n<td align=\"left\">\n<p class=\"p1\"><b>173 \u20ac<\/b><\/p>\n<\/td>\n<\/tr>\n<tr>\n<td align=\"left\">\n<p class=\"p1\"><strong>2\u00d7 ALL 34 Premium + p\u00e1rov\u00fd mentoring<\/strong><\/p>\n<\/td>\n<td align=\"left\">\n<p class=\"p1\">kompletn\u00fd bal\u00edk pre oboch partnerov<\/p>\n<\/td>\n<td align=\"left\">\n<p class=\"p1\">67 \u20ac<\/p>\n<\/td>\n<td align=\"left\">\n<p class=\"p1\"><b>529 \u20ac<\/b><\/p>\n<\/td>\n<\/tr>\n<tr>\n<td align=\"left\">\n<p class=\"p1\"><strong>1\u00d7 ALL 34 Premium + p\u00e1rov\u00fd mentoring<\/strong><\/p>\n<\/td>\n<td align=\"left\">\n<p class=\"p1\">jeden ALL 34 u\u017e maj\u00fa, druh\u00fd dop\u013a\u0148aj\u00fa<\/p>\n<\/td>\n<td align=\"left\">\n<p class=\"p1\">18 \u20ac<\/p>\n<\/td>\n<td align=\"left\"><strong>365 \u20ac<\/strong><\/td>\n<\/tr>\n<\/tbody>\n<\/table>\n<\/div>\n<p><span style=\"color: #000000; font-size: medium;\"><b><\/b><\/span><\/p>\n<p class=\"p1\"><b>D\u00f4le\u017eit\u00e9 upozornenie<\/b><\/p>\n<p class=\"p1\">P\u00e1rov\u00fd mentoring je mo\u017en\u00e9 realizova\u0165 iba vtedy, ak maj\u00fa obaja \u00fa\u010dastn\u00edci v\u00fdsledky v\u0161etk\u00fdch 34 talentov z dotazn\u00edka CliftonStrengths\u00ae.<br \/>\nAk m\u00e1te zatia\u013e len TOP 5, m\u00f4\u017eete si dok\u00fapi\u0165 potrebn\u00e9 produkty:<br \/>\n\u2022 <a href=\"https:\/\/useyourtalents.org\/eshop\/talenty-all-34-premium\/\"><b>Talenty ALL 34 Premium<\/b><\/a> \u2013 dotazn\u00edk + slovensk\u00fd report (26 str\u00e1n)<br \/>\n\u2022 <a href=\"https:\/\/useyourtalents.org\/eshop\/upgrade-z-top-5-na-all-34\/\"><b>UPGRADE z TOP 5 na ALL 34<\/b><\/a> \u2013 pre t\u00fdch, ktor\u00ed u\u017e TOP 5 maj\u00fa a chc\u00fa roz\u0161\u00edri\u0165 v\u00fdsledky na v\u0161etk\u00fdch 34 talentov<\/p>\n<p class=\"p1\"><b>Ako to prebieha?<\/b><\/p>\n<p class=\"p1\">Objedn\u00e1vku vytv\u00e1rate na svoje meno a e-mail.<br \/>\nPo zaplaten\u00ed produktu dostanete v\u0161etky potrebn\u00e9 inform\u00e1cie k pr\u00edprave a pl\u00e1novaniu term\u00ednu.<\/p>\n<p class=\"p1\">Ak produkt kupujete ako dar\u010dek, e-mail s pokynmi m\u00f4\u017eete preposla\u0165 obdarovan\u00fdm.<br \/>\n<span class=\"s1\">\ud83c\udf81<\/span> <a href=\"https:\/\/useyourtalents.org\/wp-content\/uploads\/2025\/11\/Darcekovy-poukaz_SK_Parovy_talentovy-mentoring.pdf\" target=\"_blank\" rel=\"noopener\"><strong>Dar\u010dekov\u00fd voucher na stiahnutie n\u00e1jdete tu.<\/strong><\/a><\/p>\n<p class=\"p1\"><b>Chcete program pre viac p\u00e1rov alebo pre v\u00e1\u0161 t\u00edm?<\/b><\/p>\n<p class=\"p1\">Ste firma, \u0161kola, neziskovka alebo t\u00edm, ktor\u00fd chce lep\u0161ie porozumie\u0165 svojim \u013eu\u010fom a vz\u0165ahom v kolekt\u00edve?<br \/>\nRadi v\u00e1m priprav\u00edme ponuku na mieru \u2013 kontaktujte n\u00e1s:<\/p>\n<div class=\"fusion-fullwidth fullwidth-box fusion-builder-row-1 fusion-flex-container has-pattern-background has-mask-background nonhundred-percent-fullwidth non-hundred-percent-height-scrolling\" style=\"--awb-border-radius-top-left:0px;--awb-border-radius-top-right:0px;--awb-border-radius-bottom-right:0px;--awb-border-radius-bottom-left:0px;--awb-flex-wrap:wrap;\" ><div class=\"fusion-builder-row fusion-row fusion-flex-align-items-flex-start fusion-flex-content-wrap\" style=\"max-width:1310.4px;margin-left: calc(-4% \/ 2 );margin-right: calc(-4% \/ 2 );\"><div class=\"fusion-layout-column fusion_builder_column fusion-builder-column-0 fusion_builder_column_1_6 1_6 fusion-flex-column\" style=\"--awb-bg-size:cover;--awb-width-large:16.6666666667%;--awb-margin-top-large:0px;--awb-spacing-right-large:0%;--awb-margin-bottom-large:20px;--awb-spacing-left-large:11.52%;--awb-width-medium:16.6666666667%;--awb-order-medium:0;--awb-spacing-right-medium:0%;--awb-spacing-left-medium:11.52%;--awb-width-small:100%;--awb-order-small:0;--awb-spacing-right-small:1.92%;--awb-spacing-left-small:1.92%;\"><div class=\"fusion-column-wrapper fusion-column-has-shadow fusion-flex-justify-content-flex-start fusion-content-layout-column\"><div class=\"fusion-image-element \" style=\"text-align:left;--awb-max-width:120px;--awb-caption-title-font-family:var(--h2_typography-font-family);--awb-caption-title-font-weight:var(--h2_typography-font-weight);--awb-caption-title-font-style:var(--h2_typography-font-style);--awb-caption-title-size:var(--h2_typography-font-size);--awb-caption-title-transform:var(--h2_typography-text-transform);--awb-caption-title-line-height:var(--h2_typography-line-height);--awb-caption-title-letter-spacing:var(--h2_typography-letter-spacing);\"><span class=\" fusion-imageframe imageframe-none imageframe-1 hover-type-none\" style=\"border-radius:8px;\"><img loading=\"lazy\" decoding=\"async\" width=\"800\" height=\"800\" title=\"tim_Michael_Koch\" src=\"https:\/\/useyourtalents.org\/wp-content\/uploads\/2025\/11\/UYT_Miroslava-Gulova_2025.webp\" alt class=\"img-responsive wp-image-7603\"\/><\/span><\/div><\/div><\/div><div class=\"fusion-layout-column fusion_builder_column fusion-builder-column-1 fusion_builder_column_2_3 2_3 fusion-flex-column\" style=\"--awb-bg-size:cover;--awb-width-large:66.6666666667%;--awb-margin-top-large:0px;--awb-spacing-right-large:2.88%;--awb-margin-bottom-large:20px;--awb-spacing-left-large:0%;--awb-width-medium:66.6666666667%;--awb-order-medium:0;--awb-spacing-right-medium:2.88%;--awb-spacing-left-medium:0%;--awb-width-small:100%;--awb-order-small:0;--awb-spacing-right-small:1.92%;--awb-spacing-left-small:1.92%;\"><div class=\"fusion-column-wrapper fusion-column-has-shadow fusion-flex-justify-content-flex-start fusion-content-layout-column\"><div class=\"fusion-title title fusion-title-1 fusion-sep-none fusion-title-text fusion-title-size-four\" style=\"--awb-text-color:var(--awb-color7);--awb-margin-top:5px;--awb-margin-bottom:0px;--awb-margin-top-small:20px;--awb-margin-right-small:0px;--awb-margin-bottom-small:10px;--awb-margin-left-small:0px;--awb-link-color:#000000;--awb-link-hover-color:var(--awb-color6);--awb-font-size:16px;\"><h4 class=\"fusion-title-heading title-heading-left\" style=\"margin:0;font-size:1em;\"><a class=\"awb-custom-text-color awb-custom-text-hover-color\" target=\"_self\"><strong>Ing. Miroslava Gu\u013eov\u00e1<\/strong><\/a><\/h4><\/div><div class=\"fusion-text fusion-text-1 fusion-text-no-margin\" style=\"--awb-font-size:16px;--awb-margin-bottom:5px;\"><\/div><div class=\"fusion-text fusion-text-2\" style=\"--awb-content-alignment:left;--awb-font-size:16px;\"><p><a href=\"mailto:miroslava.gulova@useyourtalents.org\">miroslava.gulova@useyourtalents.org<\/a><br \/>\n<a href=\"tel:+421905283855\">+421 905 283 855<\/a><\/p>\n<\/div><\/div><\/div><\/div><\/div>\n","protected":false},"excerpt":{"rendered":"<p class=\"p1\">Objavte, ako va\u0161e talenty funguj\u00fa vo vz\u0165ahu \u2013 a ako sa m\u00f4\u017eu vz\u00e1jomne dop\u013a\u0148a\u0165 namiesto toho, aby nar\u00e1\u017eali jeden na druh\u00fd.\u00a0Tento dvojhodinov\u00fd mentoring je ide\u00e1lny pre p\u00e1ry, man\u017eelov, s\u00farodencov alebo kolegov, ktor\u00ed chc\u00fa lep\u0161ie porozumie\u0165 sebe aj tomu druh\u00e9mu.<\/p>\n<p class=\"p1\"><span class=\"s1\">\ud83c\udf81<\/span> <b>Tip na dar\u010dek:<\/b> S\u00fa\u010das\u0165ou produktu je <a href=\"https:\/\/useyourtalents.org\/wp-content\/uploads\/2025\/11\/Darcekovy-poukaz_SK_Parovy_talentovy-mentoring.pdf\" target=\"_blank\" rel=\"noopener\">dar\u010dekov\u00fd voucher<\/a>, ktor\u00fd si m\u00f4\u017eete hne\u010f po n\u00e1kupe stiahnu\u0165 a vytla\u010di\u0165. Sta\u010d\u00ed dop\u00edsa\u0165 osobn\u00e9 venovanie a m\u00e1te pripraven\u00fd hodnotn\u00fd dar\u010dek pre dvoch.<\/p>\n<p style=\"text-align: right;\"><a href=\"#popis\">Cel\u00fd popis \u00bb<\/a><\/p>\n","protected":false},"featured_media":10147,"template":"","meta":[],"product_brand":[],"product_cat":[56],"product_tag":[],"class_list":{"0":"post-4650","1":"product","2":"type-product","3":"status-publish","4":"has-post-thumbnail","6":"product_cat-use-your-talents","8":"first","9":"instock","10":"featured","11":"taxable","12":"shipping-taxable","13":"purchasable","14":"product-type-variable"},"yoast_head":"<!-- This site is optimized with the Yoast SEO plugin v27.4 - https:\/\/yoast.com\/product\/yoast-seo-wordpress\/ -->\n<title>P\u00e1rov\u00fd talentov\u00fd mentoring 120 - Use Your Talents<\/title>\n<meta name=\"robots\" content=\"index, follow, max-snippet:-1, max-image-preview:large, max-video-preview:-1\" \/>\n<link rel=\"canonical\" href=\"https:\/\/useyourtalents.org\/en\/eshop\/parovy-talentovy-mentoring\/\" \/>\n<meta property=\"og:locale\" content=\"en_US\" \/>\n<meta property=\"og:type\" content=\"article\" \/>\n<meta property=\"og:title\" content=\"P\u00e1rov\u00fd talentov\u00fd mentoring 120 - Use Your Talents\" \/>\n<meta property=\"og:description\" content=\"Objavte, ako va\u0161e talenty funguj\u00fa vo vz\u0165ahu \u2013 a ako sa m\u00f4\u017eu vz\u00e1jomne dop\u013a\u0148a\u0165 namiesto toho, aby nar\u00e1\u017eali jeden na druh\u00fd.\u00a0Tento dvojhodinov\u00fd mentoring je ide\u00e1lny pre p\u00e1ry, man\u017eelov, s\u00farodencov alebo kolegov, ktor\u00ed chc\u00fa lep\u0161ie porozumie\u0165 sebe aj tomu druh\u00e9mu. \ud83c\udf81 Tip na dar\u010dek: S\u00fa\u010das\u0165ou produktu je dar\u010dekov\u00fd voucher, ktor\u00fd si m\u00f4\u017eete hne\u010f po n\u00e1kupe stiahnu\u0165 a vytla\u010di\u0165. Sta\u010d\u00ed dop\u00edsa\u0165 osobn\u00e9 venovanie a m\u00e1te pripraven\u00fd hodnotn\u00fd dar\u010dek pre dvoch. Cel\u00fd popis \u00bb\" \/>\n<meta property=\"og:url\" content=\"https:\/\/useyourtalents.org\/en\/eshop\/parovy-talentovy-mentoring\/\" \/>\n<meta property=\"og:site_name\" content=\"Use Your Talents\" \/>\n<meta property=\"article:modified_time\" content=\"2026-01-07T20:56:38+00:00\" \/>\n<meta property=\"og:image\" content=\"https:\/\/useyourtalents.org\/wp-content\/uploads\/2023\/01\/parovy-mentoring-1-web.webp\" \/>\n\t<meta property=\"og:image:width\" content=\"800\" \/>\n\t<meta property=\"og:image:height\" content=\"800\" \/>\n\t<meta property=\"og:image:type\" content=\"image\/webp\" \/>\n<meta name=\"twitter:card\" content=\"summary_large_image\" \/>\n<meta name=\"twitter:label1\" content=\"Est. reading time\" \/>\n\t<meta name=\"twitter:data1\" content=\"2 minutes\" \/>\n<script type=\"application\/ld+json\" class=\"yoast-schema-graph\">{\"@context\":\"https:\\\/\\\/schema.org\",\"@graph\":[{\"@type\":\"WebPage\",\"@id\":\"https:\\\/\\\/useyourtalents.org\\\/en\\\/eshop\\\/parovy-talentovy-mentoring\\\/\",\"url\":\"https:\\\/\\\/useyourtalents.org\\\/en\\\/eshop\\\/parovy-talentovy-mentoring\\\/\",\"name\":\"P\u00e1rov\u00fd talentov\u00fd mentoring 120 - Use Your Talents\",\"isPartOf\":{\"@id\":\"https:\\\/\\\/useyourtalents.org\\\/en\\\/#website\"},\"primaryImageOfPage\":{\"@id\":\"https:\\\/\\\/useyourtalents.org\\\/en\\\/eshop\\\/parovy-talentovy-mentoring\\\/#primaryimage\"},\"image\":{\"@id\":\"https:\\\/\\\/useyourtalents.org\\\/en\\\/eshop\\\/parovy-talentovy-mentoring\\\/#primaryimage\"},\"thumbnailUrl\":\"https:\\\/\\\/useyourtalents.org\\\/wp-content\\\/uploads\\\/2023\\\/01\\\/parovy-mentoring-1-web.webp\",\"datePublished\":\"2023-01-20T13:54:36+00:00\",\"dateModified\":\"2026-01-07T20:56:38+00:00\",\"breadcrumb\":{\"@id\":\"https:\\\/\\\/useyourtalents.org\\\/en\\\/eshop\\\/parovy-talentovy-mentoring\\\/#breadcrumb\"},\"inLanguage\":\"en-US\",\"potentialAction\":[{\"@type\":\"ReadAction\",\"target\":[\"https:\\\/\\\/useyourtalents.org\\\/en\\\/eshop\\\/parovy-talentovy-mentoring\\\/\"]}]},{\"@type\":\"ImageObject\",\"inLanguage\":\"en-US\",\"@id\":\"https:\\\/\\\/useyourtalents.org\\\/en\\\/eshop\\\/parovy-talentovy-mentoring\\\/#primaryimage\",\"url\":\"https:\\\/\\\/useyourtalents.org\\\/wp-content\\\/uploads\\\/2023\\\/01\\\/parovy-mentoring-1-web.webp\",\"contentUrl\":\"https:\\\/\\\/useyourtalents.org\\\/wp-content\\\/uploads\\\/2023\\\/01\\\/parovy-mentoring-1-web.webp\",\"width\":800,\"height\":800},{\"@type\":\"BreadcrumbList\",\"@id\":\"https:\\\/\\\/useyourtalents.org\\\/en\\\/eshop\\\/parovy-talentovy-mentoring\\\/#breadcrumb\",\"itemListElement\":[{\"@type\":\"ListItem\",\"position\":1,\"name\":\"Domovsk\u00e1 str\u00e1nka\",\"item\":\"https:\\\/\\\/useyourtalents.org\\\/en\\\/\"},{\"@type\":\"ListItem\",\"position\":2,\"name\":\"Eshop\",\"item\":\"https:\\\/\\\/useyourtalents.org\\\/eshop\\\/\"},{\"@type\":\"ListItem\",\"position\":3,\"name\":\"P\u00e1rov\u00fd talentov\u00fd mentoring 120\"}]},{\"@type\":\"WebSite\",\"@id\":\"https:\\\/\\\/useyourtalents.org\\\/en\\\/#website\",\"url\":\"https:\\\/\\\/useyourtalents.org\\\/en\\\/\",\"name\":\"Use Your Talents\",\"description\":\"Objavte svoje talenty\",\"publisher\":{\"@id\":\"https:\\\/\\\/useyourtalents.org\\\/en\\\/#organization\"},\"potentialAction\":[{\"@type\":\"SearchAction\",\"target\":{\"@type\":\"EntryPoint\",\"urlTemplate\":\"https:\\\/\\\/useyourtalents.org\\\/en\\\/?s={search_term_string}\"},\"query-input\":{\"@type\":\"PropertyValueSpecification\",\"valueRequired\":true,\"valueName\":\"search_term_string\"}}],\"inLanguage\":\"en-US\"},{\"@type\":\"Organization\",\"@id\":\"https:\\\/\\\/useyourtalents.org\\\/en\\\/#organization\",\"name\":\"Use Your Talents, s.r.o.\",\"url\":\"https:\\\/\\\/useyourtalents.org\\\/en\\\/\",\"logo\":{\"@type\":\"ImageObject\",\"inLanguage\":\"en-US\",\"@id\":\"https:\\\/\\\/useyourtalents.org\\\/en\\\/#\\\/schema\\\/logo\\\/image\\\/\",\"url\":\"https:\\\/\\\/useyourtalents.org\\\/wp-content\\\/uploads\\\/2021\\\/11\\\/UseYourTalents_svg.svg\",\"contentUrl\":\"https:\\\/\\\/useyourtalents.org\\\/wp-content\\\/uploads\\\/2021\\\/11\\\/UseYourTalents_svg.svg\",\"width\":566,\"height\":215,\"caption\":\"Use Your Talents, s.r.o.\"},\"image\":{\"@id\":\"https:\\\/\\\/useyourtalents.org\\\/en\\\/#\\\/schema\\\/logo\\\/image\\\/\"}}]}<\/script>\n<!-- \/ Yoast SEO plugin. -->","yoast_head_json":{"title":"P\u00e1rov\u00fd talentov\u00fd mentoring 120 - Use Your Talents","robots":{"index":"index","follow":"follow","max-snippet":"max-snippet:-1","max-image-preview":"max-image-preview:large","max-video-preview":"max-video-preview:-1"},"canonical":"https:\/\/useyourtalents.org\/en\/eshop\/parovy-talentovy-mentoring\/","og_locale":"en_US","og_type":"article","og_title":"P\u00e1rov\u00fd talentov\u00fd mentoring 120 - Use Your Talents","og_description":"Objavte, ako va\u0161e talenty funguj\u00fa vo vz\u0165ahu \u2013 a ako sa m\u00f4\u017eu vz\u00e1jomne dop\u013a\u0148a\u0165 namiesto toho, aby nar\u00e1\u017eali jeden na druh\u00fd.\u00a0Tento dvojhodinov\u00fd mentoring je ide\u00e1lny pre p\u00e1ry, man\u017eelov, s\u00farodencov alebo kolegov, ktor\u00ed chc\u00fa lep\u0161ie porozumie\u0165 sebe aj tomu druh\u00e9mu. \ud83c\udf81 Tip na dar\u010dek: S\u00fa\u010das\u0165ou produktu je dar\u010dekov\u00fd voucher, ktor\u00fd si m\u00f4\u017eete hne\u010f po n\u00e1kupe stiahnu\u0165 a vytla\u010di\u0165. Sta\u010d\u00ed dop\u00edsa\u0165 osobn\u00e9 venovanie a m\u00e1te pripraven\u00fd hodnotn\u00fd dar\u010dek pre dvoch. Cel\u00fd popis \u00bb","og_url":"https:\/\/useyourtalents.org\/en\/eshop\/parovy-talentovy-mentoring\/","og_site_name":"Use Your Talents","article_modified_time":"2026-01-07T20:56:38+00:00","og_image":[{"width":800,"height":800,"url":"https:\/\/useyourtalents.org\/wp-content\/uploads\/2023\/01\/parovy-mentoring-1-web.webp","type":"image\/webp"}],"twitter_card":"summary_large_image","twitter_misc":{"Est. reading time":"2 minutes"},"schema":{"@context":"https:\/\/schema.org","@graph":[{"@type":"WebPage","@id":"https:\/\/useyourtalents.org\/en\/eshop\/parovy-talentovy-mentoring\/","url":"https:\/\/useyourtalents.org\/en\/eshop\/parovy-talentovy-mentoring\/","name":"P\u00e1rov\u00fd talentov\u00fd mentoring 120 - Use Your Talents","isPartOf":{"@id":"https:\/\/useyourtalents.org\/en\/#website"},"primaryImageOfPage":{"@id":"https:\/\/useyourtalents.org\/en\/eshop\/parovy-talentovy-mentoring\/#primaryimage"},"image":{"@id":"https:\/\/useyourtalents.org\/en\/eshop\/parovy-talentovy-mentoring\/#primaryimage"},"thumbnailUrl":"https:\/\/useyourtalents.org\/wp-content\/uploads\/2023\/01\/parovy-mentoring-1-web.webp","datePublished":"2023-01-20T13:54:36+00:00","dateModified":"2026-01-07T20:56:38+00:00","breadcrumb":{"@id":"https:\/\/useyourtalents.org\/en\/eshop\/parovy-talentovy-mentoring\/#breadcrumb"},"inLanguage":"en-US","potentialAction":[{"@type":"ReadAction","target":["https:\/\/useyourtalents.org\/en\/eshop\/parovy-talentovy-mentoring\/"]}]},{"@type":"ImageObject","inLanguage":"en-US","@id":"https:\/\/useyourtalents.org\/en\/eshop\/parovy-talentovy-mentoring\/#primaryimage","url":"https:\/\/useyourtalents.org\/wp-content\/uploads\/2023\/01\/parovy-mentoring-1-web.webp","contentUrl":"https:\/\/useyourtalents.org\/wp-content\/uploads\/2023\/01\/parovy-mentoring-1-web.webp","width":800,"height":800},{"@type":"BreadcrumbList","@id":"https:\/\/useyourtalents.org\/en\/eshop\/parovy-talentovy-mentoring\/#breadcrumb","itemListElement":[{"@type":"ListItem","position":1,"name":"Domovsk\u00e1 str\u00e1nka","item":"https:\/\/useyourtalents.org\/en\/"},{"@type":"ListItem","position":2,"name":"Eshop","item":"https:\/\/useyourtalents.org\/eshop\/"},{"@type":"ListItem","position":3,"name":"P\u00e1rov\u00fd talentov\u00fd mentoring 120"}]},{"@type":"WebSite","@id":"https:\/\/useyourtalents.org\/en\/#website","url":"https:\/\/useyourtalents.org\/en\/","name":"Use Your Talents","description":"Objavte svoje talenty","publisher":{"@id":"https:\/\/useyourtalents.org\/en\/#organization"},"potentialAction":[{"@type":"SearchAction","target":{"@type":"EntryPoint","urlTemplate":"https:\/\/useyourtalents.org\/en\/?s={search_term_string}"},"query-input":{"@type":"PropertyValueSpecification","valueRequired":true,"valueName":"search_term_string"}}],"inLanguage":"en-US"},{"@type":"Organization","@id":"https:\/\/useyourtalents.org\/en\/#organization","name":"Use Your Talents, s.r.o.","url":"https:\/\/useyourtalents.org\/en\/","logo":{"@type":"ImageObject","inLanguage":"en-US","@id":"https:\/\/useyourtalents.org\/en\/#\/schema\/logo\/image\/","url":"https:\/\/useyourtalents.org\/wp-content\/uploads\/2021\/11\/UseYourTalents_svg.svg","contentUrl":"https:\/\/useyourtalents.org\/wp-content\/uploads\/2021\/11\/UseYourTalents_svg.svg","width":566,"height":215,"caption":"Use Your Talents, s.r.o."},"image":{"@id":"https:\/\/useyourtalents.org\/en\/#\/schema\/logo\/image\/"}}]}},"_links":{"self":[{"href":"https:\/\/useyourtalents.org\/en\/wp-json\/wp\/v2\/product\/4650","targetHints":{"allow":["GET"]}}],"collection":[{"href":"https:\/\/useyourtalents.org\/en\/wp-json\/wp\/v2\/product"}],"about":[{"href":"https:\/\/useyourtalents.org\/en\/wp-json\/wp\/v2\/types\/product"}],"wp:featuredmedia":[{"embeddable":true,"href":"https:\/\/useyourtalents.org\/en\/wp-json\/wp\/v2\/media\/10147"}],"wp:attachment":[{"href":"https:\/\/useyourtalents.org\/en\/wp-json\/wp\/v2\/media?parent=4650"}],"wp:term":[{"taxonomy":"product_brand","embeddable":true,"href":"https:\/\/useyourtalents.org\/en\/wp-json\/wp\/v2\/product_brand?post=4650"},{"taxonomy":"product_cat","embeddable":true,"href":"https:\/\/useyourtalents.org\/en\/wp-json\/wp\/v2\/product_cat?post=4650"},{"taxonomy":"product_tag","embeddable":true,"href":"https:\/\/useyourtalents.org\/en\/wp-json\/wp\/v2\/product_tag?post=4650"}],"curies":[{"name":"wp","href":"https:\/\/api.w.org\/{rel}","templated":true}]}}