{"id":3840,"date":"2023-01-21T13:58:01","date_gmt":"2023-01-21T12:58:01","guid":{"rendered":"https:\/\/useyourtalents.org\/?post_type=product&#038;p=3840"},"modified":"2026-04-17T12:14:20","modified_gmt":"2026-04-17T10:14:20","slug":"talenty-all-34-standard","status":"publish","type":"product","link":"https:\/\/useyourtalents.org\/en\/eshop\/talenty-all-34-standard\/","title":{"rendered":"Talenty ALL 34 Standard"},"content":{"rendered":"<p><span data-contrast=\"auto\">Tento produkt obsahuje:<\/span><span data-ccp-props=\"{&quot;201341983&quot;:0,&quot;335559740&quot;:276}\">\u00a0<\/span><\/p>\n<ul>\n<li data-leveltext=\"\u25cf\" data-font=\"Calibri\" data-listid=\"4\" data-list-defn-props=\"{&quot;335552541&quot;:1,&quot;335559684&quot;:-2,&quot;335559685&quot;:720,&quot;335559991&quot;:360,&quot;469769242&quot;:[8226],&quot;469777803&quot;:&quot;left&quot;,&quot;469777804&quot;:&quot;\u25cf&quot;,&quot;469777815&quot;:&quot;multilevel&quot;}\" aria-setsize=\"-1\" data-aria-posinset=\"1\" data-aria-level=\"1\"><span data-contrast=\"auto\"><strong>\u00favod do talentov<\/strong> (formou online semin\u00e1ra alebo videa) &#8211; dozviete sa viac o talentovom pr\u00edstupe, o tom, z \u010doho vych\u00e1dza a kam v\u00e1s m\u00f4\u017ee privies\u0165<\/span><span data-ccp-props=\"{&quot;201341983&quot;:0,&quot;335559740&quot;:276}\">\u00a0<\/span><\/li>\n<li data-leveltext=\"\u25cf\" data-font=\"Calibri\" data-listid=\"4\" data-list-defn-props=\"{&quot;335552541&quot;:1,&quot;335559684&quot;:-2,&quot;335559685&quot;:720,&quot;335559991&quot;:360,&quot;469769242&quot;:[8226],&quot;469777803&quot;:&quot;left&quot;,&quot;469777804&quot;:&quot;\u25cf&quot;,&quot;469777815&quot;:&quot;multilevel&quot;}\" aria-setsize=\"-1\" data-aria-posinset=\"2\" data-aria-level=\"1\"><strong>talentov\u00fd dotazn\u00edk CliftonStrengths\u00ae<\/strong><span data-contrast=\"auto\"> spolo\u010dnosti Gallup<\/span><span data-contrast=\"auto\">\u00ae<\/span><span data-contrast=\"auto\"> s porad\u00edm v\u0161etk\u00fdch <strong>34 talentov<\/strong>\u00a0<\/span><span data-ccp-props=\"{&quot;201341983&quot;:0,&quot;335559740&quot;:276}\">\u00a0<\/span><\/li>\n<li data-leveltext=\"\u25cf\" data-font=\"Calibri\" data-listid=\"4\" data-list-defn-props=\"{&quot;335552541&quot;:1,&quot;335559684&quot;:-2,&quot;335559685&quot;:720,&quot;335559991&quot;:360,&quot;469769242&quot;:[8226],&quot;469777803&quot;:&quot;left&quot;,&quot;469777804&quot;:&quot;\u25cf&quot;,&quot;469777815&quot;:&quot;multilevel&quot;}\" aria-setsize=\"-1\" data-aria-posinset=\"2\" data-aria-level=\"1\"><strong>detailn\u00fa sp\u00e4tn\u00fa<\/strong><span data-contrast=\"auto\"><strong> v\u00e4zbu v sloven\u010dine v rozsahu 27 str\u00e1n<\/strong> \u2013 s popismi, svetl\u00fdmi a tienist\u00fdmi str\u00e1nkami i odpor\u00fa\u010daniami k va\u0161im TOP 10 talentom<\/span><span data-ccp-props=\"{&quot;201341983&quot;:0,&quot;335559740&quot;:276}\">\u00a0<\/span><\/li>\n<\/ul>\n<p><strong>Objedn\u00e1vku tvor\u00edte na svoje meno a svoj e-mail.<\/strong> Po zaplaten\u00ed produktu po\u0161leme na V\u00e1\u0161 e-mail in\u0161trukcie k \u010fal\u0161iemu postupu.<\/p>\n<p><strong>Ste firma, \u0161kola, neziskov\u00e1 organiz\u00e1cia alebo ak\u00e1ko\u013evek in\u00e1 organiz\u00e1cia?<\/strong><br \/>\nKontaktujte n\u00e1s pre individu\u00e1lnu cenov\u00fa ponuku na mieru va\u0161ej organiz\u00e1cie.<\/p>\n<div class=\"fusion-fullwidth fullwidth-box fusion-builder-row-1 fusion-flex-container has-pattern-background has-mask-background nonhundred-percent-fullwidth non-hundred-percent-height-scrolling\" style=\"--awb-border-radius-top-left:0px;--awb-border-radius-top-right:0px;--awb-border-radius-bottom-right:0px;--awb-border-radius-bottom-left:0px;--awb-flex-wrap:wrap;\" ><div class=\"fusion-builder-row fusion-row fusion-flex-align-items-flex-start fusion-flex-content-wrap\" style=\"max-width:1310.4px;margin-left: calc(-4% \/ 2 );margin-right: calc(-4% \/ 2 );\"><div class=\"fusion-layout-column fusion_builder_column fusion-builder-column-0 fusion_builder_column_1_6 1_6 fusion-flex-column\" style=\"--awb-bg-size:cover;--awb-width-large:16.6666666667%;--awb-margin-top-large:0px;--awb-spacing-right-large:0%;--awb-margin-bottom-large:20px;--awb-spacing-left-large:11.52%;--awb-width-medium:16.6666666667%;--awb-order-medium:0;--awb-spacing-right-medium:0%;--awb-spacing-left-medium:11.52%;--awb-width-small:100%;--awb-order-small:0;--awb-spacing-right-small:1.92%;--awb-spacing-left-small:1.92%;\"><div class=\"fusion-column-wrapper fusion-column-has-shadow fusion-flex-justify-content-flex-start fusion-content-layout-column\"><div class=\"fusion-image-element \" style=\"text-align:left;--awb-max-width:120px;--awb-caption-title-font-family:var(--h2_typography-font-family);--awb-caption-title-font-weight:var(--h2_typography-font-weight);--awb-caption-title-font-style:var(--h2_typography-font-style);--awb-caption-title-size:var(--h2_typography-font-size);--awb-caption-title-transform:var(--h2_typography-text-transform);--awb-caption-title-line-height:var(--h2_typography-line-height);--awb-caption-title-letter-spacing:var(--h2_typography-letter-spacing);\"><span class=\" fusion-imageframe imageframe-none imageframe-1 hover-type-none\" style=\"border-radius:8px;\"><img loading=\"lazy\" decoding=\"async\" width=\"800\" height=\"800\" title=\"tim_Michael_Koch\" src=\"https:\/\/useyourtalents.org\/wp-content\/uploads\/2025\/11\/UYT_Miroslava-Gulova_2025.webp\" alt class=\"img-responsive wp-image-7603\"\/><\/span><\/div><\/div><\/div><div class=\"fusion-layout-column fusion_builder_column fusion-builder-column-1 fusion_builder_column_2_3 2_3 fusion-flex-column\" style=\"--awb-bg-size:cover;--awb-width-large:66.6666666667%;--awb-margin-top-large:0px;--awb-spacing-right-large:2.88%;--awb-margin-bottom-large:20px;--awb-spacing-left-large:0%;--awb-width-medium:66.6666666667%;--awb-order-medium:0;--awb-spacing-right-medium:2.88%;--awb-spacing-left-medium:0%;--awb-width-small:100%;--awb-order-small:0;--awb-spacing-right-small:1.92%;--awb-spacing-left-small:1.92%;\"><div class=\"fusion-column-wrapper fusion-column-has-shadow fusion-flex-justify-content-flex-start fusion-content-layout-column\"><div class=\"fusion-title title fusion-title-1 fusion-sep-none fusion-title-text fusion-title-size-four\" style=\"--awb-text-color:var(--awb-color7);--awb-margin-top:5px;--awb-margin-bottom:0px;--awb-margin-top-small:20px;--awb-margin-right-small:0px;--awb-margin-bottom-small:10px;--awb-margin-left-small:0px;--awb-link-color:#000000;--awb-link-hover-color:var(--awb-color6);--awb-font-size:16px;\"><h4 class=\"fusion-title-heading title-heading-left\" style=\"margin:0;font-size:1em;\"><a class=\"awb-custom-text-color awb-custom-text-hover-color\" target=\"_self\"><strong>Ing. Miroslava Gu\u013eov\u00e1<\/strong><\/a><\/h4><\/div><div class=\"fusion-text fusion-text-1 fusion-text-no-margin\" style=\"--awb-font-size:16px;--awb-margin-bottom:5px;\"><\/div><div class=\"fusion-text fusion-text-2\" style=\"--awb-content-alignment:left;--awb-font-size:16px;\"><p><a href=\"mailto:miroslava.gulova@useyourtalents.org\">miroslava.gulova@useyourtalents.org<\/a><br \/>\n<a href=\"tel:+421905283855\">+421 905 283 855<\/a><\/p>\n<\/div><\/div><\/div><\/div><\/div>\n<p>V pr\u00edpade, \u017ee produkt kupujete ako dar\u010dek pre <em>in\u00fa osobu<\/em>, e-mail s postupom jej n\u00e1sledne prepo\u0161lite. Tu je na stiahnutie <strong><a href=\"https:\/\/useyourtalents.org\/wp-content\/uploads\/2025\/11\/Darcekovy-poukaz_SK_All34_Standard.pdf\" target=\"_blank\" rel=\"noopener\">dar\u010dekov\u00fd poukaz<\/a><\/strong>, ktor\u00fd m\u00f4\u017eete vytla\u010di\u0165 a dop\u00edsa\u0165 osobn\u00e9 venovanie.<\/p>\n","protected":false},"excerpt":{"rendered":"<p><span data-contrast=\"auto\">Tento produkt obsahuje:<\/span><span data-ccp-props=\"{&quot;201341983&quot;:0,&quot;335559740&quot;:276}\">\u00a0<\/span><\/p>\n<ul>\n<li data-leveltext=\"\u25cf\" data-font=\"Calibri\" data-listid=\"4\" data-list-defn-props=\"{&quot;335552541&quot;:1,&quot;335559684&quot;:-2,&quot;335559685&quot;:720,&quot;335559991&quot;:360,&quot;469769242&quot;:[8226],&quot;469777803&quot;:&quot;left&quot;,&quot;469777804&quot;:&quot;\u25cf&quot;,&quot;469777815&quot;:&quot;multilevel&quot;}\" aria-setsize=\"-1\" data-aria-posinset=\"1\" data-aria-level=\"1\"><span data-contrast=\"auto\"><strong>\u00favod do talentov<\/strong> (formou online semin\u00e1ra alebo videa) &#8211; dozviete sa viac o talentovom pr\u00edstupe, o tom, z \u010doho vych\u00e1dza a kam v\u00e1s m\u00f4\u017ee privies\u0165<\/span><span data-ccp-props=\"{&quot;201341983&quot;:0,&quot;335559740&quot;:276}\">\u00a0<\/span><\/li>\n<li data-leveltext=\"\u25cf\" data-font=\"Calibri\" data-listid=\"4\" data-list-defn-props=\"{&quot;335552541&quot;:1,&quot;335559684&quot;:-2,&quot;335559685&quot;:720,&quot;335559991&quot;:360,&quot;469769242&quot;:[8226],&quot;469777803&quot;:&quot;left&quot;,&quot;469777804&quot;:&quot;\u25cf&quot;,&quot;469777815&quot;:&quot;multilevel&quot;}\" aria-setsize=\"-1\" data-aria-posinset=\"2\" data-aria-level=\"1\"><strong>talentov\u00fd dotazn\u00edk CliftonStrengths\u00ae<\/strong><span data-contrast=\"auto\"> spolo\u010dnosti Gallup<\/span><span data-contrast=\"auto\">\u00ae<\/span><span data-contrast=\"auto\"> s porad\u00edm v\u0161etk\u00fdch <strong>34 talentov<\/strong>\u00a0<\/span><span data-ccp-props=\"{&quot;201341983&quot;:0,&quot;335559740&quot;:276}\">\u00a0<\/span><\/li>\n<li data-leveltext=\"\u25cf\" data-font=\"Calibri\" data-listid=\"4\" data-list-defn-props=\"{&quot;335552541&quot;:1,&quot;335559684&quot;:-2,&quot;335559685&quot;:720,&quot;335559991&quot;:360,&quot;469769242&quot;:[8226],&quot;469777803&quot;:&quot;left&quot;,&quot;469777804&quot;:&quot;\u25cf&quot;,&quot;469777815&quot;:&quot;multilevel&quot;}\" aria-setsize=\"-1\" data-aria-posinset=\"2\" data-aria-level=\"1\"><strong>detailn\u00fa sp\u00e4tn\u00fa<\/strong><span data-contrast=\"auto\"><strong> v\u00e4zbu v sloven\u010dine v rozsahu 27 str\u00e1n<\/strong> \u2013 s popismi, svetl\u00fdmi a tienist\u00fdmi str\u00e1nkami i odpor\u00fa\u010daniami k va\u0161im TOP 10 talentom<\/span><span data-ccp-props=\"{&quot;201341983&quot;:0,&quot;335559740&quot;:276}\">\u00a0<\/span><\/li>\n<\/ul>\n<p><span class=\"s1\">\ud83c\udf81<\/span> <b>Tip na dar\u010dek:<\/b> S\u00fa\u010das\u0165ou produktu je <a href=\"https:\/\/useyourtalents.org\/wp-content\/uploads\/2025\/11\/Darcekovy-poukaz_SK_All34_Standard.pdf\" target=\"_blank\" rel=\"noopener\">dar\u010dekov\u00fd voucher<\/a>, ktor\u00fd si m\u00f4\u017eete hne\u010f po n\u00e1kupe stiahnu\u0165 a vytla\u010di\u0165. Sta\u010d\u00ed dop\u00edsa\u0165 osobn\u00e9 venovanie a m\u00e1te pripraven\u00fd zmyslupln\u00fd dar\u010dek.<\/p>\n<p style=\"text-align: right;\"><a href=\"#popis\">Cel\u00fd popis \u00bb<\/a><\/p>\n","protected":false},"featured_media":8161,"template":"","meta":[],"product_brand":[],"product_cat":[56],"product_tag":[67],"class_list":{"0":"post-3840","1":"product","2":"type-product","3":"status-publish","4":"has-post-thumbnail","6":"product_cat-use-your-talents","7":"product_tag-34-talentov","9":"first","10":"instock","11":"featured","12":"virtual","13":"taxable","14":"purchasable","15":"product-type-simple"},"yoast_head":"<!-- This site is optimized with the Yoast SEO plugin v27.4 - https:\/\/yoast.com\/product\/yoast-seo-wordpress\/ -->\n<title>Talenty ALL 34 Standard - Use Your Talents<\/title>\n<meta name=\"robots\" content=\"index, follow, max-snippet:-1, max-image-preview:large, max-video-preview:-1\" \/>\n<link rel=\"canonical\" href=\"https:\/\/useyourtalents.org\/en\/eshop\/talenty-all-34-standard\/\" \/>\n<meta property=\"og:locale\" content=\"en_US\" \/>\n<meta property=\"og:type\" content=\"article\" \/>\n<meta property=\"og:title\" content=\"Talenty ALL 34 Standard - Use Your Talents\" \/>\n<meta property=\"og:description\" content=\"Tento produkt obsahuje:\u00a0   \u00favod do talentov (formou online semin\u00e1ra alebo videa) - dozviete sa viac o talentovom pr\u00edstupe, o tom, z \u010doho vych\u00e1dza a kam v\u00e1s m\u00f4\u017ee privies\u0165\u00a0  talentov\u00fd dotazn\u00edk CliftonStrengths\u00ae spolo\u010dnosti Gallup\u00ae s porad\u00edm v\u0161etk\u00fdch 34 talentov\u00a0\u00a0  detailn\u00fa sp\u00e4tn\u00fa v\u00e4zbu v sloven\u010dine v rozsahu 27 str\u00e1n \u2013 s popismi, svetl\u00fdmi a tienist\u00fdmi str\u00e1nkami i odpor\u00fa\u010daniami k va\u0161im TOP 10 talentom\u00a0  \ud83c\udf81 Tip na dar\u010dek: S\u00fa\u010das\u0165ou produktu je dar\u010dekov\u00fd voucher, ktor\u00fd si m\u00f4\u017eete hne\u010f po n\u00e1kupe stiahnu\u0165 a vytla\u010di\u0165. Sta\u010d\u00ed dop\u00edsa\u0165 osobn\u00e9 venovanie a m\u00e1te pripraven\u00fd zmyslupln\u00fd dar\u010dek. Cel\u00fd popis \u00bb\" \/>\n<meta property=\"og:url\" content=\"https:\/\/useyourtalents.org\/en\/eshop\/talenty-all-34-standard\/\" \/>\n<meta property=\"og:site_name\" content=\"Use Your Talents\" \/>\n<meta property=\"article:modified_time\" content=\"2026-04-17T10:14:20+00:00\" \/>\n<meta property=\"og:image\" content=\"https:\/\/useyourtalents.org\/wp-content\/uploads\/2023\/01\/eshop_all34standard_1.webp\" \/>\n\t<meta property=\"og:image:width\" content=\"800\" \/>\n\t<meta property=\"og:image:height\" content=\"800\" \/>\n\t<meta property=\"og:image:type\" content=\"image\/webp\" \/>\n<meta name=\"twitter:card\" content=\"summary_large_image\" \/>\n<meta name=\"twitter:label1\" content=\"Est. reading time\" \/>\n\t<meta name=\"twitter:data1\" content=\"2 minutes\" \/>\n<script type=\"application\/ld+json\" class=\"yoast-schema-graph\">{\"@context\":\"https:\\\/\\\/schema.org\",\"@graph\":[{\"@type\":\"WebPage\",\"@id\":\"https:\\\/\\\/useyourtalents.org\\\/en\\\/eshop\\\/talenty-all-34-standard\\\/\",\"url\":\"https:\\\/\\\/useyourtalents.org\\\/en\\\/eshop\\\/talenty-all-34-standard\\\/\",\"name\":\"Talenty ALL 34 Standard - Use Your Talents\",\"isPartOf\":{\"@id\":\"https:\\\/\\\/useyourtalents.org\\\/en\\\/#website\"},\"primaryImageOfPage\":{\"@id\":\"https:\\\/\\\/useyourtalents.org\\\/en\\\/eshop\\\/talenty-all-34-standard\\\/#primaryimage\"},\"image\":{\"@id\":\"https:\\\/\\\/useyourtalents.org\\\/en\\\/eshop\\\/talenty-all-34-standard\\\/#primaryimage\"},\"thumbnailUrl\":\"https:\\\/\\\/useyourtalents.org\\\/wp-content\\\/uploads\\\/2023\\\/01\\\/eshop_all34standard_1.webp\",\"datePublished\":\"2023-01-21T12:58:01+00:00\",\"dateModified\":\"2026-04-17T10:14:20+00:00\",\"breadcrumb\":{\"@id\":\"https:\\\/\\\/useyourtalents.org\\\/en\\\/eshop\\\/talenty-all-34-standard\\\/#breadcrumb\"},\"inLanguage\":\"en-US\",\"potentialAction\":[{\"@type\":\"ReadAction\",\"target\":[\"https:\\\/\\\/useyourtalents.org\\\/en\\\/eshop\\\/talenty-all-34-standard\\\/\"]}]},{\"@type\":\"ImageObject\",\"inLanguage\":\"en-US\",\"@id\":\"https:\\\/\\\/useyourtalents.org\\\/en\\\/eshop\\\/talenty-all-34-standard\\\/#primaryimage\",\"url\":\"https:\\\/\\\/useyourtalents.org\\\/wp-content\\\/uploads\\\/2023\\\/01\\\/eshop_all34standard_1.webp\",\"contentUrl\":\"https:\\\/\\\/useyourtalents.org\\\/wp-content\\\/uploads\\\/2023\\\/01\\\/eshop_all34standard_1.webp\",\"width\":800,\"height\":800},{\"@type\":\"BreadcrumbList\",\"@id\":\"https:\\\/\\\/useyourtalents.org\\\/en\\\/eshop\\\/talenty-all-34-standard\\\/#breadcrumb\",\"itemListElement\":[{\"@type\":\"ListItem\",\"position\":1,\"name\":\"Domovsk\u00e1 str\u00e1nka\",\"item\":\"https:\\\/\\\/useyourtalents.org\\\/en\\\/\"},{\"@type\":\"ListItem\",\"position\":2,\"name\":\"Eshop\",\"item\":\"https:\\\/\\\/useyourtalents.org\\\/eshop\\\/\"},{\"@type\":\"ListItem\",\"position\":3,\"name\":\"Talenty ALL 34 Standard\"}]},{\"@type\":\"WebSite\",\"@id\":\"https:\\\/\\\/useyourtalents.org\\\/en\\\/#website\",\"url\":\"https:\\\/\\\/useyourtalents.org\\\/en\\\/\",\"name\":\"Use Your Talents\",\"description\":\"Objavte svoje talenty\",\"publisher\":{\"@id\":\"https:\\\/\\\/useyourtalents.org\\\/en\\\/#organization\"},\"potentialAction\":[{\"@type\":\"SearchAction\",\"target\":{\"@type\":\"EntryPoint\",\"urlTemplate\":\"https:\\\/\\\/useyourtalents.org\\\/en\\\/?s={search_term_string}\"},\"query-input\":{\"@type\":\"PropertyValueSpecification\",\"valueRequired\":true,\"valueName\":\"search_term_string\"}}],\"inLanguage\":\"en-US\"},{\"@type\":\"Organization\",\"@id\":\"https:\\\/\\\/useyourtalents.org\\\/en\\\/#organization\",\"name\":\"Use Your Talents, s.r.o.\",\"url\":\"https:\\\/\\\/useyourtalents.org\\\/en\\\/\",\"logo\":{\"@type\":\"ImageObject\",\"inLanguage\":\"en-US\",\"@id\":\"https:\\\/\\\/useyourtalents.org\\\/en\\\/#\\\/schema\\\/logo\\\/image\\\/\",\"url\":\"https:\\\/\\\/useyourtalents.org\\\/wp-content\\\/uploads\\\/2021\\\/11\\\/UseYourTalents_svg.svg\",\"contentUrl\":\"https:\\\/\\\/useyourtalents.org\\\/wp-content\\\/uploads\\\/2021\\\/11\\\/UseYourTalents_svg.svg\",\"width\":566,\"height\":215,\"caption\":\"Use Your Talents, s.r.o.\"},\"image\":{\"@id\":\"https:\\\/\\\/useyourtalents.org\\\/en\\\/#\\\/schema\\\/logo\\\/image\\\/\"}}]}<\/script>\n<!-- \/ Yoast SEO plugin. -->","yoast_head_json":{"title":"Talenty ALL 34 Standard - Use Your Talents","robots":{"index":"index","follow":"follow","max-snippet":"max-snippet:-1","max-image-preview":"max-image-preview:large","max-video-preview":"max-video-preview:-1"},"canonical":"https:\/\/useyourtalents.org\/en\/eshop\/talenty-all-34-standard\/","og_locale":"en_US","og_type":"article","og_title":"Talenty ALL 34 Standard - Use Your Talents","og_description":"Tento produkt obsahuje:\u00a0   \u00favod do talentov (formou online semin\u00e1ra alebo videa) - dozviete sa viac o talentovom pr\u00edstupe, o tom, z \u010doho vych\u00e1dza a kam v\u00e1s m\u00f4\u017ee privies\u0165\u00a0  talentov\u00fd dotazn\u00edk CliftonStrengths\u00ae spolo\u010dnosti Gallup\u00ae s porad\u00edm v\u0161etk\u00fdch 34 talentov\u00a0\u00a0  detailn\u00fa sp\u00e4tn\u00fa v\u00e4zbu v sloven\u010dine v rozsahu 27 str\u00e1n \u2013 s popismi, svetl\u00fdmi a tienist\u00fdmi str\u00e1nkami i odpor\u00fa\u010daniami k va\u0161im TOP 10 talentom\u00a0  \ud83c\udf81 Tip na dar\u010dek: S\u00fa\u010das\u0165ou produktu je dar\u010dekov\u00fd voucher, ktor\u00fd si m\u00f4\u017eete hne\u010f po n\u00e1kupe stiahnu\u0165 a vytla\u010di\u0165. Sta\u010d\u00ed dop\u00edsa\u0165 osobn\u00e9 venovanie a m\u00e1te pripraven\u00fd zmyslupln\u00fd dar\u010dek. Cel\u00fd popis \u00bb","og_url":"https:\/\/useyourtalents.org\/en\/eshop\/talenty-all-34-standard\/","og_site_name":"Use Your Talents","article_modified_time":"2026-04-17T10:14:20+00:00","og_image":[{"width":800,"height":800,"url":"https:\/\/useyourtalents.org\/wp-content\/uploads\/2023\/01\/eshop_all34standard_1.webp","type":"image\/webp"}],"twitter_card":"summary_large_image","twitter_misc":{"Est. reading time":"2 minutes"},"schema":{"@context":"https:\/\/schema.org","@graph":[{"@type":"WebPage","@id":"https:\/\/useyourtalents.org\/en\/eshop\/talenty-all-34-standard\/","url":"https:\/\/useyourtalents.org\/en\/eshop\/talenty-all-34-standard\/","name":"Talenty ALL 34 Standard - Use Your Talents","isPartOf":{"@id":"https:\/\/useyourtalents.org\/en\/#website"},"primaryImageOfPage":{"@id":"https:\/\/useyourtalents.org\/en\/eshop\/talenty-all-34-standard\/#primaryimage"},"image":{"@id":"https:\/\/useyourtalents.org\/en\/eshop\/talenty-all-34-standard\/#primaryimage"},"thumbnailUrl":"https:\/\/useyourtalents.org\/wp-content\/uploads\/2023\/01\/eshop_all34standard_1.webp","datePublished":"2023-01-21T12:58:01+00:00","dateModified":"2026-04-17T10:14:20+00:00","breadcrumb":{"@id":"https:\/\/useyourtalents.org\/en\/eshop\/talenty-all-34-standard\/#breadcrumb"},"inLanguage":"en-US","potentialAction":[{"@type":"ReadAction","target":["https:\/\/useyourtalents.org\/en\/eshop\/talenty-all-34-standard\/"]}]},{"@type":"ImageObject","inLanguage":"en-US","@id":"https:\/\/useyourtalents.org\/en\/eshop\/talenty-all-34-standard\/#primaryimage","url":"https:\/\/useyourtalents.org\/wp-content\/uploads\/2023\/01\/eshop_all34standard_1.webp","contentUrl":"https:\/\/useyourtalents.org\/wp-content\/uploads\/2023\/01\/eshop_all34standard_1.webp","width":800,"height":800},{"@type":"BreadcrumbList","@id":"https:\/\/useyourtalents.org\/en\/eshop\/talenty-all-34-standard\/#breadcrumb","itemListElement":[{"@type":"ListItem","position":1,"name":"Domovsk\u00e1 str\u00e1nka","item":"https:\/\/useyourtalents.org\/en\/"},{"@type":"ListItem","position":2,"name":"Eshop","item":"https:\/\/useyourtalents.org\/eshop\/"},{"@type":"ListItem","position":3,"name":"Talenty ALL 34 Standard"}]},{"@type":"WebSite","@id":"https:\/\/useyourtalents.org\/en\/#website","url":"https:\/\/useyourtalents.org\/en\/","name":"Use Your Talents","description":"Objavte svoje talenty","publisher":{"@id":"https:\/\/useyourtalents.org\/en\/#organization"},"potentialAction":[{"@type":"SearchAction","target":{"@type":"EntryPoint","urlTemplate":"https:\/\/useyourtalents.org\/en\/?s={search_term_string}"},"query-input":{"@type":"PropertyValueSpecification","valueRequired":true,"valueName":"search_term_string"}}],"inLanguage":"en-US"},{"@type":"Organization","@id":"https:\/\/useyourtalents.org\/en\/#organization","name":"Use Your Talents, s.r.o.","url":"https:\/\/useyourtalents.org\/en\/","logo":{"@type":"ImageObject","inLanguage":"en-US","@id":"https:\/\/useyourtalents.org\/en\/#\/schema\/logo\/image\/","url":"https:\/\/useyourtalents.org\/wp-content\/uploads\/2021\/11\/UseYourTalents_svg.svg","contentUrl":"https:\/\/useyourtalents.org\/wp-content\/uploads\/2021\/11\/UseYourTalents_svg.svg","width":566,"height":215,"caption":"Use Your Talents, s.r.o."},"image":{"@id":"https:\/\/useyourtalents.org\/en\/#\/schema\/logo\/image\/"}}]}},"_links":{"self":[{"href":"https:\/\/useyourtalents.org\/en\/wp-json\/wp\/v2\/product\/3840","targetHints":{"allow":["GET"]}}],"collection":[{"href":"https:\/\/useyourtalents.org\/en\/wp-json\/wp\/v2\/product"}],"about":[{"href":"https:\/\/useyourtalents.org\/en\/wp-json\/wp\/v2\/types\/product"}],"wp:featuredmedia":[{"embeddable":true,"href":"https:\/\/useyourtalents.org\/en\/wp-json\/wp\/v2\/media\/8161"}],"wp:attachment":[{"href":"https:\/\/useyourtalents.org\/en\/wp-json\/wp\/v2\/media?parent=3840"}],"wp:term":[{"taxonomy":"product_brand","embeddable":true,"href":"https:\/\/useyourtalents.org\/en\/wp-json\/wp\/v2\/product_brand?post=3840"},{"taxonomy":"product_cat","embeddable":true,"href":"https:\/\/useyourtalents.org\/en\/wp-json\/wp\/v2\/product_cat?post=3840"},{"taxonomy":"product_tag","embeddable":true,"href":"https:\/\/useyourtalents.org\/en\/wp-json\/wp\/v2\/product_tag?post=3840"}],"curies":[{"name":"wp","href":"https:\/\/api.w.org\/{rel}","templated":true}]}}