{"id":10308,"date":"2025-11-20T15:22:30","date_gmt":"2025-11-20T14:22:30","guid":{"rendered":"https:\/\/useyourtalents.org\/?post_type=product&#038;p=10308"},"modified":"2026-01-07T21:48:05","modified_gmt":"2026-01-07T20:48:05","slug":"darcekovy-voucher-v-lubovolnej-hodnote","status":"publish","type":"product","link":"https:\/\/useyourtalents.org\/en\/eshop\/darcekovy-voucher-v-lubovolnej-hodnote\/","title":{"rendered":"Dar\u010dekov\u00fd voucher v \u013eubovo\u013enej hodnote"},"content":{"rendered":"<p class=\"p1\"><b>\u010co voucher umo\u017e\u0148uje:<\/b><\/p>\n<ul>\n<li class=\"p1\">pou\u017eitie na v\u0161etky produkty v e-shope Use Your Talents<\/li>\n<li class=\"p1\">plat\u00ed aj na semin\u00e1re, kurzy a podujatia organizovan\u00e9 UYT<\/li>\n<li class=\"p1\">m\u00f4\u017eete ho uplatni\u0165 pre seba alebo ako dar pre in\u00fa osobu<\/li>\n<li class=\"p1\">platnos\u0165 12 mesiacov od n\u00e1kupu<\/li>\n<\/ul>\n<p class=\"p1\"><b>Ako to funguje?<\/b><\/p>\n<p class=\"p1\"><span class=\"s1\">1\ufe0f\u20e3<\/span> Vyberte si hodnotu voucheru.<br \/>\n<span class=\"s1\">2\ufe0f\u20e3<\/span> Po n\u00e1kupe v\u00e1m pr\u00edde e-mail s potvrden\u00edm a dar\u010dekov\u00fdm voucherom na stiahnutie.<br \/>\n<span class=\"s1\">3\ufe0f\u20e3<\/span> Obdarovan\u00fd si n\u00e1sledne vyberie, na \u010do chce voucher uplatni\u0165 \u2013 sta\u010d\u00ed, ak n\u00e1m nap\u00ed\u0161e na <b>info@useyourtalents.org<\/b> a spolu to zrealizujeme.<\/p>\n<p class=\"p1\"><span class=\"s1\">\ud83c\udf84<\/span> <b>Tip na dar\u010dek<\/b><b><\/b><\/p>\n<p class=\"p1\">V obdob\u00ed, ke\u010f h\u013ead\u00e1me pokoj a rovnov\u00e1hu, m\u00f4\u017ee by\u0165 pr\u00e1ve spoznanie seba sam\u00e9ho t\u00fdm najv\u00e4\u010d\u0161\u00edm darom.<br \/>\nDar\u010dekov\u00fd voucher si m\u00f4\u017eete ihne\u010f po n\u00e1kupe stiahnu\u0165, vytla\u010di\u0165 a doplni\u0165 osobn\u00e9 venovanie.<br \/>\nElegantn\u00fd, osobn\u00fd a zmyslupln\u00fd dar\u010dek, ktor\u00fd pom\u00e1ha n\u00e1js\u0165 vn\u00fatorn\u00fd pokoj.<\/p>\n<p class=\"p1\"><b>Potrebujete fakt\u00faru pre firmu alebo v\u00e4\u010d\u0161\u00ed po\u010det voucherov?<\/b><\/p>\n<p class=\"p1\">Radi v\u00e1m priprav\u00edme individu\u00e1lnu ponuku na mieru \u2013 kontaktujte n\u00e1s:<\/p>\n<div class=\"fusion-fullwidth fullwidth-box fusion-builder-row-1 fusion-flex-container has-pattern-background has-mask-background nonhundred-percent-fullwidth non-hundred-percent-height-scrolling\" style=\"--awb-border-radius-top-left:0px;--awb-border-radius-top-right:0px;--awb-border-radius-bottom-right:0px;--awb-border-radius-bottom-left:0px;--awb-flex-wrap:wrap;\" ><div class=\"fusion-builder-row fusion-row fusion-flex-align-items-flex-start fusion-flex-content-wrap\" style=\"max-width:1310.4px;margin-left: calc(-4% \/ 2 );margin-right: calc(-4% \/ 2 );\"><div class=\"fusion-layout-column fusion_builder_column fusion-builder-column-0 fusion_builder_column_1_6 1_6 fusion-flex-column\" style=\"--awb-bg-size:cover;--awb-width-large:16.6666666667%;--awb-margin-top-large:0px;--awb-spacing-right-large:0%;--awb-margin-bottom-large:20px;--awb-spacing-left-large:11.52%;--awb-width-medium:16.6666666667%;--awb-order-medium:0;--awb-spacing-right-medium:0%;--awb-spacing-left-medium:11.52%;--awb-width-small:100%;--awb-order-small:0;--awb-spacing-right-small:1.92%;--awb-spacing-left-small:1.92%;\"><div class=\"fusion-column-wrapper fusion-column-has-shadow fusion-flex-justify-content-flex-start fusion-content-layout-column\"><div class=\"fusion-image-element \" style=\"text-align:left;--awb-max-width:120px;--awb-caption-title-font-family:var(--h2_typography-font-family);--awb-caption-title-font-weight:var(--h2_typography-font-weight);--awb-caption-title-font-style:var(--h2_typography-font-style);--awb-caption-title-size:var(--h2_typography-font-size);--awb-caption-title-transform:var(--h2_typography-text-transform);--awb-caption-title-line-height:var(--h2_typography-line-height);--awb-caption-title-letter-spacing:var(--h2_typography-letter-spacing);\"><span class=\" fusion-imageframe imageframe-none imageframe-1 hover-type-none\" style=\"border-radius:8px;\"><img loading=\"lazy\" decoding=\"async\" width=\"800\" height=\"800\" title=\"tim_Michael_Koch\" src=\"https:\/\/useyourtalents.org\/wp-content\/uploads\/2025\/11\/UYT_Miroslava-Gulova_2025.webp\" alt class=\"img-responsive wp-image-7603\"\/><\/span><\/div><\/div><\/div><div class=\"fusion-layout-column fusion_builder_column fusion-builder-column-1 fusion_builder_column_2_3 2_3 fusion-flex-column\" style=\"--awb-bg-size:cover;--awb-width-large:66.6666666667%;--awb-margin-top-large:0px;--awb-spacing-right-large:2.88%;--awb-margin-bottom-large:20px;--awb-spacing-left-large:0%;--awb-width-medium:66.6666666667%;--awb-order-medium:0;--awb-spacing-right-medium:2.88%;--awb-spacing-left-medium:0%;--awb-width-small:100%;--awb-order-small:0;--awb-spacing-right-small:1.92%;--awb-spacing-left-small:1.92%;\"><div class=\"fusion-column-wrapper fusion-column-has-shadow fusion-flex-justify-content-flex-start fusion-content-layout-column\"><div class=\"fusion-title title fusion-title-1 fusion-sep-none fusion-title-text fusion-title-size-four\" style=\"--awb-text-color:var(--awb-color7);--awb-margin-top:5px;--awb-margin-bottom:0px;--awb-margin-top-small:20px;--awb-margin-right-small:0px;--awb-margin-bottom-small:10px;--awb-margin-left-small:0px;--awb-link-color:#000000;--awb-link-hover-color:var(--awb-color6);--awb-font-size:16px;\"><h4 class=\"fusion-title-heading title-heading-left\" style=\"margin:0;font-size:1em;\"><a class=\"awb-custom-text-color awb-custom-text-hover-color\" target=\"_self\"><strong>Ing. Miroslava Gu\u013eov\u00e1<\/strong><\/a><\/h4><\/div><div class=\"fusion-text fusion-text-1 fusion-text-no-margin\" style=\"--awb-font-size:16px;--awb-margin-bottom:5px;\"><\/div><div class=\"fusion-text fusion-text-2\" style=\"--awb-content-alignment:left;--awb-font-size:16px;\"><p><a href=\"mailto:miroslava.gulova@useyourtalents.org\">miroslava.gulova@useyourtalents.org<\/a><br \/>\n<a href=\"tel:+421905283855\">+421 905 283 855<\/a><\/p>\n<\/div><\/div><\/div><\/div><\/div>\n<p class=\"p1\">\n","protected":false},"excerpt":{"rendered":"<p class=\"p1\"><span class=\"s1\">\ud83c\udf81<\/span> <b>H\u013ead\u00e1te zmyslupln\u00fd dar\u010dek, ale nie ste si ist\u00ed, ktor\u00fd produkt vybra\u0165? <\/b><b><\/b>Darujte mo\u017enos\u0165 vo\u013eby \u2013 dar\u010dekov\u00fd voucher Use Your Talents.<br \/>\nPokoj v du\u0161i znamen\u00e1 \u017ei\u0165 v jednote s t\u00fdm, k\u00fdm som. Ke\u010f rozumieme sami sebe, z\u00edskavame schopnos\u0165 by\u0165 autenticky sami sebou \u2013 aj v meniacom sa svete.<br \/>\nPr\u00e1ve k tomu smeruj\u00fa na\u0161e produkty. Voucher je vstupenkou do tohto procesu.<br \/>\nObdarovan\u00fd ho m\u00f4\u017ee vyu\u017ei\u0165 na ak\u00fdko\u013evek produkt alebo slu\u017ebu v na\u0161om e-shope \u2013 od talentov\u00fdch testov CliftonStrengths\u00ae, cez mentoringy a kou\u010dingy, a\u017e po semin\u00e1re a kurzy osobn\u00e9ho rozvoja.<\/p>\n<p style=\"text-align: right;\"><a href=\"#popis\">Cel\u00fd popis \u00bb<\/a><\/p>\n","protected":false},"featured_media":10144,"template":"","meta":[],"product_brand":[],"product_cat":[56],"product_tag":[],"class_list":{"0":"post-10308","1":"product","2":"type-product","3":"status-publish","4":"has-post-thumbnail","6":"product_cat-use-your-talents","8":"first","9":"instock","10":"taxable","11":"shipping-taxable","12":"purchasable","13":"product-type-variable"},"yoast_head":"<!-- This site is optimized with the Yoast SEO plugin v27.4 - https:\/\/yoast.com\/product\/yoast-seo-wordpress\/ -->\n<title>Dar\u010dekov\u00fd voucher v \u013eubovo\u013enej hodnote - Use Your Talents<\/title>\n<meta name=\"robots\" content=\"index, follow, max-snippet:-1, max-image-preview:large, max-video-preview:-1\" \/>\n<link rel=\"canonical\" href=\"https:\/\/useyourtalents.org\/en\/eshop\/darcekovy-voucher-v-lubovolnej-hodnote\/\" \/>\n<meta property=\"og:locale\" content=\"en_US\" \/>\n<meta property=\"og:type\" content=\"article\" \/>\n<meta property=\"og:title\" content=\"Dar\u010dekov\u00fd voucher v \u013eubovo\u013enej hodnote - Use Your Talents\" \/>\n<meta property=\"og:description\" content=\"\ud83c\udf81 H\u013ead\u00e1te zmyslupln\u00fd dar\u010dek, ale nie ste si ist\u00ed, ktor\u00fd produkt vybra\u0165? Darujte mo\u017enos\u0165 vo\u013eby \u2013 dar\u010dekov\u00fd voucher Use Your Talents. Pokoj v du\u0161i znamen\u00e1 \u017ei\u0165 v jednote s t\u00fdm, k\u00fdm som. Ke\u010f rozumieme sami sebe, z\u00edskavame schopnos\u0165 by\u0165 autenticky sami sebou \u2013 aj v meniacom sa svete. Pr\u00e1ve k tomu smeruj\u00fa na\u0161e produkty. Voucher je vstupenkou do tohto procesu. Obdarovan\u00fd ho m\u00f4\u017ee vyu\u017ei\u0165 na ak\u00fdko\u013evek produkt alebo slu\u017ebu v na\u0161om e-shope \u2013 od talentov\u00fdch testov CliftonStrengths\u00ae, cez mentoringy a kou\u010dingy, a\u017e po semin\u00e1re a kurzy osobn\u00e9ho rozvoja. Cel\u00fd popis \u00bb\" \/>\n<meta property=\"og:url\" content=\"https:\/\/useyourtalents.org\/en\/eshop\/darcekovy-voucher-v-lubovolnej-hodnote\/\" \/>\n<meta property=\"og:site_name\" content=\"Use Your Talents\" \/>\n<meta property=\"article:modified_time\" content=\"2026-01-07T20:48:05+00:00\" \/>\n<meta property=\"og:image\" content=\"https:\/\/useyourtalents.org\/wp-content\/uploads\/2025\/11\/voucher-produkt.webp\" \/>\n\t<meta property=\"og:image:width\" content=\"800\" \/>\n\t<meta property=\"og:image:height\" content=\"800\" \/>\n\t<meta property=\"og:image:type\" content=\"image\/webp\" \/>\n<meta name=\"twitter:card\" content=\"summary_large_image\" \/>\n<meta name=\"twitter:label1\" content=\"Est. reading time\" \/>\n\t<meta name=\"twitter:data1\" content=\"2 minutes\" \/>\n<script type=\"application\/ld+json\" class=\"yoast-schema-graph\">{\"@context\":\"https:\\\/\\\/schema.org\",\"@graph\":[{\"@type\":\"WebPage\",\"@id\":\"https:\\\/\\\/useyourtalents.org\\\/en\\\/eshop\\\/darcekovy-voucher-v-lubovolnej-hodnote\\\/\",\"url\":\"https:\\\/\\\/useyourtalents.org\\\/en\\\/eshop\\\/darcekovy-voucher-v-lubovolnej-hodnote\\\/\",\"name\":\"Dar\u010dekov\u00fd voucher v \u013eubovo\u013enej hodnote - Use Your Talents\",\"isPartOf\":{\"@id\":\"https:\\\/\\\/useyourtalents.org\\\/en\\\/#website\"},\"primaryImageOfPage\":{\"@id\":\"https:\\\/\\\/useyourtalents.org\\\/en\\\/eshop\\\/darcekovy-voucher-v-lubovolnej-hodnote\\\/#primaryimage\"},\"image\":{\"@id\":\"https:\\\/\\\/useyourtalents.org\\\/en\\\/eshop\\\/darcekovy-voucher-v-lubovolnej-hodnote\\\/#primaryimage\"},\"thumbnailUrl\":\"https:\\\/\\\/useyourtalents.org\\\/wp-content\\\/uploads\\\/2025\\\/11\\\/voucher-produkt.webp\",\"datePublished\":\"2025-11-20T14:22:30+00:00\",\"dateModified\":\"2026-01-07T20:48:05+00:00\",\"breadcrumb\":{\"@id\":\"https:\\\/\\\/useyourtalents.org\\\/en\\\/eshop\\\/darcekovy-voucher-v-lubovolnej-hodnote\\\/#breadcrumb\"},\"inLanguage\":\"en-US\",\"potentialAction\":[{\"@type\":\"ReadAction\",\"target\":[\"https:\\\/\\\/useyourtalents.org\\\/en\\\/eshop\\\/darcekovy-voucher-v-lubovolnej-hodnote\\\/\"]}]},{\"@type\":\"ImageObject\",\"inLanguage\":\"en-US\",\"@id\":\"https:\\\/\\\/useyourtalents.org\\\/en\\\/eshop\\\/darcekovy-voucher-v-lubovolnej-hodnote\\\/#primaryimage\",\"url\":\"https:\\\/\\\/useyourtalents.org\\\/wp-content\\\/uploads\\\/2025\\\/11\\\/voucher-produkt.webp\",\"contentUrl\":\"https:\\\/\\\/useyourtalents.org\\\/wp-content\\\/uploads\\\/2025\\\/11\\\/voucher-produkt.webp\",\"width\":800,\"height\":800},{\"@type\":\"BreadcrumbList\",\"@id\":\"https:\\\/\\\/useyourtalents.org\\\/en\\\/eshop\\\/darcekovy-voucher-v-lubovolnej-hodnote\\\/#breadcrumb\",\"itemListElement\":[{\"@type\":\"ListItem\",\"position\":1,\"name\":\"Domovsk\u00e1 str\u00e1nka\",\"item\":\"https:\\\/\\\/useyourtalents.org\\\/en\\\/\"},{\"@type\":\"ListItem\",\"position\":2,\"name\":\"Eshop\",\"item\":\"https:\\\/\\\/useyourtalents.org\\\/eshop\\\/\"},{\"@type\":\"ListItem\",\"position\":3,\"name\":\"Dar\u010dekov\u00fd voucher v \u013eubovo\u013enej hodnote\"}]},{\"@type\":\"WebSite\",\"@id\":\"https:\\\/\\\/useyourtalents.org\\\/en\\\/#website\",\"url\":\"https:\\\/\\\/useyourtalents.org\\\/en\\\/\",\"name\":\"Use Your Talents\",\"description\":\"Objavte svoje talenty\",\"publisher\":{\"@id\":\"https:\\\/\\\/useyourtalents.org\\\/en\\\/#organization\"},\"potentialAction\":[{\"@type\":\"SearchAction\",\"target\":{\"@type\":\"EntryPoint\",\"urlTemplate\":\"https:\\\/\\\/useyourtalents.org\\\/en\\\/?s={search_term_string}\"},\"query-input\":{\"@type\":\"PropertyValueSpecification\",\"valueRequired\":true,\"valueName\":\"search_term_string\"}}],\"inLanguage\":\"en-US\"},{\"@type\":\"Organization\",\"@id\":\"https:\\\/\\\/useyourtalents.org\\\/en\\\/#organization\",\"name\":\"Use Your Talents, s.r.o.\",\"url\":\"https:\\\/\\\/useyourtalents.org\\\/en\\\/\",\"logo\":{\"@type\":\"ImageObject\",\"inLanguage\":\"en-US\",\"@id\":\"https:\\\/\\\/useyourtalents.org\\\/en\\\/#\\\/schema\\\/logo\\\/image\\\/\",\"url\":\"https:\\\/\\\/useyourtalents.org\\\/wp-content\\\/uploads\\\/2021\\\/11\\\/UseYourTalents_svg.svg\",\"contentUrl\":\"https:\\\/\\\/useyourtalents.org\\\/wp-content\\\/uploads\\\/2021\\\/11\\\/UseYourTalents_svg.svg\",\"width\":566,\"height\":215,\"caption\":\"Use Your Talents, s.r.o.\"},\"image\":{\"@id\":\"https:\\\/\\\/useyourtalents.org\\\/en\\\/#\\\/schema\\\/logo\\\/image\\\/\"}}]}<\/script>\n<!-- \/ Yoast SEO plugin. -->","yoast_head_json":{"title":"Dar\u010dekov\u00fd voucher v \u013eubovo\u013enej hodnote - Use Your Talents","robots":{"index":"index","follow":"follow","max-snippet":"max-snippet:-1","max-image-preview":"max-image-preview:large","max-video-preview":"max-video-preview:-1"},"canonical":"https:\/\/useyourtalents.org\/en\/eshop\/darcekovy-voucher-v-lubovolnej-hodnote\/","og_locale":"en_US","og_type":"article","og_title":"Dar\u010dekov\u00fd voucher v \u013eubovo\u013enej hodnote - Use Your Talents","og_description":"\ud83c\udf81 H\u013ead\u00e1te zmyslupln\u00fd dar\u010dek, ale nie ste si ist\u00ed, ktor\u00fd produkt vybra\u0165? Darujte mo\u017enos\u0165 vo\u013eby \u2013 dar\u010dekov\u00fd voucher Use Your Talents. Pokoj v du\u0161i znamen\u00e1 \u017ei\u0165 v jednote s t\u00fdm, k\u00fdm som. Ke\u010f rozumieme sami sebe, z\u00edskavame schopnos\u0165 by\u0165 autenticky sami sebou \u2013 aj v meniacom sa svete. Pr\u00e1ve k tomu smeruj\u00fa na\u0161e produkty. Voucher je vstupenkou do tohto procesu. Obdarovan\u00fd ho m\u00f4\u017ee vyu\u017ei\u0165 na ak\u00fdko\u013evek produkt alebo slu\u017ebu v na\u0161om e-shope \u2013 od talentov\u00fdch testov CliftonStrengths\u00ae, cez mentoringy a kou\u010dingy, a\u017e po semin\u00e1re a kurzy osobn\u00e9ho rozvoja. Cel\u00fd popis \u00bb","og_url":"https:\/\/useyourtalents.org\/en\/eshop\/darcekovy-voucher-v-lubovolnej-hodnote\/","og_site_name":"Use Your Talents","article_modified_time":"2026-01-07T20:48:05+00:00","og_image":[{"width":800,"height":800,"url":"https:\/\/useyourtalents.org\/wp-content\/uploads\/2025\/11\/voucher-produkt.webp","type":"image\/webp"}],"twitter_card":"summary_large_image","twitter_misc":{"Est. reading time":"2 minutes"},"schema":{"@context":"https:\/\/schema.org","@graph":[{"@type":"WebPage","@id":"https:\/\/useyourtalents.org\/en\/eshop\/darcekovy-voucher-v-lubovolnej-hodnote\/","url":"https:\/\/useyourtalents.org\/en\/eshop\/darcekovy-voucher-v-lubovolnej-hodnote\/","name":"Dar\u010dekov\u00fd voucher v \u013eubovo\u013enej hodnote - Use Your Talents","isPartOf":{"@id":"https:\/\/useyourtalents.org\/en\/#website"},"primaryImageOfPage":{"@id":"https:\/\/useyourtalents.org\/en\/eshop\/darcekovy-voucher-v-lubovolnej-hodnote\/#primaryimage"},"image":{"@id":"https:\/\/useyourtalents.org\/en\/eshop\/darcekovy-voucher-v-lubovolnej-hodnote\/#primaryimage"},"thumbnailUrl":"https:\/\/useyourtalents.org\/wp-content\/uploads\/2025\/11\/voucher-produkt.webp","datePublished":"2025-11-20T14:22:30+00:00","dateModified":"2026-01-07T20:48:05+00:00","breadcrumb":{"@id":"https:\/\/useyourtalents.org\/en\/eshop\/darcekovy-voucher-v-lubovolnej-hodnote\/#breadcrumb"},"inLanguage":"en-US","potentialAction":[{"@type":"ReadAction","target":["https:\/\/useyourtalents.org\/en\/eshop\/darcekovy-voucher-v-lubovolnej-hodnote\/"]}]},{"@type":"ImageObject","inLanguage":"en-US","@id":"https:\/\/useyourtalents.org\/en\/eshop\/darcekovy-voucher-v-lubovolnej-hodnote\/#primaryimage","url":"https:\/\/useyourtalents.org\/wp-content\/uploads\/2025\/11\/voucher-produkt.webp","contentUrl":"https:\/\/useyourtalents.org\/wp-content\/uploads\/2025\/11\/voucher-produkt.webp","width":800,"height":800},{"@type":"BreadcrumbList","@id":"https:\/\/useyourtalents.org\/en\/eshop\/darcekovy-voucher-v-lubovolnej-hodnote\/#breadcrumb","itemListElement":[{"@type":"ListItem","position":1,"name":"Domovsk\u00e1 str\u00e1nka","item":"https:\/\/useyourtalents.org\/en\/"},{"@type":"ListItem","position":2,"name":"Eshop","item":"https:\/\/useyourtalents.org\/eshop\/"},{"@type":"ListItem","position":3,"name":"Dar\u010dekov\u00fd voucher v \u013eubovo\u013enej hodnote"}]},{"@type":"WebSite","@id":"https:\/\/useyourtalents.org\/en\/#website","url":"https:\/\/useyourtalents.org\/en\/","name":"Use Your Talents","description":"Objavte svoje talenty","publisher":{"@id":"https:\/\/useyourtalents.org\/en\/#organization"},"potentialAction":[{"@type":"SearchAction","target":{"@type":"EntryPoint","urlTemplate":"https:\/\/useyourtalents.org\/en\/?s={search_term_string}"},"query-input":{"@type":"PropertyValueSpecification","valueRequired":true,"valueName":"search_term_string"}}],"inLanguage":"en-US"},{"@type":"Organization","@id":"https:\/\/useyourtalents.org\/en\/#organization","name":"Use Your Talents, s.r.o.","url":"https:\/\/useyourtalents.org\/en\/","logo":{"@type":"ImageObject","inLanguage":"en-US","@id":"https:\/\/useyourtalents.org\/en\/#\/schema\/logo\/image\/","url":"https:\/\/useyourtalents.org\/wp-content\/uploads\/2021\/11\/UseYourTalents_svg.svg","contentUrl":"https:\/\/useyourtalents.org\/wp-content\/uploads\/2021\/11\/UseYourTalents_svg.svg","width":566,"height":215,"caption":"Use Your Talents, s.r.o."},"image":{"@id":"https:\/\/useyourtalents.org\/en\/#\/schema\/logo\/image\/"}}]}},"_links":{"self":[{"href":"https:\/\/useyourtalents.org\/en\/wp-json\/wp\/v2\/product\/10308","targetHints":{"allow":["GET"]}}],"collection":[{"href":"https:\/\/useyourtalents.org\/en\/wp-json\/wp\/v2\/product"}],"about":[{"href":"https:\/\/useyourtalents.org\/en\/wp-json\/wp\/v2\/types\/product"}],"wp:featuredmedia":[{"embeddable":true,"href":"https:\/\/useyourtalents.org\/en\/wp-json\/wp\/v2\/media\/10144"}],"wp:attachment":[{"href":"https:\/\/useyourtalents.org\/en\/wp-json\/wp\/v2\/media?parent=10308"}],"wp:term":[{"taxonomy":"product_brand","embeddable":true,"href":"https:\/\/useyourtalents.org\/en\/wp-json\/wp\/v2\/product_brand?post=10308"},{"taxonomy":"product_cat","embeddable":true,"href":"https:\/\/useyourtalents.org\/en\/wp-json\/wp\/v2\/product_cat?post=10308"},{"taxonomy":"product_tag","embeddable":true,"href":"https:\/\/useyourtalents.org\/en\/wp-json\/wp\/v2\/product_tag?post=10308"}],"curies":[{"name":"wp","href":"https:\/\/api.w.org\/{rel}","templated":true}]}}