{"id":5295,"date":"2023-03-22T08:11:57","date_gmt":"2023-03-22T07:11:57","guid":{"rendered":"https:\/\/useyourtalents.org\/about-us\/lucia-balgova\/"},"modified":"2024-02-05T09:36:14","modified_gmt":"2024-02-05T08:36:14","slug":"lucia-balgova","status":"publish","type":"page","link":"https:\/\/useyourtalents.org\/en\/about-us\/lucia-balgova\/","title":{"rendered":"Lucia Balgov\u00e1"},"content":{"rendered":"<p><div class=\"fusion-fullwidth fullwidth-box fusion-builder-row-1 fusion-flex-container nonhundred-percent-fullwidth non-hundred-percent-height-scrolling\" style=\"--awb-border-radius-top-left:0px;--awb-border-radius-top-right:0px;--awb-border-radius-bottom-right:0px;--awb-border-radius-bottom-left:0px;--awb-margin-bottom:10px;--awb-flex-wrap:wrap;\" ><div class=\"fusion-builder-row fusion-row fusion-flex-align-items-flex-start fusion-flex-justify-content-center fusion-flex-content-wrap\" style=\"max-width:1310.4px;margin-left: calc(-4% \/ 2 );margin-right: calc(-4% \/ 2 );\"><div class=\"fusion-layout-column fusion_builder_column fusion-builder-column-0 fusion_builder_column_2_3 2_3 fusion-flex-column fusion-animated\" style=\"--awb-bg-size:cover;--awb-width-large:66.6666666667%;--awb-margin-top-large:0px;--awb-spacing-right-large:2.88%;--awb-margin-bottom-large:0px;--awb-spacing-left-large:2.88%;--awb-width-medium:75%;--awb-order-medium:0;--awb-spacing-right-medium:2.56%;--awb-spacing-left-medium:2.56%;--awb-width-small:100%;--awb-order-small:0;--awb-spacing-right-small:1.92%;--awb-spacing-left-small:1.92%;\" data-animationType=\"fadeInDown\" data-animationDuration=\"1.3\" data-animationOffset=\"top-into-view\"><div class=\"fusion-column-wrapper fusion-column-has-shadow fusion-flex-justify-content-center fusion-content-layout-column\"><div class=\"fusion-title title fusion-title-1 fusion-sep-none fusion-title-center fusion-title-text fusion-title-size-six\" style=\"--awb-text-color:#d2003c;--awb-margin-top-small:10px;--awb-margin-right-small:0px;--awb-margin-bottom-small:10px;--awb-margin-left-small:0px;\"><h6 class=\"fusion-title-heading title-heading-center\" style=\"margin:0;text-transform:uppercase;\">USE YOUR TALENTS<\/h6><\/div><div class=\"fusion-title title fusion-title-2 fusion-sep-none fusion-title-center fusion-title-text fusion-title-size-one\" style=\"--awb-margin-bottom:30px;--awb-margin-top-small:10px;--awb-margin-right-small:0px;--awb-margin-bottom-small:10px;--awb-margin-left-small:0px;\"><h1 class=\"fusion-title-heading title-heading-center\" style=\"margin:0;\">Meet us<\/h1><\/div><\/div><\/div><\/div><\/div><div class=\"fusion-fullwidth fullwidth-box fusion-builder-row-2 fusion-flex-container nonhundred-percent-fullwidth non-hundred-percent-height-scrolling\" style=\"--awb-border-radius-top-left:0px;--awb-border-radius-top-right:0px;--awb-border-radius-bottom-right:0px;--awb-border-radius-bottom-left:0px;--awb-padding-right-medium:25px;--awb-padding-left-medium:25px;--awb-padding-right-small:0px;--awb-padding-left-small:0px;--awb-margin-top:100px;--awb-flex-wrap:wrap;\" ><div class=\"fusion-builder-row fusion-row fusion-flex-align-items-stretch fusion-flex-content-wrap\" style=\"max-width:1310.4px;margin-left: calc(-4% \/ 2 );margin-right: calc(-4% \/ 2 );\"><div class=\"fusion-layout-column fusion_builder_column fusion-builder-column-1 fusion_builder_column_1_3 1_3 fusion-flex-column fusion-flex-align-self-flex-start fusion-animated\" style=\"--awb-padding-left-medium:0px;--awb-padding-right-small:30px;--awb-padding-left-small:30px;--awb-bg-size:cover;--awb-width-large:33.3333333333%;--awb-margin-top-large:0px;--awb-spacing-right-large:0%;--awb-margin-bottom-large:0px;--awb-spacing-left-large:5.76%;--awb-width-medium:50%;--awb-order-medium:3;--awb-spacing-right-medium:0%;--awb-spacing-left-medium:3.84%;--awb-width-small:100%;--awb-order-small:1;--awb-spacing-right-small:1.92%;--awb-margin-bottom-small:50px;--awb-spacing-left-small:1.92%;\" data-animationType=\"fadeInUp\" data-animationDuration=\"1.3\" data-animationOffset=\"top-into-view\"><div class=\"fusion-column-wrapper fusion-column-has-shadow fusion-flex-justify-content-flex-start fusion-content-layout-column\"><div class=\"fusion-image-element \" style=\"--awb-caption-title-font-family:var(--h2_typography-font-family);--awb-caption-title-font-weight:var(--h2_typography-font-weight);--awb-caption-title-font-style:var(--h2_typography-font-style);--awb-caption-title-size:var(--h2_typography-font-size);--awb-caption-title-transform:var(--h2_typography-text-transform);--awb-caption-title-line-height:var(--h2_typography-line-height);--awb-caption-title-letter-spacing:var(--h2_typography-letter-spacing);\"><span class=\" fusion-imageframe imageframe-none imageframe-1 hover-type-none\" style=\"border-radius:8px;\"><a href=\"https:\/\/useyourtalents.org\/wp-content\/uploads\/2024\/01\/use-your-talents-600px-Lucia-Balgova.jpg\" class=\"fusion-lightbox\" data-rel=\"iLightbox[730fbc6512230e398fb]\" data-title=\"use-your-talents-600px-Lucia Balgov\u00e1\" title=\"use-your-talents-600px-Lucia Balgov\u00e1\"><img loading=\"lazy\" decoding=\"async\" width=\"600\" height=\"600\" src=\"https:\/\/useyourtalents.org\/wp-content\/uploads\/2024\/01\/use-your-talents-600px-Lucia-Balgova.jpg\" alt class=\"img-responsive wp-image-6465\" srcset=\"https:\/\/useyourtalents.org\/wp-content\/uploads\/2024\/01\/use-your-talents-600px-Lucia-Balgova-200x200.jpg 200w, https:\/\/useyourtalents.org\/wp-content\/uploads\/2024\/01\/use-your-talents-600px-Lucia-Balgova-400x400.jpg 400w, https:\/\/useyourtalents.org\/wp-content\/uploads\/2024\/01\/use-your-talents-600px-Lucia-Balgova.jpg 600w\" sizes=\"auto, (max-width: 640px) 100vw, 400px\" \/><\/a><\/span><\/div><\/div><\/div><div class=\"fusion-layout-column fusion_builder_column fusion-builder-column-2 fusion_builder_column_2_3 2_3 fusion-flex-column fusion-animated\" style=\"--awb-padding-left:2%;--awb-padding-top-medium:0px;--awb-padding-right-medium:3vw;--awb-padding-bottom-medium:0px;--awb-padding-left-medium:3vw;--awb-padding-right-small:40px;--awb-padding-left-small:40px;--awb-bg-size:cover;--awb-width-large:66.6666666667%;--awb-margin-top-large:0px;--awb-spacing-right-large:2.88%;--awb-margin-bottom-large:0px;--awb-spacing-left-large:2.88%;--awb-width-medium:100%;--awb-order-medium:2;--awb-spacing-right-medium:1.92%;--awb-margin-bottom-medium:0px;--awb-spacing-left-medium:0px;--awb-width-small:100%;--awb-order-small:1;--awb-spacing-right-small:1.92%;--awb-margin-bottom-small:0px;--awb-spacing-left-small:1.92%;\" data-animationType=\"fadeInUp\" data-animationDuration=\"1.3\" data-animationOffset=\"top-into-view\"><div class=\"fusion-column-wrapper fusion-column-has-shadow fusion-flex-justify-content-center fusion-content-layout-column\"><div class=\"fusion-title title fusion-title-3 fusion-sep-none fusion-title-text fusion-title-size-six\" style=\"--awb-text-color:#d2003c;--awb-margin-top-small:10px;--awb-margin-right-small:0px;--awb-margin-bottom-small:10px;--awb-margin-left-small:0px;\"><h6 class=\"fusion-title-heading title-heading-left sm-text-align-center\" style=\"margin:0;text-transform:uppercase;\">TALENT EXPERT<\/h6><\/div><div class=\"fusion-title title fusion-title-4 fusion-sep-none fusion-title-text fusion-title-size-two\" style=\"--awb-margin-top:0px;--awb-margin-bottom:35px;--awb-margin-top-small:10px;--awb-margin-right-small:0px;--awb-margin-bottom-small:10px;--awb-margin-left-small:0px;\"><h2 class=\"fusion-title-heading title-heading-left sm-text-align-center\" style=\"margin:0;line-height:1.2em;\">Mgr. Lucia Balgov\u00e1<\/h2><\/div><div class=\"fusion-text fusion-text-1 sm-text-align-center\" style=\"--awb-text-transform:none;\"><p>I believe that \u201eLIFE BRINGS KNOWLEDGE AND KNOWLEDGE IMPROVES LIFE.\u201c I guide people towards knowledge by means of trainings and long-term development programs. I am happy to see when the new knowledge brings about their own \u201eOh, indeed\u201c moments, when they improve their people skills and change their attitudes and dysfunctional behavioral patterns. My values (not only) at trainings are HUMANITY, JOY, INSPIRATION, and USABILITY.<br \/>\nI have graduated from the subject of education of adults and have remained faithful to this subject \u2013 first, in a corporation on the side of the client, then on the side of the supplier. My life journey leads me and moves me up \u2013 as a person, as well as a professional. The talent-based approach made it possible to view myself in a different way. And as a certified talent expert cooperating with Use Your Talents, I have innovated my credo: \u201eYOU IMPROVE YOUR LIFE BY KNOWING YOURSELF.\u201c<\/p>\n<\/div><div class=\"fusion-social-links fusion-social-links-1\" style=\"--awb-margin-top:0px;--awb-margin-right:0px;--awb-margin-bottom:20px;--awb-margin-left:0px;--awb-box-border-top:0px;--awb-box-border-right:0px;--awb-box-border-bottom:0px;--awb-box-border-left:0px;--awb-icon-colors-hover:rgba(158,160,164,0.8);--awb-box-colors-hover:rgba(242,243,245,0.8);--awb-box-border-color:var(--awb-color3);--awb-box-border-color-hover:var(--awb-color4);--awb-alignment-small:center;\"><div class=\"fusion-social-networks color-type-custom\"><div class=\"fusion-social-networks-wrapper\"><a class=\"fusion-social-network-icon fusion-tooltip fusion-mail awb-icon-mail\" style=\"color:#9ea0a4;font-size:16px;\" data-placement=\"top\" data-title=\"Email\" data-toggle=\"tooltip\" title=\"Email\" aria-label=\"mail\" target=\"_blank\" rel=\"noopener noreferrer\" href=\"mailto:&#108;u&#099;i&#097;.balgov&#097;&#064;g&#109;ail&#046;c&#111;m\"><\/a><\/div><\/div><\/div><\/div><\/div><div class=\"fusion-layout-column fusion_builder_column fusion-builder-column-3 fusion_builder_column_1_2 1_2 fusion-flex-column fusion-flex-align-self-flex-start fusion-animated\" style=\"--awb-padding-left-medium:0px;--awb-padding-right-small:30px;--awb-padding-left-small:30px;--awb-bg-size:cover;--awb-width-large:50%;--awb-margin-top-large:30px;--awb-spacing-right-large:0%;--awb-margin-bottom-large:0px;--awb-spacing-left-large:3.84%;--awb-width-medium:50%;--awb-order-medium:3;--awb-spacing-right-medium:0%;--awb-spacing-left-medium:3.84%;--awb-width-small:100%;--awb-order-small:1;--awb-spacing-right-small:1.92%;--awb-margin-bottom-small:50px;--awb-spacing-left-small:1.92%;\" data-animationType=\"fadeIn\" data-animationDuration=\"0.8\" data-animationOffset=\"top-into-view\"><div class=\"fusion-column-wrapper fusion-column-has-shadow fusion-flex-justify-content-flex-start fusion-content-layout-column\"><div class=\"fusion-title title fusion-title-5 fusion-sep-none fusion-title-text fusion-title-size-three\" style=\"--awb-margin-top-small:10px;--awb-margin-right-small:0px;--awb-margin-bottom-small:10px;--awb-margin-left-small:0px;\"><h3 class=\"fusion-title-heading title-heading-left sm-text-align-center\" style=\"margin:0;\">My talents<\/h3><\/div><style type=\"text\/css\">#fusion-chart-1 .fusion-chart-legend-wrap li:nth-child(1) span{color: #ffffff;}#fusion-chart-1 .fusion-chart-legend-wrap li:nth-child(2) span{color: #ffffff;}#fusion-chart-1 .fusion-chart-legend-wrap li:nth-child(3) span{color: #ffffff;}#fusion-chart-1 .fusion-chart-legend-wrap li:nth-child(4) span{color: #ffffff;}#fusion-chart-1 .fusion-chart-legend-wrap li:nth-child(5) span{color: #ffffff;}<\/style><div id=\"fusion-chart-1\" class=\"fusion-chart legend-left\" data-type=\"pie\" data-chart_legend_position=\"left\" data-x_axis_labels=\"Strategic|Positivity|Ideation|Individualization|Achiever\" data-show_tooltips=\"no\" data-bg_colors=\"rgba(47,145,94,1)|rgba(1,112,204,1)|rgba(47,145,94,1)|rgba(1,112,204,1)|rgba(123,36,130,1)\" data-border_colors=\"rgba(255,255,255,1)|rgba(255,255,255,1)|rgba(255,255,255,1)|rgba(255,255,255,1)|rgba(255,255,255,1)\" data-border_size=\"1\" data-border_type=\"smooth\" data-chart_fill=\"off\" data-chart_point_style=\"circle\" data-chart_point_size=\"3\" data-chart_axis_text_color=\"rgba(74,78,87,1)\" data-chart_gridline_color=\"rgba(0,0,0,0.1)\"><div class=\"fusion-chart-dataset\" data-label=\"Data Set 1\" data-values=\"5|4|3|2|1\" data-background_color=\"rgba(0,188,212,1)\" data-border_color=\"rgba(0,188,212,1)\"><\/div><div class=\"fusion-chart-inner\"><div class=\"fusion-chart-wrap\"><canvas><\/canvas><\/div><div class=\"fusion-chart-legend-wrap\"><\/div><\/div><\/div><\/div><\/div><\/div><\/div><\/p>\n","protected":false},"excerpt":{"rendered":"","protected":false},"author":1,"featured_media":0,"parent":3549,"menu_order":0,"comment_status":"closed","ping_status":"closed","template":"","meta":{"footnotes":""},"class_list":["post-5295","page","type-page","status-publish","hentry"],"yoast_head":"<!-- This site is optimized with the Yoast SEO plugin v27.5 - https:\/\/yoast.com\/product\/yoast-seo-wordpress\/ -->\n<title>Lucia Balgov\u00e1 - Use Your Talents<\/title>\n<meta name=\"description\" content=\"Miroslava Gu\u013eov\u00e1 - certifikovan\u00fd Talentov\u00fd Expert by Use Your Talents\" \/>\n<meta name=\"robots\" content=\"index, follow, max-snippet:-1, max-image-preview:large, max-video-preview:-1\" \/>\n<link rel=\"canonical\" href=\"https:\/\/useyourtalents.org\/en\/about-us\/lucia-balgova\/\" \/>\n<meta property=\"og:locale\" content=\"en_US\" \/>\n<meta property=\"og:type\" content=\"article\" \/>\n<meta property=\"og:title\" content=\"Lucia Balgov\u00e1 - Use Your Talents\" \/>\n<meta property=\"og:description\" content=\"Miroslava Gu\u013eov\u00e1 - certifikovan\u00fd Talentov\u00fd Expert by Use Your Talents\" \/>\n<meta property=\"og:url\" content=\"https:\/\/useyourtalents.org\/en\/about-us\/lucia-balgova\/\" \/>\n<meta property=\"og:site_name\" content=\"Use Your Talents\" \/>\n<meta property=\"article:modified_time\" content=\"2024-02-05T08:36:14+00:00\" \/>\n<meta name=\"twitter:card\" content=\"summary_large_image\" \/>\n<meta name=\"twitter:label1\" content=\"Est. reading time\" \/>\n\t<meta name=\"twitter:data1\" content=\"2 minutes\" \/>\n<script type=\"application\/ld+json\" class=\"yoast-schema-graph\">{\"@context\":\"https:\\\/\\\/schema.org\",\"@graph\":[{\"@type\":\"WebPage\",\"@id\":\"https:\\\/\\\/useyourtalents.org\\\/en\\\/about-us\\\/lucia-balgova\\\/\",\"url\":\"https:\\\/\\\/useyourtalents.org\\\/en\\\/about-us\\\/lucia-balgova\\\/\",\"name\":\"Lucia Balgov\u00e1 - Use Your Talents\",\"isPartOf\":{\"@id\":\"https:\\\/\\\/useyourtalents.org\\\/en\\\/#website\"},\"datePublished\":\"2023-03-22T07:11:57+00:00\",\"dateModified\":\"2024-02-05T08:36:14+00:00\",\"description\":\"Miroslava Gu\u013eov\u00e1 - certifikovan\u00fd Talentov\u00fd Expert by Use Your Talents\",\"breadcrumb\":{\"@id\":\"https:\\\/\\\/useyourtalents.org\\\/en\\\/about-us\\\/lucia-balgova\\\/#breadcrumb\"},\"inLanguage\":\"en-US\",\"potentialAction\":[{\"@type\":\"ReadAction\",\"target\":[\"https:\\\/\\\/useyourtalents.org\\\/en\\\/about-us\\\/lucia-balgova\\\/\"]}]},{\"@type\":\"BreadcrumbList\",\"@id\":\"https:\\\/\\\/useyourtalents.org\\\/en\\\/about-us\\\/lucia-balgova\\\/#breadcrumb\",\"itemListElement\":[{\"@type\":\"ListItem\",\"position\":1,\"name\":\"Domovsk\u00e1 str\u00e1nka\",\"item\":\"https:\\\/\\\/useyourtalents.org\\\/en\\\/\"},{\"@type\":\"ListItem\",\"position\":2,\"name\":\"About us\",\"item\":\"https:\\\/\\\/useyourtalents.org\\\/en\\\/about-us\\\/\"},{\"@type\":\"ListItem\",\"position\":3,\"name\":\"Lucia Balgov\u00e1\"}]},{\"@type\":\"WebSite\",\"@id\":\"https:\\\/\\\/useyourtalents.org\\\/en\\\/#website\",\"url\":\"https:\\\/\\\/useyourtalents.org\\\/en\\\/\",\"name\":\"Use Your Talents\",\"description\":\"Objavte svoje talenty\",\"publisher\":{\"@id\":\"https:\\\/\\\/useyourtalents.org\\\/en\\\/#organization\"},\"potentialAction\":[{\"@type\":\"SearchAction\",\"target\":{\"@type\":\"EntryPoint\",\"urlTemplate\":\"https:\\\/\\\/useyourtalents.org\\\/en\\\/?s={search_term_string}\"},\"query-input\":{\"@type\":\"PropertyValueSpecification\",\"valueRequired\":true,\"valueName\":\"search_term_string\"}}],\"inLanguage\":\"en-US\"},{\"@type\":\"Organization\",\"@id\":\"https:\\\/\\\/useyourtalents.org\\\/en\\\/#organization\",\"name\":\"Use Your Talents, s.r.o.\",\"url\":\"https:\\\/\\\/useyourtalents.org\\\/en\\\/\",\"logo\":{\"@type\":\"ImageObject\",\"inLanguage\":\"en-US\",\"@id\":\"https:\\\/\\\/useyourtalents.org\\\/en\\\/#\\\/schema\\\/logo\\\/image\\\/\",\"url\":\"https:\\\/\\\/useyourtalents.org\\\/wp-content\\\/uploads\\\/2021\\\/11\\\/UseYourTalents_svg.svg\",\"contentUrl\":\"https:\\\/\\\/useyourtalents.org\\\/wp-content\\\/uploads\\\/2021\\\/11\\\/UseYourTalents_svg.svg\",\"width\":566,\"height\":215,\"caption\":\"Use Your Talents, s.r.o.\"},\"image\":{\"@id\":\"https:\\\/\\\/useyourtalents.org\\\/en\\\/#\\\/schema\\\/logo\\\/image\\\/\"}}]}<\/script>\n<!-- \/ Yoast SEO plugin. -->","yoast_head_json":{"title":"Lucia Balgov\u00e1 - Use Your Talents","description":"Miroslava Gu\u013eov\u00e1 - certifikovan\u00fd Talentov\u00fd Expert by Use Your Talents","robots":{"index":"index","follow":"follow","max-snippet":"max-snippet:-1","max-image-preview":"max-image-preview:large","max-video-preview":"max-video-preview:-1"},"canonical":"https:\/\/useyourtalents.org\/en\/about-us\/lucia-balgova\/","og_locale":"en_US","og_type":"article","og_title":"Lucia Balgov\u00e1 - Use Your Talents","og_description":"Miroslava Gu\u013eov\u00e1 - certifikovan\u00fd Talentov\u00fd Expert by Use Your Talents","og_url":"https:\/\/useyourtalents.org\/en\/about-us\/lucia-balgova\/","og_site_name":"Use Your Talents","article_modified_time":"2024-02-05T08:36:14+00:00","twitter_card":"summary_large_image","twitter_misc":{"Est. reading time":"2 minutes"},"schema":{"@context":"https:\/\/schema.org","@graph":[{"@type":"WebPage","@id":"https:\/\/useyourtalents.org\/en\/about-us\/lucia-balgova\/","url":"https:\/\/useyourtalents.org\/en\/about-us\/lucia-balgova\/","name":"Lucia Balgov\u00e1 - Use Your Talents","isPartOf":{"@id":"https:\/\/useyourtalents.org\/en\/#website"},"datePublished":"2023-03-22T07:11:57+00:00","dateModified":"2024-02-05T08:36:14+00:00","description":"Miroslava Gu\u013eov\u00e1 - certifikovan\u00fd Talentov\u00fd Expert by Use Your Talents","breadcrumb":{"@id":"https:\/\/useyourtalents.org\/en\/about-us\/lucia-balgova\/#breadcrumb"},"inLanguage":"en-US","potentialAction":[{"@type":"ReadAction","target":["https:\/\/useyourtalents.org\/en\/about-us\/lucia-balgova\/"]}]},{"@type":"BreadcrumbList","@id":"https:\/\/useyourtalents.org\/en\/about-us\/lucia-balgova\/#breadcrumb","itemListElement":[{"@type":"ListItem","position":1,"name":"Domovsk\u00e1 str\u00e1nka","item":"https:\/\/useyourtalents.org\/en\/"},{"@type":"ListItem","position":2,"name":"About us","item":"https:\/\/useyourtalents.org\/en\/about-us\/"},{"@type":"ListItem","position":3,"name":"Lucia Balgov\u00e1"}]},{"@type":"WebSite","@id":"https:\/\/useyourtalents.org\/en\/#website","url":"https:\/\/useyourtalents.org\/en\/","name":"Use Your Talents","description":"Objavte svoje talenty","publisher":{"@id":"https:\/\/useyourtalents.org\/en\/#organization"},"potentialAction":[{"@type":"SearchAction","target":{"@type":"EntryPoint","urlTemplate":"https:\/\/useyourtalents.org\/en\/?s={search_term_string}"},"query-input":{"@type":"PropertyValueSpecification","valueRequired":true,"valueName":"search_term_string"}}],"inLanguage":"en-US"},{"@type":"Organization","@id":"https:\/\/useyourtalents.org\/en\/#organization","name":"Use Your Talents, s.r.o.","url":"https:\/\/useyourtalents.org\/en\/","logo":{"@type":"ImageObject","inLanguage":"en-US","@id":"https:\/\/useyourtalents.org\/en\/#\/schema\/logo\/image\/","url":"https:\/\/useyourtalents.org\/wp-content\/uploads\/2021\/11\/UseYourTalents_svg.svg","contentUrl":"https:\/\/useyourtalents.org\/wp-content\/uploads\/2021\/11\/UseYourTalents_svg.svg","width":566,"height":215,"caption":"Use Your Talents, s.r.o."},"image":{"@id":"https:\/\/useyourtalents.org\/en\/#\/schema\/logo\/image\/"}}]}},"rttpg_featured_image_url":null,"rttpg_author":{"display_name":"Matej Sl\u00e1vik","author_link":"https:\/\/useyourtalents.org\/en\/author\/creathinkstudios\/"},"rttpg_comment":0,"rttpg_category":" <a href=\"https:\/\/useyourtalents.org\/en\/?taxonomy=translation_priority&#038;term=optional-en\" rel=\"tag\">Optional<\/a>","rttpg_excerpt":null,"_links":{"self":[{"href":"https:\/\/useyourtalents.org\/en\/wp-json\/wp\/v2\/pages\/5295","targetHints":{"allow":["GET"]}}],"collection":[{"href":"https:\/\/useyourtalents.org\/en\/wp-json\/wp\/v2\/pages"}],"about":[{"href":"https:\/\/useyourtalents.org\/en\/wp-json\/wp\/v2\/types\/page"}],"author":[{"embeddable":true,"href":"https:\/\/useyourtalents.org\/en\/wp-json\/wp\/v2\/users\/1"}],"replies":[{"embeddable":true,"href":"https:\/\/useyourtalents.org\/en\/wp-json\/wp\/v2\/comments?post=5295"}],"version-history":[{"count":0,"href":"https:\/\/useyourtalents.org\/en\/wp-json\/wp\/v2\/pages\/5295\/revisions"}],"up":[{"embeddable":true,"href":"https:\/\/useyourtalents.org\/en\/wp-json\/wp\/v2\/pages\/3549"}],"wp:attachment":[{"href":"https:\/\/useyourtalents.org\/en\/wp-json\/wp\/v2\/media?parent=5295"}],"curies":[{"name":"wp","href":"https:\/\/api.w.org\/{rel}","templated":true}]}}