{"id":9830,"date":"2025-10-01T11:50:12","date_gmt":"2025-10-01T09:50:12","guid":{"rendered":"https:\/\/useyourtalents.org\/eshop\/individualny-well-being-koucing-60-2\/"},"modified":"2026-04-21T08:29:57","modified_gmt":"2026-04-21T06:29:57","slug":"individualni-well-being-koucink-60","status":"publish","type":"product","link":"https:\/\/useyourtalents.org\/cs\/eshop\/individualni-well-being-koucink-60\/","title":{"rendered":"Individu\u00e1ln\u00ed well-being kou\u010dink 60"},"content":{"rendered":"<p class=\"p1\"><b>Co produkt obsahuje:<\/b><\/p>\n<p class=\"p1\">\u2022 60minutov\u00fd individu\u00e1ln\u00ed rozhovor s certifikovan\u00fdm kou\u010dem z Use Your Talents<br \/>\n\u2022 Zam\u011b\u0159en\u00ed na osobn\u00ed i pracovn\u00ed pohodu (well-being)<br \/>\n\u2022 Prostor pro \u0159e\u0161en\u00ed rovnov\u00e1hy mezi prac\u00ed a osobn\u00edm \u017eivotem, stresu, odpo\u010dinku, motivace i zdrav\u00fdch n\u00e1vyk\u016f<br \/>\n\u2022 Konkr\u00e9tn\u00ed kroky, kter\u00e9 v\u00e1m pomohou ke <b>spokojenosti, vy\u0161\u0161\u00edmu v\u00fdkonu a dlouhodob\u00e9 udr\u017eitelnosti<\/b><b><\/b><\/p>\n<p class=\"p1\"><b>Varianty produktu<\/b><\/p>\n<p><span style=\"color: #000000; font-size: medium;\"><b><\/b><\/span><\/p>\n<div class=\"table-1\">\n<table width=\"100%\">\n<thead>\n<tr>\n<th align=\"left\">\n<p class=\"p1\"><b>Varianta<\/b><\/p>\n<\/th>\n<th align=\"left\">\n<p class=\"p1\"><b>Popis<\/b><\/p>\n<\/th>\n<th align=\"left\">\n<p class=\"p1\"><b>U\u0161et\u0159\u00edte<\/b><\/p>\n<\/th>\n<th align=\"left\">\n<p class=\"p1\"><b>Cena s DPH<\/b><\/p>\n<\/th>\n<\/tr>\n<\/thead>\n<tbody>\n<tr>\n<td align=\"left\">\n<p class=\"p1\"><b>1 kou\u010dink (60 min)<\/b><\/p>\n<\/td>\n<td align=\"left\">\n<p class=\"p1\">z\u00e1kladn\u00ed varianta<\/p>\n<\/td>\n<td align=\"left\"><strong>&#8211;<\/strong><\/td>\n<td align=\"left\">\n<p class=\"p1\"><strong>2 380 K\u010d<\/strong><\/p>\n<\/td>\n<\/tr>\n<tr>\n<td align=\"left\">\n<p class=\"p1\"><b>2 kou\u010dinky (2\u00d760 min)<\/b><\/p>\n<\/td>\n<td align=\"left\">\n<p class=\"p1\">pro hlub\u0161\u00ed pr\u00e1ci s well-being t\u00e9maty<\/p>\n<\/td>\n<td align=\"left\">\n<p class=\"p1\">380 K\u010d<\/p>\n<\/td>\n<td align=\"left\">\n<p class=\"p1\"><strong>4 380 K\u010d<\/strong><\/p>\n<\/td>\n<\/tr>\n<tr>\n<td align=\"left\">\n<p class=\"p1\"><b>3 kou\u010dinky (3\u00d760 min)<\/b><\/p>\n<\/td>\n<td align=\"left\">\n<p class=\"p1\">komplexn\u00ed p\u0159\u00edstup s dlouhodob\u00fdm pl\u00e1nem zm\u011bn<\/p>\n<\/td>\n<td align=\"left\">\n<p class=\"p1\">860 K\u010d<\/p>\n<\/td>\n<td align=\"left\">\n<p class=\"p1\"><b>5 680 K\u010d<\/b><\/p>\n<\/td>\n<\/tr>\n<tr>\n<td align=\"left\">\n<p class=\"p1\"><b>4 kou\u010dinky (4\u00d760 min)<\/b><\/p>\n<\/td>\n<td align=\"left\">\n<p class=\"p1\">dlouhodob\u00e9 doprov\u00e1zen\u00ed a podpora udr\u017eiteln\u00e9 rovnov\u00e1hy<\/p>\n<\/td>\n<td align=\"left\">\n<p class=\"p1\">1 340 K\u010d<\/p>\n<\/td>\n<td align=\"left\"><strong>7180 K\u010d<\/strong><\/td>\n<\/tr>\n<\/tbody>\n<\/table>\n<\/div>\n<p><span style=\"color: #000000; font-size: medium;\"><b><\/b><\/span><\/p>\n<p class=\"p1\"><b>Je\u0161t\u011b nezn\u00e1te sv\u00e9 talenty?<\/b><\/p>\n<p class=\"p1\">Kou\u010dink m\u016f\u017eete absolvovat i bez znalosti sv\u00fdch talent\u016f, ale jejich pozn\u00e1n\u00ed m\u016f\u017ee pr\u00e1ci s well-beingem v\u00fdrazn\u011b prohloubit. Pokud je chcete objevit, doporu\u010dujeme:<\/p>\n<ul class=\"ul1\">\n<li class=\"li1\"><a href=\"https:\/\/useyourtalents.org\/cs\/eshop\/talenty-all-34-standard\/\"><span class=\"s1\"><b>Talenty ALL 34 Standard<\/b><\/span><\/a> \u2013 dotazn\u00edk CliftonStrengths\u00ae a \u010desk\u00fd report (27 stran)<\/li>\n<\/ul>\n<p class=\"p1\"><b>Jak to prob\u00edh\u00e1?<\/b><\/p>\n<p class=\"p1\">Objedn\u00e1vku vytv\u00e1\u0159\u00edte na sv\u00e9 jm\u00e9no a e-mail.<br \/>\nPo zaplacen\u00ed produktu obdr\u017e\u00edte na e-mail v\u0161echny informace k domluv\u011b term\u00ednu a p\u0159\u00edprav\u011b mentoringu.<\/p>\n<p class=\"p1\">Pokud produkt kupujete <b>jako d\u00e1rek<\/b>, e-mail s pokyny m\u016f\u017eete p\u0159eposlat obdarovan\u00e9mu.<br \/>\n<span class=\"s1\">\ud83c\udf81<\/span><span class=\"Apple-converted-space\">\u00a0 <\/span><a href=\"https:\/\/useyourtalents.org\/wp-content\/uploads\/2025\/11\/Darkovy-poukaz_CZ_Wellbeing-koucink-1.pdf\" target=\"_blank\" rel=\"noopener\"><b>D\u00e1rkov\u00fd voucher ke sta\u017een\u00ed najdete zde.<\/b><\/a><b><\/b><\/p>\n<p class=\"p1\"><b>Chcete program pro t\u00fdm nebo organizaci?<\/b><\/p>\n<p class=\"p1\">Jste firma, \u0161kola, neziskovka nebo jin\u00e1 organizace?\u00a0R\u00e1di v\u00e1m p\u0159iprav\u00edme <b>individu\u00e1ln\u00ed nab\u00eddku na m\u00edru<\/b> \u2013 kontaktujte n\u00e1s:<\/p>\n<div class=\"fusion-fullwidth fullwidth-box fusion-builder-row-1 fusion-flex-container has-pattern-background has-mask-background nonhundred-percent-fullwidth non-hundred-percent-height-scrolling\" style=\"--awb-border-radius-top-left:0px;--awb-border-radius-top-right:0px;--awb-border-radius-bottom-right:0px;--awb-border-radius-bottom-left:0px;--awb-flex-wrap:wrap;\" ><div class=\"fusion-builder-row fusion-row fusion-flex-align-items-flex-start fusion-flex-content-wrap\" style=\"max-width:1310.4px;margin-left: calc(-4% \/ 2 );margin-right: calc(-4% \/ 2 );\"><div class=\"fusion-layout-column fusion_builder_column fusion-builder-column-0 fusion_builder_column_1_6 1_6 fusion-flex-column\" style=\"--awb-bg-size:cover;--awb-width-large:16.6666666667%;--awb-margin-top-large:0px;--awb-spacing-right-large:0%;--awb-margin-bottom-large:20px;--awb-spacing-left-large:11.52%;--awb-width-medium:16.6666666667%;--awb-order-medium:0;--awb-spacing-right-medium:0%;--awb-spacing-left-medium:11.52%;--awb-width-small:100%;--awb-order-small:0;--awb-spacing-right-small:1.92%;--awb-spacing-left-small:1.92%;\"><div class=\"fusion-column-wrapper fusion-column-has-shadow fusion-flex-justify-content-flex-start fusion-content-layout-column\"><div class=\"fusion-image-element \" style=\"text-align:left;--awb-max-width:120px;--awb-caption-title-font-family:var(--h2_typography-font-family);--awb-caption-title-font-weight:var(--h2_typography-font-weight);--awb-caption-title-font-style:var(--h2_typography-font-style);--awb-caption-title-size:var(--h2_typography-font-size);--awb-caption-title-transform:var(--h2_typography-text-transform);--awb-caption-title-line-height:var(--h2_typography-line-height);--awb-caption-title-letter-spacing:var(--h2_typography-letter-spacing);\"><span class=\" fusion-imageframe imageframe-none imageframe-1 hover-type-none\" style=\"border-radius:8px;\"><img loading=\"lazy\" decoding=\"async\" width=\"800\" height=\"800\" title=\"tim_Michael_Koch\" src=\"https:\/\/useyourtalents.org\/wp-content\/uploads\/2026\/03\/Peter-Vittek_UYT-1.jpg\" alt class=\"img-responsive wp-image-7602\"\/><\/span><\/div><\/div><\/div><div class=\"fusion-layout-column fusion_builder_column fusion-builder-column-1 fusion_builder_column_2_3 2_3 fusion-flex-column\" style=\"--awb-bg-size:cover;--awb-width-large:66.6666666667%;--awb-margin-top-large:0px;--awb-spacing-right-large:2.88%;--awb-margin-bottom-large:20px;--awb-spacing-left-large:0%;--awb-width-medium:66.6666666667%;--awb-order-medium:0;--awb-spacing-right-medium:2.88%;--awb-spacing-left-medium:0%;--awb-width-small:100%;--awb-order-small:0;--awb-spacing-right-small:1.92%;--awb-spacing-left-small:1.92%;\"><div class=\"fusion-column-wrapper fusion-column-has-shadow fusion-flex-justify-content-flex-start fusion-content-layout-column\"><div class=\"fusion-title title fusion-title-1 fusion-sep-none fusion-title-text fusion-title-size-four\" style=\"--awb-text-color:var(--awb-color7);--awb-margin-top:5px;--awb-margin-bottom:0px;--awb-margin-top-small:20px;--awb-margin-right-small:0px;--awb-margin-bottom-small:10px;--awb-margin-left-small:0px;--awb-link-color:#000000;--awb-link-hover-color:var(--awb-color6);--awb-font-size:16px;\"><h4 class=\"fusion-title-heading title-heading-left\" style=\"margin:0;font-size:1em;\"><a class=\"awb-custom-text-color awb-custom-text-hover-color\" target=\"_self\"><strong>\u00a0\u00a0\u00a0Peter Vittek<\/strong><\/a><\/h4><\/div><div class=\"fusion-text fusion-text-1 fusion-text-no-margin\" style=\"--awb-font-size:16px;--awb-margin-bottom:5px;\"><p><strong>\u00a0\u00a0 <\/strong>Kou\u010d siln\u00fdch str\u00e1nek certifikovan\u00fd Gallup\u00ae<\/p>\n<\/div><div class=\"fusion-text fusion-text-2\" style=\"--awb-content-alignment:left;--awb-font-size:16px;\"><p><a href=\"mailto:peter.vittek@useyourtalents.org\">\u00a0\u00a0\u00a0peter.vittek@useyourtalents.org<\/a><br \/>\n<a href=\"tel:+420608122617\">\u00a0\u00a0\u00a0+420 608 122 617<\/a><\/p>\n<\/div><\/div><\/div><\/div><\/div>\n","protected":false},"excerpt":{"rendered":"<p class=\"p1\">Zastavte se a nadechn\u011bte. Tento kou\u010dink v\u00e1m pom\u016f\u017ee znovu naj\u00edt rovnov\u00e1hu, energii a smysl v pracovn\u00edm i osobn\u00edm \u017eivot\u011b.\u00a0Spole\u010dn\u011b se pod\u00edv\u00e1me na to, co v\u00e1m pom\u00e1h\u00e1 r\u016fst \u2013 a co v\u00e1m naopak bere s\u00edlu.<\/p>\n<p class=\"p1\"><span class=\"s1\">\ud83c\udf81<\/span> <b>Tip na d\u00e1rek:<\/b> Sou\u010d\u00e1st\u00ed produktu je <a href=\"https:\/\/useyourtalents.org\/wp-content\/uploads\/2025\/11\/Darkovy-poukaz_CZ_Wellbeing-koucink-1.pdf\" target=\"_blank\" rel=\"noopener\"><b>d\u00e1rkov\u00fd voucher<\/b><\/a>, kter\u00fd si m\u016f\u017eete <b>hned po n\u00e1kupu st\u00e1hnout a vytisknout<\/b>. Sta\u010d\u00ed p\u0159ipsat osobn\u00ed v\u011bnov\u00e1n\u00ed a m\u00e1te p\u0159ipraven\u00fd smyslupln\u00fd d\u00e1rek.<\/p>\n<p style=\"text-align: right;\"><a href=\"#popis\">Cel\u00fd popis \u00bb<\/a><\/p>\n","protected":false},"featured_media":9821,"template":"","meta":[],"product_brand":[],"product_cat":[61],"product_tag":[],"class_list":{"0":"post-9830","1":"product","2":"type-product","3":"status-publish","4":"has-post-thumbnail","6":"product_cat-use-your-talents-cs","8":"first","9":"instock","10":"taxable","11":"shipping-taxable","12":"purchasable","13":"product-type-variable"},"yoast_head":"<!-- This site is optimized with the Yoast SEO plugin v27.4 - https:\/\/yoast.com\/product\/yoast-seo-wordpress\/ -->\n<title>Individu\u00e1ln\u00ed well-being kou\u010dink 60 - Use Your Talents<\/title>\n<meta name=\"robots\" content=\"index, follow, max-snippet:-1, max-image-preview:large, max-video-preview:-1\" \/>\n<link rel=\"canonical\" href=\"https:\/\/useyourtalents.org\/cs\/eshop\/individualni-well-being-koucink-60\/\" \/>\n<meta property=\"og:locale\" content=\"cs_CZ\" \/>\n<meta property=\"og:type\" content=\"article\" \/>\n<meta property=\"og:title\" content=\"Individu\u00e1ln\u00ed well-being kou\u010dink 60 - Use Your Talents\" \/>\n<meta property=\"og:description\" content=\"Zastavte se a nadechn\u011bte. Tento kou\u010dink v\u00e1m pom\u016f\u017ee znovu naj\u00edt rovnov\u00e1hu, energii a smysl v pracovn\u00edm i osobn\u00edm \u017eivot\u011b.\u00a0Spole\u010dn\u011b se pod\u00edv\u00e1me na to, co v\u00e1m pom\u00e1h\u00e1 r\u016fst \u2013 a co v\u00e1m naopak bere s\u00edlu. \ud83c\udf81 Tip na d\u00e1rek: Sou\u010d\u00e1st\u00ed produktu je d\u00e1rkov\u00fd voucher, kter\u00fd si m\u016f\u017eete hned po n\u00e1kupu st\u00e1hnout a vytisknout. Sta\u010d\u00ed p\u0159ipsat osobn\u00ed v\u011bnov\u00e1n\u00ed a m\u00e1te p\u0159ipraven\u00fd smyslupln\u00fd d\u00e1rek. Cel\u00fd popis \u00bb\" \/>\n<meta property=\"og:url\" content=\"https:\/\/useyourtalents.org\/cs\/eshop\/individualni-well-being-koucink-60\/\" \/>\n<meta property=\"og:site_name\" content=\"Use Your Talents\" \/>\n<meta property=\"article:modified_time\" content=\"2026-04-21T06:29:57+00:00\" \/>\n<meta property=\"og:image\" content=\"https:\/\/useyourtalents.org\/wp-content\/uploads\/2025\/10\/eshop_wellbeing1.webp\" \/>\n\t<meta property=\"og:image:width\" content=\"800\" \/>\n\t<meta property=\"og:image:height\" content=\"800\" \/>\n\t<meta property=\"og:image:type\" content=\"image\/webp\" \/>\n<meta name=\"twitter:card\" content=\"summary_large_image\" \/>\n<meta name=\"twitter:label1\" content=\"Odhadovan\u00e1 doba \u010dten\u00ed\" \/>\n\t<meta name=\"twitter:data1\" content=\"2 minuty\" \/>\n<script type=\"application\/ld+json\" class=\"yoast-schema-graph\">{\"@context\":\"https:\\\/\\\/schema.org\",\"@graph\":[{\"@type\":\"WebPage\",\"@id\":\"https:\\\/\\\/useyourtalents.org\\\/cs\\\/eshop\\\/individualni-well-being-koucink-60\\\/\",\"url\":\"https:\\\/\\\/useyourtalents.org\\\/cs\\\/eshop\\\/individualni-well-being-koucink-60\\\/\",\"name\":\"Individu\u00e1ln\u00ed well-being kou\u010dink 60 - Use Your Talents\",\"isPartOf\":{\"@id\":\"https:\\\/\\\/useyourtalents.org\\\/cs\\\/#website\"},\"primaryImageOfPage\":{\"@id\":\"https:\\\/\\\/useyourtalents.org\\\/cs\\\/eshop\\\/individualni-well-being-koucink-60\\\/#primaryimage\"},\"image\":{\"@id\":\"https:\\\/\\\/useyourtalents.org\\\/cs\\\/eshop\\\/individualni-well-being-koucink-60\\\/#primaryimage\"},\"thumbnailUrl\":\"https:\\\/\\\/useyourtalents.org\\\/wp-content\\\/uploads\\\/2025\\\/10\\\/eshop_wellbeing1.webp\",\"datePublished\":\"2025-10-01T09:50:12+00:00\",\"dateModified\":\"2026-04-21T06:29:57+00:00\",\"breadcrumb\":{\"@id\":\"https:\\\/\\\/useyourtalents.org\\\/cs\\\/eshop\\\/individualni-well-being-koucink-60\\\/#breadcrumb\"},\"inLanguage\":\"cs\",\"potentialAction\":[{\"@type\":\"ReadAction\",\"target\":[\"https:\\\/\\\/useyourtalents.org\\\/cs\\\/eshop\\\/individualni-well-being-koucink-60\\\/\"]}]},{\"@type\":\"ImageObject\",\"inLanguage\":\"cs\",\"@id\":\"https:\\\/\\\/useyourtalents.org\\\/cs\\\/eshop\\\/individualni-well-being-koucink-60\\\/#primaryimage\",\"url\":\"https:\\\/\\\/useyourtalents.org\\\/wp-content\\\/uploads\\\/2025\\\/10\\\/eshop_wellbeing1.webp\",\"contentUrl\":\"https:\\\/\\\/useyourtalents.org\\\/wp-content\\\/uploads\\\/2025\\\/10\\\/eshop_wellbeing1.webp\",\"width\":800,\"height\":800},{\"@type\":\"BreadcrumbList\",\"@id\":\"https:\\\/\\\/useyourtalents.org\\\/cs\\\/eshop\\\/individualni-well-being-koucink-60\\\/#breadcrumb\",\"itemListElement\":[{\"@type\":\"ListItem\",\"position\":1,\"name\":\"Domovsk\u00e1 str\u00e1nka\",\"item\":\"https:\\\/\\\/useyourtalents.org\\\/cs\\\/\"},{\"@type\":\"ListItem\",\"position\":2,\"name\":\"Eshop\",\"item\":\"https:\\\/\\\/useyourtalents.org\\\/cs\\\/eshop\\\/\"},{\"@type\":\"ListItem\",\"position\":3,\"name\":\"Individu\u00e1ln\u00ed well-being kou\u010dink 60\"}]},{\"@type\":\"WebSite\",\"@id\":\"https:\\\/\\\/useyourtalents.org\\\/cs\\\/#website\",\"url\":\"https:\\\/\\\/useyourtalents.org\\\/cs\\\/\",\"name\":\"Use Your Talents\",\"description\":\"Objavte svoje talenty\",\"publisher\":{\"@id\":\"https:\\\/\\\/useyourtalents.org\\\/cs\\\/#organization\"},\"potentialAction\":[{\"@type\":\"SearchAction\",\"target\":{\"@type\":\"EntryPoint\",\"urlTemplate\":\"https:\\\/\\\/useyourtalents.org\\\/cs\\\/?s={search_term_string}\"},\"query-input\":{\"@type\":\"PropertyValueSpecification\",\"valueRequired\":true,\"valueName\":\"search_term_string\"}}],\"inLanguage\":\"cs\"},{\"@type\":\"Organization\",\"@id\":\"https:\\\/\\\/useyourtalents.org\\\/cs\\\/#organization\",\"name\":\"Use Your Talents, s.r.o.\",\"url\":\"https:\\\/\\\/useyourtalents.org\\\/cs\\\/\",\"logo\":{\"@type\":\"ImageObject\",\"inLanguage\":\"cs\",\"@id\":\"https:\\\/\\\/useyourtalents.org\\\/cs\\\/#\\\/schema\\\/logo\\\/image\\\/\",\"url\":\"https:\\\/\\\/useyourtalents.org\\\/wp-content\\\/uploads\\\/2021\\\/11\\\/UseYourTalents_svg.svg\",\"contentUrl\":\"https:\\\/\\\/useyourtalents.org\\\/wp-content\\\/uploads\\\/2021\\\/11\\\/UseYourTalents_svg.svg\",\"width\":566,\"height\":215,\"caption\":\"Use Your Talents, s.r.o.\"},\"image\":{\"@id\":\"https:\\\/\\\/useyourtalents.org\\\/cs\\\/#\\\/schema\\\/logo\\\/image\\\/\"}}]}<\/script>\n<!-- \/ Yoast SEO plugin. -->","yoast_head_json":{"title":"Individu\u00e1ln\u00ed well-being kou\u010dink 60 - Use Your Talents","robots":{"index":"index","follow":"follow","max-snippet":"max-snippet:-1","max-image-preview":"max-image-preview:large","max-video-preview":"max-video-preview:-1"},"canonical":"https:\/\/useyourtalents.org\/cs\/eshop\/individualni-well-being-koucink-60\/","og_locale":"cs_CZ","og_type":"article","og_title":"Individu\u00e1ln\u00ed well-being kou\u010dink 60 - Use Your Talents","og_description":"Zastavte se a nadechn\u011bte. Tento kou\u010dink v\u00e1m pom\u016f\u017ee znovu naj\u00edt rovnov\u00e1hu, energii a smysl v pracovn\u00edm i osobn\u00edm \u017eivot\u011b.\u00a0Spole\u010dn\u011b se pod\u00edv\u00e1me na to, co v\u00e1m pom\u00e1h\u00e1 r\u016fst \u2013 a co v\u00e1m naopak bere s\u00edlu. \ud83c\udf81 Tip na d\u00e1rek: Sou\u010d\u00e1st\u00ed produktu je d\u00e1rkov\u00fd voucher, kter\u00fd si m\u016f\u017eete hned po n\u00e1kupu st\u00e1hnout a vytisknout. Sta\u010d\u00ed p\u0159ipsat osobn\u00ed v\u011bnov\u00e1n\u00ed a m\u00e1te p\u0159ipraven\u00fd smyslupln\u00fd d\u00e1rek. Cel\u00fd popis \u00bb","og_url":"https:\/\/useyourtalents.org\/cs\/eshop\/individualni-well-being-koucink-60\/","og_site_name":"Use Your Talents","article_modified_time":"2026-04-21T06:29:57+00:00","og_image":[{"width":800,"height":800,"url":"https:\/\/useyourtalents.org\/wp-content\/uploads\/2025\/10\/eshop_wellbeing1.webp","type":"image\/webp"}],"twitter_card":"summary_large_image","twitter_misc":{"Odhadovan\u00e1 doba \u010dten\u00ed":"2 minuty"},"schema":{"@context":"https:\/\/schema.org","@graph":[{"@type":"WebPage","@id":"https:\/\/useyourtalents.org\/cs\/eshop\/individualni-well-being-koucink-60\/","url":"https:\/\/useyourtalents.org\/cs\/eshop\/individualni-well-being-koucink-60\/","name":"Individu\u00e1ln\u00ed well-being kou\u010dink 60 - Use Your Talents","isPartOf":{"@id":"https:\/\/useyourtalents.org\/cs\/#website"},"primaryImageOfPage":{"@id":"https:\/\/useyourtalents.org\/cs\/eshop\/individualni-well-being-koucink-60\/#primaryimage"},"image":{"@id":"https:\/\/useyourtalents.org\/cs\/eshop\/individualni-well-being-koucink-60\/#primaryimage"},"thumbnailUrl":"https:\/\/useyourtalents.org\/wp-content\/uploads\/2025\/10\/eshop_wellbeing1.webp","datePublished":"2025-10-01T09:50:12+00:00","dateModified":"2026-04-21T06:29:57+00:00","breadcrumb":{"@id":"https:\/\/useyourtalents.org\/cs\/eshop\/individualni-well-being-koucink-60\/#breadcrumb"},"inLanguage":"cs","potentialAction":[{"@type":"ReadAction","target":["https:\/\/useyourtalents.org\/cs\/eshop\/individualni-well-being-koucink-60\/"]}]},{"@type":"ImageObject","inLanguage":"cs","@id":"https:\/\/useyourtalents.org\/cs\/eshop\/individualni-well-being-koucink-60\/#primaryimage","url":"https:\/\/useyourtalents.org\/wp-content\/uploads\/2025\/10\/eshop_wellbeing1.webp","contentUrl":"https:\/\/useyourtalents.org\/wp-content\/uploads\/2025\/10\/eshop_wellbeing1.webp","width":800,"height":800},{"@type":"BreadcrumbList","@id":"https:\/\/useyourtalents.org\/cs\/eshop\/individualni-well-being-koucink-60\/#breadcrumb","itemListElement":[{"@type":"ListItem","position":1,"name":"Domovsk\u00e1 str\u00e1nka","item":"https:\/\/useyourtalents.org\/cs\/"},{"@type":"ListItem","position":2,"name":"Eshop","item":"https:\/\/useyourtalents.org\/cs\/eshop\/"},{"@type":"ListItem","position":3,"name":"Individu\u00e1ln\u00ed well-being kou\u010dink 60"}]},{"@type":"WebSite","@id":"https:\/\/useyourtalents.org\/cs\/#website","url":"https:\/\/useyourtalents.org\/cs\/","name":"Use Your Talents","description":"Objavte svoje talenty","publisher":{"@id":"https:\/\/useyourtalents.org\/cs\/#organization"},"potentialAction":[{"@type":"SearchAction","target":{"@type":"EntryPoint","urlTemplate":"https:\/\/useyourtalents.org\/cs\/?s={search_term_string}"},"query-input":{"@type":"PropertyValueSpecification","valueRequired":true,"valueName":"search_term_string"}}],"inLanguage":"cs"},{"@type":"Organization","@id":"https:\/\/useyourtalents.org\/cs\/#organization","name":"Use Your Talents, s.r.o.","url":"https:\/\/useyourtalents.org\/cs\/","logo":{"@type":"ImageObject","inLanguage":"cs","@id":"https:\/\/useyourtalents.org\/cs\/#\/schema\/logo\/image\/","url":"https:\/\/useyourtalents.org\/wp-content\/uploads\/2021\/11\/UseYourTalents_svg.svg","contentUrl":"https:\/\/useyourtalents.org\/wp-content\/uploads\/2021\/11\/UseYourTalents_svg.svg","width":566,"height":215,"caption":"Use Your Talents, s.r.o."},"image":{"@id":"https:\/\/useyourtalents.org\/cs\/#\/schema\/logo\/image\/"}}]}},"_links":{"self":[{"href":"https:\/\/useyourtalents.org\/cs\/wp-json\/wp\/v2\/product\/9830","targetHints":{"allow":["GET"]}}],"collection":[{"href":"https:\/\/useyourtalents.org\/cs\/wp-json\/wp\/v2\/product"}],"about":[{"href":"https:\/\/useyourtalents.org\/cs\/wp-json\/wp\/v2\/types\/product"}],"wp:featuredmedia":[{"embeddable":true,"href":"https:\/\/useyourtalents.org\/cs\/wp-json\/wp\/v2\/media\/9821"}],"wp:attachment":[{"href":"https:\/\/useyourtalents.org\/cs\/wp-json\/wp\/v2\/media?parent=9830"}],"wp:term":[{"taxonomy":"product_brand","embeddable":true,"href":"https:\/\/useyourtalents.org\/cs\/wp-json\/wp\/v2\/product_brand?post=9830"},{"taxonomy":"product_cat","embeddable":true,"href":"https:\/\/useyourtalents.org\/cs\/wp-json\/wp\/v2\/product_cat?post=9830"},{"taxonomy":"product_tag","embeddable":true,"href":"https:\/\/useyourtalents.org\/cs\/wp-json\/wp\/v2\/product_tag?post=9830"}],"curies":[{"name":"wp","href":"https:\/\/api.w.org\/{rel}","templated":true}]}}