{"id":4651,"date":"2023-01-20T14:54:36","date_gmt":"2023-01-20T13:54:36","guid":{"rendered":"https:\/\/useyourtalents.org\/?post_type=product&#038;p=4651"},"modified":"2026-04-21T08:27:19","modified_gmt":"2026-04-21T06:27:19","slug":"parovy-talentovy-mentoring","status":"publish","type":"product","link":"https:\/\/useyourtalents.org\/cs\/eshop\/parovy-talentovy-mentoring\/","title":{"rendered":"P\u00e1rov\u00fd talentov\u00fd mentoring 120"},"content":{"rendered":"<p class=\"p1\"><b>Co produkt obsahuje:<\/b><\/p>\n<p class=\"p1\">\u2022 120minutov\u00fd p\u00e1rov\u00fd rozhovor s\u00a0certifikovan\u00fdm kou\u010dem<br \/>\n\u2022 Pr\u016fvodce, jak se talenty mohou ve vztahu dopl\u0148ovat i vyva\u017eovat<br \/>\n\u2022 Reflexi va\u0161ich TOP talent\u016f, spole\u010dn\u00fdch t\u00e9mat i potenci\u00e1ln\u00edch rozd\u00edl\u016f<br \/>\n\u2022 Konkr\u00e9tn\u00ed tipy, jak si navz\u00e1jem poskytnout prostor, porozum\u011bn\u00ed a podporu<\/p>\n<p class=\"p1\"><b>Varianty produktu<\/b><\/p>\n<p><span style=\"color: #000000; font-size: medium;\"><b><\/b><\/span><\/p>\n<div class=\"table-1\">\n<table width=\"100%\">\n<thead>\n<tr>\n<th align=\"left\">\n<p class=\"p1\"><b>Varianta<\/b><\/p>\n<\/th>\n<th align=\"left\">\n<p class=\"p1\"><b>Popis<\/b><\/p>\n<\/th>\n<th align=\"left\">\n<p class=\"p1\"><b>U\u0161et\u0159\u00edte<\/b><\/p>\n<\/th>\n<th align=\"left\">\n<p class=\"p1\"><b>Cena s DPH<\/b><\/p>\n<\/th>\n<\/tr>\n<\/thead>\n<tbody>\n<tr>\n<td align=\"left\">\n<p class=\"p1\"><strong>P\u00e1rov\u00fd mentoring<\/strong><\/p>\n<\/td>\n<td align=\"left\">\n<p class=\"p1\">pouze 120min setk\u00e1n\u00ed (oba ji\u017e maj\u00ed ALL 34)<\/p>\n<\/td>\n<td align=\"left\"><strong>&#8211;<\/strong><\/td>\n<td align=\"left\">\n<p class=\"p1\"><strong>4 250 K\u010d<\/strong><\/p>\n<\/td>\n<\/tr>\n<tr>\n<td align=\"left\">\n<p class=\"p1\"><strong>2\u00d7 ALL 34 Premium + p\u00e1rov\u00fd mentoring<\/strong><\/p>\n<\/td>\n<td align=\"left\">\n<p class=\"p1\">kompletn\u00ed bal\u00ed\u010dek pro oba partnery (oba z\u00edskaj\u00ed ALL 34 dotazn\u00edk, report, individu\u00e1ln\u00ed mentoring a spole\u010dn\u00fd p\u00e1rov\u00fd mentoring)<\/p>\n<\/td>\n<td align=\"left\">\n<p class=\"p1\">1 640 K\u010d<\/p>\n<\/td>\n<td align=\"left\">\n<p class=\"p1\"><strong>12 990 K\u010d<\/strong><\/p>\n<\/td>\n<\/tr>\n<tr>\n<td align=\"left\">\n<p class=\"p1\"><strong>1\u00d7 ALL 34 Premium + p\u00e1rov\u00fd mentoring<\/strong><\/p>\n<\/td>\n<td align=\"left\">\n<p class=\"p1\">pro ty, kte\u0159\u00ed u\u017e maj\u00ed jeden ALL 34 a cht\u011bj\u00ed ho doplnit pro partnera<\/p>\n<\/td>\n<td align=\"left\">\n<p class=\"p1\">450 K\u010d<\/p>\n<\/td>\n<td align=\"left\">\n<p class=\"p1\"><strong>8 990 K\u010d<\/strong><\/p>\n<\/td>\n<\/tr>\n<\/tbody>\n<\/table>\n<\/div>\n<p><span style=\"color: #000000; font-size: medium;\"><b><\/b><\/span><\/p>\n<p class=\"p1\"><b>D\u016fle\u017eit\u00e9 upozorn\u011bn\u00ed<\/b><\/p>\n<p class=\"p1\">P\u00e1rov\u00fd mentoring lze realizovat <b>pouze<\/b>, pokud maj\u00ed <b>oba \u00fa\u010dastn\u00edci v\u00fdsledky v\u0161ech 34 talent\u016f<\/b> z dotazn\u00edku <b>CliftonStrengths\u00ae<\/b>.<br \/>\nPokud jste dosud absolvovali pouze TOP 5, m\u016f\u017eete si dokoupit pot\u0159ebn\u00e9 produkty:<\/p>\n<ul class=\"ul1\">\n<li class=\"li1\"><a href=\"https:\/\/useyourtalents.org\/cs\/eshop\/talenty-all-34-premium\/\"><span class=\"s1\"><b>Talenty ALL 34 Premium<\/b><\/span><\/a> \u2013 dotazn\u00edk + \u010desk\u00fd report (26 stran)<\/li>\n<li class=\"li1\"><a href=\"https:\/\/useyourtalents.org\/cs\/eshop\/upgrade-z-top-5-na-all-34\/\"><span class=\"s1\"><b>UPGRADE z TOP 5 na ALL 34<\/b><\/span><\/a> \u2013 pro ty, kte\u0159\u00ed u\u017e TOP 5 maj\u00ed a cht\u011bj\u00ed roz\u0161\u00ed\u0159it na v\u0161ech 34 talent\u016f<\/li>\n<\/ul>\n<p class=\"p1\"><b>Jak to prob\u00edh\u00e1?<\/b><\/p>\n<p class=\"p1\">Objedn\u00e1vku vytv\u00e1\u0159\u00edte na sv\u00e9 jm\u00e9no a e-mail.<br \/>\nPo zaplacen\u00ed produktu obdr\u017e\u00edte v\u0161echny pot\u0159ebn\u00e9 informace k p\u0159\u00edprav\u011b a pl\u00e1nov\u00e1n\u00ed term\u00ednu.<\/p>\n<p class=\"p1\">Pokud produkt kupujete <b>jako d\u00e1rek<\/b>, e-mail s pokyny m\u016f\u017eete p\u0159eposlat obdarovan\u00fdm.<br \/>\n<span class=\"s2\">\ud83c\udf81<\/span><span class=\"Apple-converted-space\">\u00a0 <\/span><a href=\"https:\/\/useyourtalents.org\/wp-content\/uploads\/2025\/11\/Darkovy-poukaz_CZ_Parovy_talentovy-mentoring-1.pdf\" target=\"_blank\" rel=\"noopener\"><b>D\u00e1rkov\u00fd voucher ke sta\u017een\u00ed najdete zde.<\/b><\/a><b><\/b><\/p>\n<p class=\"p1\"><b>Chcete program pro v\u00edce p\u00e1r\u016f nebo t\u00fdm?<br \/>\n<\/b>Jste firma, \u0161kola, neziskovka nebo t\u00fdm, kter\u00fd chce l\u00e9pe porozum\u011bt sv\u00fdm lidem i vztah\u016fm v t\u00fdmu?<br \/>\nR\u00e1di v\u00e1m p\u0159iprav\u00edme <b>individu\u00e1ln\u00ed nab\u00eddku na m\u00edru<\/b> \u2013 kontaktujte n\u00e1s:<\/p>\n<div class=\"fusion-fullwidth fullwidth-box fusion-builder-row-1 fusion-flex-container has-pattern-background has-mask-background nonhundred-percent-fullwidth non-hundred-percent-height-scrolling\" style=\"--awb-border-radius-top-left:0px;--awb-border-radius-top-right:0px;--awb-border-radius-bottom-right:0px;--awb-border-radius-bottom-left:0px;--awb-flex-wrap:wrap;\" ><div class=\"fusion-builder-row fusion-row fusion-flex-align-items-flex-start fusion-flex-content-wrap\" style=\"max-width:1310.4px;margin-left: calc(-4% \/ 2 );margin-right: calc(-4% \/ 2 );\"><div class=\"fusion-layout-column fusion_builder_column fusion-builder-column-0 fusion_builder_column_1_6 1_6 fusion-flex-column\" style=\"--awb-bg-size:cover;--awb-width-large:16.6666666667%;--awb-margin-top-large:0px;--awb-spacing-right-large:0%;--awb-margin-bottom-large:20px;--awb-spacing-left-large:11.52%;--awb-width-medium:16.6666666667%;--awb-order-medium:0;--awb-spacing-right-medium:0%;--awb-spacing-left-medium:11.52%;--awb-width-small:100%;--awb-order-small:0;--awb-spacing-right-small:1.92%;--awb-spacing-left-small:1.92%;\"><div class=\"fusion-column-wrapper fusion-column-has-shadow fusion-flex-justify-content-flex-start fusion-content-layout-column\"><div class=\"fusion-image-element \" style=\"text-align:left;--awb-max-width:120px;--awb-caption-title-font-family:var(--h2_typography-font-family);--awb-caption-title-font-weight:var(--h2_typography-font-weight);--awb-caption-title-font-style:var(--h2_typography-font-style);--awb-caption-title-size:var(--h2_typography-font-size);--awb-caption-title-transform:var(--h2_typography-text-transform);--awb-caption-title-line-height:var(--h2_typography-line-height);--awb-caption-title-letter-spacing:var(--h2_typography-letter-spacing);\"><span class=\" fusion-imageframe imageframe-none imageframe-1 hover-type-none\" style=\"border-radius:8px;\"><img loading=\"lazy\" decoding=\"async\" width=\"800\" height=\"800\" title=\"tim_Michael_Koch\" src=\"https:\/\/useyourtalents.org\/wp-content\/uploads\/2026\/03\/Peter-Vittek_UYT-1.jpg\" alt class=\"img-responsive wp-image-7602\"\/><\/span><\/div><\/div><\/div><div class=\"fusion-layout-column fusion_builder_column fusion-builder-column-1 fusion_builder_column_2_3 2_3 fusion-flex-column\" style=\"--awb-bg-size:cover;--awb-width-large:66.6666666667%;--awb-margin-top-large:0px;--awb-spacing-right-large:2.88%;--awb-margin-bottom-large:20px;--awb-spacing-left-large:0%;--awb-width-medium:66.6666666667%;--awb-order-medium:0;--awb-spacing-right-medium:2.88%;--awb-spacing-left-medium:0%;--awb-width-small:100%;--awb-order-small:0;--awb-spacing-right-small:1.92%;--awb-spacing-left-small:1.92%;\"><div class=\"fusion-column-wrapper fusion-column-has-shadow fusion-flex-justify-content-flex-start fusion-content-layout-column\"><div class=\"fusion-title title fusion-title-1 fusion-sep-none fusion-title-text fusion-title-size-four\" style=\"--awb-text-color:var(--awb-color7);--awb-margin-top:5px;--awb-margin-bottom:0px;--awb-margin-top-small:20px;--awb-margin-right-small:0px;--awb-margin-bottom-small:10px;--awb-margin-left-small:0px;--awb-link-color:#000000;--awb-link-hover-color:var(--awb-color6);--awb-font-size:16px;\"><h4 class=\"fusion-title-heading title-heading-left\" style=\"margin:0;font-size:1em;\"><a class=\"awb-custom-text-color awb-custom-text-hover-color\" target=\"_self\"><strong>\u00a0\u00a0\u00a0Peter Vittek<\/strong><\/a><\/h4><\/div><div class=\"fusion-text fusion-text-1 fusion-text-no-margin\" style=\"--awb-font-size:16px;--awb-margin-bottom:5px;\"><p><strong>\u00a0\u00a0 <\/strong>Kou\u010d siln\u00fdch str\u00e1nek certifikovan\u00fd Gallup\u00ae<\/p>\n<\/div><div class=\"fusion-text fusion-text-2\" style=\"--awb-content-alignment:left;--awb-font-size:16px;\"><p><a href=\"mailto:peter.vittek@useyourtalents.org\">\u00a0\u00a0\u00a0peter.vittek@useyourtalents.org<\/a><br \/>\n<a href=\"tel:+420608122617\">\u00a0\u00a0\u00a0+420 608 122 617<\/a><\/p>\n<\/div><\/div><\/div><\/div><\/div>\n","protected":false},"excerpt":{"rendered":"<p class=\"p1\"><b>P\u00e1rov\u00fd talentov\u00fd mentoring (120 min)<\/b><\/p>\n<p class=\"p1\">Objevte, jak va\u0161e talenty funguj\u00ed ve vztahu \u2013 a jak se mohou vz\u00e1jemn\u011b dopl\u0148ovat m\u00edsto toho, aby se nar\u00e1\u017eely.<\/p>\n<p class=\"p1\">Tento dvouhodinov\u00fd mentoring je ide\u00e1ln\u00ed pro p\u00e1ry, man\u017eele, sourozence nebo kolegy, kte\u0159\u00ed cht\u011bj\u00ed l\u00e9pe porozum\u011bt sob\u011b i druh\u00e9mu.<\/p>\n<p class=\"p1\"><span class=\"s1\">\ud83c\udf81<\/span><span class=\"Apple-converted-space\">\u00a0 <\/span><b>Tip na d\u00e1rek:<\/b> Sou\u010d\u00e1st\u00ed produktu je <a href=\"https:\/\/useyourtalents.org\/wp-content\/uploads\/2025\/11\/Darkovy-poukaz_CZ_Parovy_talentovy-mentoring-1.pdf\" target=\"_blank\" rel=\"noopener\"><b>d\u00e1rkov\u00fd voucher<\/b><\/a>, kter\u00fd si m\u016f\u017eete <b>hned po n\u00e1kupu st\u00e1hnout a vytisknout<\/b>. Sta\u010d\u00ed p\u0159ipsat osobn\u00ed v\u011bnov\u00e1n\u00ed a m\u00e1te p\u0159ipraven\u00fd smyslupln\u00fd d\u00e1rek pro dva.<\/p>\n<p style=\"text-align: right;\"><a href=\"#popis\">Cel\u00fd popis \u00bb<\/a><\/p>\n","protected":false},"featured_media":10145,"template":"","meta":[],"product_brand":[],"product_cat":[61],"product_tag":[],"class_list":{"0":"post-4651","1":"product","2":"type-product","3":"status-publish","4":"has-post-thumbnail","6":"product_cat-use-your-talents-cs","8":"first","9":"instock","10":"taxable","11":"shipping-taxable","12":"purchasable","13":"product-type-variable"},"yoast_head":"<!-- This site is optimized with the Yoast SEO plugin v27.4 - https:\/\/yoast.com\/product\/yoast-seo-wordpress\/ -->\n<title>P\u00e1rov\u00fd talentov\u00fd mentoring 120 - Use Your Talents<\/title>\n<meta name=\"robots\" content=\"index, follow, max-snippet:-1, max-image-preview:large, max-video-preview:-1\" \/>\n<link rel=\"canonical\" href=\"https:\/\/useyourtalents.org\/cs\/eshop\/parovy-talentovy-mentoring\/\" \/>\n<meta property=\"og:locale\" content=\"cs_CZ\" \/>\n<meta property=\"og:type\" content=\"article\" \/>\n<meta property=\"og:title\" content=\"P\u00e1rov\u00fd talentov\u00fd mentoring 120 - Use Your Talents\" \/>\n<meta property=\"og:description\" content=\"P\u00e1rov\u00fd talentov\u00fd mentoring (120 min) Objevte, jak va\u0161e talenty funguj\u00ed ve vztahu \u2013 a jak se mohou vz\u00e1jemn\u011b dopl\u0148ovat m\u00edsto toho, aby se nar\u00e1\u017eely. Tento dvouhodinov\u00fd mentoring je ide\u00e1ln\u00ed pro p\u00e1ry, man\u017eele, sourozence nebo kolegy, kte\u0159\u00ed cht\u011bj\u00ed l\u00e9pe porozum\u011bt sob\u011b i druh\u00e9mu. \ud83c\udf81\u00a0 Tip na d\u00e1rek: Sou\u010d\u00e1st\u00ed produktu je d\u00e1rkov\u00fd voucher, kter\u00fd si m\u016f\u017eete hned po n\u00e1kupu st\u00e1hnout a vytisknout. Sta\u010d\u00ed p\u0159ipsat osobn\u00ed v\u011bnov\u00e1n\u00ed a m\u00e1te p\u0159ipraven\u00fd smyslupln\u00fd d\u00e1rek pro dva. Cel\u00fd popis \u00bb\" \/>\n<meta property=\"og:url\" content=\"https:\/\/useyourtalents.org\/cs\/eshop\/parovy-talentovy-mentoring\/\" \/>\n<meta property=\"og:site_name\" content=\"Use Your Talents\" \/>\n<meta property=\"article:modified_time\" content=\"2026-04-21T06:27:19+00:00\" \/>\n<meta property=\"og:image\" content=\"https:\/\/useyourtalents.org\/wp-content\/uploads\/2023\/01\/parovy-mentoring-1-web.webp\" \/>\n\t<meta property=\"og:image:width\" content=\"800\" \/>\n\t<meta property=\"og:image:height\" content=\"800\" \/>\n\t<meta property=\"og:image:type\" content=\"image\/webp\" \/>\n<meta name=\"twitter:card\" content=\"summary_large_image\" \/>\n<meta name=\"twitter:label1\" content=\"Odhadovan\u00e1 doba \u010dten\u00ed\" \/>\n\t<meta name=\"twitter:data1\" content=\"2 minuty\" \/>\n<script type=\"application\/ld+json\" class=\"yoast-schema-graph\">{\"@context\":\"https:\\\/\\\/schema.org\",\"@graph\":[{\"@type\":\"WebPage\",\"@id\":\"https:\\\/\\\/useyourtalents.org\\\/cs\\\/eshop\\\/parovy-talentovy-mentoring\\\/\",\"url\":\"https:\\\/\\\/useyourtalents.org\\\/cs\\\/eshop\\\/parovy-talentovy-mentoring\\\/\",\"name\":\"P\u00e1rov\u00fd talentov\u00fd mentoring 120 - Use Your Talents\",\"isPartOf\":{\"@id\":\"https:\\\/\\\/useyourtalents.org\\\/cs\\\/#website\"},\"primaryImageOfPage\":{\"@id\":\"https:\\\/\\\/useyourtalents.org\\\/cs\\\/eshop\\\/parovy-talentovy-mentoring\\\/#primaryimage\"},\"image\":{\"@id\":\"https:\\\/\\\/useyourtalents.org\\\/cs\\\/eshop\\\/parovy-talentovy-mentoring\\\/#primaryimage\"},\"thumbnailUrl\":\"https:\\\/\\\/useyourtalents.org\\\/wp-content\\\/uploads\\\/2023\\\/01\\\/parovy-mentoring-1-web.webp\",\"datePublished\":\"2023-01-20T13:54:36+00:00\",\"dateModified\":\"2026-04-21T06:27:19+00:00\",\"breadcrumb\":{\"@id\":\"https:\\\/\\\/useyourtalents.org\\\/cs\\\/eshop\\\/parovy-talentovy-mentoring\\\/#breadcrumb\"},\"inLanguage\":\"cs\",\"potentialAction\":[{\"@type\":\"ReadAction\",\"target\":[\"https:\\\/\\\/useyourtalents.org\\\/cs\\\/eshop\\\/parovy-talentovy-mentoring\\\/\"]}]},{\"@type\":\"ImageObject\",\"inLanguage\":\"cs\",\"@id\":\"https:\\\/\\\/useyourtalents.org\\\/cs\\\/eshop\\\/parovy-talentovy-mentoring\\\/#primaryimage\",\"url\":\"https:\\\/\\\/useyourtalents.org\\\/wp-content\\\/uploads\\\/2023\\\/01\\\/parovy-mentoring-1-web.webp\",\"contentUrl\":\"https:\\\/\\\/useyourtalents.org\\\/wp-content\\\/uploads\\\/2023\\\/01\\\/parovy-mentoring-1-web.webp\",\"width\":800,\"height\":800},{\"@type\":\"BreadcrumbList\",\"@id\":\"https:\\\/\\\/useyourtalents.org\\\/cs\\\/eshop\\\/parovy-talentovy-mentoring\\\/#breadcrumb\",\"itemListElement\":[{\"@type\":\"ListItem\",\"position\":1,\"name\":\"Domovsk\u00e1 str\u00e1nka\",\"item\":\"https:\\\/\\\/useyourtalents.org\\\/cs\\\/\"},{\"@type\":\"ListItem\",\"position\":2,\"name\":\"Eshop\",\"item\":\"https:\\\/\\\/useyourtalents.org\\\/cs\\\/eshop\\\/\"},{\"@type\":\"ListItem\",\"position\":3,\"name\":\"P\u00e1rov\u00fd talentov\u00fd mentoring 120\"}]},{\"@type\":\"WebSite\",\"@id\":\"https:\\\/\\\/useyourtalents.org\\\/cs\\\/#website\",\"url\":\"https:\\\/\\\/useyourtalents.org\\\/cs\\\/\",\"name\":\"Use Your Talents\",\"description\":\"Objavte svoje talenty\",\"publisher\":{\"@id\":\"https:\\\/\\\/useyourtalents.org\\\/cs\\\/#organization\"},\"potentialAction\":[{\"@type\":\"SearchAction\",\"target\":{\"@type\":\"EntryPoint\",\"urlTemplate\":\"https:\\\/\\\/useyourtalents.org\\\/cs\\\/?s={search_term_string}\"},\"query-input\":{\"@type\":\"PropertyValueSpecification\",\"valueRequired\":true,\"valueName\":\"search_term_string\"}}],\"inLanguage\":\"cs\"},{\"@type\":\"Organization\",\"@id\":\"https:\\\/\\\/useyourtalents.org\\\/cs\\\/#organization\",\"name\":\"Use Your Talents, s.r.o.\",\"url\":\"https:\\\/\\\/useyourtalents.org\\\/cs\\\/\",\"logo\":{\"@type\":\"ImageObject\",\"inLanguage\":\"cs\",\"@id\":\"https:\\\/\\\/useyourtalents.org\\\/cs\\\/#\\\/schema\\\/logo\\\/image\\\/\",\"url\":\"https:\\\/\\\/useyourtalents.org\\\/wp-content\\\/uploads\\\/2021\\\/11\\\/UseYourTalents_svg.svg\",\"contentUrl\":\"https:\\\/\\\/useyourtalents.org\\\/wp-content\\\/uploads\\\/2021\\\/11\\\/UseYourTalents_svg.svg\",\"width\":566,\"height\":215,\"caption\":\"Use Your Talents, s.r.o.\"},\"image\":{\"@id\":\"https:\\\/\\\/useyourtalents.org\\\/cs\\\/#\\\/schema\\\/logo\\\/image\\\/\"}}]}<\/script>\n<!-- \/ Yoast SEO plugin. -->","yoast_head_json":{"title":"P\u00e1rov\u00fd talentov\u00fd mentoring 120 - Use Your Talents","robots":{"index":"index","follow":"follow","max-snippet":"max-snippet:-1","max-image-preview":"max-image-preview:large","max-video-preview":"max-video-preview:-1"},"canonical":"https:\/\/useyourtalents.org\/cs\/eshop\/parovy-talentovy-mentoring\/","og_locale":"cs_CZ","og_type":"article","og_title":"P\u00e1rov\u00fd talentov\u00fd mentoring 120 - Use Your Talents","og_description":"P\u00e1rov\u00fd talentov\u00fd mentoring (120 min) Objevte, jak va\u0161e talenty funguj\u00ed ve vztahu \u2013 a jak se mohou vz\u00e1jemn\u011b dopl\u0148ovat m\u00edsto toho, aby se nar\u00e1\u017eely. Tento dvouhodinov\u00fd mentoring je ide\u00e1ln\u00ed pro p\u00e1ry, man\u017eele, sourozence nebo kolegy, kte\u0159\u00ed cht\u011bj\u00ed l\u00e9pe porozum\u011bt sob\u011b i druh\u00e9mu. \ud83c\udf81\u00a0 Tip na d\u00e1rek: Sou\u010d\u00e1st\u00ed produktu je d\u00e1rkov\u00fd voucher, kter\u00fd si m\u016f\u017eete hned po n\u00e1kupu st\u00e1hnout a vytisknout. Sta\u010d\u00ed p\u0159ipsat osobn\u00ed v\u011bnov\u00e1n\u00ed a m\u00e1te p\u0159ipraven\u00fd smyslupln\u00fd d\u00e1rek pro dva. Cel\u00fd popis \u00bb","og_url":"https:\/\/useyourtalents.org\/cs\/eshop\/parovy-talentovy-mentoring\/","og_site_name":"Use Your Talents","article_modified_time":"2026-04-21T06:27:19+00:00","og_image":[{"width":800,"height":800,"url":"https:\/\/useyourtalents.org\/wp-content\/uploads\/2023\/01\/parovy-mentoring-1-web.webp","type":"image\/webp"}],"twitter_card":"summary_large_image","twitter_misc":{"Odhadovan\u00e1 doba \u010dten\u00ed":"2 minuty"},"schema":{"@context":"https:\/\/schema.org","@graph":[{"@type":"WebPage","@id":"https:\/\/useyourtalents.org\/cs\/eshop\/parovy-talentovy-mentoring\/","url":"https:\/\/useyourtalents.org\/cs\/eshop\/parovy-talentovy-mentoring\/","name":"P\u00e1rov\u00fd talentov\u00fd mentoring 120 - Use Your Talents","isPartOf":{"@id":"https:\/\/useyourtalents.org\/cs\/#website"},"primaryImageOfPage":{"@id":"https:\/\/useyourtalents.org\/cs\/eshop\/parovy-talentovy-mentoring\/#primaryimage"},"image":{"@id":"https:\/\/useyourtalents.org\/cs\/eshop\/parovy-talentovy-mentoring\/#primaryimage"},"thumbnailUrl":"https:\/\/useyourtalents.org\/wp-content\/uploads\/2023\/01\/parovy-mentoring-1-web.webp","datePublished":"2023-01-20T13:54:36+00:00","dateModified":"2026-04-21T06:27:19+00:00","breadcrumb":{"@id":"https:\/\/useyourtalents.org\/cs\/eshop\/parovy-talentovy-mentoring\/#breadcrumb"},"inLanguage":"cs","potentialAction":[{"@type":"ReadAction","target":["https:\/\/useyourtalents.org\/cs\/eshop\/parovy-talentovy-mentoring\/"]}]},{"@type":"ImageObject","inLanguage":"cs","@id":"https:\/\/useyourtalents.org\/cs\/eshop\/parovy-talentovy-mentoring\/#primaryimage","url":"https:\/\/useyourtalents.org\/wp-content\/uploads\/2023\/01\/parovy-mentoring-1-web.webp","contentUrl":"https:\/\/useyourtalents.org\/wp-content\/uploads\/2023\/01\/parovy-mentoring-1-web.webp","width":800,"height":800},{"@type":"BreadcrumbList","@id":"https:\/\/useyourtalents.org\/cs\/eshop\/parovy-talentovy-mentoring\/#breadcrumb","itemListElement":[{"@type":"ListItem","position":1,"name":"Domovsk\u00e1 str\u00e1nka","item":"https:\/\/useyourtalents.org\/cs\/"},{"@type":"ListItem","position":2,"name":"Eshop","item":"https:\/\/useyourtalents.org\/cs\/eshop\/"},{"@type":"ListItem","position":3,"name":"P\u00e1rov\u00fd talentov\u00fd mentoring 120"}]},{"@type":"WebSite","@id":"https:\/\/useyourtalents.org\/cs\/#website","url":"https:\/\/useyourtalents.org\/cs\/","name":"Use Your Talents","description":"Objavte svoje talenty","publisher":{"@id":"https:\/\/useyourtalents.org\/cs\/#organization"},"potentialAction":[{"@type":"SearchAction","target":{"@type":"EntryPoint","urlTemplate":"https:\/\/useyourtalents.org\/cs\/?s={search_term_string}"},"query-input":{"@type":"PropertyValueSpecification","valueRequired":true,"valueName":"search_term_string"}}],"inLanguage":"cs"},{"@type":"Organization","@id":"https:\/\/useyourtalents.org\/cs\/#organization","name":"Use Your Talents, s.r.o.","url":"https:\/\/useyourtalents.org\/cs\/","logo":{"@type":"ImageObject","inLanguage":"cs","@id":"https:\/\/useyourtalents.org\/cs\/#\/schema\/logo\/image\/","url":"https:\/\/useyourtalents.org\/wp-content\/uploads\/2021\/11\/UseYourTalents_svg.svg","contentUrl":"https:\/\/useyourtalents.org\/wp-content\/uploads\/2021\/11\/UseYourTalents_svg.svg","width":566,"height":215,"caption":"Use Your Talents, s.r.o."},"image":{"@id":"https:\/\/useyourtalents.org\/cs\/#\/schema\/logo\/image\/"}}]}},"_links":{"self":[{"href":"https:\/\/useyourtalents.org\/cs\/wp-json\/wp\/v2\/product\/4651","targetHints":{"allow":["GET"]}}],"collection":[{"href":"https:\/\/useyourtalents.org\/cs\/wp-json\/wp\/v2\/product"}],"about":[{"href":"https:\/\/useyourtalents.org\/cs\/wp-json\/wp\/v2\/types\/product"}],"wp:featuredmedia":[{"embeddable":true,"href":"https:\/\/useyourtalents.org\/cs\/wp-json\/wp\/v2\/media\/10145"}],"wp:attachment":[{"href":"https:\/\/useyourtalents.org\/cs\/wp-json\/wp\/v2\/media?parent=4651"}],"wp:term":[{"taxonomy":"product_brand","embeddable":true,"href":"https:\/\/useyourtalents.org\/cs\/wp-json\/wp\/v2\/product_brand?post=4651"},{"taxonomy":"product_cat","embeddable":true,"href":"https:\/\/useyourtalents.org\/cs\/wp-json\/wp\/v2\/product_cat?post=4651"},{"taxonomy":"product_tag","embeddable":true,"href":"https:\/\/useyourtalents.org\/cs\/wp-json\/wp\/v2\/product_tag?post=4651"}],"curies":[{"name":"wp","href":"https:\/\/api.w.org\/{rel}","templated":true}]}}