{"id":10259,"date":"2023-01-18T15:04:14","date_gmt":"2023-01-18T14:04:14","guid":{"rendered":"https:\/\/useyourtalents.org\/?post_type=product&#038;p=10259"},"modified":"2026-04-21T08:24:34","modified_gmt":"2026-04-21T06:24:34","slug":"talenty-all-34-premium","status":"publish","type":"product","link":"https:\/\/useyourtalents.org\/cs\/eshop\/talenty-all-34-premium\/","title":{"rendered":"Talenty ALL 34 Premium"},"content":{"rendered":"<p class=\"p1\"><b>Co produkt obsahuje:<\/b><\/p>\n<ul class=\"ul1\">\n<li class=\"li1\"><b>\u00davod do talent\u016f<\/b> (formou videa) \u2013 pochop\u00edte z\u00e1kladn\u00ed principy talentov\u00e9ho p\u0159\u00edstupu, jeho p\u016fvod i to, jak m\u016f\u017ee zm\u011bnit v\u00e1\u0161 pohled na sebe i druh\u00e9.<\/li>\n<li class=\"li1\"><b>Talentov\u00fd dotazn\u00edk CliftonStrengths\u00ae<\/b> od spole\u010dnosti <b>Gallup\u00ae<\/b> s po\u0159ad\u00edm v\u0161ech 34 talent\u016f.<\/li>\n<li class=\"li1\"><b>Detailn\u00ed \u010desk\u00fd report (26 stran)<\/b> s popisy, sv\u011btl\u00fdmi i stinn\u00fdmi str\u00e1nkami a doporu\u010den\u00edmi pro rozvoj va\u0161ich TOP 10 talent\u016f.<\/li>\n<li class=\"li1\"><b>60minutov\u00fd mentoring s\u00a0certifikovan\u00fdm kou\u010dem<\/b>, kter\u00fd s v\u00e1mi projde v\u00fdsledky, pom\u016f\u017ee rozkl\u00ed\u010dovat va\u0161e vzorce chov\u00e1n\u00ed a pojmenovat, jak va\u0161e siln\u00e9 str\u00e1nky p\u0159en\u00e9st do ka\u017edodenn\u00ed praxe.<\/li>\n<\/ul>\n<p><b><a href=\"#mentoring\">Pro\u010d m\u00edt mentoring\u016f v\u00edce?<\/a><\/b><\/p>\n<p class=\"p1\"><b>Varianty produktu<\/b><\/p>\n<p><span style=\"color: #000000; font-size: medium;\"><b><\/b><\/span><\/p>\n<div class=\"table-1\">\n<table width=\"100%\">\n<thead>\n<tr>\n<th align=\"left\">\n<p class=\"p1\"><b>Varianta<\/b><\/p>\n<\/th>\n<th align=\"left\">\n<p class=\"p1\"><b>Popis<\/b><\/p>\n<\/th>\n<th align=\"left\">\n<p class=\"p1\"><b>U\u0161et\u0159\u00edte<\/b><\/p>\n<\/th>\n<th align=\"left\">\n<p class=\"p1\"><b>Cena s DPH<\/b><\/p>\n<\/th>\n<\/tr>\n<\/thead>\n<tbody>\n<tr>\n<td align=\"left\">\n<p class=\"p1\"><strong>ALL 34 Premium<\/strong><\/p>\n<\/td>\n<td align=\"left\">\n<p class=\"p1\">z\u00e1kladn\u00ed varianta (video + report + 1 kou\u010dink \/ 60 min)<\/p>\n<\/td>\n<td align=\"left\"><strong>&#8211;<\/strong><\/td>\n<td align=\"left\">\n<p class=\"p1\"><strong>5 190 K\u010d<\/strong><\/p>\n<\/td>\n<\/tr>\n<tr>\n<td align=\"left\">\n<p class=\"p1\"><strong>ALL 34 Premium + Well-being mentoring<\/strong><\/p>\n<\/td>\n<td align=\"left\">\n<p class=\"p1\">nav\u00edc speci\u00e1ln\u00ed well-being mentoring (<a href=\"#mentoring\"><span class=\"s1\">v\u00edce zde<\/span><\/a>)<\/p>\n<\/td>\n<td align=\"left\">\n<p class=\"p1\"><strong>500 K\u010d<\/strong><\/p>\n<\/td>\n<td align=\"left\">\n<p class=\"p1\"><strong>7 070 K\u010d<\/strong><\/p>\n<\/td>\n<\/tr>\n<tr>\n<td align=\"left\">\n<p class=\"p1\"><strong>ALL 34 Premium + 1 kou\u010dink nav\u00edc<\/strong><\/p>\n<\/td>\n<td align=\"left\">\n<p class=\"p1\">celkem 2 kou\u010dinky (2\u00d760 minut)<\/p>\n<\/td>\n<td align=\"left\">\n<p class=\"p1\"><strong>500 K\u010d<\/strong><\/p>\n<\/td>\n<td align=\"left\">\n<p class=\"p1\"><strong>7 070 K\u010d<\/strong><\/p>\n<\/td>\n<\/tr>\n<tr>\n<td align=\"left\">\n<p class=\"p1\"><strong>ALL 34 Premium + 2 kou\u010dinky nav\u00edc<\/strong><\/p>\n<\/td>\n<td align=\"left\">\n<p class=\"p1\">celkem 3 kou\u010dinky (3\u00d760 minut)<\/p>\n<\/td>\n<td align=\"left\">\n<p class=\"p1\"><strong>1 000 K\u010d<\/strong><\/p>\n<\/td>\n<td align=\"left\">\n<p class=\"p1\"><strong>8 950 K\u010d<\/strong><\/p>\n<\/td>\n<\/tr>\n<tr>\n<td align=\"left\">\n<p class=\"p1\"><strong>ALL 34 Premium + 3 kou\u010dinky nav\u00edc<\/strong><\/p>\n<\/td>\n<td align=\"left\">\n<p class=\"p1\">celkem 4 kou\u010dinky (4\u00d760 minut)<\/p>\n<\/td>\n<td align=\"left\">\n<p class=\"p1\"><b>2 000 K\u010d<\/b><\/p>\n<\/td>\n<td align=\"left\">\n<p class=\"p1\"><b>10 330 K\u010d<\/b><\/p>\n<\/td>\n<\/tr>\n<\/tbody>\n<\/table>\n<\/div>\n<p><span style=\"color: #000000; font-size: medium;\"><b><\/b><\/span><\/p>\n<p class=\"p1\"><b>Jak to prob\u00edh\u00e1? <\/b><\/p>\n<p class=\"p1\">Objedn\u00e1vku vytv\u00e1\u0159\u00edte na sv\u00e9 jm\u00e9no a e-mail.<br \/>\nPo zaplacen\u00ed produktu obdr\u017e\u00edte na e-mail v\u0161echny instrukce k dotazn\u00edku a dal\u0161\u00edmu postupu.<br \/>\nPokud produkt kupujete <b>jako d\u00e1rek<\/b>, e-mail s pokyny m\u016f\u017eete p\u0159eposlat obdarovan\u00e9mu.<br \/>\n<span class=\"s1\">\ud83c\udf81<\/span><span class=\"Apple-converted-space\">\u00a0 <\/span><a href=\"https:\/\/useyourtalents.org\/wp-content\/uploads\/2025\/11\/Darkovy-poukaz_CZ_ALL34Premium-1.pdf\" target=\"_blank\" rel=\"noopener\">D\u00e1rkov\u00fd <b>voucher ke sta\u017een\u00ed<\/b> najdete <span class=\"s2\">zde<\/span>.<\/a><\/p>\n<p class=\"p1\"><b>Chcete v\u00edce licenc\u00ed pro t\u00fdm nebo organizaci?<br \/>\n<\/b>Jste firma, \u0161kola, neziskovka nebo t\u00fdm, kter\u00fd chce rozv\u00edjet sv\u00e9 lidi?<br \/>\nR\u00e1di v\u00e1m p\u0159iprav\u00edme <b>individu\u00e1ln\u00ed nab\u00eddku na m\u00edru<\/b> \u2013 kontaktujte n\u00e1s:<\/p>\n<div class=\"fusion-fullwidth fullwidth-box fusion-builder-row-1 fusion-flex-container has-pattern-background has-mask-background nonhundred-percent-fullwidth non-hundred-percent-height-scrolling\" style=\"--awb-border-radius-top-left:0px;--awb-border-radius-top-right:0px;--awb-border-radius-bottom-right:0px;--awb-border-radius-bottom-left:0px;--awb-flex-wrap:wrap;\" ><div class=\"fusion-builder-row fusion-row fusion-flex-align-items-flex-start fusion-flex-content-wrap\" style=\"max-width:1310.4px;margin-left: calc(-4% \/ 2 );margin-right: calc(-4% \/ 2 );\"><div class=\"fusion-layout-column fusion_builder_column fusion-builder-column-0 fusion_builder_column_1_6 1_6 fusion-flex-column\" style=\"--awb-bg-size:cover;--awb-width-large:16.6666666667%;--awb-margin-top-large:0px;--awb-spacing-right-large:0%;--awb-margin-bottom-large:20px;--awb-spacing-left-large:11.52%;--awb-width-medium:16.6666666667%;--awb-order-medium:0;--awb-spacing-right-medium:0%;--awb-spacing-left-medium:11.52%;--awb-width-small:100%;--awb-order-small:0;--awb-spacing-right-small:1.92%;--awb-spacing-left-small:1.92%;\"><div class=\"fusion-column-wrapper fusion-column-has-shadow fusion-flex-justify-content-flex-start fusion-content-layout-column\"><div class=\"fusion-image-element \" style=\"text-align:left;--awb-max-width:120px;--awb-caption-title-font-family:var(--h2_typography-font-family);--awb-caption-title-font-weight:var(--h2_typography-font-weight);--awb-caption-title-font-style:var(--h2_typography-font-style);--awb-caption-title-size:var(--h2_typography-font-size);--awb-caption-title-transform:var(--h2_typography-text-transform);--awb-caption-title-line-height:var(--h2_typography-line-height);--awb-caption-title-letter-spacing:var(--h2_typography-letter-spacing);\"><span class=\" fusion-imageframe imageframe-none imageframe-1 hover-type-none\" style=\"border-radius:8px;\"><img loading=\"lazy\" decoding=\"async\" width=\"800\" height=\"800\" title=\"tim_Michael_Koch\" src=\"https:\/\/useyourtalents.org\/wp-content\/uploads\/2026\/03\/Peter-Vittek_UYT-1.jpg\" alt class=\"img-responsive wp-image-7602\"\/><\/span><\/div><\/div><\/div><div class=\"fusion-layout-column fusion_builder_column fusion-builder-column-1 fusion_builder_column_2_3 2_3 fusion-flex-column\" style=\"--awb-bg-size:cover;--awb-width-large:66.6666666667%;--awb-margin-top-large:0px;--awb-spacing-right-large:2.88%;--awb-margin-bottom-large:20px;--awb-spacing-left-large:0%;--awb-width-medium:66.6666666667%;--awb-order-medium:0;--awb-spacing-right-medium:2.88%;--awb-spacing-left-medium:0%;--awb-width-small:100%;--awb-order-small:0;--awb-spacing-right-small:1.92%;--awb-spacing-left-small:1.92%;\"><div class=\"fusion-column-wrapper fusion-column-has-shadow fusion-flex-justify-content-flex-start fusion-content-layout-column\"><div class=\"fusion-title title fusion-title-1 fusion-sep-none fusion-title-text fusion-title-size-four\" style=\"--awb-text-color:var(--awb-color7);--awb-margin-top:5px;--awb-margin-bottom:0px;--awb-margin-top-small:20px;--awb-margin-right-small:0px;--awb-margin-bottom-small:10px;--awb-margin-left-small:0px;--awb-link-color:#000000;--awb-link-hover-color:var(--awb-color6);--awb-font-size:16px;\"><h4 class=\"fusion-title-heading title-heading-left\" style=\"margin:0;font-size:1em;\"><a class=\"awb-custom-text-color awb-custom-text-hover-color\" target=\"_self\"><strong>\u00a0\u00a0\u00a0Peter Vittek<\/strong><\/a><\/h4><\/div><div class=\"fusion-text fusion-text-1 fusion-text-no-margin\" style=\"--awb-font-size:16px;--awb-margin-bottom:5px;\"><p><strong>\u00a0\u00a0 <\/strong>Kou\u010d siln\u00fdch str\u00e1nek certifikovan\u00fd Gallup\u00ae<\/p>\n<\/div><div class=\"fusion-text fusion-text-2\" style=\"--awb-content-alignment:left;--awb-font-size:16px;\"><p><a href=\"mailto:peter.vittek@useyourtalents.org\">\u00a0\u00a0\u00a0peter.vittek@useyourtalents.org<\/a><br \/>\n<a href=\"tel:+420608122617\">\u00a0\u00a0\u00a0+420 608 122 617<\/a><\/p>\n<\/div><\/div><\/div><\/div><\/div>\n<p>V p\u0159\u00edpad\u011b, \u017ee produkt kupujete jako d\u00e1rek pro <em>jinou osobu<\/em>, e-mail s postupem j\u00ed n\u00e1sledn\u011b <strong>p\u0159epo\u0161lete<\/strong>. Zde je ke sta\u017een\u00ed <strong><a href=\"https:\/\/useyourtalents.org\/wp-content\/uploads\/2025\/11\/Darkovy-poukaz_CZ_ALL34Premium-1.pdf\" target=\"_blank\" rel=\"noopener\">d\u00e1rkov\u00fd poukaz<\/a><\/strong>, kter\u00fd m\u016f\u017eete vytisknout a dopsat osobn\u00ed v\u011bnov\u00e1n\u00ed.<\/p>\n<div class=\"fusion-separator fusion-full-width-sep\" style=\"align-self: flex-start;margin-right:auto;margin-top:10px;margin-bottom:15px;width:100%;\"><div class=\"fusion-separator-border sep-single sep-solid\" style=\"--awb-height:20px;--awb-amount:20px;--awb-sep-color:#9a9a9a;border-color:#9a9a9a;border-top-width:1px;\"><\/div><\/div>\n<div id=\"mentoring\">\n<p class=\"p1\"><b>Pro\u010d m\u00edt mentoring\u016f v\u00edce? <\/b><\/p>\n<\/div>\n<p class=\"p1\">Jak zpravidla vypadaj\u00ed prvn\u00ed t\u0159i mentoringy:<\/p>\n<ol class=\"ol1\">\n<li class=\"li1\">Prvn\u00ed kou\u010dink b\u00fdv\u00e1 o pozn\u00e1n\u00ed sebe sama \u2013 pochopen\u00ed va\u0161ich TOP 5 talent\u016f a toho, jak se projevuj\u00ed.<\/li>\n<li class=\"li1\">Druh\u00fd jde v\u00edc do hloubky \u2013 rozv\u00edj\u00ed \u0161ir\u0161\u00ed TOP 10\u201312 a pom\u00e1h\u00e1 naj\u00edt konkr\u00e9tn\u00ed strategie, jak je pou\u017e\u00edt v rozd\u00edln\u00fdch situac\u00edch.<\/li>\n<li class=\"li1\">Na t\u0159et\u00edm u\u017e \u010dasto \u0159e\u0161\u00edme interakce s ostatn\u00edmi \u2013 spolupr\u00e1ci, konflikty, veden\u00ed lid\u00ed nebo efektivitu t\u00fdmu.<\/li>\n<\/ol>\n<p class=\"p1\">Ka\u017ed\u00e9 setk\u00e1n\u00ed ale od za\u010d\u00e1tku p\u0159izp\u016fsobujeme va\u0161im aktu\u00e1ln\u00edm v\u00fdzv\u00e1m.<\/p>\n","protected":false},"excerpt":{"rendered":"<p class=\"p1\">Objevte sv\u016fj kompletn\u00ed talentov\u00fd profil a zjist\u011bte, jak z va\u0161ich p\u0159irozen\u00fdch dar\u016f vyt\u011b\u017eit maximum v pr\u00e1ci i v \u017eivot\u011b.<\/p>\n<p class=\"p1\"><span class=\"s1\">\ud83c\udf81<\/span><span class=\"Apple-converted-space\">\u00a0 <\/span><b>Tip na d\u00e1rek:<\/b> Sou\u010d\u00e1st\u00ed produktu je <a href=\"https:\/\/useyourtalents.org\/wp-content\/uploads\/2025\/11\/Darkovy-poukaz_CZ_ALL34Premium-1.pdf\" target=\"_blank\" rel=\"noopener\"><b>d\u00e1rkov\u00fd voucher<\/b><\/a>, kter\u00fd si m\u016f\u017eete <b>hned po n\u00e1kupu st\u00e1hnout a vytisknout<\/b>. Sta\u010d\u00ed p\u0159ipsat osobn\u00ed v\u011bnov\u00e1n\u00ed a m\u00e1te p\u0159ipraven\u00fd smyslupln\u00fd d\u00e1rek.<\/p>\n<p style=\"text-align: right;\"><a href=\"#popis\">Cel\u00fd popis \u00bb<\/a><\/p>\n","protected":false},"featured_media":8153,"template":"","meta":[],"product_brand":[],"product_cat":[61],"product_tag":[],"class_list":{"0":"post-10259","1":"product","2":"type-product","3":"status-publish","4":"has-post-thumbnail","6":"product_cat-use-your-talents-cs","8":"first","9":"instock","10":"taxable","11":"shipping-taxable","12":"purchasable","13":"product-type-variable"},"yoast_head":"<!-- This site is optimized with the Yoast SEO plugin v27.4 - https:\/\/yoast.com\/product\/yoast-seo-wordpress\/ -->\n<title>Talenty ALL 34 Premium - Use Your Talents<\/title>\n<meta name=\"robots\" content=\"index, follow, max-snippet:-1, max-image-preview:large, max-video-preview:-1\" \/>\n<link rel=\"canonical\" href=\"https:\/\/useyourtalents.org\/cs\/eshop\/talenty-all-34-premium\/\" \/>\n<meta property=\"og:locale\" content=\"cs_CZ\" \/>\n<meta property=\"og:type\" content=\"article\" \/>\n<meta property=\"og:title\" content=\"Talenty ALL 34 Premium - Use Your Talents\" \/>\n<meta property=\"og:description\" content=\"Objevte sv\u016fj kompletn\u00ed talentov\u00fd profil a zjist\u011bte, jak z va\u0161ich p\u0159irozen\u00fdch dar\u016f vyt\u011b\u017eit maximum v pr\u00e1ci i v \u017eivot\u011b. \ud83c\udf81\u00a0 Tip na d\u00e1rek: Sou\u010d\u00e1st\u00ed produktu je d\u00e1rkov\u00fd voucher, kter\u00fd si m\u016f\u017eete hned po n\u00e1kupu st\u00e1hnout a vytisknout. Sta\u010d\u00ed p\u0159ipsat osobn\u00ed v\u011bnov\u00e1n\u00ed a m\u00e1te p\u0159ipraven\u00fd smyslupln\u00fd d\u00e1rek. Cel\u00fd popis \u00bb\" \/>\n<meta property=\"og:url\" content=\"https:\/\/useyourtalents.org\/cs\/eshop\/talenty-all-34-premium\/\" \/>\n<meta property=\"og:site_name\" content=\"Use Your Talents\" \/>\n<meta property=\"article:modified_time\" content=\"2026-04-21T06:24:34+00:00\" \/>\n<meta property=\"og:image\" content=\"https:\/\/useyourtalents.org\/wp-content\/uploads\/2023\/01\/eshop_all34premium_1.webp\" \/>\n\t<meta property=\"og:image:width\" content=\"800\" \/>\n\t<meta property=\"og:image:height\" content=\"800\" \/>\n\t<meta property=\"og:image:type\" content=\"image\/webp\" \/>\n<meta name=\"twitter:card\" content=\"summary_large_image\" \/>\n<meta name=\"twitter:label1\" content=\"Odhadovan\u00e1 doba \u010dten\u00ed\" \/>\n\t<meta name=\"twitter:data1\" content=\"3 minuty\" \/>\n<script type=\"application\/ld+json\" class=\"yoast-schema-graph\">{\"@context\":\"https:\\\/\\\/schema.org\",\"@graph\":[{\"@type\":\"WebPage\",\"@id\":\"https:\\\/\\\/useyourtalents.org\\\/cs\\\/eshop\\\/talenty-all-34-premium\\\/\",\"url\":\"https:\\\/\\\/useyourtalents.org\\\/cs\\\/eshop\\\/talenty-all-34-premium\\\/\",\"name\":\"Talenty ALL 34 Premium - Use Your Talents\",\"isPartOf\":{\"@id\":\"https:\\\/\\\/useyourtalents.org\\\/cs\\\/#website\"},\"primaryImageOfPage\":{\"@id\":\"https:\\\/\\\/useyourtalents.org\\\/cs\\\/eshop\\\/talenty-all-34-premium\\\/#primaryimage\"},\"image\":{\"@id\":\"https:\\\/\\\/useyourtalents.org\\\/cs\\\/eshop\\\/talenty-all-34-premium\\\/#primaryimage\"},\"thumbnailUrl\":\"https:\\\/\\\/useyourtalents.org\\\/wp-content\\\/uploads\\\/2023\\\/01\\\/eshop_all34premium_1.webp\",\"datePublished\":\"2023-01-18T14:04:14+00:00\",\"dateModified\":\"2026-04-21T06:24:34+00:00\",\"breadcrumb\":{\"@id\":\"https:\\\/\\\/useyourtalents.org\\\/cs\\\/eshop\\\/talenty-all-34-premium\\\/#breadcrumb\"},\"inLanguage\":\"cs\",\"potentialAction\":[{\"@type\":\"ReadAction\",\"target\":[\"https:\\\/\\\/useyourtalents.org\\\/cs\\\/eshop\\\/talenty-all-34-premium\\\/\"]}]},{\"@type\":\"ImageObject\",\"inLanguage\":\"cs\",\"@id\":\"https:\\\/\\\/useyourtalents.org\\\/cs\\\/eshop\\\/talenty-all-34-premium\\\/#primaryimage\",\"url\":\"https:\\\/\\\/useyourtalents.org\\\/wp-content\\\/uploads\\\/2023\\\/01\\\/eshop_all34premium_1.webp\",\"contentUrl\":\"https:\\\/\\\/useyourtalents.org\\\/wp-content\\\/uploads\\\/2023\\\/01\\\/eshop_all34premium_1.webp\",\"width\":800,\"height\":800},{\"@type\":\"BreadcrumbList\",\"@id\":\"https:\\\/\\\/useyourtalents.org\\\/cs\\\/eshop\\\/talenty-all-34-premium\\\/#breadcrumb\",\"itemListElement\":[{\"@type\":\"ListItem\",\"position\":1,\"name\":\"Domovsk\u00e1 str\u00e1nka\",\"item\":\"https:\\\/\\\/useyourtalents.org\\\/cs\\\/\"},{\"@type\":\"ListItem\",\"position\":2,\"name\":\"Eshop\",\"item\":\"https:\\\/\\\/useyourtalents.org\\\/cs\\\/eshop\\\/\"},{\"@type\":\"ListItem\",\"position\":3,\"name\":\"Talenty ALL 34 Premium\"}]},{\"@type\":\"WebSite\",\"@id\":\"https:\\\/\\\/useyourtalents.org\\\/cs\\\/#website\",\"url\":\"https:\\\/\\\/useyourtalents.org\\\/cs\\\/\",\"name\":\"Use Your Talents\",\"description\":\"Objavte svoje talenty\",\"publisher\":{\"@id\":\"https:\\\/\\\/useyourtalents.org\\\/cs\\\/#organization\"},\"potentialAction\":[{\"@type\":\"SearchAction\",\"target\":{\"@type\":\"EntryPoint\",\"urlTemplate\":\"https:\\\/\\\/useyourtalents.org\\\/cs\\\/?s={search_term_string}\"},\"query-input\":{\"@type\":\"PropertyValueSpecification\",\"valueRequired\":true,\"valueName\":\"search_term_string\"}}],\"inLanguage\":\"cs\"},{\"@type\":\"Organization\",\"@id\":\"https:\\\/\\\/useyourtalents.org\\\/cs\\\/#organization\",\"name\":\"Use Your Talents, s.r.o.\",\"url\":\"https:\\\/\\\/useyourtalents.org\\\/cs\\\/\",\"logo\":{\"@type\":\"ImageObject\",\"inLanguage\":\"cs\",\"@id\":\"https:\\\/\\\/useyourtalents.org\\\/cs\\\/#\\\/schema\\\/logo\\\/image\\\/\",\"url\":\"https:\\\/\\\/useyourtalents.org\\\/wp-content\\\/uploads\\\/2021\\\/11\\\/UseYourTalents_svg.svg\",\"contentUrl\":\"https:\\\/\\\/useyourtalents.org\\\/wp-content\\\/uploads\\\/2021\\\/11\\\/UseYourTalents_svg.svg\",\"width\":566,\"height\":215,\"caption\":\"Use Your Talents, s.r.o.\"},\"image\":{\"@id\":\"https:\\\/\\\/useyourtalents.org\\\/cs\\\/#\\\/schema\\\/logo\\\/image\\\/\"}}]}<\/script>\n<!-- \/ Yoast SEO plugin. -->","yoast_head_json":{"title":"Talenty ALL 34 Premium - Use Your Talents","robots":{"index":"index","follow":"follow","max-snippet":"max-snippet:-1","max-image-preview":"max-image-preview:large","max-video-preview":"max-video-preview:-1"},"canonical":"https:\/\/useyourtalents.org\/cs\/eshop\/talenty-all-34-premium\/","og_locale":"cs_CZ","og_type":"article","og_title":"Talenty ALL 34 Premium - Use Your Talents","og_description":"Objevte sv\u016fj kompletn\u00ed talentov\u00fd profil a zjist\u011bte, jak z va\u0161ich p\u0159irozen\u00fdch dar\u016f vyt\u011b\u017eit maximum v pr\u00e1ci i v \u017eivot\u011b. \ud83c\udf81\u00a0 Tip na d\u00e1rek: Sou\u010d\u00e1st\u00ed produktu je d\u00e1rkov\u00fd voucher, kter\u00fd si m\u016f\u017eete hned po n\u00e1kupu st\u00e1hnout a vytisknout. Sta\u010d\u00ed p\u0159ipsat osobn\u00ed v\u011bnov\u00e1n\u00ed a m\u00e1te p\u0159ipraven\u00fd smyslupln\u00fd d\u00e1rek. Cel\u00fd popis \u00bb","og_url":"https:\/\/useyourtalents.org\/cs\/eshop\/talenty-all-34-premium\/","og_site_name":"Use Your Talents","article_modified_time":"2026-04-21T06:24:34+00:00","og_image":[{"width":800,"height":800,"url":"https:\/\/useyourtalents.org\/wp-content\/uploads\/2023\/01\/eshop_all34premium_1.webp","type":"image\/webp"}],"twitter_card":"summary_large_image","twitter_misc":{"Odhadovan\u00e1 doba \u010dten\u00ed":"3 minuty"},"schema":{"@context":"https:\/\/schema.org","@graph":[{"@type":"WebPage","@id":"https:\/\/useyourtalents.org\/cs\/eshop\/talenty-all-34-premium\/","url":"https:\/\/useyourtalents.org\/cs\/eshop\/talenty-all-34-premium\/","name":"Talenty ALL 34 Premium - Use Your Talents","isPartOf":{"@id":"https:\/\/useyourtalents.org\/cs\/#website"},"primaryImageOfPage":{"@id":"https:\/\/useyourtalents.org\/cs\/eshop\/talenty-all-34-premium\/#primaryimage"},"image":{"@id":"https:\/\/useyourtalents.org\/cs\/eshop\/talenty-all-34-premium\/#primaryimage"},"thumbnailUrl":"https:\/\/useyourtalents.org\/wp-content\/uploads\/2023\/01\/eshop_all34premium_1.webp","datePublished":"2023-01-18T14:04:14+00:00","dateModified":"2026-04-21T06:24:34+00:00","breadcrumb":{"@id":"https:\/\/useyourtalents.org\/cs\/eshop\/talenty-all-34-premium\/#breadcrumb"},"inLanguage":"cs","potentialAction":[{"@type":"ReadAction","target":["https:\/\/useyourtalents.org\/cs\/eshop\/talenty-all-34-premium\/"]}]},{"@type":"ImageObject","inLanguage":"cs","@id":"https:\/\/useyourtalents.org\/cs\/eshop\/talenty-all-34-premium\/#primaryimage","url":"https:\/\/useyourtalents.org\/wp-content\/uploads\/2023\/01\/eshop_all34premium_1.webp","contentUrl":"https:\/\/useyourtalents.org\/wp-content\/uploads\/2023\/01\/eshop_all34premium_1.webp","width":800,"height":800},{"@type":"BreadcrumbList","@id":"https:\/\/useyourtalents.org\/cs\/eshop\/talenty-all-34-premium\/#breadcrumb","itemListElement":[{"@type":"ListItem","position":1,"name":"Domovsk\u00e1 str\u00e1nka","item":"https:\/\/useyourtalents.org\/cs\/"},{"@type":"ListItem","position":2,"name":"Eshop","item":"https:\/\/useyourtalents.org\/cs\/eshop\/"},{"@type":"ListItem","position":3,"name":"Talenty ALL 34 Premium"}]},{"@type":"WebSite","@id":"https:\/\/useyourtalents.org\/cs\/#website","url":"https:\/\/useyourtalents.org\/cs\/","name":"Use Your Talents","description":"Objavte svoje talenty","publisher":{"@id":"https:\/\/useyourtalents.org\/cs\/#organization"},"potentialAction":[{"@type":"SearchAction","target":{"@type":"EntryPoint","urlTemplate":"https:\/\/useyourtalents.org\/cs\/?s={search_term_string}"},"query-input":{"@type":"PropertyValueSpecification","valueRequired":true,"valueName":"search_term_string"}}],"inLanguage":"cs"},{"@type":"Organization","@id":"https:\/\/useyourtalents.org\/cs\/#organization","name":"Use Your Talents, s.r.o.","url":"https:\/\/useyourtalents.org\/cs\/","logo":{"@type":"ImageObject","inLanguage":"cs","@id":"https:\/\/useyourtalents.org\/cs\/#\/schema\/logo\/image\/","url":"https:\/\/useyourtalents.org\/wp-content\/uploads\/2021\/11\/UseYourTalents_svg.svg","contentUrl":"https:\/\/useyourtalents.org\/wp-content\/uploads\/2021\/11\/UseYourTalents_svg.svg","width":566,"height":215,"caption":"Use Your Talents, s.r.o."},"image":{"@id":"https:\/\/useyourtalents.org\/cs\/#\/schema\/logo\/image\/"}}]}},"_links":{"self":[{"href":"https:\/\/useyourtalents.org\/cs\/wp-json\/wp\/v2\/product\/10259","targetHints":{"allow":["GET"]}}],"collection":[{"href":"https:\/\/useyourtalents.org\/cs\/wp-json\/wp\/v2\/product"}],"about":[{"href":"https:\/\/useyourtalents.org\/cs\/wp-json\/wp\/v2\/types\/product"}],"wp:featuredmedia":[{"embeddable":true,"href":"https:\/\/useyourtalents.org\/cs\/wp-json\/wp\/v2\/media\/8153"}],"wp:attachment":[{"href":"https:\/\/useyourtalents.org\/cs\/wp-json\/wp\/v2\/media?parent=10259"}],"wp:term":[{"taxonomy":"product_brand","embeddable":true,"href":"https:\/\/useyourtalents.org\/cs\/wp-json\/wp\/v2\/product_brand?post=10259"},{"taxonomy":"product_cat","embeddable":true,"href":"https:\/\/useyourtalents.org\/cs\/wp-json\/wp\/v2\/product_cat?post=10259"},{"taxonomy":"product_tag","embeddable":true,"href":"https:\/\/useyourtalents.org\/cs\/wp-json\/wp\/v2\/product_tag?post=10259"}],"curies":[{"name":"wp","href":"https:\/\/api.w.org\/{rel}","templated":true}]}}