{"id":10100,"date":"2025-11-12T12:42:48","date_gmt":"2025-11-12T11:42:48","guid":{"rendered":"https:\/\/useyourtalents.org\/?post_type=product&#038;p=10100"},"modified":"2026-04-21T08:28:05","modified_gmt":"2026-04-21T06:28:05","slug":"darkovy-voucher-v-libovolne-hodnote","status":"publish","type":"product","link":"https:\/\/useyourtalents.org\/cs\/eshop\/darkovy-voucher-v-libovolne-hodnote\/","title":{"rendered":"D\u00e1rkov\u00fd voucher v libovoln\u00e9 hodnot\u011b"},"content":{"rendered":"<p class=\"p1\"><b>Co voucher umo\u017e\u0148uje:<\/b><\/p>\n<p class=\"p1\">\u2022 vyu\u017eit\u00ed na <b>v\u0161echny produkty v e-shopu Use Your Talents<br \/>\n<\/b><b><\/b>\u2022 plat\u00ed i na <b>semin\u00e1\u0159e, kurzy a akce po\u0159\u00e1dan\u00e9 UYT<br \/>\n<\/b><b><\/b>\u2022 m\u016f\u017eete ho uplatnit <b>pro sebe nebo jako d\u00e1rek pro jin\u00e9ho \u010dlov\u011bka<br \/>\n<\/b><b><\/b>\u2022 platnost <b>12 m\u011bs\u00edc\u016f od n\u00e1kupu<\/b><\/p>\n<p class=\"p1\"><b>Jak to funguje?<\/b><\/p>\n<p class=\"p1\"><span class=\"s1\">1\ufe0f\u20e3<\/span> Vyberte si hodnotu voucheru.<br \/>\n<span class=\"s1\">2\ufe0f\u20e3<\/span> Po n\u00e1kupu v\u00e1m p\u0159ijde <b>e-mail s potvrzen\u00edm a d\u00e1rkov\u00fdm voucherem ke sta\u017een\u00ed.<br \/>\n<\/b><b><\/b><span class=\"s1\">3\ufe0f\u20e3<\/span> Obdarovan\u00fd si n\u00e1sledn\u011b vybere, na co chce voucher uplatnit \u2013 sta\u010d\u00ed, kdy\u017e n\u00e1m nap\u00ed\u0161e na adresu <b>info@useyourtalents.org<\/b> a spole\u010dn\u011b to zprocesujeme.<\/p>\n<p class=\"p1\"><span class=\"s1\">\ud83c\udf84<\/span><b> Tip na d\u00e1rek<\/b><\/p>\n<p class=\"p1\">V \u010dase, kdy hled\u00e1me klid a rovnov\u00e1hu, m\u016f\u017ee b\u00fdt pr\u00e1v\u011b pozn\u00e1n\u00ed sebe sama t\u00edm nejv\u011bt\u0161\u00edm darem.<br \/>\nD\u00e1rkov\u00fd voucher si m\u016f\u017eete <b>ihned po n\u00e1kupu st\u00e1hnout, vytisknout a doplnit osobn\u00ed v\u011bnov\u00e1n\u00ed.<br \/>\n<\/b><b><\/b>Elegantn\u00ed, osobn\u00ed a smyslupln\u00fd d\u00e1rek, kter\u00fd pom\u00e1h\u00e1 naj\u00edt vnit\u0159n\u00ed klid.<\/p>\n<p class=\"p1\"><b>Pot\u0159ebujete fakturu pro firmu nebo v\u011bt\u0161\u00ed objem voucher\u016f?<br \/>\n<\/b>R\u00e1di v\u00e1m p\u0159iprav\u00edme <b>individu\u00e1ln\u00ed nab\u00eddku na m\u00edru<\/b> \u2013 kontaktujte n\u00e1s:<\/p>\n<div class=\"fusion-fullwidth fullwidth-box fusion-builder-row-1 fusion-flex-container has-pattern-background has-mask-background nonhundred-percent-fullwidth non-hundred-percent-height-scrolling\" style=\"--awb-border-radius-top-left:0px;--awb-border-radius-top-right:0px;--awb-border-radius-bottom-right:0px;--awb-border-radius-bottom-left:0px;--awb-flex-wrap:wrap;\" ><div class=\"fusion-builder-row fusion-row fusion-flex-align-items-flex-start fusion-flex-content-wrap\" style=\"max-width:1310.4px;margin-left: calc(-4% \/ 2 );margin-right: calc(-4% \/ 2 );\"><div class=\"fusion-layout-column fusion_builder_column fusion-builder-column-0 fusion_builder_column_1_6 1_6 fusion-flex-column\" style=\"--awb-bg-size:cover;--awb-width-large:16.6666666667%;--awb-margin-top-large:0px;--awb-spacing-right-large:0%;--awb-margin-bottom-large:20px;--awb-spacing-left-large:11.52%;--awb-width-medium:16.6666666667%;--awb-order-medium:0;--awb-spacing-right-medium:0%;--awb-spacing-left-medium:11.52%;--awb-width-small:100%;--awb-order-small:0;--awb-spacing-right-small:1.92%;--awb-spacing-left-small:1.92%;\"><div class=\"fusion-column-wrapper fusion-column-has-shadow fusion-flex-justify-content-flex-start fusion-content-layout-column\"><div class=\"fusion-image-element \" style=\"text-align:left;--awb-max-width:120px;--awb-caption-title-font-family:var(--h2_typography-font-family);--awb-caption-title-font-weight:var(--h2_typography-font-weight);--awb-caption-title-font-style:var(--h2_typography-font-style);--awb-caption-title-size:var(--h2_typography-font-size);--awb-caption-title-transform:var(--h2_typography-text-transform);--awb-caption-title-line-height:var(--h2_typography-line-height);--awb-caption-title-letter-spacing:var(--h2_typography-letter-spacing);\"><span class=\" fusion-imageframe imageframe-none imageframe-1 hover-type-none\" style=\"border-radius:8px;\"><img loading=\"lazy\" decoding=\"async\" width=\"800\" height=\"800\" title=\"tim_Michael_Koch\" src=\"https:\/\/useyourtalents.org\/wp-content\/uploads\/2026\/03\/Peter-Vittek_UYT-1.jpg\" alt class=\"img-responsive wp-image-7602\"\/><\/span><\/div><\/div><\/div><div class=\"fusion-layout-column fusion_builder_column fusion-builder-column-1 fusion_builder_column_2_3 2_3 fusion-flex-column\" style=\"--awb-bg-size:cover;--awb-width-large:66.6666666667%;--awb-margin-top-large:0px;--awb-spacing-right-large:2.88%;--awb-margin-bottom-large:20px;--awb-spacing-left-large:0%;--awb-width-medium:66.6666666667%;--awb-order-medium:0;--awb-spacing-right-medium:2.88%;--awb-spacing-left-medium:0%;--awb-width-small:100%;--awb-order-small:0;--awb-spacing-right-small:1.92%;--awb-spacing-left-small:1.92%;\"><div class=\"fusion-column-wrapper fusion-column-has-shadow fusion-flex-justify-content-flex-start fusion-content-layout-column\"><div class=\"fusion-title title fusion-title-1 fusion-sep-none fusion-title-text fusion-title-size-four\" style=\"--awb-text-color:var(--awb-color7);--awb-margin-top:5px;--awb-margin-bottom:0px;--awb-margin-top-small:20px;--awb-margin-right-small:0px;--awb-margin-bottom-small:10px;--awb-margin-left-small:0px;--awb-link-color:#000000;--awb-link-hover-color:var(--awb-color6);--awb-font-size:16px;\"><h4 class=\"fusion-title-heading title-heading-left\" style=\"margin:0;font-size:1em;\"><a class=\"awb-custom-text-color awb-custom-text-hover-color\" target=\"_self\"><strong>\u00a0\u00a0\u00a0Peter Vittek<\/strong><\/a><\/h4><\/div><div class=\"fusion-text fusion-text-1 fusion-text-no-margin\" style=\"--awb-font-size:16px;--awb-margin-bottom:5px;\"><p><strong>\u00a0\u00a0 <\/strong>Kou\u010d siln\u00fdch str\u00e1nek certifikovan\u00fd Gallup\u00ae<\/p>\n<\/div><div class=\"fusion-text fusion-text-2\" style=\"--awb-content-alignment:left;--awb-font-size:16px;\"><p><a href=\"mailto:peter.vittek@useyourtalents.org\">\u00a0\u00a0\u00a0peter.vittek@useyourtalents.org<\/a><br \/>\n<a href=\"tel:+420608122617\">\u00a0\u00a0\u00a0+420 608 122 617<\/a><\/p>\n<\/div><\/div><\/div><\/div><\/div>\n","protected":false},"excerpt":{"rendered":"<p class=\"p1\"><span class=\"s1\">\ud83c\udf81<\/span> Hled\u00e1te smyslupln\u00fd d\u00e1rek, ale nejste si jist\u00ed, kter\u00fd produkt vybrat?\u00a0Darujte mo\u017enost volby \u2013 <b>d\u00e1rkov\u00fd voucher Use Your Talents<\/b>.<\/p>\n<p class=\"p1\">Klid v du\u0161i znamen\u00e1 \u017e\u00edt v jednot\u011b s t\u00edm, kdo jsem. Kdy\u017e rozum\u00edme sami sob\u011b, z\u00edsk\u00e1v\u00e1me schopnost b\u00fdt autenticky sami sebou i v m\u011bn\u00edc\u00edm se sv\u011bt\u011b. Pr\u00e1v\u011b k tomu pom\u00e1haj\u00ed na\u0161e produkty. Voucher je vstupenkou do tohoto procesu.<\/p>\n<p class=\"p1\">Obdarovan\u00fd ho m\u016f\u017ee vyu\u017e\u00edt <b>na jak\u00fdkoli produkt nebo slu\u017ebu v na\u0161em e-shopu<\/b> \u2013\u00a0od <b>talentov\u00fdch test\u016f CliftonStrengths\u00ae<\/b>, p\u0159es <b>mentoringy a kou\u010dinky<\/b>, a\u017e po <b>semin\u00e1\u0159e a kurzy osobn\u00edho rozvoje<\/b>.<\/p>\n<p style=\"text-align: right;\"><a href=\"#popis\">Cel\u00fd popis \u00bb<\/a><\/p>\n","protected":false},"featured_media":10142,"template":"","meta":[],"product_brand":[],"product_cat":[61],"product_tag":[],"class_list":{"0":"post-10100","1":"product","2":"type-product","3":"status-publish","4":"has-post-thumbnail","6":"product_cat-use-your-talents-cs","8":"first","9":"instock","10":"taxable","11":"shipping-taxable","12":"purchasable","13":"product-type-variable"},"yoast_head":"<!-- This site is optimized with the Yoast SEO plugin v27.5 - https:\/\/yoast.com\/product\/yoast-seo-wordpress\/ -->\n<title>D\u00e1rkov\u00fd voucher v libovoln\u00e9 hodnot\u011b - Use Your Talents<\/title>\n<meta name=\"robots\" content=\"index, follow, max-snippet:-1, max-image-preview:large, max-video-preview:-1\" \/>\n<link rel=\"canonical\" href=\"https:\/\/useyourtalents.org\/cs\/eshop\/darkovy-voucher-v-libovolne-hodnote\/\" \/>\n<meta property=\"og:locale\" content=\"cs_CZ\" \/>\n<meta property=\"og:type\" content=\"article\" \/>\n<meta property=\"og:title\" content=\"D\u00e1rkov\u00fd voucher v libovoln\u00e9 hodnot\u011b - Use Your Talents\" \/>\n<meta property=\"og:description\" content=\"\ud83c\udf81 Hled\u00e1te smyslupln\u00fd d\u00e1rek, ale nejste si jist\u00ed, kter\u00fd produkt vybrat?\u00a0Darujte mo\u017enost volby \u2013 d\u00e1rkov\u00fd voucher Use Your Talents. Klid v du\u0161i znamen\u00e1 \u017e\u00edt v jednot\u011b s t\u00edm, kdo jsem. Kdy\u017e rozum\u00edme sami sob\u011b, z\u00edsk\u00e1v\u00e1me schopnost b\u00fdt autenticky sami sebou i v m\u011bn\u00edc\u00edm se sv\u011bt\u011b. Pr\u00e1v\u011b k tomu pom\u00e1haj\u00ed na\u0161e produkty. Voucher je vstupenkou do tohoto procesu. Obdarovan\u00fd ho m\u016f\u017ee vyu\u017e\u00edt na jak\u00fdkoli produkt nebo slu\u017ebu v na\u0161em e-shopu \u2013\u00a0od talentov\u00fdch test\u016f CliftonStrengths\u00ae, p\u0159es mentoringy a kou\u010dinky, a\u017e po semin\u00e1\u0159e a kurzy osobn\u00edho rozvoje. Cel\u00fd popis \u00bb\" \/>\n<meta property=\"og:url\" content=\"https:\/\/useyourtalents.org\/cs\/eshop\/darkovy-voucher-v-libovolne-hodnote\/\" \/>\n<meta property=\"og:site_name\" content=\"Use Your Talents\" \/>\n<meta property=\"article:modified_time\" content=\"2026-04-21T06:28:05+00:00\" \/>\n<meta property=\"og:image\" content=\"https:\/\/useyourtalents.org\/wp-content\/uploads\/2025\/11\/voucher-produkt.webp\" \/>\n\t<meta property=\"og:image:width\" content=\"800\" \/>\n\t<meta property=\"og:image:height\" content=\"800\" \/>\n\t<meta property=\"og:image:type\" content=\"image\/webp\" \/>\n<meta name=\"twitter:card\" content=\"summary_large_image\" \/>\n<meta name=\"twitter:label1\" content=\"Odhadovan\u00e1 doba \u010dten\u00ed\" \/>\n\t<meta name=\"twitter:data1\" content=\"2 minuty\" \/>\n<script type=\"application\/ld+json\" class=\"yoast-schema-graph\">{\"@context\":\"https:\\\/\\\/schema.org\",\"@graph\":[{\"@type\":\"WebPage\",\"@id\":\"https:\\\/\\\/useyourtalents.org\\\/cs\\\/eshop\\\/darkovy-voucher-v-libovolne-hodnote\\\/\",\"url\":\"https:\\\/\\\/useyourtalents.org\\\/cs\\\/eshop\\\/darkovy-voucher-v-libovolne-hodnote\\\/\",\"name\":\"D\u00e1rkov\u00fd voucher v libovoln\u00e9 hodnot\u011b - Use Your Talents\",\"isPartOf\":{\"@id\":\"https:\\\/\\\/useyourtalents.org\\\/cs\\\/#website\"},\"primaryImageOfPage\":{\"@id\":\"https:\\\/\\\/useyourtalents.org\\\/cs\\\/eshop\\\/darkovy-voucher-v-libovolne-hodnote\\\/#primaryimage\"},\"image\":{\"@id\":\"https:\\\/\\\/useyourtalents.org\\\/cs\\\/eshop\\\/darkovy-voucher-v-libovolne-hodnote\\\/#primaryimage\"},\"thumbnailUrl\":\"https:\\\/\\\/useyourtalents.org\\\/wp-content\\\/uploads\\\/2025\\\/11\\\/voucher-produkt.webp\",\"datePublished\":\"2025-11-12T11:42:48+00:00\",\"dateModified\":\"2026-04-21T06:28:05+00:00\",\"breadcrumb\":{\"@id\":\"https:\\\/\\\/useyourtalents.org\\\/cs\\\/eshop\\\/darkovy-voucher-v-libovolne-hodnote\\\/#breadcrumb\"},\"inLanguage\":\"cs\",\"potentialAction\":[{\"@type\":\"ReadAction\",\"target\":[\"https:\\\/\\\/useyourtalents.org\\\/cs\\\/eshop\\\/darkovy-voucher-v-libovolne-hodnote\\\/\"]}]},{\"@type\":\"ImageObject\",\"inLanguage\":\"cs\",\"@id\":\"https:\\\/\\\/useyourtalents.org\\\/cs\\\/eshop\\\/darkovy-voucher-v-libovolne-hodnote\\\/#primaryimage\",\"url\":\"https:\\\/\\\/useyourtalents.org\\\/wp-content\\\/uploads\\\/2025\\\/11\\\/voucher-produkt.webp\",\"contentUrl\":\"https:\\\/\\\/useyourtalents.org\\\/wp-content\\\/uploads\\\/2025\\\/11\\\/voucher-produkt.webp\",\"width\":800,\"height\":800},{\"@type\":\"BreadcrumbList\",\"@id\":\"https:\\\/\\\/useyourtalents.org\\\/cs\\\/eshop\\\/darkovy-voucher-v-libovolne-hodnote\\\/#breadcrumb\",\"itemListElement\":[{\"@type\":\"ListItem\",\"position\":1,\"name\":\"Domovsk\u00e1 str\u00e1nka\",\"item\":\"https:\\\/\\\/useyourtalents.org\\\/cs\\\/\"},{\"@type\":\"ListItem\",\"position\":2,\"name\":\"Eshop\",\"item\":\"https:\\\/\\\/useyourtalents.org\\\/cs\\\/eshop\\\/\"},{\"@type\":\"ListItem\",\"position\":3,\"name\":\"D\u00e1rkov\u00fd voucher v libovoln\u00e9 hodnot\u011b\"}]},{\"@type\":\"WebSite\",\"@id\":\"https:\\\/\\\/useyourtalents.org\\\/cs\\\/#website\",\"url\":\"https:\\\/\\\/useyourtalents.org\\\/cs\\\/\",\"name\":\"Use Your Talents\",\"description\":\"Objavte svoje talenty\",\"publisher\":{\"@id\":\"https:\\\/\\\/useyourtalents.org\\\/cs\\\/#organization\"},\"potentialAction\":[{\"@type\":\"SearchAction\",\"target\":{\"@type\":\"EntryPoint\",\"urlTemplate\":\"https:\\\/\\\/useyourtalents.org\\\/cs\\\/?s={search_term_string}\"},\"query-input\":{\"@type\":\"PropertyValueSpecification\",\"valueRequired\":true,\"valueName\":\"search_term_string\"}}],\"inLanguage\":\"cs\"},{\"@type\":\"Organization\",\"@id\":\"https:\\\/\\\/useyourtalents.org\\\/cs\\\/#organization\",\"name\":\"Use Your Talents, s.r.o.\",\"url\":\"https:\\\/\\\/useyourtalents.org\\\/cs\\\/\",\"logo\":{\"@type\":\"ImageObject\",\"inLanguage\":\"cs\",\"@id\":\"https:\\\/\\\/useyourtalents.org\\\/cs\\\/#\\\/schema\\\/logo\\\/image\\\/\",\"url\":\"https:\\\/\\\/useyourtalents.org\\\/wp-content\\\/uploads\\\/2021\\\/11\\\/UseYourTalents_svg.svg\",\"contentUrl\":\"https:\\\/\\\/useyourtalents.org\\\/wp-content\\\/uploads\\\/2021\\\/11\\\/UseYourTalents_svg.svg\",\"width\":566,\"height\":215,\"caption\":\"Use Your Talents, s.r.o.\"},\"image\":{\"@id\":\"https:\\\/\\\/useyourtalents.org\\\/cs\\\/#\\\/schema\\\/logo\\\/image\\\/\"}}]}<\/script>\n<!-- \/ Yoast SEO plugin. -->","yoast_head_json":{"title":"D\u00e1rkov\u00fd voucher v libovoln\u00e9 hodnot\u011b - Use Your Talents","robots":{"index":"index","follow":"follow","max-snippet":"max-snippet:-1","max-image-preview":"max-image-preview:large","max-video-preview":"max-video-preview:-1"},"canonical":"https:\/\/useyourtalents.org\/cs\/eshop\/darkovy-voucher-v-libovolne-hodnote\/","og_locale":"cs_CZ","og_type":"article","og_title":"D\u00e1rkov\u00fd voucher v libovoln\u00e9 hodnot\u011b - Use Your Talents","og_description":"\ud83c\udf81 Hled\u00e1te smyslupln\u00fd d\u00e1rek, ale nejste si jist\u00ed, kter\u00fd produkt vybrat?\u00a0Darujte mo\u017enost volby \u2013 d\u00e1rkov\u00fd voucher Use Your Talents. Klid v du\u0161i znamen\u00e1 \u017e\u00edt v jednot\u011b s t\u00edm, kdo jsem. Kdy\u017e rozum\u00edme sami sob\u011b, z\u00edsk\u00e1v\u00e1me schopnost b\u00fdt autenticky sami sebou i v m\u011bn\u00edc\u00edm se sv\u011bt\u011b. Pr\u00e1v\u011b k tomu pom\u00e1haj\u00ed na\u0161e produkty. Voucher je vstupenkou do tohoto procesu. Obdarovan\u00fd ho m\u016f\u017ee vyu\u017e\u00edt na jak\u00fdkoli produkt nebo slu\u017ebu v na\u0161em e-shopu \u2013\u00a0od talentov\u00fdch test\u016f CliftonStrengths\u00ae, p\u0159es mentoringy a kou\u010dinky, a\u017e po semin\u00e1\u0159e a kurzy osobn\u00edho rozvoje. Cel\u00fd popis \u00bb","og_url":"https:\/\/useyourtalents.org\/cs\/eshop\/darkovy-voucher-v-libovolne-hodnote\/","og_site_name":"Use Your Talents","article_modified_time":"2026-04-21T06:28:05+00:00","og_image":[{"width":800,"height":800,"url":"https:\/\/useyourtalents.org\/wp-content\/uploads\/2025\/11\/voucher-produkt.webp","type":"image\/webp"}],"twitter_card":"summary_large_image","twitter_misc":{"Odhadovan\u00e1 doba \u010dten\u00ed":"2 minuty"},"schema":{"@context":"https:\/\/schema.org","@graph":[{"@type":"WebPage","@id":"https:\/\/useyourtalents.org\/cs\/eshop\/darkovy-voucher-v-libovolne-hodnote\/","url":"https:\/\/useyourtalents.org\/cs\/eshop\/darkovy-voucher-v-libovolne-hodnote\/","name":"D\u00e1rkov\u00fd voucher v libovoln\u00e9 hodnot\u011b - Use Your Talents","isPartOf":{"@id":"https:\/\/useyourtalents.org\/cs\/#website"},"primaryImageOfPage":{"@id":"https:\/\/useyourtalents.org\/cs\/eshop\/darkovy-voucher-v-libovolne-hodnote\/#primaryimage"},"image":{"@id":"https:\/\/useyourtalents.org\/cs\/eshop\/darkovy-voucher-v-libovolne-hodnote\/#primaryimage"},"thumbnailUrl":"https:\/\/useyourtalents.org\/wp-content\/uploads\/2025\/11\/voucher-produkt.webp","datePublished":"2025-11-12T11:42:48+00:00","dateModified":"2026-04-21T06:28:05+00:00","breadcrumb":{"@id":"https:\/\/useyourtalents.org\/cs\/eshop\/darkovy-voucher-v-libovolne-hodnote\/#breadcrumb"},"inLanguage":"cs","potentialAction":[{"@type":"ReadAction","target":["https:\/\/useyourtalents.org\/cs\/eshop\/darkovy-voucher-v-libovolne-hodnote\/"]}]},{"@type":"ImageObject","inLanguage":"cs","@id":"https:\/\/useyourtalents.org\/cs\/eshop\/darkovy-voucher-v-libovolne-hodnote\/#primaryimage","url":"https:\/\/useyourtalents.org\/wp-content\/uploads\/2025\/11\/voucher-produkt.webp","contentUrl":"https:\/\/useyourtalents.org\/wp-content\/uploads\/2025\/11\/voucher-produkt.webp","width":800,"height":800},{"@type":"BreadcrumbList","@id":"https:\/\/useyourtalents.org\/cs\/eshop\/darkovy-voucher-v-libovolne-hodnote\/#breadcrumb","itemListElement":[{"@type":"ListItem","position":1,"name":"Domovsk\u00e1 str\u00e1nka","item":"https:\/\/useyourtalents.org\/cs\/"},{"@type":"ListItem","position":2,"name":"Eshop","item":"https:\/\/useyourtalents.org\/cs\/eshop\/"},{"@type":"ListItem","position":3,"name":"D\u00e1rkov\u00fd voucher v libovoln\u00e9 hodnot\u011b"}]},{"@type":"WebSite","@id":"https:\/\/useyourtalents.org\/cs\/#website","url":"https:\/\/useyourtalents.org\/cs\/","name":"Use Your Talents","description":"Objavte svoje talenty","publisher":{"@id":"https:\/\/useyourtalents.org\/cs\/#organization"},"potentialAction":[{"@type":"SearchAction","target":{"@type":"EntryPoint","urlTemplate":"https:\/\/useyourtalents.org\/cs\/?s={search_term_string}"},"query-input":{"@type":"PropertyValueSpecification","valueRequired":true,"valueName":"search_term_string"}}],"inLanguage":"cs"},{"@type":"Organization","@id":"https:\/\/useyourtalents.org\/cs\/#organization","name":"Use Your Talents, s.r.o.","url":"https:\/\/useyourtalents.org\/cs\/","logo":{"@type":"ImageObject","inLanguage":"cs","@id":"https:\/\/useyourtalents.org\/cs\/#\/schema\/logo\/image\/","url":"https:\/\/useyourtalents.org\/wp-content\/uploads\/2021\/11\/UseYourTalents_svg.svg","contentUrl":"https:\/\/useyourtalents.org\/wp-content\/uploads\/2021\/11\/UseYourTalents_svg.svg","width":566,"height":215,"caption":"Use Your Talents, s.r.o."},"image":{"@id":"https:\/\/useyourtalents.org\/cs\/#\/schema\/logo\/image\/"}}]}},"_links":{"self":[{"href":"https:\/\/useyourtalents.org\/cs\/wp-json\/wp\/v2\/product\/10100","targetHints":{"allow":["GET"]}}],"collection":[{"href":"https:\/\/useyourtalents.org\/cs\/wp-json\/wp\/v2\/product"}],"about":[{"href":"https:\/\/useyourtalents.org\/cs\/wp-json\/wp\/v2\/types\/product"}],"wp:featuredmedia":[{"embeddable":true,"href":"https:\/\/useyourtalents.org\/cs\/wp-json\/wp\/v2\/media\/10142"}],"wp:attachment":[{"href":"https:\/\/useyourtalents.org\/cs\/wp-json\/wp\/v2\/media?parent=10100"}],"wp:term":[{"taxonomy":"product_brand","embeddable":true,"href":"https:\/\/useyourtalents.org\/cs\/wp-json\/wp\/v2\/product_brand?post=10100"},{"taxonomy":"product_cat","embeddable":true,"href":"https:\/\/useyourtalents.org\/cs\/wp-json\/wp\/v2\/product_cat?post=10100"},{"taxonomy":"product_tag","embeddable":true,"href":"https:\/\/useyourtalents.org\/cs\/wp-json\/wp\/v2\/product_tag?post=10100"}],"curies":[{"name":"wp","href":"https:\/\/api.w.org\/{rel}","templated":true}]}}