{"id":8515,"date":"2025-02-17T10:05:45","date_gmt":"2025-02-17T09:05:45","guid":{"rendered":"https:\/\/useyourtalents.org\/?page_id=8515"},"modified":"2025-02-17T10:05:45","modified_gmt":"2025-02-17T09:05:45","slug":"postup","status":"publish","type":"page","link":"https:\/\/useyourtalents.org\/cs\/postup\/","title":{"rendered":"Postup na vyplnenie talentov\u00e9ho dotazn\u00edka"},"content":{"rendered":"<div class=\"fusion-fullwidth fullwidth-box fusion-builder-row-1 fusion-flex-container nonhundred-percent-fullwidth non-hundred-percent-height-scrolling\" style=\"--awb-border-radius-top-left:0px;--awb-border-radius-top-right:0px;--awb-border-radius-bottom-right:0px;--awb-border-radius-bottom-left:0px;--awb-padding-bottom:0px;--awb-margin-bottom:10px;--awb-flex-wrap:wrap;\" ><div class=\"fusion-builder-row fusion-row fusion-flex-align-items-flex-start fusion-flex-justify-content-center fusion-flex-content-wrap\" style=\"max-width:1310.4px;margin-left: calc(-4% \/ 2 );margin-right: calc(-4% \/ 2 );\"><div class=\"fusion-layout-column fusion_builder_column fusion-builder-column-0 fusion_builder_column_3_4 3_4 fusion-flex-column\" style=\"--awb-bg-size:cover;--awb-width-large:75%;--awb-margin-top-large:0px;--awb-spacing-right-large:2.56%;--awb-margin-bottom-large:0px;--awb-spacing-left-large:2.56%;--awb-width-medium:75%;--awb-order-medium:0;--awb-spacing-right-medium:2.56%;--awb-spacing-left-medium:2.56%;--awb-width-small:100%;--awb-order-small:0;--awb-spacing-right-small:1.92%;--awb-spacing-left-small:1.92%;\"><div class=\"fusion-column-wrapper fusion-column-has-shadow fusion-flex-justify-content-center fusion-content-layout-column\"><div class=\"fusion-title title fusion-title-1 fusion-sep-none fusion-title-center fusion-title-text fusion-title-size-six\" style=\"--awb-text-color:#d2003c;--awb-margin-top-small:10px;--awb-margin-right-small:0px;--awb-margin-bottom-small:10px;--awb-margin-left-small:0px;\"><h6 class=\"fusion-title-heading title-heading-center\" style=\"margin:0;text-transform:uppercase;\">USE YOUR TALENTS<\/h6><\/div><div class=\"fusion-title title fusion-title-2 fusion-sep-none fusion-title-center fusion-title-text fusion-title-size-one\" style=\"--awb-margin-bottom:30px;--awb-margin-top-small:10px;--awb-margin-right-small:0px;--awb-margin-bottom-small:10px;--awb-margin-left-small:0px;--awb-font-size:50px;\"><h1 class=\"fusion-title-heading title-heading-center\" style=\"margin:0;font-size:1em;line-height:1.3;\">Postup pro \u00fasp\u011b\u0161n\u00e9 vypln\u011bn\u00ed Talentov\u00e9ho dotazn\u00edku<\/h1><\/div><\/div><\/div><div class=\"fusion-layout-column fusion_builder_column fusion-builder-column-1 fusion_builder_column_1_1 1_1 fusion-flex-column\" style=\"--awb-bg-size:cover;--awb-width-large:100%;--awb-margin-top-large:0px;--awb-spacing-right-large:1.92%;--awb-margin-bottom-large:20px;--awb-spacing-left-large:1.92%;--awb-width-medium:100%;--awb-order-medium:0;--awb-spacing-right-medium:1.92%;--awb-spacing-left-medium:1.92%;--awb-width-small:100%;--awb-order-small:0;--awb-spacing-right-small:1.92%;--awb-spacing-left-small:1.92%;\"><div class=\"fusion-column-wrapper fusion-column-has-shadow fusion-flex-justify-content-flex-start fusion-content-layout-column\"><div class=\"fusion-text fusion-text-1 fusion-text-no-margin\" style=\"--awb-margin-bottom:20px;\"><p>Vyberte si jednu z n\u00e1sleduj\u00edc\u00edch mo\u017enost\u00ed \u2013 klikn\u011bte na nadpis:<\/p>\n<\/div><div class=\"fusion-title title fusion-title-3 fusion-sep-none fusion-title-text fusion-title-size-three\" style=\"--awb-margin-top-small:10px;--awb-margin-right-small:0px;--awb-margin-bottom-small:10px;--awb-margin-left-small:0px;--awb-link-hover-color:var(--awb-custom10);--awb-font-size:24px;\"><h3 class=\"fusion-title-heading title-heading-left\" style=\"margin:0;font-size:1em;\"><a href=\"https:\/\/useyourtalents.org\/cs\/postup-novy-zakaznik\/\" class=\"awb-custom-text-color awb-custom-text-hover-color\" target=\"_self\">A. <span style=\"text-decoration: underline;\">Jsem nov\u00fd z\u00e1kazn\u00edk Gallup<\/span><\/a><\/h3><\/div><div class=\"fusion-text fusion-text-2 fusion-text-no-margin\" style=\"--awb-margin-bottom:0px;\"><p>Pokud jste nov\u00fd u\u017eivatel a je\u0161t\u011b nem\u00e1te vytvo\u0159en\u00fd \u017e\u00e1dn\u00fd \u00fa\u010det na Gallup.<\/p>\n<\/div><div style=\"text-align:left;\"><a class=\"fusion-button button-flat button-large button-custom fusion-button-default button-1 fusion-button-span-no fusion-button-default-type\" style=\"--awb-margin-top:10px;--awb-margin-bottom:30px;--button_accent_color:var(--awb-custom10);--button_border_color:var(--awb-custom10);--button_accent_hover_color:#ffffff;--button_border_hover_color:var(--awb-custom10);--button_gradient_top_color:rgba(255,255,255,0.5);--button_gradient_bottom_color:rgba(255,255,255,0.5);--button_gradient_top_color_hover:var(--awb-custom10);--button_gradient_bottom_color_hover:var(--awb-custom10);\" target=\"_self\" href=\"https:\/\/useyourtalents.org\/cs\/postup-novy-zakaznik\/\"><span class=\"fusion-button-text awb-button__text awb-button__text--default\">Postup pro vypln\u011bn\u00ed<\/span><\/a><\/div><div class=\"fusion-title title fusion-title-4 fusion-sep-none fusion-title-text fusion-title-size-three\" style=\"--awb-margin-top-small:10px;--awb-margin-right-small:0px;--awb-margin-bottom-small:10px;--awb-margin-left-small:0px;--awb-link-hover-color:var(--awb-custom10);--awb-font-size:24px;\"><h3 class=\"fusion-title-heading title-heading-left\" style=\"margin:0;font-size:1em;\"><a href=\"https:\/\/useyourtalents.org\/cs\/postup-upgrade\/\" class=\"awb-custom-text-color awb-custom-text-hover-color\" target=\"_self\">B. <span style=\"text-decoration: underline;\">Upgraduji z TOP 5 na ALL 34<\/span><\/a><\/h3><\/div><div class=\"fusion-text fusion-text-3 fusion-text-no-margin\" style=\"--awb-margin-bottom:0px;\"><p>Pokud ji\u017e m\u00e1te sv\u00fdch TOP5 talent\u016f na Gallup \u00fa\u010dtu a koupili jste si upgrade na ALL 34, p\u0159ihlaste se k \u00fa\u010dtu, na kter\u00e9m m\u00e1te sv\u00fdch TOP 5.<\/p>\n<\/div><div style=\"text-align:left;\"><a class=\"fusion-button button-flat button-large button-custom fusion-button-default button-2 fusion-button-span-no fusion-button-default-type\" style=\"--awb-margin-top:10px;--awb-margin-bottom:30px;--button_accent_color:var(--awb-custom10);--button_border_color:var(--awb-custom10);--button_accent_hover_color:#ffffff;--button_border_hover_color:var(--awb-custom10);--button_gradient_top_color:rgba(255,255,255,0.5);--button_gradient_bottom_color:rgba(255,255,255,0.5);--button_gradient_top_color_hover:var(--awb-custom10);--button_gradient_bottom_color_hover:var(--awb-custom10);\" target=\"_self\" href=\"https:\/\/useyourtalents.org\/cs\/postup-upgrade\/\"><span class=\"fusion-button-text awb-button__text awb-button__text--default\">Postup pro vypln\u011bn\u00ed<\/span><\/a><\/div><div class=\"fusion-title title fusion-title-5 fusion-sep-none fusion-title-text fusion-title-size-three\" style=\"--awb-margin-top-small:10px;--awb-margin-right-small:0px;--awb-margin-bottom-small:10px;--awb-margin-left-small:0px;--awb-link-hover-color:var(--awb-custom10);--awb-font-size:24px;\"><h3 class=\"fusion-title-heading title-heading-left\" style=\"margin:0;font-size:1em;\"><a href=\"https:\/\/useyourtalents.org\/cs\/postup-jako-zopakovat-dotaznik\/\" class=\"awb-custom-text-color awb-custom-text-hover-color\" target=\"_self\">C. <span style=\"text-decoration: underline;\">Ji\u017e m\u00e1m Gallup \u00fa\u010det a chci si po \u010dase ud\u011blat dotazn\u00edk znovu<\/span><\/a><\/h3><\/div><div class=\"fusion-text fusion-text-4 fusion-text-no-margin\" style=\"--awb-margin-bottom:0px;\"><p>Pro vypln\u011bn\u00ed nov\u00e9ho dotazn\u00edku (kdy\u017e u\u017e jste si dotazn\u00edk n\u011bkdy v minulosti ud\u011blali), si mus\u00edte z\u0159\u00eddit nov\u00fd \u00fa\u010det na Gallupu a pou\u017e\u00edt k tomu novou e-mailovou adresu.<\/p>\n<\/div><div style=\"text-align:left;\"><a class=\"fusion-button button-flat button-large button-custom fusion-button-default button-3 fusion-button-span-no fusion-button-default-type\" style=\"--awb-margin-top:10px;--awb-margin-bottom:30px;--button_accent_color:var(--awb-custom10);--button_border_color:var(--awb-custom10);--button_accent_hover_color:#ffffff;--button_border_hover_color:var(--awb-custom10);--button_gradient_top_color:rgba(255,255,255,0.5);--button_gradient_bottom_color:rgba(255,255,255,0.5);--button_gradient_top_color_hover:var(--awb-custom10);--button_gradient_bottom_color_hover:var(--awb-custom10);\" target=\"_self\" href=\"https:\/\/useyourtalents.org\/cs\/postup-jako-zopakovat-dotaznik\/\"><span class=\"fusion-button-text awb-button__text awb-button__text--default\">Postup pro vypln\u011bn\u00ed<\/span><\/a><\/div><div class=\"fusion-title title fusion-title-6 fusion-sep-none fusion-title-text fusion-title-size-three\" style=\"--awb-margin-top-small:10px;--awb-margin-right-small:0px;--awb-margin-bottom-small:10px;--awb-margin-left-small:0px;--awb-link-hover-color:var(--awb-custom10);--awb-font-size:24px;\"><h3 class=\"fusion-title-heading title-heading-left\" style=\"margin:0;font-size:1em;\"><a href=\"https:\/\/useyourtalents.org\/cs\/postup-reseni-problemu\/\" class=\"awb-custom-text-color awb-custom-text-hover-color\" target=\"_self\">D. <span style=\"text-decoration: underline;\">\u0158e\u0161en\u00ed probl\u00e9m\u016f<\/span><\/a><\/h3><\/div><div style=\"text-align:left;\"><a class=\"fusion-button button-flat button-large button-custom fusion-button-default button-4 fusion-button-span-no fusion-button-default-type\" style=\"--awb-margin-top:10px;--awb-margin-bottom:30px;--button_accent_color:var(--awb-custom10);--button_border_color:var(--awb-custom10);--button_accent_hover_color:#ffffff;--button_border_hover_color:var(--awb-custom10);--button_gradient_top_color:rgba(255,255,255,0.5);--button_gradient_bottom_color:rgba(255,255,255,0.5);--button_gradient_top_color_hover:var(--awb-custom10);--button_gradient_bottom_color_hover:var(--awb-custom10);\" target=\"_self\" href=\"https:\/\/useyourtalents.org\/cs\/postup-reseni-problemu\/\"><span class=\"fusion-button-text awb-button__text awb-button__text--default\">V\u00edce informac\u00ed<\/span><\/a><\/div><div class=\"fusion-text fusion-text-5 fusion-text-no-margin\" style=\"--awb-margin-bottom:20px;\"><p>Vyberte si jednu z n\u00e1sleduj\u00edc\u00edch mo\u017enost\u00ed \u2013 klikn\u011bte na nadpis:<\/p>\n<\/div><\/div><\/div><\/div><\/div>\n","protected":false},"excerpt":{"rendered":"","protected":false},"author":73,"featured_media":0,"parent":0,"menu_order":0,"comment_status":"closed","ping_status":"closed","template":"100-width.php","meta":{"footnotes":""},"class_list":["post-8515","page","type-page","status-publish","hentry"],"yoast_head":"<!-- This site is optimized with the Yoast SEO plugin v27.5 - https:\/\/yoast.com\/product\/yoast-seo-wordpress\/ -->\n<title>Postup na vyplnenie talentov\u00e9ho dotazn\u00edka - Use Your Talents<\/title>\n<meta name=\"description\" content=\"Radi v\u00e1s budeme sprev\u00e1dza\u0165 na ceste objavovania a rozv\u00edjania va\u0161ich talentov i talentov va\u0161ich t\u00edmov a kolekt\u00edvov.\" \/>\n<meta name=\"robots\" content=\"index, follow, max-snippet:-1, max-image-preview:large, max-video-preview:-1\" \/>\n<link rel=\"canonical\" href=\"https:\/\/useyourtalents.org\/cs\/postup\/\" \/>\n<meta property=\"og:locale\" content=\"cs_CZ\" \/>\n<meta property=\"og:type\" content=\"article\" \/>\n<meta property=\"og:title\" content=\"Postup na vyplnenie talentov\u00e9ho dotazn\u00edka - Use Your Talents\" \/>\n<meta property=\"og:description\" content=\"Radi v\u00e1s budeme sprev\u00e1dza\u0165 na ceste objavovania a rozv\u00edjania va\u0161ich talentov i talentov va\u0161ich t\u00edmov a kolekt\u00edvov.\" \/>\n<meta property=\"og:url\" content=\"https:\/\/useyourtalents.org\/cs\/postup\/\" \/>\n<meta property=\"og:site_name\" content=\"Use Your Talents\" \/>\n<meta name=\"twitter:card\" content=\"summary_large_image\" \/>\n<meta name=\"twitter:label1\" content=\"Odhadovan\u00e1 doba \u010dten\u00ed\" \/>\n\t<meta name=\"twitter:data1\" content=\"1 minuta\" \/>\n<script type=\"application\/ld+json\" class=\"yoast-schema-graph\">{\"@context\":\"https:\\\/\\\/schema.org\",\"@graph\":[{\"@type\":\"WebPage\",\"@id\":\"https:\\\/\\\/useyourtalents.org\\\/cs\\\/postup\\\/\",\"url\":\"https:\\\/\\\/useyourtalents.org\\\/cs\\\/postup\\\/\",\"name\":\"Postup na vyplnenie talentov\u00e9ho dotazn\u00edka - Use Your Talents\",\"isPartOf\":{\"@id\":\"https:\\\/\\\/useyourtalents.org\\\/cs\\\/#website\"},\"datePublished\":\"2025-02-17T09:05:45+00:00\",\"description\":\"Radi v\u00e1s budeme sprev\u00e1dza\u0165 na ceste objavovania a rozv\u00edjania va\u0161ich talentov i talentov va\u0161ich t\u00edmov a kolekt\u00edvov.\",\"breadcrumb\":{\"@id\":\"https:\\\/\\\/useyourtalents.org\\\/cs\\\/postup\\\/#breadcrumb\"},\"inLanguage\":\"cs\",\"potentialAction\":[{\"@type\":\"ReadAction\",\"target\":[\"https:\\\/\\\/useyourtalents.org\\\/cs\\\/postup\\\/\"]}]},{\"@type\":\"BreadcrumbList\",\"@id\":\"https:\\\/\\\/useyourtalents.org\\\/cs\\\/postup\\\/#breadcrumb\",\"itemListElement\":[{\"@type\":\"ListItem\",\"position\":1,\"name\":\"Domovsk\u00e1 str\u00e1nka\",\"item\":\"https:\\\/\\\/useyourtalents.org\\\/cs\\\/\"},{\"@type\":\"ListItem\",\"position\":2,\"name\":\"Postup na vyplnenie talentov\u00e9ho dotazn\u00edka\"}]},{\"@type\":\"WebSite\",\"@id\":\"https:\\\/\\\/useyourtalents.org\\\/cs\\\/#website\",\"url\":\"https:\\\/\\\/useyourtalents.org\\\/cs\\\/\",\"name\":\"Use Your Talents\",\"description\":\"Objavte svoje talenty\",\"publisher\":{\"@id\":\"https:\\\/\\\/useyourtalents.org\\\/cs\\\/#organization\"},\"potentialAction\":[{\"@type\":\"SearchAction\",\"target\":{\"@type\":\"EntryPoint\",\"urlTemplate\":\"https:\\\/\\\/useyourtalents.org\\\/cs\\\/?s={search_term_string}\"},\"query-input\":{\"@type\":\"PropertyValueSpecification\",\"valueRequired\":true,\"valueName\":\"search_term_string\"}}],\"inLanguage\":\"cs\"},{\"@type\":\"Organization\",\"@id\":\"https:\\\/\\\/useyourtalents.org\\\/cs\\\/#organization\",\"name\":\"Use Your Talents, s.r.o.\",\"url\":\"https:\\\/\\\/useyourtalents.org\\\/cs\\\/\",\"logo\":{\"@type\":\"ImageObject\",\"inLanguage\":\"cs\",\"@id\":\"https:\\\/\\\/useyourtalents.org\\\/cs\\\/#\\\/schema\\\/logo\\\/image\\\/\",\"url\":\"https:\\\/\\\/useyourtalents.org\\\/wp-content\\\/uploads\\\/2021\\\/11\\\/UseYourTalents_svg.svg\",\"contentUrl\":\"https:\\\/\\\/useyourtalents.org\\\/wp-content\\\/uploads\\\/2021\\\/11\\\/UseYourTalents_svg.svg\",\"width\":566,\"height\":215,\"caption\":\"Use Your Talents, s.r.o.\"},\"image\":{\"@id\":\"https:\\\/\\\/useyourtalents.org\\\/cs\\\/#\\\/schema\\\/logo\\\/image\\\/\"}}]}<\/script>\n<!-- \/ Yoast SEO plugin. -->","yoast_head_json":{"title":"Postup na vyplnenie talentov\u00e9ho dotazn\u00edka - Use Your Talents","description":"Radi v\u00e1s budeme sprev\u00e1dza\u0165 na ceste objavovania a rozv\u00edjania va\u0161ich talentov i talentov va\u0161ich t\u00edmov a kolekt\u00edvov.","robots":{"index":"index","follow":"follow","max-snippet":"max-snippet:-1","max-image-preview":"max-image-preview:large","max-video-preview":"max-video-preview:-1"},"canonical":"https:\/\/useyourtalents.org\/cs\/postup\/","og_locale":"cs_CZ","og_type":"article","og_title":"Postup na vyplnenie talentov\u00e9ho dotazn\u00edka - Use Your Talents","og_description":"Radi v\u00e1s budeme sprev\u00e1dza\u0165 na ceste objavovania a rozv\u00edjania va\u0161ich talentov i talentov va\u0161ich t\u00edmov a kolekt\u00edvov.","og_url":"https:\/\/useyourtalents.org\/cs\/postup\/","og_site_name":"Use Your Talents","twitter_card":"summary_large_image","twitter_misc":{"Odhadovan\u00e1 doba \u010dten\u00ed":"1 minuta"},"schema":{"@context":"https:\/\/schema.org","@graph":[{"@type":"WebPage","@id":"https:\/\/useyourtalents.org\/cs\/postup\/","url":"https:\/\/useyourtalents.org\/cs\/postup\/","name":"Postup na vyplnenie talentov\u00e9ho dotazn\u00edka - Use Your Talents","isPartOf":{"@id":"https:\/\/useyourtalents.org\/cs\/#website"},"datePublished":"2025-02-17T09:05:45+00:00","description":"Radi v\u00e1s budeme sprev\u00e1dza\u0165 na ceste objavovania a rozv\u00edjania va\u0161ich talentov i talentov va\u0161ich t\u00edmov a kolekt\u00edvov.","breadcrumb":{"@id":"https:\/\/useyourtalents.org\/cs\/postup\/#breadcrumb"},"inLanguage":"cs","potentialAction":[{"@type":"ReadAction","target":["https:\/\/useyourtalents.org\/cs\/postup\/"]}]},{"@type":"BreadcrumbList","@id":"https:\/\/useyourtalents.org\/cs\/postup\/#breadcrumb","itemListElement":[{"@type":"ListItem","position":1,"name":"Domovsk\u00e1 str\u00e1nka","item":"https:\/\/useyourtalents.org\/cs\/"},{"@type":"ListItem","position":2,"name":"Postup na vyplnenie talentov\u00e9ho dotazn\u00edka"}]},{"@type":"WebSite","@id":"https:\/\/useyourtalents.org\/cs\/#website","url":"https:\/\/useyourtalents.org\/cs\/","name":"Use Your Talents","description":"Objavte svoje talenty","publisher":{"@id":"https:\/\/useyourtalents.org\/cs\/#organization"},"potentialAction":[{"@type":"SearchAction","target":{"@type":"EntryPoint","urlTemplate":"https:\/\/useyourtalents.org\/cs\/?s={search_term_string}"},"query-input":{"@type":"PropertyValueSpecification","valueRequired":true,"valueName":"search_term_string"}}],"inLanguage":"cs"},{"@type":"Organization","@id":"https:\/\/useyourtalents.org\/cs\/#organization","name":"Use Your Talents, s.r.o.","url":"https:\/\/useyourtalents.org\/cs\/","logo":{"@type":"ImageObject","inLanguage":"cs","@id":"https:\/\/useyourtalents.org\/cs\/#\/schema\/logo\/image\/","url":"https:\/\/useyourtalents.org\/wp-content\/uploads\/2021\/11\/UseYourTalents_svg.svg","contentUrl":"https:\/\/useyourtalents.org\/wp-content\/uploads\/2021\/11\/UseYourTalents_svg.svg","width":566,"height":215,"caption":"Use Your Talents, s.r.o."},"image":{"@id":"https:\/\/useyourtalents.org\/cs\/#\/schema\/logo\/image\/"}}]}},"rttpg_featured_image_url":null,"rttpg_author":{"display_name":"radovan.ivanic","author_link":"https:\/\/useyourtalents.org\/cs\/author\/radovan-ivancic\/"},"rttpg_comment":0,"rttpg_category":" <a href=\"https:\/\/useyourtalents.org\/cs\/?taxonomy=translation_priority&#038;term=optional-cs\" rel=\"tag\">Optional<\/a>","rttpg_excerpt":null,"_links":{"self":[{"href":"https:\/\/useyourtalents.org\/cs\/wp-json\/wp\/v2\/pages\/8515","targetHints":{"allow":["GET"]}}],"collection":[{"href":"https:\/\/useyourtalents.org\/cs\/wp-json\/wp\/v2\/pages"}],"about":[{"href":"https:\/\/useyourtalents.org\/cs\/wp-json\/wp\/v2\/types\/page"}],"author":[{"embeddable":true,"href":"https:\/\/useyourtalents.org\/cs\/wp-json\/wp\/v2\/users\/73"}],"replies":[{"embeddable":true,"href":"https:\/\/useyourtalents.org\/cs\/wp-json\/wp\/v2\/comments?post=8515"}],"version-history":[{"count":0,"href":"https:\/\/useyourtalents.org\/cs\/wp-json\/wp\/v2\/pages\/8515\/revisions"}],"wp:attachment":[{"href":"https:\/\/useyourtalents.org\/cs\/wp-json\/wp\/v2\/media?parent=8515"}],"curies":[{"name":"wp","href":"https:\/\/api.w.org\/{rel}","templated":true}]}}