{"id":7209,"date":"2024-04-19T14:21:35","date_gmt":"2024-04-19T12:21:35","guid":{"rendered":"https:\/\/useyourtalents.org\/postup-riesenie-problemov\/"},"modified":"2024-07-09T15:20:28","modified_gmt":"2024-07-09T13:20:28","slug":"postup-reseni-problemu","status":"publish","type":"page","link":"https:\/\/useyourtalents.org\/cs\/postup-reseni-problemu\/","title":{"rendered":"Postup pro vypln\u011bn\u00ed talentov\u00e9ho dotazn\u00edku &#8211; \u0159e\u0161en\u00ed probl\u00e9m\u016f"},"content":{"rendered":"<p><div class=\"fusion-fullwidth fullwidth-box fusion-builder-row-1 fusion-flex-container nonhundred-percent-fullwidth non-hundred-percent-height-scrolling\" style=\"--awb-border-radius-top-left:0px;--awb-border-radius-top-right:0px;--awb-border-radius-bottom-right:0px;--awb-border-radius-bottom-left:0px;--awb-padding-top:20px;--awb-padding-bottom:20px;--awb-margin-top:50px;--awb-margin-bottom-medium:70px;--awb-background-image:linear-gradient(0deg, #ffffff 0%,#ffffff 100%);--awb-flex-wrap:wrap;\" ><div class=\"fusion-builder-row fusion-row fusion-flex-align-items-flex-start fusion-flex-content-wrap\" style=\"max-width:calc( 1260px + 0px );margin-left: calc(-0px \/ 2 );margin-right: calc(-0px \/ 2 );\"><div class=\"fusion-layout-column fusion_builder_column fusion-builder-column-0 fusion_builder_column_1_1 1_1 fusion-flex-column fusion-flex-align-self-flex-start\" style=\"--awb-padding-right:5%;--awb-padding-right-medium:1%;--awb-padding-left-medium:1%;--awb-padding-right-small:1%;--awb-padding-left-small:1%;--awb-bg-size:cover;--awb-width-large:100%;--awb-margin-top-large:0px;--awb-spacing-right-large:0px;--awb-margin-bottom-large:0px;--awb-spacing-left-large:0px;--awb-width-medium:100%;--awb-order-medium:0;--awb-spacing-right-medium:0px;--awb-spacing-left-medium:0px;--awb-width-small:100%;--awb-order-small:0;--awb-spacing-right-small:0px;--awb-margin-bottom-small:20px;--awb-spacing-left-small:0px;\"><div class=\"fusion-column-wrapper fusion-column-has-shadow fusion-flex-justify-content-flex-start fusion-content-layout-column\"><div class=\"fusion-title title fusion-title-1 fusion-sep-none fusion-title-center fusion-title-text fusion-title-size-six\" style=\"--awb-text-color:#d2003c;--awb-margin-top-small:10px;--awb-margin-right-small:0px;--awb-margin-bottom-small:10px;--awb-margin-left-small:0px;\"><h6 class=\"fusion-title-heading title-heading-center\" style=\"margin:0;text-transform:uppercase;\">USE YOUR TALENTS<\/h6><\/div><div class=\"fusion-title title fusion-title-2 fusion-sep-none fusion-title-center fusion-title-text fusion-title-size-two\" style=\"--awb-margin-top-small:10px;--awb-margin-right-small:0px;--awb-margin-bottom-small:10px;--awb-margin-left-small:0px;\"><h2 class=\"fusion-title-heading title-heading-center\" style=\"margin:0;\">D. Co d\u011blat, kdy\u017e se n\u011bco pokazilo<\/h2><\/div><div class=\"fusion-title title fusion-title-3 fusion-sep-none fusion-title-center fusion-title-text fusion-title-size-three\" style=\"--awb-margin-bottom:45px;--awb-margin-top-small:10px;--awb-margin-right-small:0px;--awb-margin-bottom-small:10px;--awb-margin-left-small:0px;\"><h3 class=\"fusion-title-heading title-heading-center\" style=\"margin:0;\">(\u0158e\u0161en\u00ed probl\u00e9m\u016f)<\/h3><\/div><div class=\"fusion-title title fusion-title-4 fusion-sep-none fusion-title-text fusion-title-size-three\" style=\"--awb-margin-top-small:10px;--awb-margin-right-small:0px;--awb-margin-bottom-small:10px;--awb-margin-left-small:0px;--awb-font-size:28px;\"><h3 class=\"fusion-title-heading title-heading-left\" style=\"margin:0;font-size:1em;\">D1. V\u00fdpadek internetov\u00e9ho p\u0159ipojen\u00ed nebo p\u0159eru\u0161en\u00ed dotazn\u00edku<\/h3><\/div><div class=\"fusion-text fusion-text-1 fusion-text-no-margin\" style=\"--awb-margin-bottom:0px;\"><p class=\"p1\">Pokud jste byli nuceni vypl\u0148ov\u00e1n\u00ed dotazn\u00edku p\u0159eru\u0161it, m\u016f\u017eete se p\u0159ihl\u00e1sit ke sv\u00e9mu vytvo\u0159en\u00e9mu Gallup \u00fa\u010dtu a pokra\u010dovat od m\u00edsta na kter\u00e9m jste skon\u010dili.<\/p>\n<p>1. <b>P\u0159ihlaste se <\/b>do \u00fa\u010dtu na adrese<span class=\"s2\"> <a href=\"https:\/\/login.gallup.com\/\"><span class=\"s3\">login.gallup.com<\/span><\/a><\/span> (Vpravo naho\u0159e je volba jazyka.)<\/p>\n<\/div><div ><a class=\"fusion-button button-flat button-small button-custom fusion-button-default button-1 fusion-button-default-span fusion-button-default-type\" style=\"--awb-margin-top:10px;--awb-margin-bottom:20px;--button_accent_color:#003ca0;--button_accent_hover_color:#ffffff;--button_border_hover_color:#003ca0;--button_gradient_top_color:rgba(255,255,255,0.5);--button_gradient_bottom_color:rgba(255,255,255,0.5);--button_gradient_top_color_hover:#003ca0;--button_gradient_bottom_color_hover:#003ca0;\" target=\"_blank\" rel=\"noopener noreferrer\" href=\"https:\/\/login.gallup.com\/\"><span class=\"fusion-button-text awb-button__text awb-button__text--default\">Gallup.com<\/span><\/a><\/div><div class=\"fusion-image-element \" style=\"text-align:left;--awb-margin-bottom:30px;--awb-caption-title-font-family:var(--h2_typography-font-family);--awb-caption-title-font-weight:var(--h2_typography-font-weight);--awb-caption-title-font-style:var(--h2_typography-font-style);--awb-caption-title-size:var(--h2_typography-font-size);--awb-caption-title-transform:var(--h2_typography-text-transform);--awb-caption-title-line-height:var(--h2_typography-line-height);--awb-caption-title-letter-spacing:var(--h2_typography-letter-spacing);\"><span class=\" fusion-imageframe imageframe-none imageframe-1 hover-type-none\" style=\"border:5px solid var(--awb-color3);border-radius:10px;\"><a href=\"https:\/\/useyourtalents.org\/wp-content\/uploads\/2024\/02\/A1_Prihlaseni.png\" class=\"fusion-lightbox\" data-rel=\"iLightbox[8f0e7c4ed14ad573627]\" data-title=\"A1_Prihlaseni\" title=\"A1_Prihlaseni\"><img loading=\"lazy\" decoding=\"async\" width=\"495\" height=\"610\" src=\"https:\/\/useyourtalents.org\/wp-content\/uploads\/2024\/02\/A1_Prihlaseni.png\" alt class=\"img-responsive wp-image-6697\" srcset=\"https:\/\/useyourtalents.org\/wp-content\/uploads\/2024\/02\/A1_Prihlaseni-200x246.png 200w, https:\/\/useyourtalents.org\/wp-content\/uploads\/2024\/02\/A1_Prihlaseni-400x493.png 400w, https:\/\/useyourtalents.org\/wp-content\/uploads\/2024\/02\/A1_Prihlaseni.png 495w\" sizes=\"auto, (max-width: 640px) 100vw, 495px\" \/><\/a><\/span><\/div><div class=\"fusion-text fusion-text-2\"><p>2. <strong>Klikn\u011bte na tla\u010d\u00edtko ZA\u010c\u00cdT S HODNOCEN\u00cdM<br \/>\n<\/strong>p\u0159\u00edmo na hlavn\u00ed str\u00e1nce va\u0161eho Gallup \u00fa\u010dtu. <strong>To spust\u00ed pokra\u010dov\u00e1n\u00ed va\u0161eho dotazn\u00edku.<\/strong><\/p>\n<\/div><div class=\"fusion-image-element \" style=\"text-align:left;--awb-margin-bottom:30px;--awb-caption-title-font-family:var(--h2_typography-font-family);--awb-caption-title-font-weight:var(--h2_typography-font-weight);--awb-caption-title-font-style:var(--h2_typography-font-style);--awb-caption-title-size:var(--h2_typography-font-size);--awb-caption-title-transform:var(--h2_typography-text-transform);--awb-caption-title-line-height:var(--h2_typography-line-height);--awb-caption-title-letter-spacing:var(--h2_typography-letter-spacing);\"><span class=\" fusion-imageframe imageframe-none imageframe-2 hover-type-none\" style=\"border:5px solid var(--awb-color3);border-radius:10px;\"><a href=\"https:\/\/useyourtalents.org\/wp-content\/uploads\/2024\/07\/D1_2_sm.png\" class=\"fusion-lightbox\" data-rel=\"iLightbox[298795756a141e15c7a]\" data-caption=\"Nov\u00e9 spu\u0161t\u011bn\u00ed dotazn\u00edku\" data-title=\"D1_2_sm\" title=\"D1_2_sm\"><img loading=\"lazy\" decoding=\"async\" width=\"800\" height=\"526\" alt=\"Nov\u00e9 spu\u0161t\u011bn\u00ed dotazn\u00edku\" src=\"https:\/\/useyourtalents.org\/wp-content\/uploads\/2024\/07\/D1_2_sm.png\" class=\"img-responsive wp-image-7499\" srcset=\"https:\/\/useyourtalents.org\/wp-content\/uploads\/2024\/07\/D1_2_sm-200x132.png 200w, https:\/\/useyourtalents.org\/wp-content\/uploads\/2024\/07\/D1_2_sm-400x263.png 400w, https:\/\/useyourtalents.org\/wp-content\/uploads\/2024\/07\/D1_2_sm-600x395.png 600w, https:\/\/useyourtalents.org\/wp-content\/uploads\/2024\/07\/D1_2_sm.png 800w\" sizes=\"auto, (max-width: 640px) 100vw, 800px\" \/><\/a><\/span><\/div><\/div><\/div><div class=\"fusion-layout-column fusion_builder_column fusion-builder-column-1 fusion_builder_column_1_1 1_1 fusion-flex-column fusion-flex-align-self-flex-start fusion-animated\" style=\"--awb-padding-right:5%;--awb-padding-right-medium:1%;--awb-padding-left-medium:1%;--awb-padding-right-small:1%;--awb-padding-left-small:1%;--awb-bg-size:cover;--awb-width-large:100%;--awb-margin-top-large:0px;--awb-spacing-right-large:0px;--awb-margin-bottom-large:0px;--awb-spacing-left-large:0px;--awb-width-medium:100%;--awb-order-medium:0;--awb-spacing-right-medium:0px;--awb-spacing-left-medium:0px;--awb-width-small:100%;--awb-order-small:0;--awb-spacing-right-small:0px;--awb-margin-bottom-small:20px;--awb-spacing-left-small:0px;\" data-animationType=\"fadeInUp\" data-animationDuration=\"1.3\" data-animationOffset=\"top-into-view\"><div class=\"fusion-column-wrapper fusion-column-has-shadow fusion-flex-justify-content-flex-start fusion-content-layout-column\"><div class=\"fusion-text fusion-text-3\"><p>3. <strong>Pokra\u010dujte ve vypl\u0148ov\u00e1n\u00ed<br \/>\n<\/strong>Dotazn\u00edk bude pokra\u010dovat od m\u00edsta na kter\u00e9m jste skon\u010dili.<\/p>\n<\/div><\/div><\/div><\/div><\/div><div class=\"fusion-fullwidth fullwidth-box fusion-builder-row-2 fusion-flex-container nonhundred-percent-fullwidth non-hundred-percent-height-scrolling\" style=\"--awb-border-radius-top-left:0px;--awb-border-radius-top-right:0px;--awb-border-radius-bottom-right:0px;--awb-border-radius-bottom-left:0px;--awb-padding-top:20px;--awb-padding-bottom:20px;--awb-margin-top:0px;--awb-margin-bottom-medium:70px;--awb-background-image:linear-gradient(0deg, #ffffff 0%,#ffffff 100%);--awb-flex-wrap:wrap;\" ><div class=\"fusion-builder-row fusion-row fusion-flex-align-items-flex-start fusion-flex-content-wrap\" style=\"max-width:calc( 1260px + 0px );margin-left: calc(-0px \/ 2 );margin-right: calc(-0px \/ 2 );\"><div class=\"fusion-layout-column fusion_builder_column fusion-builder-column-2 fusion_builder_column_1_1 1_1 fusion-flex-column fusion-flex-align-self-flex-start fusion-animated\" style=\"--awb-padding-right:5%;--awb-padding-right-medium:1%;--awb-padding-left-medium:1%;--awb-padding-right-small:1%;--awb-padding-left-small:1%;--awb-bg-size:cover;--awb-width-large:100%;--awb-margin-top-large:0px;--awb-spacing-right-large:0px;--awb-margin-bottom-large:0px;--awb-spacing-left-large:0px;--awb-width-medium:100%;--awb-order-medium:0;--awb-spacing-right-medium:0px;--awb-spacing-left-medium:0px;--awb-width-small:100%;--awb-order-small:0;--awb-spacing-right-small:0px;--awb-margin-bottom-small:20px;--awb-spacing-left-small:0px;\" data-animationType=\"fadeInUp\" data-animationDuration=\"1.3\" data-animationOffset=\"top-into-view\"><div class=\"fusion-column-wrapper fusion-column-has-shadow fusion-flex-justify-content-flex-start fusion-content-layout-column\"><div class=\"fusion-title title fusion-title-5 fusion-sep-none fusion-title-text fusion-title-size-three\" style=\"--awb-margin-top-small:10px;--awb-margin-right-small:0px;--awb-margin-bottom-small:10px;--awb-margin-left-small:0px;--awb-font-size:28px;\"><h3 class=\"fusion-title-heading title-heading-left\" style=\"margin:0;font-size:1em;\">D2. Pot\u0159eba dotazn\u00edk restartovat (za\u010d\u00edt znovu)<\/h3><\/div><div class=\"fusion-text fusion-text-4 fusion-text-no-margin\" style=\"--awb-margin-bottom:0px;\"><p class=\"p1\">Pokud se v pr\u016fb\u011bhu vypl\u0148ov\u00e1n\u00ed dotazn\u00edku stalo n\u011bco nep\u0159edv\u00eddan\u00e9ho a vy pot\u0159ebujete dotazn\u00edk restartovat a za\u010d\u00edt od za\u010d\u00e1tku, kontaktujte n\u00e1s e-mailem na <a href=\"mailto:podpora@useyourtalents.org\"><span class=\"s4\">podpora@useyourtalents.org<\/span><\/a> a popi\u0161te sv\u016fj probl\u00e9m.<\/p>\n<p class=\"p1\"><em>(Kontaktujte n\u00e1s z e-mailu na kter\u00e9m do\u0161lo k probl\u00e9mu. A uve\u010fte V\u00e1\u0161 zakoupen\u00fd k\u00f3d. D\u011bkujeme.)<\/em><\/p>\n<\/div><\/div><\/div><\/div><\/div><div class=\"fusion-fullwidth fullwidth-box fusion-builder-row-3 fusion-flex-container nonhundred-percent-fullwidth non-hundred-percent-height-scrolling\" style=\"--awb-border-radius-top-left:0px;--awb-border-radius-top-right:0px;--awb-border-radius-bottom-right:0px;--awb-border-radius-bottom-left:0px;--awb-padding-top:20px;--awb-padding-bottom:20px;--awb-margin-top:0px;--awb-margin-bottom-medium:70px;--awb-background-image:linear-gradient(0deg, #ffffff 0%,#ffffff 100%);--awb-flex-wrap:wrap;\" ><div class=\"fusion-builder-row fusion-row fusion-flex-align-items-flex-start fusion-flex-content-wrap\" style=\"max-width:calc( 1260px + 0px );margin-left: calc(-0px \/ 2 );margin-right: calc(-0px \/ 2 );\"><div class=\"fusion-layout-column fusion_builder_column fusion-builder-column-3 fusion_builder_column_1_1 1_1 fusion-flex-column fusion-flex-align-self-flex-start fusion-animated\" style=\"--awb-padding-right:5%;--awb-padding-right-medium:1%;--awb-padding-left-medium:1%;--awb-padding-right-small:1%;--awb-padding-left-small:1%;--awb-bg-size:cover;--awb-width-large:100%;--awb-margin-top-large:0px;--awb-spacing-right-large:0px;--awb-margin-bottom-large:0px;--awb-spacing-left-large:0px;--awb-width-medium:100%;--awb-order-medium:0;--awb-spacing-right-medium:0px;--awb-spacing-left-medium:0px;--awb-width-small:100%;--awb-order-small:0;--awb-spacing-right-small:0px;--awb-margin-bottom-small:20px;--awb-spacing-left-small:0px;\" data-animationType=\"fadeInUp\" data-animationDuration=\"1.3\" data-animationOffset=\"top-into-view\"><div class=\"fusion-column-wrapper fusion-column-has-shadow fusion-flex-justify-content-flex-start fusion-content-layout-column\"><div class=\"fusion-title title fusion-title-6 fusion-sep-none fusion-title-text fusion-title-size-three\" style=\"--awb-margin-top-small:10px;--awb-margin-right-small:0px;--awb-margin-bottom-small:10px;--awb-margin-left-small:0px;--awb-font-size:28px;\"><h3 class=\"fusion-title-heading title-heading-left\" style=\"margin:0;font-size:1em;\">D3. Vypnut\u00ed 20-ti vte\u0159inov\u00e9ho limitu u dotazn\u00edku<\/h3><\/div><div class=\"fusion-text fusion-text-5 fusion-text-no-margin\" style=\"--awb-margin-bottom:0px;\"><p>V mimo\u0159\u00e1dn\u00fdch p\u0159\u00edpadech, kdy u\u017eivatel nen\u00ed schopen vyplnit dotazn\u00edk s limitem 20 vte\u0159in na ot\u00e1zku, je mo\u017en\u00e9 tento limit vypnout. (Jazykov\u00e9 d\u016fvody, dyslexie apod.)<\/p>\n<p>Pro vypnut\u00ed \u010dasov\u00e9ho limitu 20 sekund je pot\u0159eba toto:<\/p>\n<\/div><div class=\"fusion-text fusion-text-6\"><ol>\n<li>Postupujte podle \u00favodn\u00ed \u010d\u00e1sti tohoto postupu <strong>\u201e<a href=\"https:\/\/useyourtalents.org\/cs\/postup-novy-zakaznik\/\" target=\"_blank\" rel=\"noopener\">Postup pro \u00fasp\u011b\u0161n\u00e9 vypln\u011bn\u00ed\u2026<\/a>\u201c<\/strong><br \/>(Prove\u010fte body 1 a\u017e 13) <strong>Zastavte se na bodu 13.<\/strong><\/li>\n<li><b>P\u0159ed spu\u0161t\u011bn\u00edm dotazn\u00edku (bod 14) n\u00e1s kontaktujte <\/b>na e-mailu <a href=\"mailto:podpora@useyourtalents.org\"><span class=\"s1\">podpora@useyourtalents.org<\/span><\/a> s po\u017eadavkem o vypnut\u00ed \u010dasov\u00e9ho limitu.<br \/>&#8211; Nebo m\u016f\u017eete anglicky kontaktovat p\u0159\u00edmo podporu Gallupu.<br \/><span class=\"s4\">&#8212;&#8212;&#8212;&#8212;&#8212;&#8212;&#8212;<br \/><\/span>\u010cEK\u00c1N\u00cd NA E-MAIL<br \/><span class=\"s4\">&#8212;&#8212;&#8212;&#8212;&#8212;&#8212;&#8212;<\/span><\/li>\n<li class=\"li1\">Vy\u010dkejte na e-mail s informac\u00ed, \u017ee \u010dasov\u00fd limit je odstran\u011bn.\n<ul class=\"ul1\">\n<li class=\"li3\">O tento \u00fakon \u017e\u00e1d\u00e1me Gallup, kter\u00fd ho prov\u00e1d\u00ed pouze b\u011bhem pracovn\u00edch dn\u00ed.<\/li>\n<li class=\"li4\">Je pot\u0159eba po\u010d\u00edtat s \u010dasovou prodlevou, ke kter\u00e9 m\u016f\u017ee v n\u011bkter\u00fdch p\u0159\u00edpadech doj\u00edt. D\u011bkujeme za trp\u011blivost.<\/li>\n<\/ul>\n<\/li>\n<li class=\"li1\">Po odstran\u011bn\u00ed \u010dasov\u00e9ho limitu se m\u016f\u017eete p\u0159ihl\u00e1sit ke sv\u00e9mu Gallup \u00fa\u010dtu\n<ul class=\"ul1\">\n<li class=\"li2\">a vyplnit dotazn\u00edk u\u017e bez \u010dasov\u00e9ho omezen\u00ed.<\/li>\n<li class=\"li3\">Instrukce pro pokra\u010dov\u00e1n\u00ed obdr\u017e\u00edte v e-mailu.<\/li>\n<\/ul>\n<\/li>\n<\/ol>\n<\/div><div style=\"text-align:left;\"><a class=\"fusion-button button-flat button-large button-custom fusion-button-default button-2 fusion-button-span-no fusion-button-default-type\" style=\"--awb-margin-top:10px;--button_accent_color:var(--awb-custom10);--button_border_color:var(--awb-custom10);--button_accent_hover_color:#ffffff;--button_border_hover_color:var(--awb-custom10);--button_gradient_top_color:rgba(255,255,255,0.5);--button_gradient_bottom_color:rgba(255,255,255,0.5);--button_gradient_top_color_hover:var(--awb-custom10);--button_gradient_bottom_color_hover:var(--awb-custom10);\" target=\"_self\" href=\"https:\/\/useyourtalents.org\/cs\/postup\/\"><i class=\"fa-arrow-left fas awb-button__icon awb-button__icon--default button-icon-left\" aria-hidden=\"true\"><\/i><span class=\"fusion-button-text awb-button__text awb-button__text--default\">zp\u011bt<\/span><\/a><\/div><\/div><\/div><\/div><\/div><\/p>\n","protected":false},"excerpt":{"rendered":"","protected":false},"author":1,"featured_media":0,"parent":0,"menu_order":0,"comment_status":"closed","ping_status":"closed","template":"100-width.php","meta":{"footnotes":""},"class_list":["post-7209","page","type-page","status-publish","hentry"],"yoast_head":"<!-- This site is optimized with the Yoast SEO plugin v27.5 - https:\/\/yoast.com\/product\/yoast-seo-wordpress\/ -->\n<title>Postup pro vypln\u011bn\u00ed talentov\u00e9ho dotazn\u00edku - \u0159e\u0161en\u00ed probl\u00e9m\u016f - Use Your Talents<\/title>\n<meta name=\"description\" content=\"Radi v\u00e1s budeme sprev\u00e1dza\u0165 na ceste objavovania a rozv\u00edjania va\u0161ich talentov i talentov va\u0161ich t\u00edmov a kolekt\u00edvov.\" \/>\n<meta name=\"robots\" content=\"index, follow, max-snippet:-1, max-image-preview:large, max-video-preview:-1\" \/>\n<link rel=\"canonical\" href=\"https:\/\/useyourtalents.org\/cs\/postup-reseni-problemu\/\" \/>\n<meta property=\"og:locale\" content=\"cs_CZ\" \/>\n<meta property=\"og:type\" content=\"article\" \/>\n<meta property=\"og:title\" content=\"Postup pro vypln\u011bn\u00ed talentov\u00e9ho dotazn\u00edku - \u0159e\u0161en\u00ed probl\u00e9m\u016f - Use Your Talents\" \/>\n<meta property=\"og:description\" content=\"Radi v\u00e1s budeme sprev\u00e1dza\u0165 na ceste objavovania a rozv\u00edjania va\u0161ich talentov i talentov va\u0161ich t\u00edmov a kolekt\u00edvov.\" \/>\n<meta property=\"og:url\" content=\"https:\/\/useyourtalents.org\/cs\/postup-reseni-problemu\/\" \/>\n<meta property=\"og:site_name\" content=\"Use Your Talents\" \/>\n<meta property=\"article:modified_time\" content=\"2024-07-09T13:20:28+00:00\" \/>\n<meta name=\"twitter:card\" content=\"summary_large_image\" \/>\n<meta name=\"twitter:label1\" content=\"Odhadovan\u00e1 doba \u010dten\u00ed\" \/>\n\t<meta name=\"twitter:data1\" content=\"3 minuty\" \/>\n<script type=\"application\/ld+json\" class=\"yoast-schema-graph\">{\"@context\":\"https:\\\/\\\/schema.org\",\"@graph\":[{\"@type\":\"WebPage\",\"@id\":\"https:\\\/\\\/useyourtalents.org\\\/cs\\\/postup-reseni-problemu\\\/\",\"url\":\"https:\\\/\\\/useyourtalents.org\\\/cs\\\/postup-reseni-problemu\\\/\",\"name\":\"Postup pro vypln\u011bn\u00ed talentov\u00e9ho dotazn\u00edku - \u0159e\u0161en\u00ed probl\u00e9m\u016f - Use Your Talents\",\"isPartOf\":{\"@id\":\"https:\\\/\\\/useyourtalents.org\\\/cs\\\/#website\"},\"datePublished\":\"2024-04-19T12:21:35+00:00\",\"dateModified\":\"2024-07-09T13:20:28+00:00\",\"description\":\"Radi v\u00e1s budeme sprev\u00e1dza\u0165 na ceste objavovania a rozv\u00edjania va\u0161ich talentov i talentov va\u0161ich t\u00edmov a kolekt\u00edvov.\",\"breadcrumb\":{\"@id\":\"https:\\\/\\\/useyourtalents.org\\\/cs\\\/postup-reseni-problemu\\\/#breadcrumb\"},\"inLanguage\":\"cs\",\"potentialAction\":[{\"@type\":\"ReadAction\",\"target\":[\"https:\\\/\\\/useyourtalents.org\\\/cs\\\/postup-reseni-problemu\\\/\"]}]},{\"@type\":\"BreadcrumbList\",\"@id\":\"https:\\\/\\\/useyourtalents.org\\\/cs\\\/postup-reseni-problemu\\\/#breadcrumb\",\"itemListElement\":[{\"@type\":\"ListItem\",\"position\":1,\"name\":\"Domovsk\u00e1 str\u00e1nka\",\"item\":\"https:\\\/\\\/useyourtalents.org\\\/cs\\\/\"},{\"@type\":\"ListItem\",\"position\":2,\"name\":\"Postup pro vypln\u011bn\u00ed talentov\u00e9ho dotazn\u00edku &#8211; \u0159e\u0161en\u00ed probl\u00e9m\u016f\"}]},{\"@type\":\"WebSite\",\"@id\":\"https:\\\/\\\/useyourtalents.org\\\/cs\\\/#website\",\"url\":\"https:\\\/\\\/useyourtalents.org\\\/cs\\\/\",\"name\":\"Use Your Talents\",\"description\":\"Objavte svoje talenty\",\"publisher\":{\"@id\":\"https:\\\/\\\/useyourtalents.org\\\/cs\\\/#organization\"},\"potentialAction\":[{\"@type\":\"SearchAction\",\"target\":{\"@type\":\"EntryPoint\",\"urlTemplate\":\"https:\\\/\\\/useyourtalents.org\\\/cs\\\/?s={search_term_string}\"},\"query-input\":{\"@type\":\"PropertyValueSpecification\",\"valueRequired\":true,\"valueName\":\"search_term_string\"}}],\"inLanguage\":\"cs\"},{\"@type\":\"Organization\",\"@id\":\"https:\\\/\\\/useyourtalents.org\\\/cs\\\/#organization\",\"name\":\"Use Your Talents, s.r.o.\",\"url\":\"https:\\\/\\\/useyourtalents.org\\\/cs\\\/\",\"logo\":{\"@type\":\"ImageObject\",\"inLanguage\":\"cs\",\"@id\":\"https:\\\/\\\/useyourtalents.org\\\/cs\\\/#\\\/schema\\\/logo\\\/image\\\/\",\"url\":\"https:\\\/\\\/useyourtalents.org\\\/wp-content\\\/uploads\\\/2021\\\/11\\\/UseYourTalents_svg.svg\",\"contentUrl\":\"https:\\\/\\\/useyourtalents.org\\\/wp-content\\\/uploads\\\/2021\\\/11\\\/UseYourTalents_svg.svg\",\"width\":566,\"height\":215,\"caption\":\"Use Your Talents, s.r.o.\"},\"image\":{\"@id\":\"https:\\\/\\\/useyourtalents.org\\\/cs\\\/#\\\/schema\\\/logo\\\/image\\\/\"}}]}<\/script>\n<!-- \/ Yoast SEO plugin. -->","yoast_head_json":{"title":"Postup pro vypln\u011bn\u00ed talentov\u00e9ho dotazn\u00edku - \u0159e\u0161en\u00ed probl\u00e9m\u016f - Use Your Talents","description":"Radi v\u00e1s budeme sprev\u00e1dza\u0165 na ceste objavovania a rozv\u00edjania va\u0161ich talentov i talentov va\u0161ich t\u00edmov a kolekt\u00edvov.","robots":{"index":"index","follow":"follow","max-snippet":"max-snippet:-1","max-image-preview":"max-image-preview:large","max-video-preview":"max-video-preview:-1"},"canonical":"https:\/\/useyourtalents.org\/cs\/postup-reseni-problemu\/","og_locale":"cs_CZ","og_type":"article","og_title":"Postup pro vypln\u011bn\u00ed talentov\u00e9ho dotazn\u00edku - \u0159e\u0161en\u00ed probl\u00e9m\u016f - Use Your Talents","og_description":"Radi v\u00e1s budeme sprev\u00e1dza\u0165 na ceste objavovania a rozv\u00edjania va\u0161ich talentov i talentov va\u0161ich t\u00edmov a kolekt\u00edvov.","og_url":"https:\/\/useyourtalents.org\/cs\/postup-reseni-problemu\/","og_site_name":"Use Your Talents","article_modified_time":"2024-07-09T13:20:28+00:00","twitter_card":"summary_large_image","twitter_misc":{"Odhadovan\u00e1 doba \u010dten\u00ed":"3 minuty"},"schema":{"@context":"https:\/\/schema.org","@graph":[{"@type":"WebPage","@id":"https:\/\/useyourtalents.org\/cs\/postup-reseni-problemu\/","url":"https:\/\/useyourtalents.org\/cs\/postup-reseni-problemu\/","name":"Postup pro vypln\u011bn\u00ed talentov\u00e9ho dotazn\u00edku - \u0159e\u0161en\u00ed probl\u00e9m\u016f - Use Your Talents","isPartOf":{"@id":"https:\/\/useyourtalents.org\/cs\/#website"},"datePublished":"2024-04-19T12:21:35+00:00","dateModified":"2024-07-09T13:20:28+00:00","description":"Radi v\u00e1s budeme sprev\u00e1dza\u0165 na ceste objavovania a rozv\u00edjania va\u0161ich talentov i talentov va\u0161ich t\u00edmov a kolekt\u00edvov.","breadcrumb":{"@id":"https:\/\/useyourtalents.org\/cs\/postup-reseni-problemu\/#breadcrumb"},"inLanguage":"cs","potentialAction":[{"@type":"ReadAction","target":["https:\/\/useyourtalents.org\/cs\/postup-reseni-problemu\/"]}]},{"@type":"BreadcrumbList","@id":"https:\/\/useyourtalents.org\/cs\/postup-reseni-problemu\/#breadcrumb","itemListElement":[{"@type":"ListItem","position":1,"name":"Domovsk\u00e1 str\u00e1nka","item":"https:\/\/useyourtalents.org\/cs\/"},{"@type":"ListItem","position":2,"name":"Postup pro vypln\u011bn\u00ed talentov\u00e9ho dotazn\u00edku &#8211; \u0159e\u0161en\u00ed probl\u00e9m\u016f"}]},{"@type":"WebSite","@id":"https:\/\/useyourtalents.org\/cs\/#website","url":"https:\/\/useyourtalents.org\/cs\/","name":"Use Your Talents","description":"Objavte svoje talenty","publisher":{"@id":"https:\/\/useyourtalents.org\/cs\/#organization"},"potentialAction":[{"@type":"SearchAction","target":{"@type":"EntryPoint","urlTemplate":"https:\/\/useyourtalents.org\/cs\/?s={search_term_string}"},"query-input":{"@type":"PropertyValueSpecification","valueRequired":true,"valueName":"search_term_string"}}],"inLanguage":"cs"},{"@type":"Organization","@id":"https:\/\/useyourtalents.org\/cs\/#organization","name":"Use Your Talents, s.r.o.","url":"https:\/\/useyourtalents.org\/cs\/","logo":{"@type":"ImageObject","inLanguage":"cs","@id":"https:\/\/useyourtalents.org\/cs\/#\/schema\/logo\/image\/","url":"https:\/\/useyourtalents.org\/wp-content\/uploads\/2021\/11\/UseYourTalents_svg.svg","contentUrl":"https:\/\/useyourtalents.org\/wp-content\/uploads\/2021\/11\/UseYourTalents_svg.svg","width":566,"height":215,"caption":"Use Your Talents, s.r.o."},"image":{"@id":"https:\/\/useyourtalents.org\/cs\/#\/schema\/logo\/image\/"}}]}},"rttpg_featured_image_url":null,"rttpg_author":{"display_name":"Matej Sl\u00e1vik","author_link":"https:\/\/useyourtalents.org\/cs\/author\/creathinkstudios\/"},"rttpg_comment":0,"rttpg_category":" <a href=\"https:\/\/useyourtalents.org\/cs\/?taxonomy=translation_priority&#038;term=optional-cs\" rel=\"tag\">Optional<\/a>","rttpg_excerpt":null,"_links":{"self":[{"href":"https:\/\/useyourtalents.org\/cs\/wp-json\/wp\/v2\/pages\/7209","targetHints":{"allow":["GET"]}}],"collection":[{"href":"https:\/\/useyourtalents.org\/cs\/wp-json\/wp\/v2\/pages"}],"about":[{"href":"https:\/\/useyourtalents.org\/cs\/wp-json\/wp\/v2\/types\/page"}],"author":[{"embeddable":true,"href":"https:\/\/useyourtalents.org\/cs\/wp-json\/wp\/v2\/users\/1"}],"replies":[{"embeddable":true,"href":"https:\/\/useyourtalents.org\/cs\/wp-json\/wp\/v2\/comments?post=7209"}],"version-history":[{"count":0,"href":"https:\/\/useyourtalents.org\/cs\/wp-json\/wp\/v2\/pages\/7209\/revisions"}],"wp:attachment":[{"href":"https:\/\/useyourtalents.org\/cs\/wp-json\/wp\/v2\/media?parent=7209"}],"curies":[{"name":"wp","href":"https:\/\/api.w.org\/{rel}","templated":true}]}}