{"id":7194,"date":"2024-04-19T10:53:20","date_gmt":"2024-04-19T08:53:20","guid":{"rendered":"https:\/\/useyourtalents.org\/postup-upgrade\/"},"modified":"2024-04-23T08:29:43","modified_gmt":"2024-04-23T06:29:43","slug":"postup-upgrade","status":"publish","type":"page","link":"https:\/\/useyourtalents.org\/cs\/postup-upgrade\/","title":{"rendered":"Postup pro vypln\u011bn\u00ed talentov\u00e9ho dotazn\u00edku &#8211; upgrade"},"content":{"rendered":"<p><div class=\"fusion-fullwidth fullwidth-box fusion-builder-row-1 fusion-flex-container nonhundred-percent-fullwidth non-hundred-percent-height-scrolling\" style=\"--awb-border-radius-top-left:0px;--awb-border-radius-top-right:0px;--awb-border-radius-bottom-right:0px;--awb-border-radius-bottom-left:0px;--awb-padding-top:20px;--awb-padding-bottom:20px;--awb-padding-bottom-small:0px;--awb-margin-top:0px;--awb-margin-bottom-medium:70px;--awb-flex-wrap:wrap;\" ><div class=\"fusion-builder-row fusion-row fusion-flex-align-items-center fusion-flex-content-wrap\" style=\"max-width:calc( 1260px + 0px );margin-left: calc(-0px \/ 2 );margin-right: calc(-0px \/ 2 );\"><div class=\"fusion-layout-column fusion_builder_column fusion-builder-column-0 fusion_builder_column_1_1 1_1 fusion-flex-column fusion-flex-align-self-center\" style=\"--awb-padding-right:5%;--awb-padding-right-medium:1%;--awb-padding-left-medium:1%;--awb-padding-right-small:1%;--awb-padding-left-small:1%;--awb-bg-size:cover;--awb-width-large:100%;--awb-margin-top-large:0px;--awb-spacing-right-large:0px;--awb-margin-bottom-large:0px;--awb-spacing-left-large:0px;--awb-width-medium:100%;--awb-order-medium:0;--awb-spacing-right-medium:0px;--awb-spacing-left-medium:0px;--awb-width-small:100%;--awb-order-small:0;--awb-spacing-right-small:0px;--awb-margin-bottom-small:20px;--awb-spacing-left-small:0px;\"><div class=\"fusion-column-wrapper fusion-column-has-shadow fusion-flex-justify-content-flex-start fusion-content-layout-column\"><div class=\"fusion-title title fusion-title-1 fusion-sep-none fusion-title-center fusion-title-text fusion-title-size-six\" style=\"--awb-text-color:#d2003c;--awb-margin-top-small:10px;--awb-margin-right-small:0px;--awb-margin-bottom-small:10px;--awb-margin-left-small:0px;\"><h6 class=\"fusion-title-heading title-heading-center\" style=\"margin:0;text-transform:uppercase;\">USE YOUR TALENTS<\/h6><\/div><div class=\"fusion-title title fusion-title-2 fusion-sep-none fusion-title-center fusion-title-text fusion-title-size-two\" style=\"--awb-margin-bottom:45px;--awb-margin-top-small:10px;--awb-margin-right-small:0px;--awb-margin-bottom-small:10px;--awb-margin-left-small:0px;\"><h2 class=\"fusion-title-heading title-heading-center\" style=\"margin:0;\">B. Upgrade z TOP 5 na ALL 34<\/h2><\/div><div class=\"fusion-text fusion-text-1 fusion-text-no-margin\" style=\"--awb-margin-bottom:20px;\"><p>1. <strong>P\u0159ejd\u011bte na str\u00e1nku pro p\u0159ihl\u00e1\u0161en\u00ed<\/strong> &#8211; <a href=\"https:\/\/login.gallup.com\/\" target=\"_blank\" rel=\"noopener\">login.gallup.com<\/a><br \/>\n<span style=\"color: var(--awb-text-color); font-family: var(--awb-text-font-family); font-size: var(--awb-font-size); font-style: var(--awb-text-font-style); font-weight: var(--awb-text-font-weight); letter-spacing: var(--awb-letter-spacing); text-align: var(--awb-content-alignment); text-transform: var(--awb-text-transform); background-color: var(--awb-bg-color-hover);\">V prav\u00e9m horn\u00edm rohu si m\u016f\u017eete zvolit <strong>v\u00e1\u0161 jazyk<\/strong>.<\/span><\/p>\n<\/div><div class=\"fusion-text fusion-text-2\"><p>2. <strong>P\u0159ihlaste se do va\u0161eho Gallup \u00fa\u010dtu<br \/>\n<\/strong>Zadejte p\u0159ihla\u0161ovac\u00ed \u00fadaje, kter\u00e9 jste uvedli p\u0159i vytv\u00e1\u0159en\u00ed \u00fa\u010dtu.<\/p>\n<\/div><div class=\"fusion-image-element \" style=\"text-align:left;--awb-margin-bottom:20px;--awb-caption-title-font-family:var(--h2_typography-font-family);--awb-caption-title-font-weight:var(--h2_typography-font-weight);--awb-caption-title-font-style:var(--h2_typography-font-style);--awb-caption-title-size:var(--h2_typography-font-size);--awb-caption-title-transform:var(--h2_typography-text-transform);--awb-caption-title-line-height:var(--h2_typography-line-height);--awb-caption-title-letter-spacing:var(--h2_typography-letter-spacing);\"><span class=\" fusion-imageframe imageframe-none imageframe-1 hover-type-none\" style=\"border:5px solid var(--awb-color3);border-radius:10px;\"><a href=\"https:\/\/useyourtalents.org\/wp-content\/uploads\/2024\/04\/B02_Prihlaseni.png\" class=\"fusion-lightbox\" data-rel=\"iLightbox[6604feb184fe7f4e15b]\" data-title=\"B02_Prihlaseni\" title=\"B02_Prihlaseni\"><img loading=\"lazy\" decoding=\"async\" width=\"411\" height=\"486\" src=\"https:\/\/useyourtalents.org\/wp-content\/uploads\/2024\/04\/B02_Prihlaseni.png\" alt class=\"img-responsive wp-image-7196\" srcset=\"https:\/\/useyourtalents.org\/wp-content\/uploads\/2024\/04\/B02_Prihlaseni-200x236.png 200w, https:\/\/useyourtalents.org\/wp-content\/uploads\/2024\/04\/B02_Prihlaseni-400x473.png 400w, https:\/\/useyourtalents.org\/wp-content\/uploads\/2024\/04\/B02_Prihlaseni.png 411w\" sizes=\"auto, (max-width: 640px) 100vw, 411px\" \/><\/a><\/span><\/div><div class=\"fusion-text fusion-text-3\"><p>3. V lev\u00e9m horn\u00edm rohu klikn\u011bte na <strong>Nab\u00eddka<\/strong> a <strong>Vyberte \u201eUplatnit p\u0159\u00edstupov\u00fd k\u00f3d\u201c<\/strong><\/p>\n<\/div><div class=\"fusion-image-element \" style=\"text-align:left;--awb-max-width:450px;--awb-caption-title-font-family:var(--h2_typography-font-family);--awb-caption-title-font-weight:var(--h2_typography-font-weight);--awb-caption-title-font-style:var(--h2_typography-font-style);--awb-caption-title-size:var(--h2_typography-font-size);--awb-caption-title-transform:var(--h2_typography-text-transform);--awb-caption-title-line-height:var(--h2_typography-line-height);--awb-caption-title-letter-spacing:var(--h2_typography-letter-spacing);\"><span class=\" fusion-imageframe imageframe-none imageframe-2 hover-type-none\" style=\"border:5px solid var(--awb-color3);border-radius:10px;\"><a href=\"https:\/\/useyourtalents.org\/wp-content\/uploads\/2024\/04\/B03_Nabidka.png\" class=\"fusion-lightbox\" data-rel=\"iLightbox[a2f35b323dc796f8c10]\" data-title=\"B03_Nabidka\" title=\"B03_Nabidka\"><img loading=\"lazy\" decoding=\"async\" width=\"610\" height=\"384\" src=\"https:\/\/useyourtalents.org\/wp-content\/uploads\/2024\/04\/B03_Nabidka.png\" alt class=\"img-responsive wp-image-7158\" srcset=\"https:\/\/useyourtalents.org\/wp-content\/uploads\/2024\/04\/B03_Nabidka-200x126.png 200w, https:\/\/useyourtalents.org\/wp-content\/uploads\/2024\/04\/B03_Nabidka-400x252.png 400w, https:\/\/useyourtalents.org\/wp-content\/uploads\/2024\/04\/B03_Nabidka-600x378.png 600w, https:\/\/useyourtalents.org\/wp-content\/uploads\/2024\/04\/B03_Nabidka.png 610w\" sizes=\"auto, (max-width: 640px) 100vw, 610px\" \/><\/a><\/span><\/div><\/div><\/div><\/div><\/div><div class=\"fusion-fullwidth fullwidth-box fusion-builder-row-2 fusion-flex-container nonhundred-percent-fullwidth non-hundred-percent-height-scrolling\" style=\"--awb-border-radius-top-left:0px;--awb-border-radius-top-right:0px;--awb-border-radius-bottom-right:0px;--awb-border-radius-bottom-left:0px;--awb-padding-bottom:0px;--awb-margin-top:20px;--awb-margin-bottom-medium:70px;--awb-background-image:linear-gradient(0deg, #ffffff 0%,#ffffff 100%);--awb-flex-wrap:wrap;\" ><div class=\"fusion-builder-row fusion-row fusion-flex-align-items-flex-start fusion-flex-content-wrap\" style=\"max-width:1310.4px;margin-left: calc(-4% \/ 2 );margin-right: calc(-4% \/ 2 );\"><div class=\"fusion-layout-column fusion_builder_column fusion-builder-column-1 fusion_builder_column_1_1 1_1 fusion-flex-column fusion-flex-align-self-flex-start fusion-animated\" style=\"--awb-padding-right:5%;--awb-padding-right-medium:1%;--awb-padding-left-medium:1%;--awb-padding-right-small:1%;--awb-padding-left-small:1%;--awb-bg-size:cover;--awb-width-large:100%;--awb-margin-top-large:0px;--awb-spacing-right-large:1.92%;--awb-margin-bottom-large:70px;--awb-spacing-left-large:1.92%;--awb-width-medium:100%;--awb-order-medium:0;--awb-spacing-right-medium:1.92%;--awb-spacing-left-medium:1.92%;--awb-width-small:100%;--awb-order-small:0;--awb-spacing-right-small:1.92%;--awb-margin-bottom-small:20px;--awb-spacing-left-small:1.92%;\" data-animationType=\"fadeInUp\" data-animationDuration=\"1.3\" data-animationOffset=\"top-into-view\"><div class=\"fusion-column-wrapper fusion-column-has-shadow fusion-flex-justify-content-flex-start fusion-content-layout-column\"><div class=\"fusion-text fusion-text-4\"><p>4. <b>Zadejte V\u00e1\u0161 p\u0159\u00edstupov\u00fd k\u00f3d<br \/>\n<\/b>Je to 16-ti m\u00edstn\u00fd k\u00f3d, kter\u00fd jste obdr\u017eeli p\u0159i n\u00e1kupu v e-shopu a stiskn\u011bte <strong>Pokra\u010dovat<\/strong>.<\/p>\n<\/div><div class=\"fusion-image-element \" style=\"text-align:left;--awb-max-width:550px;--awb-caption-title-font-family:var(--h2_typography-font-family);--awb-caption-title-font-weight:var(--h2_typography-font-weight);--awb-caption-title-font-style:var(--h2_typography-font-style);--awb-caption-title-size:var(--h2_typography-font-size);--awb-caption-title-transform:var(--h2_typography-text-transform);--awb-caption-title-line-height:var(--h2_typography-line-height);--awb-caption-title-letter-spacing:var(--h2_typography-letter-spacing);\"><span class=\" fusion-imageframe imageframe-none imageframe-3 hover-type-none\" style=\"border:5px solid var(--awb-color3);border-radius:10px;\"><a href=\"https:\/\/useyourtalents.org\/wp-content\/uploads\/2024\/02\/02_Doplneni_kodu.png\" class=\"fusion-lightbox\" data-rel=\"iLightbox[a926e379c040df74599]\" data-title=\"02_Doplneni_kodu\" title=\"02_Doplneni_kodu\"><img loading=\"lazy\" decoding=\"async\" width=\"800\" height=\"460\" src=\"https:\/\/useyourtalents.org\/wp-content\/uploads\/2024\/02\/02_Doplneni_kodu.png\" alt class=\"img-responsive wp-image-6668\" srcset=\"https:\/\/useyourtalents.org\/wp-content\/uploads\/2024\/02\/02_Doplneni_kodu-200x115.png 200w, https:\/\/useyourtalents.org\/wp-content\/uploads\/2024\/02\/02_Doplneni_kodu-400x230.png 400w, https:\/\/useyourtalents.org\/wp-content\/uploads\/2024\/02\/02_Doplneni_kodu-600x345.png 600w, https:\/\/useyourtalents.org\/wp-content\/uploads\/2024\/02\/02_Doplneni_kodu.png 800w\" sizes=\"auto, (max-width: 640px) 100vw, 800px\" \/><\/a><\/span><\/div><div class=\"fusion-text fusion-text-5\" style=\"--awb-margin-top:20px;\"><p>5. Po uplatn\u011bn\u00ed p\u0159\u00edstupov\u00e9ho k\u00f3du si ji\u017e budete moct prohl\u00e9dnout sv\u016fj talentov\u00fd report se v\u0161emi 34 talenty. (Dotazn\u00edk se ji\u017e znovu nevypl\u0148uje.) Ve sv\u00e9m \u00fa\u010dtu Gallup Access si reporty zobraz\u00edte p\u0159es Souhrn a Hl\u00e1\u0161en\u00ed.<\/p>\n<p>6. N\u00e1sledn\u011b V\u00e1m vypracujeme a za\u0161leme zp\u011btnou vazbu Top 10 talent\u016f v \u010de\u0161tin\u011b.<\/p>\n<\/div><div style=\"text-align:left;\"><a class=\"fusion-button button-flat button-large button-custom fusion-button-default button-1 fusion-button-span-no fusion-button-default-type\" style=\"--awb-margin-top:10px;--awb-margin-bottom:30px;--button_accent_color:var(--awb-custom10);--button_border_color:var(--awb-custom10);--button_accent_hover_color:#ffffff;--button_border_hover_color:var(--awb-custom10);--button_gradient_top_color:rgba(255,255,255,0.5);--button_gradient_bottom_color:rgba(255,255,255,0.5);--button_gradient_top_color_hover:var(--awb-custom10);--button_gradient_bottom_color_hover:var(--awb-custom10);\" target=\"_self\" href=\"https:\/\/useyourtalents.org\/cs\/postup\/\"><i class=\"fa-arrow-left fas awb-button__icon awb-button__icon--default button-icon-left\" aria-hidden=\"true\"><\/i><span class=\"fusion-button-text awb-button__text awb-button__text--default\">zp\u011bt<\/span><\/a><\/div><\/div><\/div><\/div><\/div><\/p>\n","protected":false},"excerpt":{"rendered":"","protected":false},"author":1,"featured_media":0,"parent":0,"menu_order":0,"comment_status":"closed","ping_status":"closed","template":"100-width.php","meta":{"footnotes":""},"class_list":["post-7194","page","type-page","status-publish","hentry"],"yoast_head":"<!-- This site is optimized with the Yoast SEO plugin v27.5 - https:\/\/yoast.com\/product\/yoast-seo-wordpress\/ -->\n<title>Postup pro vypln\u011bn\u00ed talentov\u00e9ho dotazn\u00edku - upgrade - Use Your Talents<\/title>\n<meta name=\"description\" content=\"Radi v\u00e1s budeme sprev\u00e1dza\u0165 na ceste objavovania a rozv\u00edjania va\u0161ich talentov i talentov va\u0161ich t\u00edmov a kolekt\u00edvov.\" \/>\n<meta name=\"robots\" content=\"index, follow, max-snippet:-1, max-image-preview:large, max-video-preview:-1\" \/>\n<link rel=\"canonical\" href=\"https:\/\/useyourtalents.org\/cs\/postup-upgrade\/\" \/>\n<meta property=\"og:locale\" content=\"cs_CZ\" \/>\n<meta property=\"og:type\" content=\"article\" \/>\n<meta property=\"og:title\" content=\"Postup pro vypln\u011bn\u00ed talentov\u00e9ho dotazn\u00edku - upgrade - Use Your Talents\" \/>\n<meta property=\"og:description\" content=\"Radi v\u00e1s budeme sprev\u00e1dza\u0165 na ceste objavovania a rozv\u00edjania va\u0161ich talentov i talentov va\u0161ich t\u00edmov a kolekt\u00edvov.\" \/>\n<meta property=\"og:url\" content=\"https:\/\/useyourtalents.org\/cs\/postup-upgrade\/\" \/>\n<meta property=\"og:site_name\" content=\"Use Your Talents\" \/>\n<meta property=\"article:modified_time\" content=\"2024-04-23T06:29:43+00:00\" \/>\n<meta name=\"twitter:card\" content=\"summary_large_image\" \/>\n<meta name=\"twitter:label1\" content=\"Odhadovan\u00e1 doba \u010dten\u00ed\" \/>\n\t<meta name=\"twitter:data1\" content=\"2 minuty\" \/>\n<script type=\"application\/ld+json\" class=\"yoast-schema-graph\">{\"@context\":\"https:\\\/\\\/schema.org\",\"@graph\":[{\"@type\":\"WebPage\",\"@id\":\"https:\\\/\\\/useyourtalents.org\\\/cs\\\/postup-upgrade\\\/\",\"url\":\"https:\\\/\\\/useyourtalents.org\\\/cs\\\/postup-upgrade\\\/\",\"name\":\"Postup pro vypln\u011bn\u00ed talentov\u00e9ho dotazn\u00edku - upgrade - Use Your Talents\",\"isPartOf\":{\"@id\":\"https:\\\/\\\/useyourtalents.org\\\/cs\\\/#website\"},\"datePublished\":\"2024-04-19T08:53:20+00:00\",\"dateModified\":\"2024-04-23T06:29:43+00:00\",\"description\":\"Radi v\u00e1s budeme sprev\u00e1dza\u0165 na ceste objavovania a rozv\u00edjania va\u0161ich talentov i talentov va\u0161ich t\u00edmov a kolekt\u00edvov.\",\"breadcrumb\":{\"@id\":\"https:\\\/\\\/useyourtalents.org\\\/cs\\\/postup-upgrade\\\/#breadcrumb\"},\"inLanguage\":\"cs\",\"potentialAction\":[{\"@type\":\"ReadAction\",\"target\":[\"https:\\\/\\\/useyourtalents.org\\\/cs\\\/postup-upgrade\\\/\"]}]},{\"@type\":\"BreadcrumbList\",\"@id\":\"https:\\\/\\\/useyourtalents.org\\\/cs\\\/postup-upgrade\\\/#breadcrumb\",\"itemListElement\":[{\"@type\":\"ListItem\",\"position\":1,\"name\":\"Domovsk\u00e1 str\u00e1nka\",\"item\":\"https:\\\/\\\/useyourtalents.org\\\/cs\\\/\"},{\"@type\":\"ListItem\",\"position\":2,\"name\":\"Postup pro vypln\u011bn\u00ed talentov\u00e9ho dotazn\u00edku &#8211; upgrade\"}]},{\"@type\":\"WebSite\",\"@id\":\"https:\\\/\\\/useyourtalents.org\\\/cs\\\/#website\",\"url\":\"https:\\\/\\\/useyourtalents.org\\\/cs\\\/\",\"name\":\"Use Your Talents\",\"description\":\"Objavte svoje talenty\",\"publisher\":{\"@id\":\"https:\\\/\\\/useyourtalents.org\\\/cs\\\/#organization\"},\"potentialAction\":[{\"@type\":\"SearchAction\",\"target\":{\"@type\":\"EntryPoint\",\"urlTemplate\":\"https:\\\/\\\/useyourtalents.org\\\/cs\\\/?s={search_term_string}\"},\"query-input\":{\"@type\":\"PropertyValueSpecification\",\"valueRequired\":true,\"valueName\":\"search_term_string\"}}],\"inLanguage\":\"cs\"},{\"@type\":\"Organization\",\"@id\":\"https:\\\/\\\/useyourtalents.org\\\/cs\\\/#organization\",\"name\":\"Use Your Talents, s.r.o.\",\"url\":\"https:\\\/\\\/useyourtalents.org\\\/cs\\\/\",\"logo\":{\"@type\":\"ImageObject\",\"inLanguage\":\"cs\",\"@id\":\"https:\\\/\\\/useyourtalents.org\\\/cs\\\/#\\\/schema\\\/logo\\\/image\\\/\",\"url\":\"https:\\\/\\\/useyourtalents.org\\\/wp-content\\\/uploads\\\/2021\\\/11\\\/UseYourTalents_svg.svg\",\"contentUrl\":\"https:\\\/\\\/useyourtalents.org\\\/wp-content\\\/uploads\\\/2021\\\/11\\\/UseYourTalents_svg.svg\",\"width\":566,\"height\":215,\"caption\":\"Use Your Talents, s.r.o.\"},\"image\":{\"@id\":\"https:\\\/\\\/useyourtalents.org\\\/cs\\\/#\\\/schema\\\/logo\\\/image\\\/\"}}]}<\/script>\n<!-- \/ Yoast SEO plugin. -->","yoast_head_json":{"title":"Postup pro vypln\u011bn\u00ed talentov\u00e9ho dotazn\u00edku - upgrade - Use Your Talents","description":"Radi v\u00e1s budeme sprev\u00e1dza\u0165 na ceste objavovania a rozv\u00edjania va\u0161ich talentov i talentov va\u0161ich t\u00edmov a kolekt\u00edvov.","robots":{"index":"index","follow":"follow","max-snippet":"max-snippet:-1","max-image-preview":"max-image-preview:large","max-video-preview":"max-video-preview:-1"},"canonical":"https:\/\/useyourtalents.org\/cs\/postup-upgrade\/","og_locale":"cs_CZ","og_type":"article","og_title":"Postup pro vypln\u011bn\u00ed talentov\u00e9ho dotazn\u00edku - upgrade - Use Your Talents","og_description":"Radi v\u00e1s budeme sprev\u00e1dza\u0165 na ceste objavovania a rozv\u00edjania va\u0161ich talentov i talentov va\u0161ich t\u00edmov a kolekt\u00edvov.","og_url":"https:\/\/useyourtalents.org\/cs\/postup-upgrade\/","og_site_name":"Use Your Talents","article_modified_time":"2024-04-23T06:29:43+00:00","twitter_card":"summary_large_image","twitter_misc":{"Odhadovan\u00e1 doba \u010dten\u00ed":"2 minuty"},"schema":{"@context":"https:\/\/schema.org","@graph":[{"@type":"WebPage","@id":"https:\/\/useyourtalents.org\/cs\/postup-upgrade\/","url":"https:\/\/useyourtalents.org\/cs\/postup-upgrade\/","name":"Postup pro vypln\u011bn\u00ed talentov\u00e9ho dotazn\u00edku - upgrade - Use Your Talents","isPartOf":{"@id":"https:\/\/useyourtalents.org\/cs\/#website"},"datePublished":"2024-04-19T08:53:20+00:00","dateModified":"2024-04-23T06:29:43+00:00","description":"Radi v\u00e1s budeme sprev\u00e1dza\u0165 na ceste objavovania a rozv\u00edjania va\u0161ich talentov i talentov va\u0161ich t\u00edmov a kolekt\u00edvov.","breadcrumb":{"@id":"https:\/\/useyourtalents.org\/cs\/postup-upgrade\/#breadcrumb"},"inLanguage":"cs","potentialAction":[{"@type":"ReadAction","target":["https:\/\/useyourtalents.org\/cs\/postup-upgrade\/"]}]},{"@type":"BreadcrumbList","@id":"https:\/\/useyourtalents.org\/cs\/postup-upgrade\/#breadcrumb","itemListElement":[{"@type":"ListItem","position":1,"name":"Domovsk\u00e1 str\u00e1nka","item":"https:\/\/useyourtalents.org\/cs\/"},{"@type":"ListItem","position":2,"name":"Postup pro vypln\u011bn\u00ed talentov\u00e9ho dotazn\u00edku &#8211; upgrade"}]},{"@type":"WebSite","@id":"https:\/\/useyourtalents.org\/cs\/#website","url":"https:\/\/useyourtalents.org\/cs\/","name":"Use Your Talents","description":"Objavte svoje talenty","publisher":{"@id":"https:\/\/useyourtalents.org\/cs\/#organization"},"potentialAction":[{"@type":"SearchAction","target":{"@type":"EntryPoint","urlTemplate":"https:\/\/useyourtalents.org\/cs\/?s={search_term_string}"},"query-input":{"@type":"PropertyValueSpecification","valueRequired":true,"valueName":"search_term_string"}}],"inLanguage":"cs"},{"@type":"Organization","@id":"https:\/\/useyourtalents.org\/cs\/#organization","name":"Use Your Talents, s.r.o.","url":"https:\/\/useyourtalents.org\/cs\/","logo":{"@type":"ImageObject","inLanguage":"cs","@id":"https:\/\/useyourtalents.org\/cs\/#\/schema\/logo\/image\/","url":"https:\/\/useyourtalents.org\/wp-content\/uploads\/2021\/11\/UseYourTalents_svg.svg","contentUrl":"https:\/\/useyourtalents.org\/wp-content\/uploads\/2021\/11\/UseYourTalents_svg.svg","width":566,"height":215,"caption":"Use Your Talents, s.r.o."},"image":{"@id":"https:\/\/useyourtalents.org\/cs\/#\/schema\/logo\/image\/"}}]}},"rttpg_featured_image_url":null,"rttpg_author":{"display_name":"Matej Sl\u00e1vik","author_link":"https:\/\/useyourtalents.org\/cs\/author\/creathinkstudios\/"},"rttpg_comment":0,"rttpg_category":" <a href=\"https:\/\/useyourtalents.org\/cs\/?taxonomy=translation_priority&#038;term=optional-cs\" rel=\"tag\">Optional<\/a>","rttpg_excerpt":null,"_links":{"self":[{"href":"https:\/\/useyourtalents.org\/cs\/wp-json\/wp\/v2\/pages\/7194","targetHints":{"allow":["GET"]}}],"collection":[{"href":"https:\/\/useyourtalents.org\/cs\/wp-json\/wp\/v2\/pages"}],"about":[{"href":"https:\/\/useyourtalents.org\/cs\/wp-json\/wp\/v2\/types\/page"}],"author":[{"embeddable":true,"href":"https:\/\/useyourtalents.org\/cs\/wp-json\/wp\/v2\/users\/1"}],"replies":[{"embeddable":true,"href":"https:\/\/useyourtalents.org\/cs\/wp-json\/wp\/v2\/comments?post=7194"}],"version-history":[{"count":0,"href":"https:\/\/useyourtalents.org\/cs\/wp-json\/wp\/v2\/pages\/7194\/revisions"}],"wp:attachment":[{"href":"https:\/\/useyourtalents.org\/cs\/wp-json\/wp\/v2\/media?parent=7194"}],"curies":[{"name":"wp","href":"https:\/\/api.w.org\/{rel}","templated":true}]}}