{"id":5620,"date":"2023-09-11T15:58:48","date_gmt":"2023-09-11T13:58:48","guid":{"rendered":"https:\/\/useyourtalents.org\/o-nas\/milan-siska\/"},"modified":"2023-09-11T16:45:05","modified_gmt":"2023-09-11T14:45:05","slug":"milan-siska","status":"publish","type":"page","link":"https:\/\/useyourtalents.org\/cs\/o-nas\/milan-siska\/","title":{"rendered":"Milan Siska"},"content":{"rendered":"<p><div class=\"fusion-fullwidth fullwidth-box fusion-builder-row-1 fusion-flex-container nonhundred-percent-fullwidth non-hundred-percent-height-scrolling\" style=\"--awb-border-radius-top-left:0px;--awb-border-radius-top-right:0px;--awb-border-radius-bottom-right:0px;--awb-border-radius-bottom-left:0px;--awb-margin-bottom:10px;--awb-flex-wrap:wrap;\" ><div class=\"fusion-builder-row fusion-row fusion-flex-align-items-flex-start fusion-flex-justify-content-center fusion-flex-content-wrap\" style=\"max-width:1310.4px;margin-left: calc(-4% \/ 2 );margin-right: calc(-4% \/ 2 );\"><div class=\"fusion-layout-column fusion_builder_column fusion-builder-column-0 fusion_builder_column_2_3 2_3 fusion-flex-column fusion-animated\" style=\"--awb-bg-size:cover;--awb-width-large:66.6666666667%;--awb-margin-top-large:0px;--awb-spacing-right-large:2.88%;--awb-margin-bottom-large:0px;--awb-spacing-left-large:2.88%;--awb-width-medium:75%;--awb-order-medium:0;--awb-spacing-right-medium:2.56%;--awb-spacing-left-medium:2.56%;--awb-width-small:100%;--awb-order-small:0;--awb-spacing-right-small:1.92%;--awb-spacing-left-small:1.92%;\" data-animationType=\"fadeInDown\" data-animationDuration=\"1.3\" data-animationOffset=\"top-into-view\"><div class=\"fusion-column-wrapper fusion-column-has-shadow fusion-flex-justify-content-center fusion-content-layout-column\"><div class=\"fusion-title title fusion-title-1 fusion-sep-none fusion-title-center fusion-title-text fusion-title-size-six\" style=\"--awb-text-color:#d2003c;--awb-margin-top-small:10px;--awb-margin-right-small:0px;--awb-margin-bottom-small:10px;--awb-margin-left-small:0px;\"><h6 class=\"fusion-title-heading title-heading-center\" style=\"margin:0;text-transform:uppercase;\">USE YOUR TALENTS<\/h6><\/div><div class=\"fusion-title title fusion-title-2 fusion-sep-none fusion-title-center fusion-title-text fusion-title-size-one\" style=\"--awb-margin-bottom:30px;--awb-margin-top-small:10px;--awb-margin-right-small:0px;--awb-margin-bottom-small:10px;--awb-margin-left-small:0px;\"><h1 class=\"fusion-title-heading title-heading-center\" style=\"margin:0;\">Seznamte se s n\u00e1mi<\/h1><\/div><\/div><\/div><\/div><\/div><div class=\"fusion-fullwidth fullwidth-box fusion-builder-row-2 fusion-flex-container nonhundred-percent-fullwidth non-hundred-percent-height-scrolling\" style=\"--awb-border-radius-top-left:0px;--awb-border-radius-top-right:0px;--awb-border-radius-bottom-right:0px;--awb-border-radius-bottom-left:0px;--awb-padding-right-medium:25px;--awb-padding-left-medium:25px;--awb-padding-right-small:0px;--awb-padding-left-small:0px;--awb-margin-top:100px;--awb-flex-wrap:wrap;\" ><div class=\"fusion-builder-row fusion-row fusion-flex-align-items-stretch fusion-flex-content-wrap\" style=\"max-width:1310.4px;margin-left: calc(-4% \/ 2 );margin-right: calc(-4% \/ 2 );\"><div class=\"fusion-layout-column fusion_builder_column fusion-builder-column-1 fusion_builder_column_1_3 1_3 fusion-flex-column fusion-flex-align-self-flex-start fusion-animated\" style=\"--awb-padding-left-medium:0px;--awb-padding-right-small:30px;--awb-padding-left-small:30px;--awb-bg-size:cover;--awb-width-large:33.3333333333%;--awb-margin-top-large:0px;--awb-spacing-right-large:0%;--awb-margin-bottom-large:0px;--awb-spacing-left-large:5.76%;--awb-width-medium:50%;--awb-order-medium:2;--awb-spacing-right-medium:0%;--awb-spacing-left-medium:3.84%;--awb-width-small:100%;--awb-order-small:1;--awb-spacing-right-small:1.92%;--awb-margin-bottom-small:50px;--awb-spacing-left-small:1.92%;\" data-animationType=\"fadeInUp\" data-animationDuration=\"1.3\" data-animationOffset=\"top-into-view\"><div class=\"fusion-column-wrapper fusion-column-has-shadow fusion-flex-justify-content-flex-start fusion-content-layout-column\"><div class=\"fusion-image-element \" style=\"--awb-caption-title-font-family:var(--h2_typography-font-family);--awb-caption-title-font-weight:var(--h2_typography-font-weight);--awb-caption-title-font-style:var(--h2_typography-font-style);--awb-caption-title-size:var(--h2_typography-font-size);--awb-caption-title-transform:var(--h2_typography-text-transform);--awb-caption-title-line-height:var(--h2_typography-line-height);--awb-caption-title-letter-spacing:var(--h2_typography-letter-spacing);\"><span class=\" fusion-imageframe imageframe-none imageframe-1 hover-type-none\" style=\"border-radius:8px;\"><a href=\"https:\/\/useyourtalents.org\/wp-content\/uploads\/2023\/09\/milan_Siska.jpg\" class=\"fusion-lightbox\" data-rel=\"iLightbox[f2dbe2e35f4c4b63cdb]\" data-title=\"milan_Siska\" title=\"milan_Siska\"><img loading=\"lazy\" decoding=\"async\" width=\"800\" height=\"800\" src=\"https:\/\/useyourtalents.org\/wp-content\/uploads\/2023\/09\/milan_Siska.jpg\" alt class=\"img-responsive wp-image-5588\" srcset=\"https:\/\/useyourtalents.org\/wp-content\/uploads\/2023\/09\/milan_Siska-200x200.jpg 200w, https:\/\/useyourtalents.org\/wp-content\/uploads\/2023\/09\/milan_Siska-400x400.jpg 400w, https:\/\/useyourtalents.org\/wp-content\/uploads\/2023\/09\/milan_Siska-600x600.jpg 600w, https:\/\/useyourtalents.org\/wp-content\/uploads\/2023\/09\/milan_Siska.jpg 800w\" sizes=\"auto, (max-width: 640px) 100vw, 400px\" \/><\/a><\/span><\/div><\/div><\/div><div class=\"fusion-layout-column fusion_builder_column fusion-builder-column-2 fusion_builder_column_2_3 2_3 fusion-flex-column fusion-animated\" style=\"--awb-padding-left:2%;--awb-padding-top-medium:0px;--awb-padding-right-medium:3vw;--awb-padding-bottom-medium:0px;--awb-padding-left-medium:3vw;--awb-padding-right-small:40px;--awb-padding-left-small:40px;--awb-bg-size:cover;--awb-width-large:66.6666666667%;--awb-margin-top-large:0px;--awb-spacing-right-large:2.88%;--awb-margin-bottom-large:0px;--awb-spacing-left-large:2.88%;--awb-width-medium:100%;--awb-order-medium:1;--awb-spacing-right-medium:1.92%;--awb-margin-bottom-medium:0px;--awb-spacing-left-medium:0px;--awb-width-small:100%;--awb-order-small:1;--awb-spacing-right-small:1.92%;--awb-margin-bottom-small:0px;--awb-spacing-left-small:1.92%;\" data-animationType=\"fadeInUp\" data-animationDuration=\"1.3\" data-animationOffset=\"top-into-view\"><div class=\"fusion-column-wrapper fusion-column-has-shadow fusion-flex-justify-content-center fusion-content-layout-column\"><div class=\"fusion-title title fusion-title-3 fusion-sep-none fusion-title-text fusion-title-size-six\" style=\"--awb-text-color:#d2003c;--awb-margin-top-small:10px;--awb-margin-right-small:0px;--awb-margin-bottom-small:10px;--awb-margin-left-small:0px;\"><h6 class=\"fusion-title-heading title-heading-left sm-text-align-center\" style=\"margin:0;text-transform:uppercase;\">Talentov\u00fd expert<\/h6><\/div><div class=\"fusion-title title fusion-title-4 fusion-sep-none fusion-title-text fusion-title-size-two\" style=\"--awb-margin-top:0px;--awb-margin-bottom:35px;--awb-margin-top-small:10px;--awb-margin-right-small:0px;--awb-margin-bottom-small:10px;--awb-margin-left-small:0px;\"><h2 class=\"fusion-title-heading title-heading-left sm-text-align-center\" style=\"margin:0;line-height:1.2em;\">Mgr. Milan Siska<\/h2><\/div><div class=\"fusion-text fusion-text-1 sm-text-align-center\" style=\"--awb-text-transform:none;\"><p>Od d\u011btstv\u00ed jsem tou\u017eil b\u00fdt profesion\u00e1ln\u00edm sportovcem. Ani se mi nesnilo, \u017ee jednou budu vykon\u00e1vat u\u010ditelsk\u00e9 povol\u00e1n\u00ed. Dokonce ani tehdy, kdy\u017e jsem se v roce 2000 rozhodl studovat obor slovensk\u00fd jazyk s n\u00e1bo\u017eenstv\u00edm. A popravd\u011b \u0159e\u010deno nelituji. Svou u\u010ditelskou praxi jsem za\u010dal v N\u011bmecku, kde jsem pracoval jako dobrovoln\u00edk s d\u011btmi, kter\u00e9 to v \u017eivot\u011b nem\u011bly lehk\u00e9. Byly to pr\u00e1v\u011b ony, kter\u00e9 m\u011b nau\u010dily d\u00edvat se na v\u011bci z r\u016fzn\u00fdch \u00fahl\u016f pohledu. Po n\u00e1vratu z N\u011bmecka jsem za\u010dal vyu\u010dovat p\u0159ev\u00e1\u017en\u011b na z\u00e1kladn\u00edch \u0161kol\u00e1ch a nad\u00e1le jsem rozv\u00edjel dobrovolnickou \u010dinnost, kter\u00e1 se zam\u011b\u0159ovala na pr\u00e1ci se studenty na vysok\u00e9 \u0161kole.<br \/>\nDnes u\u017e jako man\u017eel, otec t\u0159\u00ed d\u011bt\u00ed a v neposledn\u00ed \u0159ad\u011b jako u\u010ditel a z\u00e1stupce \u0159editele na Z\u0160 s 16tiletou prax\u00ed v\u00edm, \u017ee je mo\u017en\u00e9 d\u011blat oby\u010dejn\u00e9 v\u011bci neoby\u010dejn\u00fdm zp\u016fsobem. Ano, nen\u00ed to tak snadn\u00e9, jak se to na prvn\u00ed pohled zd\u00e1. Chce to neust\u00e1le vid\u011bt ve v\u0161ech jejich v\u00fdjime\u010dnost, pozn\u00e1vat jejich pot\u0159eby \u010di n\u00e1lady. Mo\u017en\u00e1 i to byl d\u016fvod, pro\u010d jsem se stal v roce 2023 finalistou TOP 30 v sout\u011b\u017ei U\u010ditel Slovenska.<br \/>\nJsem certifikov\u00e1n jako Talentov\u00fd Expert by Use Your Talents a uv\u011bdomuji si, \u017ee kdy\u017e chci r\u016fst, mus\u00edm j\u00edt kup\u0159edu.<\/p>\n<\/div><div class=\"fusion-social-links fusion-social-links-1\" style=\"--awb-margin-top:0px;--awb-margin-right:0px;--awb-margin-bottom:20px;--awb-margin-left:0px;--awb-box-border-top:0px;--awb-box-border-right:0px;--awb-box-border-bottom:0px;--awb-box-border-left:0px;--awb-icon-colors-hover:rgba(158,160,164,0.8);--awb-box-colors-hover:rgba(242,243,245,0.8);--awb-box-border-color:var(--awb-color3);--awb-box-border-color-hover:var(--awb-color4);--awb-alignment-small:center;\"><div class=\"fusion-social-networks color-type-custom\"><div class=\"fusion-social-networks-wrapper\"><a class=\"fusion-social-network-icon fusion-tooltip fusion-mail awb-icon-mail\" style=\"color:#9ea0a4;font-size:16px;\" data-placement=\"top\" data-title=\"Email\" data-toggle=\"tooltip\" title=\"Email\" aria-label=\"mail\" target=\"_blank\" rel=\"noopener noreferrer\" href=\"mailto:&#109;ilan&#046;&#115;&#105;s&#107;&#097;&#064;us&#101;yo&#117;r&#116;&#097;&#108;&#101;nt&#115;.o&#114;&#103;\"><\/a><\/div><\/div><\/div><\/div><\/div><div class=\"fusion-layout-column fusion_builder_column fusion-builder-column-3 fusion_builder_column_1_2 1_2 fusion-flex-column fusion-flex-align-self-flex-start fusion-animated\" style=\"--awb-padding-left-medium:0px;--awb-padding-right-small:30px;--awb-padding-left-small:30px;--awb-bg-size:cover;--awb-width-large:50%;--awb-margin-top-large:30px;--awb-spacing-right-large:0%;--awb-margin-bottom-large:0px;--awb-spacing-left-large:3.84%;--awb-width-medium:50%;--awb-order-medium:2;--awb-spacing-right-medium:0%;--awb-spacing-left-medium:3.84%;--awb-width-small:100%;--awb-order-small:1;--awb-spacing-right-small:1.92%;--awb-margin-bottom-small:50px;--awb-spacing-left-small:1.92%;\" data-animationType=\"fadeIn\" data-animationDuration=\"0.8\" data-animationOffset=\"top-into-view\"><div class=\"fusion-column-wrapper fusion-column-has-shadow fusion-flex-justify-content-flex-start fusion-content-layout-column\"><div class=\"fusion-title title fusion-title-5 fusion-sep-none fusion-title-text fusion-title-size-three\" style=\"--awb-margin-top-small:10px;--awb-margin-right-small:0px;--awb-margin-bottom-small:10px;--awb-margin-left-small:0px;\"><h3 class=\"fusion-title-heading title-heading-left sm-text-align-center\" style=\"margin:0;\">Moje talenty<\/h3><\/div><style type=\"text\/css\">#fusion-chart-1 .fusion-chart-legend-wrap li:nth-child(1) span{color: #ffffff;}#fusion-chart-1 .fusion-chart-legend-wrap li:nth-child(2) span{color: #ffffff;}#fusion-chart-1 .fusion-chart-legend-wrap li:nth-child(3) span{color: #ffffff;}#fusion-chart-1 .fusion-chart-legend-wrap li:nth-child(4) span{color: #ffffff;}#fusion-chart-1 .fusion-chart-legend-wrap li:nth-child(5) span{color: #ffffff;}<\/style><div id=\"fusion-chart-1\" class=\"fusion-chart legend-left\" data-type=\"pie\" data-chart_legend_position=\"left\" data-x_axis_labels=\"U\u010d\u00edc\u00ed |Komunikativn\u00ed |Budoucnost |Ak\u010dn\u00ed |Vym\u00fd\u0161lej\u00edc\u00ed \" data-show_tooltips=\"no\" data-bg_colors=\"rgba(47,145,94,1)|rgba(233,116,3,1)|rgba(47,145,94,1)|rgba(233,116,3,1)|rgba(47,145,94,1)\" data-border_colors=\"rgba(255,255,255,1)|rgba(255,255,255,1)|rgba(255,255,255,1)|rgba(255,255,255,1)|rgba(255,255,255,1)\" data-border_size=\"1\" data-border_type=\"smooth\" data-chart_fill=\"off\" data-chart_point_style=\"circle\" data-chart_point_size=\"3\" data-chart_axis_text_color=\"rgba(74,78,87,1)\" data-chart_gridline_color=\"rgba(0,0,0,0.1)\"><div class=\"fusion-chart-dataset\" data-label=\"Data Set 1\" data-values=\"5|4|3|2|1\" data-background_color=\"rgba(0,188,212,1)\" data-border_color=\"rgba(0,188,212,1)\"><\/div><div class=\"fusion-chart-inner\"><div class=\"fusion-chart-wrap\"><canvas><\/canvas><\/div><div class=\"fusion-chart-legend-wrap\"><\/div><\/div><\/div><\/div><\/div><\/div><\/div><\/p>\n","protected":false},"excerpt":{"rendered":"","protected":false},"author":1,"featured_media":0,"parent":3224,"menu_order":0,"comment_status":"closed","ping_status":"closed","template":"","meta":{"footnotes":""},"class_list":["post-5620","page","type-page","status-publish","hentry"],"yoast_head":"<!-- This site is optimized with the Yoast SEO plugin v27.4 - https:\/\/yoast.com\/product\/yoast-seo-wordpress\/ -->\n<title>Milan Siska - Use Your Talents<\/title>\n<meta name=\"description\" content=\"Eduard Filo - certifikovan\u00fd Talentov\u00fd Expert by Use Your Talents\" \/>\n<meta name=\"robots\" content=\"index, follow, max-snippet:-1, max-image-preview:large, max-video-preview:-1\" \/>\n<link rel=\"canonical\" href=\"https:\/\/useyourtalents.org\/cs\/o-nas\/milan-siska\/\" \/>\n<meta property=\"og:locale\" content=\"cs_CZ\" \/>\n<meta property=\"og:type\" content=\"article\" \/>\n<meta property=\"og:title\" content=\"Milan Siska - Use Your Talents\" \/>\n<meta property=\"og:description\" content=\"Eduard Filo - certifikovan\u00fd Talentov\u00fd Expert by Use Your Talents\" \/>\n<meta property=\"og:url\" content=\"https:\/\/useyourtalents.org\/cs\/o-nas\/milan-siska\/\" \/>\n<meta property=\"og:site_name\" content=\"Use Your Talents\" \/>\n<meta property=\"article:modified_time\" content=\"2023-09-11T14:45:05+00:00\" \/>\n<meta name=\"twitter:card\" content=\"summary_large_image\" \/>\n<meta name=\"twitter:label1\" content=\"Odhadovan\u00e1 doba \u010dten\u00ed\" \/>\n\t<meta name=\"twitter:data1\" content=\"6 minut\" \/>\n<script type=\"application\/ld+json\" class=\"yoast-schema-graph\">{\"@context\":\"https:\\\/\\\/schema.org\",\"@graph\":[{\"@type\":\"WebPage\",\"@id\":\"https:\\\/\\\/useyourtalents.org\\\/cs\\\/o-nas\\\/milan-siska\\\/\",\"url\":\"https:\\\/\\\/useyourtalents.org\\\/cs\\\/o-nas\\\/milan-siska\\\/\",\"name\":\"Milan Siska - Use Your Talents\",\"isPartOf\":{\"@id\":\"https:\\\/\\\/useyourtalents.org\\\/cs\\\/#website\"},\"datePublished\":\"2023-09-11T13:58:48+00:00\",\"dateModified\":\"2023-09-11T14:45:05+00:00\",\"description\":\"Eduard Filo - certifikovan\u00fd Talentov\u00fd Expert by Use Your Talents\",\"breadcrumb\":{\"@id\":\"https:\\\/\\\/useyourtalents.org\\\/cs\\\/o-nas\\\/milan-siska\\\/#breadcrumb\"},\"inLanguage\":\"cs\",\"potentialAction\":[{\"@type\":\"ReadAction\",\"target\":[\"https:\\\/\\\/useyourtalents.org\\\/cs\\\/o-nas\\\/milan-siska\\\/\"]}]},{\"@type\":\"BreadcrumbList\",\"@id\":\"https:\\\/\\\/useyourtalents.org\\\/cs\\\/o-nas\\\/milan-siska\\\/#breadcrumb\",\"itemListElement\":[{\"@type\":\"ListItem\",\"position\":1,\"name\":\"Domovsk\u00e1 str\u00e1nka\",\"item\":\"https:\\\/\\\/useyourtalents.org\\\/cs\\\/\"},{\"@type\":\"ListItem\",\"position\":2,\"name\":\"O n\u00e1s\",\"item\":\"https:\\\/\\\/useyourtalents.org\\\/cs\\\/o-nas\\\/\"},{\"@type\":\"ListItem\",\"position\":3,\"name\":\"Milan Siska\"}]},{\"@type\":\"WebSite\",\"@id\":\"https:\\\/\\\/useyourtalents.org\\\/cs\\\/#website\",\"url\":\"https:\\\/\\\/useyourtalents.org\\\/cs\\\/\",\"name\":\"Use Your Talents\",\"description\":\"Objavte svoje talenty\",\"publisher\":{\"@id\":\"https:\\\/\\\/useyourtalents.org\\\/cs\\\/#organization\"},\"potentialAction\":[{\"@type\":\"SearchAction\",\"target\":{\"@type\":\"EntryPoint\",\"urlTemplate\":\"https:\\\/\\\/useyourtalents.org\\\/cs\\\/?s={search_term_string}\"},\"query-input\":{\"@type\":\"PropertyValueSpecification\",\"valueRequired\":true,\"valueName\":\"search_term_string\"}}],\"inLanguage\":\"cs\"},{\"@type\":\"Organization\",\"@id\":\"https:\\\/\\\/useyourtalents.org\\\/cs\\\/#organization\",\"name\":\"Use Your Talents, s.r.o.\",\"url\":\"https:\\\/\\\/useyourtalents.org\\\/cs\\\/\",\"logo\":{\"@type\":\"ImageObject\",\"inLanguage\":\"cs\",\"@id\":\"https:\\\/\\\/useyourtalents.org\\\/cs\\\/#\\\/schema\\\/logo\\\/image\\\/\",\"url\":\"https:\\\/\\\/useyourtalents.org\\\/wp-content\\\/uploads\\\/2021\\\/11\\\/UseYourTalents_svg.svg\",\"contentUrl\":\"https:\\\/\\\/useyourtalents.org\\\/wp-content\\\/uploads\\\/2021\\\/11\\\/UseYourTalents_svg.svg\",\"width\":566,\"height\":215,\"caption\":\"Use Your Talents, s.r.o.\"},\"image\":{\"@id\":\"https:\\\/\\\/useyourtalents.org\\\/cs\\\/#\\\/schema\\\/logo\\\/image\\\/\"}}]}<\/script>\n<!-- \/ Yoast SEO plugin. -->","yoast_head_json":{"title":"Milan Siska - Use Your Talents","description":"Eduard Filo - certifikovan\u00fd Talentov\u00fd Expert by Use Your Talents","robots":{"index":"index","follow":"follow","max-snippet":"max-snippet:-1","max-image-preview":"max-image-preview:large","max-video-preview":"max-video-preview:-1"},"canonical":"https:\/\/useyourtalents.org\/cs\/o-nas\/milan-siska\/","og_locale":"cs_CZ","og_type":"article","og_title":"Milan Siska - Use Your Talents","og_description":"Eduard Filo - certifikovan\u00fd Talentov\u00fd Expert by Use Your Talents","og_url":"https:\/\/useyourtalents.org\/cs\/o-nas\/milan-siska\/","og_site_name":"Use Your Talents","article_modified_time":"2023-09-11T14:45:05+00:00","twitter_card":"summary_large_image","twitter_misc":{"Odhadovan\u00e1 doba \u010dten\u00ed":"6 minut"},"schema":{"@context":"https:\/\/schema.org","@graph":[{"@type":"WebPage","@id":"https:\/\/useyourtalents.org\/cs\/o-nas\/milan-siska\/","url":"https:\/\/useyourtalents.org\/cs\/o-nas\/milan-siska\/","name":"Milan Siska - Use Your Talents","isPartOf":{"@id":"https:\/\/useyourtalents.org\/cs\/#website"},"datePublished":"2023-09-11T13:58:48+00:00","dateModified":"2023-09-11T14:45:05+00:00","description":"Eduard Filo - certifikovan\u00fd Talentov\u00fd Expert by Use Your Talents","breadcrumb":{"@id":"https:\/\/useyourtalents.org\/cs\/o-nas\/milan-siska\/#breadcrumb"},"inLanguage":"cs","potentialAction":[{"@type":"ReadAction","target":["https:\/\/useyourtalents.org\/cs\/o-nas\/milan-siska\/"]}]},{"@type":"BreadcrumbList","@id":"https:\/\/useyourtalents.org\/cs\/o-nas\/milan-siska\/#breadcrumb","itemListElement":[{"@type":"ListItem","position":1,"name":"Domovsk\u00e1 str\u00e1nka","item":"https:\/\/useyourtalents.org\/cs\/"},{"@type":"ListItem","position":2,"name":"O n\u00e1s","item":"https:\/\/useyourtalents.org\/cs\/o-nas\/"},{"@type":"ListItem","position":3,"name":"Milan Siska"}]},{"@type":"WebSite","@id":"https:\/\/useyourtalents.org\/cs\/#website","url":"https:\/\/useyourtalents.org\/cs\/","name":"Use Your Talents","description":"Objavte svoje talenty","publisher":{"@id":"https:\/\/useyourtalents.org\/cs\/#organization"},"potentialAction":[{"@type":"SearchAction","target":{"@type":"EntryPoint","urlTemplate":"https:\/\/useyourtalents.org\/cs\/?s={search_term_string}"},"query-input":{"@type":"PropertyValueSpecification","valueRequired":true,"valueName":"search_term_string"}}],"inLanguage":"cs"},{"@type":"Organization","@id":"https:\/\/useyourtalents.org\/cs\/#organization","name":"Use Your Talents, s.r.o.","url":"https:\/\/useyourtalents.org\/cs\/","logo":{"@type":"ImageObject","inLanguage":"cs","@id":"https:\/\/useyourtalents.org\/cs\/#\/schema\/logo\/image\/","url":"https:\/\/useyourtalents.org\/wp-content\/uploads\/2021\/11\/UseYourTalents_svg.svg","contentUrl":"https:\/\/useyourtalents.org\/wp-content\/uploads\/2021\/11\/UseYourTalents_svg.svg","width":566,"height":215,"caption":"Use Your Talents, s.r.o."},"image":{"@id":"https:\/\/useyourtalents.org\/cs\/#\/schema\/logo\/image\/"}}]}},"rttpg_featured_image_url":null,"rttpg_author":{"display_name":"Matej Sl\u00e1vik","author_link":"https:\/\/useyourtalents.org\/cs\/author\/creathinkstudios\/"},"rttpg_comment":0,"rttpg_category":" <a href=\"https:\/\/useyourtalents.org\/cs\/?taxonomy=translation_priority&#038;term=optional-cs\" rel=\"tag\">Optional<\/a>","rttpg_excerpt":null,"_links":{"self":[{"href":"https:\/\/useyourtalents.org\/cs\/wp-json\/wp\/v2\/pages\/5620","targetHints":{"allow":["GET"]}}],"collection":[{"href":"https:\/\/useyourtalents.org\/cs\/wp-json\/wp\/v2\/pages"}],"about":[{"href":"https:\/\/useyourtalents.org\/cs\/wp-json\/wp\/v2\/types\/page"}],"author":[{"embeddable":true,"href":"https:\/\/useyourtalents.org\/cs\/wp-json\/wp\/v2\/users\/1"}],"replies":[{"embeddable":true,"href":"https:\/\/useyourtalents.org\/cs\/wp-json\/wp\/v2\/comments?post=5620"}],"version-history":[{"count":0,"href":"https:\/\/useyourtalents.org\/cs\/wp-json\/wp\/v2\/pages\/5620\/revisions"}],"up":[{"embeddable":true,"href":"https:\/\/useyourtalents.org\/cs\/wp-json\/wp\/v2\/pages\/3224"}],"wp:attachment":[{"href":"https:\/\/useyourtalents.org\/cs\/wp-json\/wp\/v2\/media?parent=5620"}],"curies":[{"name":"wp","href":"https:\/\/api.w.org\/{rel}","templated":true}]}}