{"id":5440,"date":"2023-05-11T14:55:35","date_gmt":"2023-05-11T12:55:35","guid":{"rendered":"https:\/\/useyourtalents.org\/o-nas\/petronela-grajciarova\/"},"modified":"2024-02-02T18:00:54","modified_gmt":"2024-02-02T17:00:54","slug":"petronela-grajciarova","status":"publish","type":"page","link":"https:\/\/useyourtalents.org\/cs\/o-nas\/petronela-grajciarova\/","title":{"rendered":"Petronela Grajciarov\u00e1"},"content":{"rendered":"<p><div class=\"fusion-fullwidth fullwidth-box fusion-builder-row-1 fusion-flex-container nonhundred-percent-fullwidth non-hundred-percent-height-scrolling\" style=\"--awb-border-radius-top-left:0px;--awb-border-radius-top-right:0px;--awb-border-radius-bottom-right:0px;--awb-border-radius-bottom-left:0px;--awb-margin-bottom:10px;--awb-flex-wrap:wrap;\" ><div class=\"fusion-builder-row fusion-row fusion-flex-align-items-flex-start fusion-flex-justify-content-center fusion-flex-content-wrap\" style=\"max-width:1310.4px;margin-left: calc(-4% \/ 2 );margin-right: calc(-4% \/ 2 );\"><div class=\"fusion-layout-column fusion_builder_column fusion-builder-column-0 fusion_builder_column_2_3 2_3 fusion-flex-column fusion-animated\" style=\"--awb-bg-size:cover;--awb-width-large:66.6666666667%;--awb-margin-top-large:0px;--awb-spacing-right-large:2.88%;--awb-margin-bottom-large:0px;--awb-spacing-left-large:2.88%;--awb-width-medium:75%;--awb-order-medium:0;--awb-spacing-right-medium:2.56%;--awb-spacing-left-medium:2.56%;--awb-width-small:100%;--awb-order-small:0;--awb-spacing-right-small:1.92%;--awb-spacing-left-small:1.92%;\" data-animationType=\"fadeInDown\" data-animationDuration=\"1.3\" data-animationOffset=\"top-into-view\"><div class=\"fusion-column-wrapper fusion-column-has-shadow fusion-flex-justify-content-center fusion-content-layout-column\"><div class=\"fusion-title title fusion-title-1 fusion-sep-none fusion-title-center fusion-title-text fusion-title-size-six\" style=\"--awb-text-color:#d2003c;--awb-margin-top-small:10px;--awb-margin-right-small:0px;--awb-margin-bottom-small:10px;--awb-margin-left-small:0px;\"><h6 class=\"fusion-title-heading title-heading-center\" style=\"margin:0;text-transform:uppercase;\">USE YOUR TALENTS<\/h6><\/div><div class=\"fusion-title title fusion-title-2 fusion-sep-none fusion-title-center fusion-title-text fusion-title-size-one\" style=\"--awb-margin-bottom:30px;--awb-margin-top-small:10px;--awb-margin-right-small:0px;--awb-margin-bottom-small:10px;--awb-margin-left-small:0px;\"><h1 class=\"fusion-title-heading title-heading-center\" style=\"margin:0;\">Seznamte se s n\u00e1mi<\/h1><\/div><\/div><\/div><\/div><\/div><div class=\"fusion-fullwidth fullwidth-box fusion-builder-row-2 fusion-flex-container nonhundred-percent-fullwidth non-hundred-percent-height-scrolling\" style=\"--awb-border-radius-top-left:0px;--awb-border-radius-top-right:0px;--awb-border-radius-bottom-right:0px;--awb-border-radius-bottom-left:0px;--awb-padding-right-medium:25px;--awb-padding-left-medium:25px;--awb-padding-right-small:0px;--awb-padding-left-small:0px;--awb-margin-top:100px;--awb-flex-wrap:wrap;\" ><div class=\"fusion-builder-row fusion-row fusion-flex-align-items-stretch fusion-flex-content-wrap\" style=\"max-width:1310.4px;margin-left: calc(-4% \/ 2 );margin-right: calc(-4% \/ 2 );\"><div class=\"fusion-layout-column fusion_builder_column fusion-builder-column-1 fusion_builder_column_1_3 1_3 fusion-flex-column fusion-flex-align-self-flex-start fusion-animated\" style=\"--awb-padding-left-medium:0px;--awb-padding-right-small:30px;--awb-padding-left-small:30px;--awb-bg-size:cover;--awb-width-large:33.3333333333%;--awb-margin-top-large:0px;--awb-spacing-right-large:0%;--awb-margin-bottom-large:0px;--awb-spacing-left-large:5.76%;--awb-width-medium:50%;--awb-order-medium:3;--awb-spacing-right-medium:0%;--awb-spacing-left-medium:3.84%;--awb-width-small:100%;--awb-order-small:1;--awb-spacing-right-small:1.92%;--awb-margin-bottom-small:50px;--awb-spacing-left-small:1.92%;\" data-animationType=\"fadeInUp\" data-animationDuration=\"1.3\" data-animationOffset=\"top-into-view\"><div class=\"fusion-column-wrapper fusion-column-has-shadow fusion-flex-justify-content-flex-start fusion-content-layout-column\"><div class=\"fusion-image-element \" style=\"--awb-caption-title-font-family:var(--h2_typography-font-family);--awb-caption-title-font-weight:var(--h2_typography-font-weight);--awb-caption-title-font-style:var(--h2_typography-font-style);--awb-caption-title-size:var(--h2_typography-font-size);--awb-caption-title-transform:var(--h2_typography-text-transform);--awb-caption-title-line-height:var(--h2_typography-line-height);--awb-caption-title-letter-spacing:var(--h2_typography-letter-spacing);\"><span class=\" fusion-imageframe imageframe-none imageframe-1 hover-type-none\" style=\"border-radius:8px;\"><a href=\"https:\/\/useyourtalents.org\/wp-content\/uploads\/2024\/01\/use-your-talents-600px-Petronela-Grajciarova.jpg\" class=\"fusion-lightbox\" data-rel=\"iLightbox[5c17325d30f7eec72ed]\" data-title=\"use-your-talents-600px-Petronela Grajciarov\u00e1\" title=\"use-your-talents-600px-Petronela Grajciarov\u00e1\"><img loading=\"lazy\" decoding=\"async\" width=\"600\" height=\"600\" src=\"https:\/\/useyourtalents.org\/wp-content\/uploads\/2024\/01\/use-your-talents-600px-Petronela-Grajciarova.jpg\" alt class=\"img-responsive wp-image-6437\" srcset=\"https:\/\/useyourtalents.org\/wp-content\/uploads\/2024\/01\/use-your-talents-600px-Petronela-Grajciarova-200x200.jpg 200w, https:\/\/useyourtalents.org\/wp-content\/uploads\/2024\/01\/use-your-talents-600px-Petronela-Grajciarova-400x400.jpg 400w, https:\/\/useyourtalents.org\/wp-content\/uploads\/2024\/01\/use-your-talents-600px-Petronela-Grajciarova.jpg 600w\" sizes=\"auto, (max-width: 640px) 100vw, 400px\" \/><\/a><\/span><\/div><\/div><\/div><div class=\"fusion-layout-column fusion_builder_column fusion-builder-column-2 fusion_builder_column_2_3 2_3 fusion-flex-column fusion-animated\" style=\"--awb-padding-left:2%;--awb-padding-top-medium:0px;--awb-padding-right-medium:3vw;--awb-padding-bottom-medium:0px;--awb-padding-left-medium:3vw;--awb-padding-right-small:40px;--awb-padding-left-small:40px;--awb-bg-size:cover;--awb-width-large:66.6666666667%;--awb-margin-top-large:0px;--awb-spacing-right-large:2.88%;--awb-margin-bottom-large:0px;--awb-spacing-left-large:2.88%;--awb-width-medium:100%;--awb-order-medium:1;--awb-spacing-right-medium:1.92%;--awb-margin-bottom-medium:0px;--awb-spacing-left-medium:0px;--awb-width-small:100%;--awb-order-small:1;--awb-spacing-right-small:1.92%;--awb-margin-bottom-small:0px;--awb-spacing-left-small:1.92%;\" data-animationType=\"fadeInUp\" data-animationDuration=\"1.3\" data-animationOffset=\"top-into-view\"><div class=\"fusion-column-wrapper fusion-column-has-shadow fusion-flex-justify-content-center fusion-content-layout-column\"><div class=\"fusion-title title fusion-title-3 fusion-sep-none fusion-title-text fusion-title-size-six\" style=\"--awb-text-color:#d2003c;--awb-margin-top-small:10px;--awb-margin-right-small:0px;--awb-margin-bottom-small:10px;--awb-margin-left-small:0px;\"><h6 class=\"fusion-title-heading title-heading-left sm-text-align-center\" style=\"margin:0;text-transform:uppercase;\">TALENTOV\u00dd EXPERT<\/h6><\/div><div class=\"fusion-title title fusion-title-4 fusion-sep-none fusion-title-text fusion-title-size-two\" style=\"--awb-margin-top:0px;--awb-margin-bottom:35px;--awb-margin-top-small:10px;--awb-margin-right-small:0px;--awb-margin-bottom-small:10px;--awb-margin-left-small:0px;\"><h2 class=\"fusion-title-heading title-heading-left sm-text-align-center\" style=\"margin:0;line-height:1.2em;\">Ing. Petronela Grajciarov\u00e1<\/h2><\/div><div class=\"fusion-text fusion-text-1 sm-text-align-center\" style=\"--awb-text-transform:none;\"><p>Vystudovala jsem Environmentalistiku a management \u017eivotn\u00edho prost\u0159ed\u00ed, m\u016fj \u017eivot se v\u0161ak od t\u00e9to profese ubral \u00fapln\u011b jin\u00fdm sm\u011brem. \u017dila jsem n\u011bjak\u00fd \u010das ve Velk\u00e9 Brit\u00e1nii, pracovala jsem v korpor\u00e1tn\u00edm prost\u0159ed\u00ed, ale sv\u016fj dream job jsem objevila v oblasti neziskov\u00e9ho sektoru. T\u00e9m\u011b\u0159 9 let jsem pracovala v neziskov\u00e9 organizaci, kde jsem se v\u011bnovala mlad\u00fdm lidem, tvorb\u011b a p\u0159\u00edprav\u011b akreditovan\u00fdch vzd\u011bl\u00e1vac\u00edch program\u016f, networkingu a budov\u00e1n\u00ed vztah\u016f s r\u016fzn\u00fdmi partnery a \u010dleny organizac\u00ed v\u011bnuj\u00edc\u00edch se pr\u00e1ci s ml\u00e1de\u017e\u00ed. Moment\u00e1ln\u011b pracuji jako person\u00e1ln\u00ed a projektov\u00fd mana\u017eer v organizaci IP\u010dko, o.z. Zjistila jsem, \u017ee pr\u00e1ce s lidmi m\u011b opravdu bav\u00ed a \u017ee se j\u00ed chci naplno v\u011bnovat a\u0165 u\u017e ve sv\u00e9 profesi, nebo jako certifikovan\u00e1 talentov\u00e1 expertka by Use Your Talents. D\u00edky talentov\u00e9mu p\u0159\u00edstupu jsem p\u0159ed p\u00e1r lety objevila sv\u00e9 talenty, a to mi zm\u011bnilo \u017eivot. P\u0159i pr\u00e1ci s lidmi si uv\u011bdomuji, \u017ee kl\u00ed\u010dem je objevit sv\u016fj potenci\u00e1l a zam\u011b\u0159it ho t\u00edm spr\u00e1vn\u00fdm sm\u011brem. M\u016fj prvn\u00ed talent je zam\u011b\u0159en na rozvoj druh\u00fdch, proto chci pom\u00e1hat lidem objevit jejich talenty, p\u0159em\u011b\u0148ovat je na siln\u00e9 str\u00e1nky, kter\u00e9 dok\u00e1\u017eou vyu\u017e\u00edt nejen ve sv\u00e9 pr\u00e1ci, ale i ve vztaz\u00edch a v rodin\u011b.<\/p>\n<\/div><div class=\"fusion-social-links fusion-social-links-1\" style=\"--awb-margin-top:0px;--awb-margin-right:0px;--awb-margin-bottom:20px;--awb-margin-left:0px;--awb-box-border-top:0px;--awb-box-border-right:0px;--awb-box-border-bottom:0px;--awb-box-border-left:0px;--awb-icon-colors-hover:rgba(158,160,164,0.8);--awb-box-colors-hover:rgba(242,243,245,0.8);--awb-box-border-color:var(--awb-color3);--awb-box-border-color-hover:var(--awb-color4);--awb-alignment-small:center;\"><div class=\"fusion-social-networks color-type-custom\"><div class=\"fusion-social-networks-wrapper\"><a class=\"fusion-social-network-icon fusion-tooltip fusion-mail awb-icon-mail\" style=\"color:#9ea0a4;font-size:16px;\" data-placement=\"top\" data-title=\"Email\" data-toggle=\"tooltip\" title=\"Email\" aria-label=\"mail\" target=\"_blank\" rel=\"noopener noreferrer\" href=\"mailto:&#112;&#101;&#116;ro&#110;e&#108;a.&#103;&#114;a&#106;ciarov&#097;&#064;&#117;s&#101;y&#111;&#117;&#114;tal&#101;nt&#115;&#046;&#111;&#114;&#103;\"><\/a><\/div><\/div><\/div><\/div><\/div><div class=\"fusion-layout-column fusion_builder_column fusion-builder-column-3 fusion_builder_column_1_2 1_2 fusion-flex-column fusion-flex-align-self-flex-start fusion-animated\" style=\"--awb-padding-left-medium:0px;--awb-padding-right-small:30px;--awb-padding-left-small:30px;--awb-bg-size:cover;--awb-width-large:50%;--awb-margin-top-large:0px;--awb-spacing-right-large:0%;--awb-margin-bottom-large:0px;--awb-spacing-left-large:3.84%;--awb-width-medium:50%;--awb-order-medium:3;--awb-margin-top-medium:30px;--awb-spacing-right-medium:0%;--awb-spacing-left-medium:3.84%;--awb-width-small:100%;--awb-order-small:1;--awb-spacing-right-small:1.92%;--awb-margin-bottom-small:50px;--awb-spacing-left-small:1.92%;\" data-animationType=\"fadeIn\" data-animationDuration=\"0.8\" data-animationOffset=\"top-into-view\"><div class=\"fusion-column-wrapper fusion-column-has-shadow fusion-flex-justify-content-flex-start fusion-content-layout-column\"><div class=\"fusion-title title fusion-title-5 fusion-sep-none fusion-title-text fusion-title-size-three\" style=\"--awb-margin-top-small:10px;--awb-margin-right-small:0px;--awb-margin-bottom-small:10px;--awb-margin-left-small:0px;\"><h3 class=\"fusion-title-heading title-heading-left sm-text-align-center\" style=\"margin:0;\">Moje talenty<\/h3><\/div><style type=\"text\/css\">#fusion-chart-1 .fusion-chart-legend-wrap li:nth-child(1) span{color: #ffffff;}#fusion-chart-1 .fusion-chart-legend-wrap li:nth-child(2) span{color: #ffffff;}#fusion-chart-1 .fusion-chart-legend-wrap li:nth-child(3) span{color: #ffffff;}#fusion-chart-1 .fusion-chart-legend-wrap li:nth-child(4) span{color: #ffffff;}#fusion-chart-1 .fusion-chart-legend-wrap li:nth-child(5) span{color: #ffffff;}<\/style><div id=\"fusion-chart-1\" class=\"fusion-chart legend-left\" data-type=\"pie\" data-chart_legend_position=\"left\" data-x_axis_labels=\"Rozv\u00edjej\u00edc\u00ed |Pozitivn\u00ed |Empatick\u00fd |U\u010d\u00edc\u00ed |Maximalizuj\u00edc\u00ed \" data-show_tooltips=\"no\" data-bg_colors=\"rgba(1,112,204,1)|rgba(1,112,204,1)|rgba(1,112,204,1)|rgba(47,145,94,1)|rgba(233,116,3,1)\" data-border_colors=\"rgba(255,255,255,1)|rgba(255,255,255,1)|rgba(255,255,255,1)|rgba(255,255,255,1)|rgba(255,255,255,1)\" data-border_size=\"1\" data-border_type=\"smooth\" data-chart_fill=\"off\" data-chart_point_style=\"circle\" data-chart_point_size=\"3\" data-chart_axis_text_color=\"rgba(74,78,87,1)\" data-chart_gridline_color=\"rgba(0,0,0,0.1)\"><div class=\"fusion-chart-dataset\" data-label=\"Data Set 1\" data-values=\"5|4|3|2|1\" data-background_color=\"rgba(0,188,212,1)\" data-border_color=\"rgba(0,188,212,1)\"><\/div><div class=\"fusion-chart-inner\"><div class=\"fusion-chart-wrap\"><canvas><\/canvas><\/div><div class=\"fusion-chart-legend-wrap\"><\/div><\/div><\/div><\/div><\/div><\/div><\/div><\/p>\n","protected":false},"excerpt":{"rendered":"","protected":false},"author":1,"featured_media":0,"parent":3224,"menu_order":0,"comment_status":"closed","ping_status":"closed","template":"","meta":{"footnotes":""},"class_list":["post-5440","page","type-page","status-publish","hentry"],"yoast_head":"<!-- This site is optimized with the Yoast SEO plugin v27.4 - https:\/\/yoast.com\/product\/yoast-seo-wordpress\/ -->\n<title>Petronela Grajciarov\u00e1 - Use Your Talents<\/title>\n<meta name=\"description\" content=\"Ane\u017eka Kar\u013ea - certifikovan\u00fd Talentov\u00fd Expert by Use Your Talents\" \/>\n<meta name=\"robots\" content=\"index, follow, max-snippet:-1, max-image-preview:large, max-video-preview:-1\" \/>\n<link rel=\"canonical\" href=\"https:\/\/useyourtalents.org\/cs\/o-nas\/petronela-grajciarova\/\" \/>\n<meta property=\"og:locale\" content=\"cs_CZ\" \/>\n<meta property=\"og:type\" content=\"article\" \/>\n<meta property=\"og:title\" content=\"Petronela Grajciarov\u00e1 - Use Your Talents\" \/>\n<meta property=\"og:description\" content=\"Ane\u017eka Kar\u013ea - certifikovan\u00fd Talentov\u00fd Expert by Use Your Talents\" \/>\n<meta property=\"og:url\" content=\"https:\/\/useyourtalents.org\/cs\/o-nas\/petronela-grajciarova\/\" \/>\n<meta property=\"og:site_name\" content=\"Use Your Talents\" \/>\n<meta property=\"article:modified_time\" content=\"2024-02-02T17:00:54+00:00\" \/>\n<meta name=\"twitter:card\" content=\"summary_large_image\" \/>\n<meta name=\"twitter:label1\" content=\"Odhadovan\u00e1 doba \u010dten\u00ed\" \/>\n\t<meta name=\"twitter:data1\" content=\"2 minuty\" \/>\n<script type=\"application\/ld+json\" class=\"yoast-schema-graph\">{\"@context\":\"https:\\\/\\\/schema.org\",\"@graph\":[{\"@type\":\"WebPage\",\"@id\":\"https:\\\/\\\/useyourtalents.org\\\/cs\\\/o-nas\\\/petronela-grajciarova\\\/\",\"url\":\"https:\\\/\\\/useyourtalents.org\\\/cs\\\/o-nas\\\/petronela-grajciarova\\\/\",\"name\":\"Petronela Grajciarov\u00e1 - Use Your Talents\",\"isPartOf\":{\"@id\":\"https:\\\/\\\/useyourtalents.org\\\/cs\\\/#website\"},\"datePublished\":\"2023-05-11T12:55:35+00:00\",\"dateModified\":\"2024-02-02T17:00:54+00:00\",\"description\":\"Ane\u017eka Kar\u013ea - certifikovan\u00fd Talentov\u00fd Expert by Use Your Talents\",\"breadcrumb\":{\"@id\":\"https:\\\/\\\/useyourtalents.org\\\/cs\\\/o-nas\\\/petronela-grajciarova\\\/#breadcrumb\"},\"inLanguage\":\"cs\",\"potentialAction\":[{\"@type\":\"ReadAction\",\"target\":[\"https:\\\/\\\/useyourtalents.org\\\/cs\\\/o-nas\\\/petronela-grajciarova\\\/\"]}]},{\"@type\":\"BreadcrumbList\",\"@id\":\"https:\\\/\\\/useyourtalents.org\\\/cs\\\/o-nas\\\/petronela-grajciarova\\\/#breadcrumb\",\"itemListElement\":[{\"@type\":\"ListItem\",\"position\":1,\"name\":\"Domovsk\u00e1 str\u00e1nka\",\"item\":\"https:\\\/\\\/useyourtalents.org\\\/cs\\\/\"},{\"@type\":\"ListItem\",\"position\":2,\"name\":\"O n\u00e1s\",\"item\":\"https:\\\/\\\/useyourtalents.org\\\/cs\\\/o-nas\\\/\"},{\"@type\":\"ListItem\",\"position\":3,\"name\":\"Petronela Grajciarov\u00e1\"}]},{\"@type\":\"WebSite\",\"@id\":\"https:\\\/\\\/useyourtalents.org\\\/cs\\\/#website\",\"url\":\"https:\\\/\\\/useyourtalents.org\\\/cs\\\/\",\"name\":\"Use Your Talents\",\"description\":\"Objavte svoje talenty\",\"publisher\":{\"@id\":\"https:\\\/\\\/useyourtalents.org\\\/cs\\\/#organization\"},\"potentialAction\":[{\"@type\":\"SearchAction\",\"target\":{\"@type\":\"EntryPoint\",\"urlTemplate\":\"https:\\\/\\\/useyourtalents.org\\\/cs\\\/?s={search_term_string}\"},\"query-input\":{\"@type\":\"PropertyValueSpecification\",\"valueRequired\":true,\"valueName\":\"search_term_string\"}}],\"inLanguage\":\"cs\"},{\"@type\":\"Organization\",\"@id\":\"https:\\\/\\\/useyourtalents.org\\\/cs\\\/#organization\",\"name\":\"Use Your Talents, s.r.o.\",\"url\":\"https:\\\/\\\/useyourtalents.org\\\/cs\\\/\",\"logo\":{\"@type\":\"ImageObject\",\"inLanguage\":\"cs\",\"@id\":\"https:\\\/\\\/useyourtalents.org\\\/cs\\\/#\\\/schema\\\/logo\\\/image\\\/\",\"url\":\"https:\\\/\\\/useyourtalents.org\\\/wp-content\\\/uploads\\\/2021\\\/11\\\/UseYourTalents_svg.svg\",\"contentUrl\":\"https:\\\/\\\/useyourtalents.org\\\/wp-content\\\/uploads\\\/2021\\\/11\\\/UseYourTalents_svg.svg\",\"width\":566,\"height\":215,\"caption\":\"Use Your Talents, s.r.o.\"},\"image\":{\"@id\":\"https:\\\/\\\/useyourtalents.org\\\/cs\\\/#\\\/schema\\\/logo\\\/image\\\/\"}}]}<\/script>\n<!-- \/ Yoast SEO plugin. -->","yoast_head_json":{"title":"Petronela Grajciarov\u00e1 - Use Your Talents","description":"Ane\u017eka Kar\u013ea - certifikovan\u00fd Talentov\u00fd Expert by Use Your Talents","robots":{"index":"index","follow":"follow","max-snippet":"max-snippet:-1","max-image-preview":"max-image-preview:large","max-video-preview":"max-video-preview:-1"},"canonical":"https:\/\/useyourtalents.org\/cs\/o-nas\/petronela-grajciarova\/","og_locale":"cs_CZ","og_type":"article","og_title":"Petronela Grajciarov\u00e1 - Use Your Talents","og_description":"Ane\u017eka Kar\u013ea - certifikovan\u00fd Talentov\u00fd Expert by Use Your Talents","og_url":"https:\/\/useyourtalents.org\/cs\/o-nas\/petronela-grajciarova\/","og_site_name":"Use Your Talents","article_modified_time":"2024-02-02T17:00:54+00:00","twitter_card":"summary_large_image","twitter_misc":{"Odhadovan\u00e1 doba \u010dten\u00ed":"2 minuty"},"schema":{"@context":"https:\/\/schema.org","@graph":[{"@type":"WebPage","@id":"https:\/\/useyourtalents.org\/cs\/o-nas\/petronela-grajciarova\/","url":"https:\/\/useyourtalents.org\/cs\/o-nas\/petronela-grajciarova\/","name":"Petronela Grajciarov\u00e1 - Use Your Talents","isPartOf":{"@id":"https:\/\/useyourtalents.org\/cs\/#website"},"datePublished":"2023-05-11T12:55:35+00:00","dateModified":"2024-02-02T17:00:54+00:00","description":"Ane\u017eka Kar\u013ea - certifikovan\u00fd Talentov\u00fd Expert by Use Your Talents","breadcrumb":{"@id":"https:\/\/useyourtalents.org\/cs\/o-nas\/petronela-grajciarova\/#breadcrumb"},"inLanguage":"cs","potentialAction":[{"@type":"ReadAction","target":["https:\/\/useyourtalents.org\/cs\/o-nas\/petronela-grajciarova\/"]}]},{"@type":"BreadcrumbList","@id":"https:\/\/useyourtalents.org\/cs\/o-nas\/petronela-grajciarova\/#breadcrumb","itemListElement":[{"@type":"ListItem","position":1,"name":"Domovsk\u00e1 str\u00e1nka","item":"https:\/\/useyourtalents.org\/cs\/"},{"@type":"ListItem","position":2,"name":"O n\u00e1s","item":"https:\/\/useyourtalents.org\/cs\/o-nas\/"},{"@type":"ListItem","position":3,"name":"Petronela Grajciarov\u00e1"}]},{"@type":"WebSite","@id":"https:\/\/useyourtalents.org\/cs\/#website","url":"https:\/\/useyourtalents.org\/cs\/","name":"Use Your Talents","description":"Objavte svoje talenty","publisher":{"@id":"https:\/\/useyourtalents.org\/cs\/#organization"},"potentialAction":[{"@type":"SearchAction","target":{"@type":"EntryPoint","urlTemplate":"https:\/\/useyourtalents.org\/cs\/?s={search_term_string}"},"query-input":{"@type":"PropertyValueSpecification","valueRequired":true,"valueName":"search_term_string"}}],"inLanguage":"cs"},{"@type":"Organization","@id":"https:\/\/useyourtalents.org\/cs\/#organization","name":"Use Your Talents, s.r.o.","url":"https:\/\/useyourtalents.org\/cs\/","logo":{"@type":"ImageObject","inLanguage":"cs","@id":"https:\/\/useyourtalents.org\/cs\/#\/schema\/logo\/image\/","url":"https:\/\/useyourtalents.org\/wp-content\/uploads\/2021\/11\/UseYourTalents_svg.svg","contentUrl":"https:\/\/useyourtalents.org\/wp-content\/uploads\/2021\/11\/UseYourTalents_svg.svg","width":566,"height":215,"caption":"Use Your Talents, s.r.o."},"image":{"@id":"https:\/\/useyourtalents.org\/cs\/#\/schema\/logo\/image\/"}}]}},"rttpg_featured_image_url":null,"rttpg_author":{"display_name":"Matej Sl\u00e1vik","author_link":"https:\/\/useyourtalents.org\/cs\/author\/creathinkstudios\/"},"rttpg_comment":0,"rttpg_category":" <a href=\"https:\/\/useyourtalents.org\/cs\/?taxonomy=translation_priority&#038;term=optional-cs\" rel=\"tag\">Optional<\/a>","rttpg_excerpt":null,"_links":{"self":[{"href":"https:\/\/useyourtalents.org\/cs\/wp-json\/wp\/v2\/pages\/5440","targetHints":{"allow":["GET"]}}],"collection":[{"href":"https:\/\/useyourtalents.org\/cs\/wp-json\/wp\/v2\/pages"}],"about":[{"href":"https:\/\/useyourtalents.org\/cs\/wp-json\/wp\/v2\/types\/page"}],"author":[{"embeddable":true,"href":"https:\/\/useyourtalents.org\/cs\/wp-json\/wp\/v2\/users\/1"}],"replies":[{"embeddable":true,"href":"https:\/\/useyourtalents.org\/cs\/wp-json\/wp\/v2\/comments?post=5440"}],"version-history":[{"count":0,"href":"https:\/\/useyourtalents.org\/cs\/wp-json\/wp\/v2\/pages\/5440\/revisions"}],"up":[{"embeddable":true,"href":"https:\/\/useyourtalents.org\/cs\/wp-json\/wp\/v2\/pages\/3224"}],"wp:attachment":[{"href":"https:\/\/useyourtalents.org\/cs\/wp-json\/wp\/v2\/media?parent=5440"}],"curies":[{"name":"wp","href":"https:\/\/api.w.org\/{rel}","templated":true}]}}