{"id":5306,"date":"2023-04-17T15:15:03","date_gmt":"2023-04-17T13:15:03","guid":{"rendered":"https:\/\/useyourtalents.org\/o-nas\/helena-priesolova-2\/"},"modified":"2026-03-27T17:38:06","modified_gmt":"2026-03-27T16:38:06","slug":"helena-priesolova","status":"publish","type":"page","link":"https:\/\/useyourtalents.org\/cs\/o-nas\/helena-priesolova\/","title":{"rendered":"Ing. Helena Priesolov\u00e1"},"content":{"rendered":"<p><div class=\"fusion-fullwidth fullwidth-box fusion-builder-row-1 fusion-flex-container nonhundred-percent-fullwidth non-hundred-percent-height-scrolling\" style=\"--awb-border-radius-top-left:0px;--awb-border-radius-top-right:0px;--awb-border-radius-bottom-right:0px;--awb-border-radius-bottom-left:0px;--awb-margin-bottom:10px;--awb-flex-wrap:wrap;\" ><div class=\"fusion-builder-row fusion-row fusion-flex-align-items-flex-start fusion-flex-justify-content-center fusion-flex-content-wrap\" style=\"max-width:1310.4px;margin-left: calc(-4% \/ 2 );margin-right: calc(-4% \/ 2 );\"><div class=\"fusion-layout-column fusion_builder_column fusion-builder-column-0 fusion_builder_column_2_3 2_3 fusion-flex-column fusion-animated\" style=\"--awb-bg-size:cover;--awb-width-large:66.6666666667%;--awb-margin-top-large:0px;--awb-spacing-right-large:2.88%;--awb-margin-bottom-large:0px;--awb-spacing-left-large:2.88%;--awb-width-medium:75%;--awb-order-medium:0;--awb-spacing-right-medium:2.56%;--awb-spacing-left-medium:2.56%;--awb-width-small:100%;--awb-order-small:0;--awb-spacing-right-small:1.92%;--awb-spacing-left-small:1.92%;\" data-animationType=\"fadeInDown\" data-animationDuration=\"1.3\" data-animationOffset=\"top-into-view\"><div class=\"fusion-column-wrapper fusion-column-has-shadow fusion-flex-justify-content-center fusion-content-layout-column\"><div class=\"fusion-title title fusion-title-1 fusion-sep-none fusion-title-center fusion-title-text fusion-title-size-six\" style=\"--awb-text-color:#d2003c;--awb-margin-top-small:10px;--awb-margin-right-small:0px;--awb-margin-bottom-small:10px;--awb-margin-left-small:0px;\"><h6 class=\"fusion-title-heading title-heading-center\" style=\"margin:0;text-transform:uppercase;\">USE YOUR TALENTS<\/h6><\/div><div class=\"fusion-title title fusion-title-2 fusion-sep-none fusion-title-center fusion-title-text fusion-title-size-one\" style=\"--awb-margin-bottom:30px;--awb-margin-top-small:10px;--awb-margin-right-small:0px;--awb-margin-bottom-small:10px;--awb-margin-left-small:0px;\"><h1 class=\"fusion-title-heading title-heading-center\" style=\"margin:0;\">Seznamte se s n\u00e1mi<\/h1><\/div><\/div><\/div><\/div><\/div><div class=\"fusion-fullwidth fullwidth-box fusion-builder-row-2 fusion-flex-container nonhundred-percent-fullwidth non-hundred-percent-height-scrolling\" style=\"--awb-border-radius-top-left:0px;--awb-border-radius-top-right:0px;--awb-border-radius-bottom-right:0px;--awb-border-radius-bottom-left:0px;--awb-padding-right-medium:25px;--awb-padding-left-medium:25px;--awb-padding-right-small:0px;--awb-padding-left-small:0px;--awb-margin-top:100px;--awb-flex-wrap:wrap;\" ><div class=\"fusion-builder-row fusion-row fusion-flex-align-items-stretch fusion-flex-content-wrap\" style=\"max-width:1310.4px;margin-left: calc(-4% \/ 2 );margin-right: calc(-4% \/ 2 );\"><div class=\"fusion-layout-column fusion_builder_column fusion-builder-column-1 fusion_builder_column_1_3 1_3 fusion-flex-column fusion-flex-align-self-flex-start fusion-animated\" style=\"--awb-padding-left-medium:0px;--awb-padding-right-small:30px;--awb-padding-left-small:30px;--awb-bg-size:cover;--awb-width-large:33.3333333333%;--awb-margin-top-large:0px;--awb-spacing-right-large:0%;--awb-margin-bottom-large:0px;--awb-spacing-left-large:5.76%;--awb-width-medium:50%;--awb-order-medium:3;--awb-spacing-right-medium:0%;--awb-spacing-left-medium:3.84%;--awb-width-small:100%;--awb-order-small:1;--awb-spacing-right-small:1.92%;--awb-margin-bottom-small:50px;--awb-spacing-left-small:1.92%;\" data-animationType=\"fadeInUp\" data-animationDuration=\"1.3\" data-animationOffset=\"top-into-view\"><div class=\"fusion-column-wrapper fusion-column-has-shadow fusion-flex-justify-content-flex-start fusion-content-layout-column\"><div class=\"fusion-image-element \" style=\"--awb-caption-title-font-family:var(--h2_typography-font-family);--awb-caption-title-font-weight:var(--h2_typography-font-weight);--awb-caption-title-font-style:var(--h2_typography-font-style);--awb-caption-title-size:var(--h2_typography-font-size);--awb-caption-title-transform:var(--h2_typography-text-transform);--awb-caption-title-line-height:var(--h2_typography-line-height);--awb-caption-title-letter-spacing:var(--h2_typography-letter-spacing);\"><span class=\" fusion-imageframe imageframe-none imageframe-1 hover-type-none\" style=\"border-radius:8px;\"><a href=\"https:\/\/useyourtalents.org\/wp-content\/uploads\/2025\/09\/UYT_Helena-Priesolova_2025.jpg\" class=\"fusion-lightbox\" data-rel=\"iLightbox[dd109d32e0d78232904]\" data-title=\"UYT_Helena-Priesolova_2025\" title=\"UYT_Helena-Priesolova_2025\"><img loading=\"lazy\" decoding=\"async\" width=\"1000\" height=\"1000\" alt=\"Helena Priesolov\u00e1 Use Your Talents\" src=\"https:\/\/useyourtalents.org\/wp-content\/uploads\/2025\/09\/UYT_Helena-Priesolova_2025.jpg\" class=\"img-responsive wp-image-9571\" srcset=\"https:\/\/useyourtalents.org\/wp-content\/uploads\/2025\/09\/UYT_Helena-Priesolova_2025-200x200.jpg 200w, https:\/\/useyourtalents.org\/wp-content\/uploads\/2025\/09\/UYT_Helena-Priesolova_2025-400x400.jpg 400w, https:\/\/useyourtalents.org\/wp-content\/uploads\/2025\/09\/UYT_Helena-Priesolova_2025-600x600.jpg 600w, https:\/\/useyourtalents.org\/wp-content\/uploads\/2025\/09\/UYT_Helena-Priesolova_2025-800x800.jpg 800w, https:\/\/useyourtalents.org\/wp-content\/uploads\/2025\/09\/UYT_Helena-Priesolova_2025.jpg 1000w\" sizes=\"auto, (max-width: 640px) 100vw, 400px\" \/><\/a><\/span><\/div><\/div><\/div><div class=\"fusion-layout-column fusion_builder_column fusion-builder-column-2 fusion_builder_column_2_3 2_3 fusion-flex-column fusion-animated\" style=\"--awb-padding-left:2%;--awb-padding-top-medium:0px;--awb-padding-right-medium:3vw;--awb-padding-bottom-medium:0px;--awb-padding-left-medium:3vw;--awb-padding-right-small:40px;--awb-padding-left-small:40px;--awb-bg-size:cover;--awb-width-large:66.6666666667%;--awb-margin-top-large:0px;--awb-spacing-right-large:2.88%;--awb-margin-bottom-large:0px;--awb-spacing-left-large:2.88%;--awb-width-medium:100%;--awb-order-medium:2;--awb-spacing-right-medium:1.92%;--awb-margin-bottom-medium:0px;--awb-spacing-left-medium:0px;--awb-width-small:100%;--awb-order-small:1;--awb-spacing-right-small:1.92%;--awb-margin-bottom-small:0px;--awb-spacing-left-small:1.92%;\" data-animationType=\"fadeInUp\" data-animationDuration=\"1.3\" data-animationOffset=\"top-into-view\"><div class=\"fusion-column-wrapper fusion-column-has-shadow fusion-flex-justify-content-center fusion-content-layout-column\"><div class=\"fusion-title title fusion-title-3 fusion-sep-none fusion-title-text fusion-title-size-six\" style=\"--awb-text-color:#d2003c;--awb-margin-top-small:10px;--awb-margin-right-small:0px;--awb-margin-bottom-small:10px;--awb-margin-left-small:0px;\"><h6 class=\"fusion-title-heading title-heading-left sm-text-align-center\" style=\"margin:0;text-transform:uppercase;\">Business Development Lead<br \/>\nKou\u010d siln\u00fdch str\u00e1nek certifikovan\u00fd Gallup\u00ae<\/h6><\/div><div class=\"fusion-title title fusion-title-4 fusion-sep-none fusion-title-text fusion-title-size-two\" style=\"--awb-margin-top:0px;--awb-margin-bottom:35px;--awb-margin-top-small:10px;--awb-margin-right-small:0px;--awb-margin-bottom-small:10px;--awb-margin-left-small:0px;\"><h2 class=\"fusion-title-heading title-heading-left sm-text-align-center\" style=\"margin:0;line-height:1.2em;\">Ing. Helena Priesolov\u00e1<\/h2><\/div><div class=\"fusion-text fusion-text-1 sm-text-align-center\" style=\"--awb-text-transform:none;\"><p>Jsem absolventkou Fakulty evropsk\u00fdch studi\u00ed a region\u00e1ln\u00edho rozvoje. Slovo &#8222;rozvoj&#8220; m\u011b v\u017edy p\u0159itahovalo a z\u016fst\u00e1v\u00e1m mu v\u011brn\u00e1 v pracovn\u00edm i osobn\u00edm \u017eivot\u011b. Pracuji jako mana\u017eerka pro vzd\u011bl\u00e1v\u00e1n\u00ed a rozvoj v neziskov\u00e9 organizaci. R\u00e1da propojuji pracovn\u00ed zku\u0161enosti z ve\u0159ejn\u00e9 spr\u00e1vy, neziskov\u00e9ho i soukrom\u00e9ho sektoru. Anga\u017euji se v oblasti rozvoje d\u011bt\u00ed a ml\u00e1de\u017ee organizov\u00e1n\u00edm anima\u010dn\u00edch program\u016f i dobro\u010dinn\u00fdch akc\u00ed. M\u00e1m zku\u0161enosti a akreditovan\u00e9 vzd\u011bl\u00e1n\u00ed v projektov\u00e9m managementu. R\u00e1da vytv\u00e1\u0159\u00edm vlastn\u00ed projekty, ve kter\u00fdch pom\u00e1h\u00e1m lidem nach\u00e1zet sv\u016fj potenci\u00e1l. Nejv\u00edce m\u011b bav\u00ed tvo\u0159it a lektorovat programy osobn\u00edho rozvoje a propojovat v nich talentov\u00fd a kou\u010dovac\u00ed p\u0159\u00edstup, leadership, pozitivn\u00ed psychologii a neurov\u011bdu. V projektu Spokojen\u00e1 jsem se rozhodla podporovat \u017eeny na cest\u011b za \u017eivotn\u00ed spokojenost\u00ed ve vztahu k sob\u011b, k lidem i v duchovn\u00ed oblasti. R\u00e1da p\u0159in\u00e1\u0161\u00edm siln\u00e1 osobn\u00ed uv\u011bdom\u011bn\u00ed, v \u010dem\u017e mi pom\u00e1h\u00e1 i certifikace talentov\u00e9 expertky by Use Your Talents.<\/p>\n<\/div><div class=\"fusion-social-links fusion-social-links-1\" style=\"--awb-margin-top:0px;--awb-margin-right:0px;--awb-margin-bottom:20px;--awb-margin-left:0px;--awb-box-border-top:0px;--awb-box-border-right:0px;--awb-box-border-bottom:0px;--awb-box-border-left:0px;--awb-icon-colors-hover:rgba(158,160,164,0.8);--awb-box-colors-hover:rgba(242,243,245,0.8);--awb-box-border-color:var(--awb-color3);--awb-box-border-color-hover:var(--awb-color4);--awb-alignment-small:center;\"><div class=\"fusion-social-networks color-type-custom\"><div class=\"fusion-social-networks-wrapper\"><a class=\"fusion-social-network-icon fusion-tooltip fusion-mail awb-icon-mail\" style=\"color:#9ea0a4;font-size:16px;\" data-placement=\"top\" data-title=\"Email\" data-toggle=\"tooltip\" title=\"Email\" aria-label=\"mail\" target=\"_blank\" rel=\"noopener noreferrer\" href=\"mailto:&#104;e&#108;&#101;&#110;&#097;&#046;p&#114;i&#101;&#115;ol&#111;&#118;a&#064;us&#101;y&#111;u&#114;&#116;a&#108;e&#110;t&#115;&#046;or&#103; \"><\/a><\/div><\/div><\/div><\/div><\/div><div class=\"fusion-layout-column fusion_builder_column fusion-builder-column-3 fusion_builder_column_1_2 1_2 fusion-flex-column fusion-flex-align-self-flex-start fusion-animated\" style=\"--awb-padding-left-medium:0px;--awb-padding-right-small:30px;--awb-padding-left-small:30px;--awb-bg-size:cover;--awb-width-large:50%;--awb-margin-top-large:30px;--awb-spacing-right-large:0%;--awb-margin-bottom-large:0px;--awb-spacing-left-large:3.84%;--awb-width-medium:50%;--awb-order-medium:3;--awb-spacing-right-medium:0%;--awb-spacing-left-medium:3.84%;--awb-width-small:100%;--awb-order-small:1;--awb-spacing-right-small:1.92%;--awb-margin-bottom-small:50px;--awb-spacing-left-small:1.92%;\" data-animationType=\"fadeIn\" data-animationDuration=\"0.8\" data-animationOffset=\"top-into-view\"><div class=\"fusion-column-wrapper fusion-column-has-shadow fusion-flex-justify-content-flex-start fusion-content-layout-column\"><div class=\"fusion-title title fusion-title-5 fusion-sep-none fusion-title-text fusion-title-size-three\" style=\"--awb-margin-top-small:10px;--awb-margin-right-small:0px;--awb-margin-bottom-small:10px;--awb-margin-left-small:0px;\"><h3 class=\"fusion-title-heading title-heading-left sm-text-align-center\" style=\"margin:0;\">Moje talenty<\/h3><\/div><style type=\"text\/css\">#fusion-chart-1 .fusion-chart-legend-wrap li:nth-child(1) span{color: #ffffff;}#fusion-chart-1 .fusion-chart-legend-wrap li:nth-child(2) span{color: #ffffff;}#fusion-chart-1 .fusion-chart-legend-wrap li:nth-child(3) span{color: #ffffff;}#fusion-chart-1 .fusion-chart-legend-wrap li:nth-child(4) span{color: #ffffff;}#fusion-chart-1 .fusion-chart-legend-wrap li:nth-child(5) span{color: #ffffff;}<\/style><div id=\"fusion-chart-1\" class=\"fusion-chart legend-left\" data-type=\"pie\" data-chart_legend_position=\"left\" data-x_axis_labels=\"Zv\u00eddav\u00fd|Zodpov\u011bdn\u00fd|Budoucnost|Ak\u010dn\u00ed|Soust\u0159ed\u011bn\u00fd\" data-show_tooltips=\"no\" data-bg_colors=\"rgba(47,145,94,1)|rgba(123,36,130,1)|rgba(47,145,94,1)|rgba(233,116,3,1)|rgba(123,36,130,1)\" data-border_colors=\"rgba(255,255,255,1)|rgba(255,255,255,1)|rgba(255,255,255,1)|rgba(255,255,255,1)|rgba(255,255,255,1)\" data-border_size=\"1\" data-border_type=\"smooth\" data-chart_fill=\"off\" data-chart_point_style=\"circle\" data-chart_point_size=\"3\" data-chart_axis_text_color=\"rgba(74,78,87,1)\" data-chart_gridline_color=\"rgba(0,0,0,0.1)\"><div class=\"fusion-chart-dataset\" data-label=\"Data Set 1\" data-values=\"5|4|3|2|1\" data-background_color=\"rgba(0,188,212,1)\" data-border_color=\"rgba(0,188,212,1)\"><\/div><div class=\"fusion-chart-inner\"><div class=\"fusion-chart-wrap\"><canvas><\/canvas><\/div><div class=\"fusion-chart-legend-wrap\"><\/div><\/div><\/div><\/div><\/div><\/div><\/div><\/p>\n","protected":false},"excerpt":{"rendered":"","protected":false},"author":1,"featured_media":0,"parent":3224,"menu_order":0,"comment_status":"closed","ping_status":"closed","template":"","meta":{"footnotes":""},"class_list":["post-5306","page","type-page","status-publish","hentry"],"yoast_head":"<!-- This site is optimized with the Yoast SEO plugin v27.4 - https:\/\/yoast.com\/product\/yoast-seo-wordpress\/ -->\n<title>Ing. Helena Priesolov\u00e1 - Use Your Talents<\/title>\n<meta name=\"description\" content=\"Miroslava Gu\u013eov\u00e1 - certifikovan\u00fd Talentov\u00fd Expert by Use Your Talents\" \/>\n<meta name=\"robots\" content=\"index, follow, max-snippet:-1, max-image-preview:large, max-video-preview:-1\" \/>\n<link rel=\"canonical\" href=\"https:\/\/useyourtalents.org\/cs\/o-nas\/helena-priesolova\/\" \/>\n<meta property=\"og:locale\" content=\"cs_CZ\" \/>\n<meta property=\"og:type\" content=\"article\" \/>\n<meta property=\"og:title\" content=\"Ing. Helena Priesolov\u00e1 - Use Your Talents\" \/>\n<meta property=\"og:description\" content=\"Miroslava Gu\u013eov\u00e1 - certifikovan\u00fd Talentov\u00fd Expert by Use Your Talents\" \/>\n<meta property=\"og:url\" content=\"https:\/\/useyourtalents.org\/cs\/o-nas\/helena-priesolova\/\" \/>\n<meta property=\"og:site_name\" content=\"Use Your Talents\" \/>\n<meta property=\"article:modified_time\" content=\"2026-03-27T16:38:06+00:00\" \/>\n<meta name=\"twitter:card\" content=\"summary_large_image\" \/>\n<meta name=\"twitter:label1\" content=\"Odhadovan\u00e1 doba \u010dten\u00ed\" \/>\n\t<meta name=\"twitter:data1\" content=\"2 minuty\" \/>\n<script type=\"application\/ld+json\" class=\"yoast-schema-graph\">{\"@context\":\"https:\\\/\\\/schema.org\",\"@graph\":[{\"@type\":\"WebPage\",\"@id\":\"https:\\\/\\\/useyourtalents.org\\\/cs\\\/o-nas\\\/helena-priesolova\\\/\",\"url\":\"https:\\\/\\\/useyourtalents.org\\\/cs\\\/o-nas\\\/helena-priesolova\\\/\",\"name\":\"Ing. Helena Priesolov\u00e1 - Use Your Talents\",\"isPartOf\":{\"@id\":\"https:\\\/\\\/useyourtalents.org\\\/cs\\\/#website\"},\"datePublished\":\"2023-04-17T13:15:03+00:00\",\"dateModified\":\"2026-03-27T16:38:06+00:00\",\"description\":\"Miroslava Gu\u013eov\u00e1 - certifikovan\u00fd Talentov\u00fd Expert by Use Your Talents\",\"breadcrumb\":{\"@id\":\"https:\\\/\\\/useyourtalents.org\\\/cs\\\/o-nas\\\/helena-priesolova\\\/#breadcrumb\"},\"inLanguage\":\"cs\",\"potentialAction\":[{\"@type\":\"ReadAction\",\"target\":[\"https:\\\/\\\/useyourtalents.org\\\/cs\\\/o-nas\\\/helena-priesolova\\\/\"]}]},{\"@type\":\"BreadcrumbList\",\"@id\":\"https:\\\/\\\/useyourtalents.org\\\/cs\\\/o-nas\\\/helena-priesolova\\\/#breadcrumb\",\"itemListElement\":[{\"@type\":\"ListItem\",\"position\":1,\"name\":\"Domovsk\u00e1 str\u00e1nka\",\"item\":\"https:\\\/\\\/useyourtalents.org\\\/cs\\\/\"},{\"@type\":\"ListItem\",\"position\":2,\"name\":\"O n\u00e1s\",\"item\":\"https:\\\/\\\/useyourtalents.org\\\/cs\\\/o-nas\\\/\"},{\"@type\":\"ListItem\",\"position\":3,\"name\":\"Ing. Helena Priesolov\u00e1\"}]},{\"@type\":\"WebSite\",\"@id\":\"https:\\\/\\\/useyourtalents.org\\\/cs\\\/#website\",\"url\":\"https:\\\/\\\/useyourtalents.org\\\/cs\\\/\",\"name\":\"Use Your Talents\",\"description\":\"Objavte svoje talenty\",\"publisher\":{\"@id\":\"https:\\\/\\\/useyourtalents.org\\\/cs\\\/#organization\"},\"potentialAction\":[{\"@type\":\"SearchAction\",\"target\":{\"@type\":\"EntryPoint\",\"urlTemplate\":\"https:\\\/\\\/useyourtalents.org\\\/cs\\\/?s={search_term_string}\"},\"query-input\":{\"@type\":\"PropertyValueSpecification\",\"valueRequired\":true,\"valueName\":\"search_term_string\"}}],\"inLanguage\":\"cs\"},{\"@type\":\"Organization\",\"@id\":\"https:\\\/\\\/useyourtalents.org\\\/cs\\\/#organization\",\"name\":\"Use Your Talents, s.r.o.\",\"url\":\"https:\\\/\\\/useyourtalents.org\\\/cs\\\/\",\"logo\":{\"@type\":\"ImageObject\",\"inLanguage\":\"cs\",\"@id\":\"https:\\\/\\\/useyourtalents.org\\\/cs\\\/#\\\/schema\\\/logo\\\/image\\\/\",\"url\":\"https:\\\/\\\/useyourtalents.org\\\/wp-content\\\/uploads\\\/2021\\\/11\\\/UseYourTalents_svg.svg\",\"contentUrl\":\"https:\\\/\\\/useyourtalents.org\\\/wp-content\\\/uploads\\\/2021\\\/11\\\/UseYourTalents_svg.svg\",\"width\":566,\"height\":215,\"caption\":\"Use Your Talents, s.r.o.\"},\"image\":{\"@id\":\"https:\\\/\\\/useyourtalents.org\\\/cs\\\/#\\\/schema\\\/logo\\\/image\\\/\"}}]}<\/script>\n<!-- \/ Yoast SEO plugin. -->","yoast_head_json":{"title":"Ing. Helena Priesolov\u00e1 - Use Your Talents","description":"Miroslava Gu\u013eov\u00e1 - certifikovan\u00fd Talentov\u00fd Expert by Use Your Talents","robots":{"index":"index","follow":"follow","max-snippet":"max-snippet:-1","max-image-preview":"max-image-preview:large","max-video-preview":"max-video-preview:-1"},"canonical":"https:\/\/useyourtalents.org\/cs\/o-nas\/helena-priesolova\/","og_locale":"cs_CZ","og_type":"article","og_title":"Ing. Helena Priesolov\u00e1 - Use Your Talents","og_description":"Miroslava Gu\u013eov\u00e1 - certifikovan\u00fd Talentov\u00fd Expert by Use Your Talents","og_url":"https:\/\/useyourtalents.org\/cs\/o-nas\/helena-priesolova\/","og_site_name":"Use Your Talents","article_modified_time":"2026-03-27T16:38:06+00:00","twitter_card":"summary_large_image","twitter_misc":{"Odhadovan\u00e1 doba \u010dten\u00ed":"2 minuty"},"schema":{"@context":"https:\/\/schema.org","@graph":[{"@type":"WebPage","@id":"https:\/\/useyourtalents.org\/cs\/o-nas\/helena-priesolova\/","url":"https:\/\/useyourtalents.org\/cs\/o-nas\/helena-priesolova\/","name":"Ing. Helena Priesolov\u00e1 - Use Your Talents","isPartOf":{"@id":"https:\/\/useyourtalents.org\/cs\/#website"},"datePublished":"2023-04-17T13:15:03+00:00","dateModified":"2026-03-27T16:38:06+00:00","description":"Miroslava Gu\u013eov\u00e1 - certifikovan\u00fd Talentov\u00fd Expert by Use Your Talents","breadcrumb":{"@id":"https:\/\/useyourtalents.org\/cs\/o-nas\/helena-priesolova\/#breadcrumb"},"inLanguage":"cs","potentialAction":[{"@type":"ReadAction","target":["https:\/\/useyourtalents.org\/cs\/o-nas\/helena-priesolova\/"]}]},{"@type":"BreadcrumbList","@id":"https:\/\/useyourtalents.org\/cs\/o-nas\/helena-priesolova\/#breadcrumb","itemListElement":[{"@type":"ListItem","position":1,"name":"Domovsk\u00e1 str\u00e1nka","item":"https:\/\/useyourtalents.org\/cs\/"},{"@type":"ListItem","position":2,"name":"O n\u00e1s","item":"https:\/\/useyourtalents.org\/cs\/o-nas\/"},{"@type":"ListItem","position":3,"name":"Ing. Helena Priesolov\u00e1"}]},{"@type":"WebSite","@id":"https:\/\/useyourtalents.org\/cs\/#website","url":"https:\/\/useyourtalents.org\/cs\/","name":"Use Your Talents","description":"Objavte svoje talenty","publisher":{"@id":"https:\/\/useyourtalents.org\/cs\/#organization"},"potentialAction":[{"@type":"SearchAction","target":{"@type":"EntryPoint","urlTemplate":"https:\/\/useyourtalents.org\/cs\/?s={search_term_string}"},"query-input":{"@type":"PropertyValueSpecification","valueRequired":true,"valueName":"search_term_string"}}],"inLanguage":"cs"},{"@type":"Organization","@id":"https:\/\/useyourtalents.org\/cs\/#organization","name":"Use Your Talents, s.r.o.","url":"https:\/\/useyourtalents.org\/cs\/","logo":{"@type":"ImageObject","inLanguage":"cs","@id":"https:\/\/useyourtalents.org\/cs\/#\/schema\/logo\/image\/","url":"https:\/\/useyourtalents.org\/wp-content\/uploads\/2021\/11\/UseYourTalents_svg.svg","contentUrl":"https:\/\/useyourtalents.org\/wp-content\/uploads\/2021\/11\/UseYourTalents_svg.svg","width":566,"height":215,"caption":"Use Your Talents, s.r.o."},"image":{"@id":"https:\/\/useyourtalents.org\/cs\/#\/schema\/logo\/image\/"}}]}},"rttpg_featured_image_url":null,"rttpg_author":{"display_name":"Matej Sl\u00e1vik","author_link":"https:\/\/useyourtalents.org\/cs\/author\/creathinkstudios\/"},"rttpg_comment":0,"rttpg_category":" <a href=\"https:\/\/useyourtalents.org\/cs\/?taxonomy=translation_priority&#038;term=optional-cs\" rel=\"tag\">Optional<\/a>","rttpg_excerpt":null,"_links":{"self":[{"href":"https:\/\/useyourtalents.org\/cs\/wp-json\/wp\/v2\/pages\/5306","targetHints":{"allow":["GET"]}}],"collection":[{"href":"https:\/\/useyourtalents.org\/cs\/wp-json\/wp\/v2\/pages"}],"about":[{"href":"https:\/\/useyourtalents.org\/cs\/wp-json\/wp\/v2\/types\/page"}],"author":[{"embeddable":true,"href":"https:\/\/useyourtalents.org\/cs\/wp-json\/wp\/v2\/users\/1"}],"replies":[{"embeddable":true,"href":"https:\/\/useyourtalents.org\/cs\/wp-json\/wp\/v2\/comments?post=5306"}],"version-history":[{"count":10,"href":"https:\/\/useyourtalents.org\/cs\/wp-json\/wp\/v2\/pages\/5306\/revisions"}],"predecessor-version":[{"id":11111,"href":"https:\/\/useyourtalents.org\/cs\/wp-json\/wp\/v2\/pages\/5306\/revisions\/11111"}],"up":[{"embeddable":true,"href":"https:\/\/useyourtalents.org\/cs\/wp-json\/wp\/v2\/pages\/3224"}],"wp:attachment":[{"href":"https:\/\/useyourtalents.org\/cs\/wp-json\/wp\/v2\/media?parent=5306"}],"curies":[{"name":"wp","href":"https:\/\/api.w.org\/{rel}","templated":true}]}}