{"id":4515,"date":"2022-10-21T14:06:03","date_gmt":"2022-10-21T12:06:03","guid":{"rendered":"https:\/\/useyourtalents.org\/formular-na-odstupenie-od-zmluvy\/"},"modified":"2022-11-30T17:10:39","modified_gmt":"2022-11-30T16:10:39","slug":"formular-na-odstoupeni-od-smlouvy","status":"publish","type":"page","link":"https:\/\/useyourtalents.org\/cs\/formular-na-odstoupeni-od-smlouvy\/","title":{"rendered":"Formul\u00e1\u0159 na odstoupen\u00ed od smlouvy"},"content":{"rendered":"<div class=\"fusion-fullwidth fullwidth-box fusion-builder-row-1 fusion-flex-container has-pattern-background has-mask-background nonhundred-percent-fullwidth non-hundred-percent-height-scrolling\" style=\"--awb-border-radius-top-left:0px;--awb-border-radius-top-right:0px;--awb-border-radius-bottom-right:0px;--awb-border-radius-bottom-left:0px;--awb-flex-wrap:wrap;\" ><div class=\"fusion-builder-row fusion-row fusion-flex-align-items-flex-start fusion-flex-content-wrap\" style=\"max-width:1310.4px;margin-left: calc(-4% \/ 2 );margin-right: calc(-4% \/ 2 );\"><div class=\"fusion-layout-column fusion_builder_column fusion-builder-column-0 fusion_builder_column_1_1 1_1 fusion-flex-column\" style=\"--awb-bg-size:cover;--awb-width-large:100%;--awb-margin-top-large:0px;--awb-spacing-right-large:1.92%;--awb-margin-bottom-large:20px;--awb-spacing-left-large:1.92%;--awb-width-medium:100%;--awb-order-medium:0;--awb-spacing-right-medium:1.92%;--awb-spacing-left-medium:1.92%;--awb-width-small:100%;--awb-order-small:0;--awb-spacing-right-small:1.92%;--awb-spacing-left-small:1.92%;\"><div class=\"fusion-column-wrapper fusion-column-has-shadow fusion-flex-justify-content-flex-start fusion-content-layout-column\"><div class=\"fusion-title title fusion-title-1 fusion-sep-none fusion-title-text fusion-title-size-two\" style=\"--awb-margin-top-small:10px;--awb-margin-right-small:0px;--awb-margin-bottom-small:10px;--awb-margin-left-small:0px;\"><h2 class=\"fusion-title-heading title-heading-left\" style=\"margin:0;\"><strong>Formul\u00e1\u0159 na odstoupen\u00ed od smlouvy<\/strong><\/h2><\/div><div class=\"fusion-text fusion-text-1\"><p><strong>Internetov\u00e9ho obchodu https:\/\/useyourtalents.org\/<\/strong><\/p>\n<p>(vypl\u0148te a za\u0161lete tento formul\u00e1\u0159 pouze v p\u0159\u00edpad\u011b, \u017ee si p\u0159ejete odstoupit od smlouvy)<\/p>\n<p>\u2013 Komu: Use Your Talents, s.r.o., Sokolsk\u00e1 485\/16, 900 01 Modra, Slovensk\u00e1 republika<\/p>\n<p>\u2013 T\u00edmto oznamuji\/oznamujeme*, \u017ee odstupuji\/odstupujeme* od smlouvy na toto zbo\u017e\u00ed\/od smlouvy o poskytnut\u00ed t\u00e9to slu\u017eby* :<\/p>\n<p>\u2013 Datum objedn\u00e1n\u00ed\/datum p\u0159ijet\u00ed*:<\/p>\n<p>\u2013 Jm\u00e9no a p\u0159\u00edjmen\u00ed spot\u0159ebitele\/spot\u0159ebitel\u016f*:<\/p>\n<p>\u2013 Adresa spot\u0159ebitele\/spot\u0159ebitel\u016f*:<\/p>\n<p><strong>\u00a0<\/strong><\/p>\n<p><strong>V\u00a0p\u0159\u00edpad\u011b, pokud si p\u0159ejete zaslat pen\u00edze na bankovn\u00ed \u00fa\u010det, uve\u010fte jeho \u010d\u00edslo:<\/strong><\/p>\n<p>\u2013 Podpis spot\u0159ebitele\/spot\u0159ebitel\u016f* (jen pokud se tento formul\u00e1\u0159 pod\u00e1v\u00e1 v listinn\u00e9\u00a0(ti\u0161t\u011bn\u00e9) podob\u011b<\/p>\n<p>&#8230;&#8230;&#8230;&#8230;&#8230;&#8230;&#8230;&#8230;&#8230;&#8230;&#8230;&#8230;&#8230;<\/p>\n<p>\u2013 Datum:<\/p>\n<p>* Nehod\u00edc\u00ed se p\u0159e\u0161krtn\u011bte.<\/p>\n<\/div><\/div><\/div><\/div><\/div>\n","protected":false},"excerpt":{"rendered":"","protected":false},"author":1,"featured_media":0,"parent":0,"menu_order":0,"comment_status":"closed","ping_status":"closed","template":"","meta":{"footnotes":""},"class_list":["post-4515","page","type-page","status-publish","hentry"],"yoast_head":"<!-- This site is optimized with the Yoast SEO plugin v27.4 - https:\/\/yoast.com\/product\/yoast-seo-wordpress\/ -->\n<title>Formul\u00e1\u0159 na odstoupen\u00ed od smlouvy - Use Your Talents<\/title>\n<meta name=\"robots\" content=\"index, follow, max-snippet:-1, max-image-preview:large, max-video-preview:-1\" \/>\n<link rel=\"canonical\" href=\"https:\/\/useyourtalents.org\/cs\/formular-na-odstoupeni-od-smlouvy\/\" \/>\n<meta property=\"og:locale\" content=\"cs_CZ\" \/>\n<meta property=\"og:type\" content=\"article\" \/>\n<meta property=\"og:title\" content=\"Formul\u00e1\u0159 na odstoupen\u00ed od smlouvy - Use Your Talents\" \/>\n<meta property=\"og:url\" content=\"https:\/\/useyourtalents.org\/cs\/formular-na-odstoupeni-od-smlouvy\/\" \/>\n<meta property=\"og:site_name\" content=\"Use Your Talents\" \/>\n<meta property=\"article:modified_time\" content=\"2022-11-30T16:10:39+00:00\" \/>\n<meta name=\"twitter:card\" content=\"summary_large_image\" \/>\n<meta name=\"twitter:label1\" content=\"Odhadovan\u00e1 doba \u010dten\u00ed\" \/>\n\t<meta name=\"twitter:data1\" content=\"2 minuty\" \/>\n<script type=\"application\/ld+json\" class=\"yoast-schema-graph\">{\"@context\":\"https:\\\/\\\/schema.org\",\"@graph\":[{\"@type\":\"WebPage\",\"@id\":\"https:\\\/\\\/useyourtalents.org\\\/cs\\\/formular-na-odstoupeni-od-smlouvy\\\/\",\"url\":\"https:\\\/\\\/useyourtalents.org\\\/cs\\\/formular-na-odstoupeni-od-smlouvy\\\/\",\"name\":\"Formul\u00e1\u0159 na odstoupen\u00ed od smlouvy - Use Your Talents\",\"isPartOf\":{\"@id\":\"https:\\\/\\\/useyourtalents.org\\\/cs\\\/#website\"},\"datePublished\":\"2022-10-21T12:06:03+00:00\",\"dateModified\":\"2022-11-30T16:10:39+00:00\",\"breadcrumb\":{\"@id\":\"https:\\\/\\\/useyourtalents.org\\\/cs\\\/formular-na-odstoupeni-od-smlouvy\\\/#breadcrumb\"},\"inLanguage\":\"cs\",\"potentialAction\":[{\"@type\":\"ReadAction\",\"target\":[\"https:\\\/\\\/useyourtalents.org\\\/cs\\\/formular-na-odstoupeni-od-smlouvy\\\/\"]}]},{\"@type\":\"BreadcrumbList\",\"@id\":\"https:\\\/\\\/useyourtalents.org\\\/cs\\\/formular-na-odstoupeni-od-smlouvy\\\/#breadcrumb\",\"itemListElement\":[{\"@type\":\"ListItem\",\"position\":1,\"name\":\"Domovsk\u00e1 str\u00e1nka\",\"item\":\"https:\\\/\\\/useyourtalents.org\\\/cs\\\/\"},{\"@type\":\"ListItem\",\"position\":2,\"name\":\"Formul\u00e1\u0159 na odstoupen\u00ed od smlouvy\"}]},{\"@type\":\"WebSite\",\"@id\":\"https:\\\/\\\/useyourtalents.org\\\/cs\\\/#website\",\"url\":\"https:\\\/\\\/useyourtalents.org\\\/cs\\\/\",\"name\":\"Use Your Talents\",\"description\":\"Objavte svoje talenty\",\"publisher\":{\"@id\":\"https:\\\/\\\/useyourtalents.org\\\/cs\\\/#organization\"},\"potentialAction\":[{\"@type\":\"SearchAction\",\"target\":{\"@type\":\"EntryPoint\",\"urlTemplate\":\"https:\\\/\\\/useyourtalents.org\\\/cs\\\/?s={search_term_string}\"},\"query-input\":{\"@type\":\"PropertyValueSpecification\",\"valueRequired\":true,\"valueName\":\"search_term_string\"}}],\"inLanguage\":\"cs\"},{\"@type\":\"Organization\",\"@id\":\"https:\\\/\\\/useyourtalents.org\\\/cs\\\/#organization\",\"name\":\"Use Your Talents, s.r.o.\",\"url\":\"https:\\\/\\\/useyourtalents.org\\\/cs\\\/\",\"logo\":{\"@type\":\"ImageObject\",\"inLanguage\":\"cs\",\"@id\":\"https:\\\/\\\/useyourtalents.org\\\/cs\\\/#\\\/schema\\\/logo\\\/image\\\/\",\"url\":\"https:\\\/\\\/useyourtalents.org\\\/wp-content\\\/uploads\\\/2021\\\/11\\\/UseYourTalents_svg.svg\",\"contentUrl\":\"https:\\\/\\\/useyourtalents.org\\\/wp-content\\\/uploads\\\/2021\\\/11\\\/UseYourTalents_svg.svg\",\"width\":566,\"height\":215,\"caption\":\"Use Your Talents, s.r.o.\"},\"image\":{\"@id\":\"https:\\\/\\\/useyourtalents.org\\\/cs\\\/#\\\/schema\\\/logo\\\/image\\\/\"}}]}<\/script>\n<!-- \/ Yoast SEO plugin. -->","yoast_head_json":{"title":"Formul\u00e1\u0159 na odstoupen\u00ed od smlouvy - Use Your Talents","robots":{"index":"index","follow":"follow","max-snippet":"max-snippet:-1","max-image-preview":"max-image-preview:large","max-video-preview":"max-video-preview:-1"},"canonical":"https:\/\/useyourtalents.org\/cs\/formular-na-odstoupeni-od-smlouvy\/","og_locale":"cs_CZ","og_type":"article","og_title":"Formul\u00e1\u0159 na odstoupen\u00ed od smlouvy - Use Your Talents","og_url":"https:\/\/useyourtalents.org\/cs\/formular-na-odstoupeni-od-smlouvy\/","og_site_name":"Use Your Talents","article_modified_time":"2022-11-30T16:10:39+00:00","twitter_card":"summary_large_image","twitter_misc":{"Odhadovan\u00e1 doba \u010dten\u00ed":"2 minuty"},"schema":{"@context":"https:\/\/schema.org","@graph":[{"@type":"WebPage","@id":"https:\/\/useyourtalents.org\/cs\/formular-na-odstoupeni-od-smlouvy\/","url":"https:\/\/useyourtalents.org\/cs\/formular-na-odstoupeni-od-smlouvy\/","name":"Formul\u00e1\u0159 na odstoupen\u00ed od smlouvy - Use Your Talents","isPartOf":{"@id":"https:\/\/useyourtalents.org\/cs\/#website"},"datePublished":"2022-10-21T12:06:03+00:00","dateModified":"2022-11-30T16:10:39+00:00","breadcrumb":{"@id":"https:\/\/useyourtalents.org\/cs\/formular-na-odstoupeni-od-smlouvy\/#breadcrumb"},"inLanguage":"cs","potentialAction":[{"@type":"ReadAction","target":["https:\/\/useyourtalents.org\/cs\/formular-na-odstoupeni-od-smlouvy\/"]}]},{"@type":"BreadcrumbList","@id":"https:\/\/useyourtalents.org\/cs\/formular-na-odstoupeni-od-smlouvy\/#breadcrumb","itemListElement":[{"@type":"ListItem","position":1,"name":"Domovsk\u00e1 str\u00e1nka","item":"https:\/\/useyourtalents.org\/cs\/"},{"@type":"ListItem","position":2,"name":"Formul\u00e1\u0159 na odstoupen\u00ed od smlouvy"}]},{"@type":"WebSite","@id":"https:\/\/useyourtalents.org\/cs\/#website","url":"https:\/\/useyourtalents.org\/cs\/","name":"Use Your Talents","description":"Objavte svoje talenty","publisher":{"@id":"https:\/\/useyourtalents.org\/cs\/#organization"},"potentialAction":[{"@type":"SearchAction","target":{"@type":"EntryPoint","urlTemplate":"https:\/\/useyourtalents.org\/cs\/?s={search_term_string}"},"query-input":{"@type":"PropertyValueSpecification","valueRequired":true,"valueName":"search_term_string"}}],"inLanguage":"cs"},{"@type":"Organization","@id":"https:\/\/useyourtalents.org\/cs\/#organization","name":"Use Your Talents, s.r.o.","url":"https:\/\/useyourtalents.org\/cs\/","logo":{"@type":"ImageObject","inLanguage":"cs","@id":"https:\/\/useyourtalents.org\/cs\/#\/schema\/logo\/image\/","url":"https:\/\/useyourtalents.org\/wp-content\/uploads\/2021\/11\/UseYourTalents_svg.svg","contentUrl":"https:\/\/useyourtalents.org\/wp-content\/uploads\/2021\/11\/UseYourTalents_svg.svg","width":566,"height":215,"caption":"Use Your Talents, s.r.o."},"image":{"@id":"https:\/\/useyourtalents.org\/cs\/#\/schema\/logo\/image\/"}}]}},"rttpg_featured_image_url":null,"rttpg_author":{"display_name":"Matej Sl\u00e1vik","author_link":"https:\/\/useyourtalents.org\/cs\/author\/creathinkstudios\/"},"rttpg_comment":0,"rttpg_category":" <a href=\"https:\/\/useyourtalents.org\/cs\/?taxonomy=translation_priority&#038;term=optional-cs\" rel=\"tag\">Optional<\/a>","rttpg_excerpt":null,"_links":{"self":[{"href":"https:\/\/useyourtalents.org\/cs\/wp-json\/wp\/v2\/pages\/4515","targetHints":{"allow":["GET"]}}],"collection":[{"href":"https:\/\/useyourtalents.org\/cs\/wp-json\/wp\/v2\/pages"}],"about":[{"href":"https:\/\/useyourtalents.org\/cs\/wp-json\/wp\/v2\/types\/page"}],"author":[{"embeddable":true,"href":"https:\/\/useyourtalents.org\/cs\/wp-json\/wp\/v2\/users\/1"}],"replies":[{"embeddable":true,"href":"https:\/\/useyourtalents.org\/cs\/wp-json\/wp\/v2\/comments?post=4515"}],"version-history":[{"count":2,"href":"https:\/\/useyourtalents.org\/cs\/wp-json\/wp\/v2\/pages\/4515\/revisions"}],"predecessor-version":[{"id":4517,"href":"https:\/\/useyourtalents.org\/cs\/wp-json\/wp\/v2\/pages\/4515\/revisions\/4517"}],"wp:attachment":[{"href":"https:\/\/useyourtalents.org\/cs\/wp-json\/wp\/v2\/media?parent=4515"}],"curies":[{"name":"wp","href":"https:\/\/api.w.org\/{rel}","templated":true}]}}